{"id":32757,"date":"2016-02-02T11:55:21","date_gmt":"2016-02-02T10:55:21","guid":{"rendered":"https:\/\/czechiacontract.com\/produkty\/"},"modified":"2023-03-07T21:02:18","modified_gmt":"2023-03-07T20:02:18","slug":"produkty","status":"publish","type":"page","link":"https:\/\/czechiacontract.com\/tr\/produkty\/","title":{"rendered":"\u00dcr\u00fcnler"},"content":{"rendered":"<div class=\"wpb-content-wrapper\"><p>[vc_row][vc_column][vc_empty_space height=&#8221;50px&#8221;][vc_column_text]<\/p>\n<h1>\u00dcr\u00fcnler\u00a0<span class=\"light\">&amp; ARALIK \u00d6RNE\u011e\u0130<\/span><\/h1>\n<p>[\/vc_column_text][\/vc_column][\/vc_row][vc_row][vc_column][vc_column_text]<\/p>\n<p class=\"styled-biggertext\">Otomotiv end\u00fcstrisi yani binek ve ticari ara\u00e7lar, y\u00fck ta\u015f\u0131mac\u0131l\u0131\u011f\u0131, tar\u0131m makineleri, nakliye bile\u015fenleri vb. i\u00e7in yedek par\u00e7a tedarik ediyoruz. \u00dcr\u00fcn yelpazesi s\u00fcrekli de\u011fi\u015fmekte ve geni\u015flemektedir.<\/p>\n<p class=\"styled-biggertext\">Par\u00e7a \u00fcretimi i\u00e7in talep olmas\u0131 durumunda, bir y\u00fcklenici bulup sipari\u015f \u00fczerine \u00fcretim sipari\u015fi verebiliyoruz. Her zaman bireysel \u00fcretim faaliyetlerinin karma\u015f\u0131k bile\u015fimine vurgu yaparak. Bu, elektrik, otomotiv ve di\u011fer sekt\u00f6rlerdeki m\u00fc\u015fteriler i\u00e7in seri \u00fcretim gerektiren hem b\u00fcy\u00fck hem de k\u00fc\u00e7\u00fck \u00f6l\u00e7ekli par\u00e7alar i\u00e7in ge\u00e7erlidir.<\/p>\n<p class=\"styled-biggertext\">A\u015fa\u011f\u0131da a\u011f\u0131r ekipman i\u00e7in yataklar, nozullar, elemanlar, valfler, contalar veya yedek par\u00e7alar gibi \u00f6\u011feler bulamazs\u0131n\u0131z. Sipari\u015f say\u0131s\u0131, m\u00fc\u015fterinin sipari\u015finin bireysel \u00f6zelliklerine g\u00f6re anahtar teslimi olarak ger\u00e7ekle\u015ftirilir. Bir soru\u015fturma veya teklif ile bizimle ileti\u015fime ge\u00e7mekten \u00e7ekinmeyin.<\/p>\n<p>[\/vc_column_text][vc_empty_space][\/vc_column][\/vc_row][vc_row equal_height=&#8221;yes&#8221; css=&#8221;.vc_custom_1565171574509{margin-bottom: 0px !important;padding-bottom: 0px !important;}&#8221;][vc_column width=&#8221;1\/3&#8243; css=&#8221;.vc_custom_1652974177077{padding-right: 10% !important;padding-left: 10% !important;background-image: url(https:\/\/czechiacontract.com\/wp-content\/uploads\/2019\/08\/vstrikovace-1.jpg?id=30292) !important;background-position: center !important;background-repeat: no-repeat !important;background-size: cover !important;}&#8221; el_class=&#8221;entire-div-link&#8221;][vc_raw_html]JTNDYSUyMGhyZWYlM0QlMjIlMkZ0ciUyRnByb2R1a3R5JTJGdnN0cmlrb3ZhY2UlMkYlMjIlM0UlM0MlMkZhJTNF[\/vc_raw_html][vc_column_text]<\/p>\n<div class=\"title-h3 white\" style=\"text-align: center; letter-spacing: 0px;\">ENJEKT\u00d6R<\/div>\n<p>[\/vc_column_text]<div class=\"clearboth\"><\/div><style>#thegem-divider-69ea2eb865773 {margin-top: 45px !important;}<\/style><div id=\"thegem-divider-69ea2eb865773\" class=\"gem-divider  \" style=\"\" ><\/div>[\/vc_column][vc_column width=&#8221;1\/3&#8243; css=&#8221;.vc_custom_1565189637416{padding-right: 10% !important;padding-left: 10% !important;background-image: url(https:\/\/czechiacontract.com\/wp-content\/uploads\/2019\/08\/cerpadla-1.jpg?id=30294) !important;background-position: center !important;background-repeat: no-repeat !important;background-size: cover !important;}&#8221; el_class=&#8221;entire-div-link&#8221;][vc_raw_html]JTNDYSUyMGhyZWYlM0QlMjIlMkZ0ciUyRnByb2R1a3R5JTJGY2VycGFkbGElMkYlMjIlM0UlM0MlMkZhJTNF[\/vc_raw_html][vc_column_text]<\/p>\n<div class=\"title-h3 white\" style=\"text-align: center; letter-spacing: 0px;\">POMPALAR<\/div>\n<p>[\/vc_column_text]<div class=\"clearboth\"><\/div><style>#thegem-divider-69ea2eb86579f {margin-top: 45px !important;}<\/style><div id=\"thegem-divider-69ea2eb86579f\" class=\"gem-divider  \" style=\"\" ><\/div>[\/vc_column][vc_column width=&#8221;1\/3&#8243; css=&#8221;.vc_custom_1565188669183{padding-right: 10% !important;padding-left: 10% !important;background-image: url(https:\/\/czechiacontract.com\/wp-content\/uploads\/2019\/08\/loziska-1.jpg?id=30296) !important;background-position: center !important;background-repeat: no-repeat !important;background-size: cover !important;}&#8221; el_class=&#8221;entire-div-link&#8221;][vc_raw_html]JTNDYSUyMGhyZWYlM0QlMjIlMkZ0ciUyRnByb2R1a3R5JTJGbG96aXNrYSUyRiUyMiUzRSUzQyUyRmElM0U=[\/vc_raw_html][vc_column_text]<\/p>\n<div class=\"title-h3 white\" style=\"text-align: center; letter-spacing: 0px;\">RULMANLAR<\/div>\n<p>[\/vc_column_text]<div class=\"clearboth\"><\/div><style>#thegem-divider-69ea2eb8657b5 {margin-top: 45px !important;}<\/style><div id=\"thegem-divider-69ea2eb8657b5\" class=\"gem-divider  \" style=\"\" ><\/div>[\/vc_column][\/vc_row][vc_row equal_height=&#8221;yes&#8221; css=&#8221;.vc_custom_1570457949611{margin-bottom: 0px !important;padding-bottom: 0px !important;}&#8221;][vc_column width=&#8221;1\/3&#8243; css=&#8221;.vc_custom_1592684021586{padding-right: 10% !important;padding-left: 10% !important;background-image: url(https:\/\/czechiacontract.com\/wp-content\/uploads\/2020\/06\/ventily.jpg?id=31538) !important;background-position: center !important;background-repeat: no-repeat !important;background-size: cover !important;}&#8221; el_class=&#8221;entire-div-link&#8221;][vc_raw_html]JTNDYSUyMGhyZWYlM0QlMjIlMkZ0ciUyRnByb2R1a3R5JTJGdmVudGlseSUyRiUyMiUzRSUzQyUyRmElM0U=[\/vc_raw_html][vc_column_text]<\/p>\n<div class=\"title-h3 white\" style=\"text-align: center; letter-spacing: 0px;\">VANALAR<\/div>\n<p>[\/vc_column_text]<div class=\"clearboth\"><\/div><style>#thegem-divider-69ea2eb8657c5 {margin-top: 45px !important;}<\/style><div id=\"thegem-divider-69ea2eb8657c5\" class=\"gem-divider  \" style=\"\" ><\/div>[\/vc_column][vc_column width=&#8221;1\/3&#8243; css=&#8221;.vc_custom_1592684036963{padding-right: 10% !important;padding-left: 10% !important;background-image: url(https:\/\/czechiacontract.com\/wp-content\/uploads\/2020\/06\/armatury.jpg?id=31545) !important;background-position: center !important;background-repeat: no-repeat !important;background-size: cover !important;}&#8221; el_class=&#8221;entire-div-link&#8221;][vc_raw_html]JTNDYSUyMGhyZWYlM0QlMjIlMkZ0ciUyRnByb2R1a3R5JTJGYXJtYXR1cnklMkYlMjIlM0UlM0MlMkZhJTNF[\/vc_raw_html][vc_column_text]<\/p>\n<div class=\"title-h3 white\" style=\"text-align: center; letter-spacing: 0px;\">BA\u011eLANTILAR<\/div>\n<p>[\/vc_column_text]<div class=\"clearboth\"><\/div><style>#thegem-divider-69ea2eb8657d2 {margin-top: 45px !important;}<\/style><div id=\"thegem-divider-69ea2eb8657d2\" class=\"gem-divider  \" style=\"\" ><\/div>[\/vc_column][vc_column width=&#8221;1\/3&#8243; css=&#8221;.vc_custom_1570457867929{padding-right: 10% !important;padding-left: 10% !important;background-image: url(https:\/\/czechiacontract.com\/wp-content\/uploads\/2019\/10\/drzak-loziska.jpg?id=31033) !important;background-position: center !important;background-repeat: no-repeat !important;background-size: cover !important;}&#8221; el_class=&#8221;entire-div-link&#8221;][vc_raw_html]JTNDYSUyMGhyZWYlM0QlMjIlMkZ0ciUyRnByb2R1a3R5JTJGZHJ6YWstbG96aXNrYSUyRiUyMiUzRSUzQyUyRmElM0U=[\/vc_raw_html][vc_column_text]<\/p>\n<div class=\"title-h3 white\" style=\"text-align: center; letter-spacing: 0px;\">RULMAN TUTUCU<\/div>\n<p>[\/vc_column_text]<div class=\"clearboth\"><\/div><style>#thegem-divider-69ea2eb8657de {margin-top: 45px !important;}<\/style><div id=\"thegem-divider-69ea2eb8657de\" class=\"gem-divider  \" style=\"\" ><\/div>[\/vc_column][\/vc_row][vc_row equal_height=&#8221;yes&#8221;][vc_column width=&#8221;1\/3&#8243; css=&#8221;.vc_custom_1593191393144{padding-right: 10% !important;padding-left: 10% !important;background-image: url(https:\/\/czechiacontract.com\/wp-content\/uploads\/2020\/06\/sanitarni-technika-sanita.jpg?id=31589) !important;}&#8221; el_class=&#8221;entire-div-link&#8221;][vc_raw_html]JTNDYSUyMGhyZWYlM0QlMjIlMkZ0ciUyRnByb2R1a3R5JTJGc2FuaXRhcm5pLXRlY2huaWthJTJGJTIyJTNFJTNDJTJGYSUzRQ==[\/vc_raw_html][vc_column_text]<\/p>\n<div class=\"title-h3 white\" style=\"text-align: center; letter-spacing: 0px;\">SA\u011eLIK TEKNOLOJ\u0130S\u0130<\/div>\n<p>[\/vc_column_text]<div class=\"clearboth\"><\/div><style>#thegem-divider-69ea2eb8657ea {margin-top: 45px !important;}<\/style><div id=\"thegem-divider-69ea2eb8657ea\" class=\"gem-divider  \" style=\"\" ><\/div>[\/vc_column][vc_column width=&#8221;1\/3&#8243; css=&#8221;.vc_custom_1592684691137{padding-right: 10% !important;padding-left: 10% !important;background-position: center !important;background-repeat: no-repeat !important;background-size: cover !important;}&#8221; el_class=&#8221;entire-div-link&#8221;][vc_empty_space][\/vc_column][vc_column width=&#8221;1\/3&#8243; css=&#8221;.vc_custom_1593191041231{padding-right: 10% !important;padding-left: 10% !important;background-image: url(https:\/\/czechiacontract.com\/wp-content\/uploads\/2020\/06\/nahradni-dily.jpg?id=31575) !important;background-position: center !important;background-repeat: no-repeat !important;background-size: cover !important;}&#8221; el_class=&#8221;entire-div-link&#8221;][vc_raw_html]JTNDYSUyMGhyZWYlM0QlMjIlMkZ0ciUyRnByb2R1a3R5JTJGb3N0YXRuaS1uYWhyYWRuaS1kaWx5JTJGJTIyJTNFJTNDJTJGYSUzRQ==[\/vc_raw_html][vc_column_text]<\/p>\n<div class=\"title-h3 white\" style=\"text-align: center; letter-spacing: 0px;\">D\u0130\u011eER B\u00d6L\u00dcMLER<\/div>\n<p>[\/vc_column_text]<div class=\"clearboth\"><\/div><style>#thegem-divider-69ea2eb8657f5 {margin-top: 45px !important;}<\/style><div id=\"thegem-divider-69ea2eb8657f5\" class=\"gem-divider  \" style=\"\" ><\/div>[\/vc_column][\/vc_row][vc_row][vc_column][vc_empty_space height=&#8221;100px&#8221;][\/vc_column][\/vc_row][vc_row content_placement=&#8221;middle&#8221;][vc_column][vc_column_text]<\/p>\n<h2 style=\"text-align: center;\">Ortaklar<\/h2>\n<p>[\/vc_column_text][\/vc_column][\/vc_row][vc_row content_placement=&#8221;middle&#8221;][vc_column]<div class=\"preloader\"><div class=\"preloader-spin\"><\/div><\/div><div class=\"gem-clients gem-clients-type-carousel-grid disable-grayscale \" data-autoscroll=\"0\"><div class=\"gem-clients-slide\"><div class=\"gem-clients-slide-inner clearfix\"> <div id=\"post-30361\" class=\"gem-client-item post-30361 thegem_client type-thegem_client status-publish has-post-thumbnail\" style=\"width: 14.285714285714%;\" > <span href=\"#\" target=\"_self\" class=\"gscale\"> <img width=\"200\" height=\"200\" src=\"https:\/\/czechiacontract.com\/wp-content\/uploads\/2019\/08\/zkl.png\" class=\"img-responsive wp-post-image\" alt=\"zkl\" \/>\t<\/span> <\/div> <div id=\"post-30378\" class=\"gem-client-item post-30378 thegem_client type-thegem_client status-publish has-post-thumbnail\" style=\"width: 14.285714285714%;\" > <span href=\"#\" target=\"_self\" class=\"gscale\"> <img width=\"200\" height=\"200\" src=\"https:\/\/czechiacontract.com\/wp-content\/uploads\/2019\/08\/matador.png\" class=\"img-responsive wp-post-image\" alt=\"matador\" \/>\t<\/span> <\/div> <div id=\"post-30379\" class=\"gem-client-item post-30379 thegem_client type-thegem_client status-publish has-post-thumbnail\" style=\"width: 14.285714285714%;\" > <span href=\"#\" target=\"_self\" class=\"gscale\"> <img width=\"200\" height=\"200\" src=\"https:\/\/czechiacontract.com\/wp-content\/uploads\/2019\/08\/motorpal.png\" class=\"img-responsive wp-post-image\" alt=\"motorpal\" \/>\t<\/span> <\/div> <div id=\"post-30380\" class=\"gem-client-item post-30380 thegem_client type-thegem_client status-publish has-post-thumbnail\" style=\"width: 14.285714285714%;\" > <span href=\"#\" target=\"_self\" class=\"gscale\"> <img width=\"200\" height=\"200\" src=\"https:\/\/czechiacontract.com\/wp-content\/uploads\/2019\/08\/slovnaft.png\" class=\"img-responsive wp-post-image\" alt=\"slovnaft\" \/>\t<\/span> <\/div> <div id=\"post-30381\" class=\"gem-client-item post-30381 thegem_client type-thegem_client status-publish has-post-thumbnail\" style=\"width: 14.285714285714%;\" > <span href=\"#\" target=\"_self\" class=\"gscale\"> <img width=\"200\" height=\"200\" src=\"https:\/\/czechiacontract.com\/wp-content\/uploads\/2019\/08\/kinex.png\" class=\"img-responsive wp-post-image\" alt=\"kinex\" \/>\t<\/span> <\/div> <div id=\"post-31227\" class=\"gem-client-item post-31227 thegem_client type-thegem_client status-publish has-post-thumbnail\" style=\"width: 14.285714285714%;\" > <span href=\"#\" target=\"_self\" class=\"gscale\"> <img width=\"200\" height=\"200\" src=\"https:\/\/czechiacontract.com\/wp-content\/uploads\/2020\/05\/alcaplast.png\" class=\"img-responsive wp-post-image\" alt=\"alcaplast\" \/>\t<\/span> <\/div> <div id=\"post-31604\" class=\"gem-client-item post-31604 thegem_client type-thegem_client status-publish has-post-thumbnail\" style=\"width: 14.285714285714%;\" > <span href=\"#\" target=\"_blank\" class=\"gscale\"> <img width=\"200\" height=\"200\" src=\"https:\/\/czechiacontract.com\/wp-content\/uploads\/2020\/08\/molcik.png\" class=\"img-responsive wp-post-image\" alt=\"molcik\" \/>\t<\/span> <\/div><\/div><\/div><\/div>[\/vc_column][\/vc_row]<\/p>\n<\/div>","protected":false},"excerpt":{"rendered":"<p>[vc_row][vc_column][vc_empty_space height=&#8221;50px&#8221;][vc_column_text] \u00dcr\u00fcnler\u00a0&amp; ARALIK \u00d6RNE\u011e\u0130 [\/vc_column_text][\/vc_column][\/vc_row][vc_row][vc_column][vc_column_text] Otomotiv end\u00fcstrisi yani binek&#8230;<\/p>\n","protected":false},"author":1,"featured_media":0,"parent":0,"menu_order":5,"comment_status":"closed","ping_status":"closed","template":"","meta":{"passster_activate_protection":null,"passster_protect_child_pages":"","passster_protection_type":"password","passster_password":"","passster_activate_overwrite_defaults":"","passster_headline":"","passster_instruction":"","passster_placeholder":"","passster_button":"","passster_id":"","passster_activate_misc_settings":"","passster_redirect_url":"","passster_hide":"no","passster_area_shortcode":"","footnotes":""},"class_list":["post-32757","page","type-page","status-publish"],"_links":{"self":[{"href":"https:\/\/czechiacontract.com\/tr\/wp-json\/wp\/v2\/pages\/32757","targetHints":{"allow":["GET"]}}],"collection":[{"href":"https:\/\/czechiacontract.com\/tr\/wp-json\/wp\/v2\/pages"}],"about":[{"href":"https:\/\/czechiacontract.com\/tr\/wp-json\/wp\/v2\/types\/page"}],"author":[{"embeddable":true,"href":"https:\/\/czechiacontract.com\/tr\/wp-json\/wp\/v2\/users\/1"}],"replies":[{"embeddable":true,"href":"https:\/\/czechiacontract.com\/tr\/wp-json\/wp\/v2\/comments?post=32757"}],"version-history":[{"count":0,"href":"https:\/\/czechiacontract.com\/tr\/wp-json\/wp\/v2\/pages\/32757\/revisions"}],"wp:attachment":[{"href":"https:\/\/czechiacontract.com\/tr\/wp-json\/wp\/v2\/media?parent=32757"}],"curies":[{"name":"wp","href":"https:\/\/api.w.org\/{rel}","templated":true}]}}