{"id":32745,"date":"2022-06-16T21:20:05","date_gmt":"2022-06-16T19:20:05","guid":{"rendered":"https:\/\/czechiacontract.com\/avrupa-birligine-ithal-etmek\/hutni-material\/"},"modified":"2023-03-07T20:43:07","modified_gmt":"2023-03-07T19:43:07","slug":"hutni-material","status":"publish","type":"page","link":"https:\/\/czechiacontract.com\/tr\/avrupa-birligine-ithal-etmek\/hutni-material\/","title":{"rendered":"Metalik malzemeler"},"content":{"rendered":"\n<p>Bu malzemelerden yap\u0131lan \u00fcr\u00fcnler bir\u00e7ok end\u00fcstride kullan\u0131lmaktad\u0131r, bu nedenle son y\u0131llarda metal \u00fcr\u00fcn yelpazemizi farkl\u0131 \u00fcr\u00fcn t\u00fcrleri ile geni\u015flettik, \u00f6rne\u011fin:<\/p>\n\n\n\n<ul class=\"wp-block-list\"><li>\u00c7elik \u2013 galvanizli, s\u0131cak haddelenmi\u015f, so\u011fuk haddelenmi\u015f, \u015ferit \u00e7elik (rulolar)<\/li><li>S\u0131cak haddelenmi\u015f \u00e7elik levha, so\u011fuk haddelenmi\u015f \u00e7elik levha<\/li><li>Kapal\u0131 \u00e7elik profiller (\u00e7elik), a\u00e7\u0131k \u00e7elik profiller, \u015fekilli profiller \u2013 kare, dikd\u00f6rtgen, \u00f6zel<\/li><li>Raylar &#8211; Yuvarlak, Kare, D\u00fcz, T-kesitli, L-kesitli, \u00c7ekilmi\u015f, \u00c7ubuklar, \u00c7ubuklar<\/li><li>K\u00fct\u00fckler &#8211; haddelenmi\u015f, boyal\u0131, pirin\u00e7<\/li><li>Tel \u00c7ekme &#8211; Kaplamal\u0131, Siyah, diki\u015f.<\/li><\/ul>\n\n\n\n<div style=\"height:40px\" aria-hidden=\"true\" class=\"wp-block-spacer\"><\/div>\n\n\n\n            <div \n                class=\"elfsight-widget-pdf-embed elfsight-widget\" \n                data-elfsight-pdf-embed-options=\"%7B%22files%22%3A%5B%7B%22link%22%3A%22https%3A%5C%2F%5C%2Fczechiacontract.com%5C%2Fwp-content%5C%2Fuploads%5C%2F2022%5C%2F06%5C%2Fnabidka_kovy.pdf%22%2C%22name%22%3A%22PDF%22%2C%22previewImage%22%3Anull%7D%5D%2C%22widgetTitle%22%3A%22%22%2C%22layout%22%3A%22viewer%22%2C%22showIcon%22%3Atrue%2C%22icon%22%3A%22icon-1%22%2C%22previewImageSize%22%3A30%2C%22showDownloadLink%22%3Afalse%2C%22downloadLinkText%22%3A%22Download%22%2C%22width%22%3A800%2C%22heightFactor%22%3A1.41%2C%22iconColor%22%3A%22rgb%28222%2C%2043%2C%2051%29%22%2C%22nameColor%22%3A%22rgb%2817%2C%2017%2C%2017%29%22%2C%22downloadColor%22%3A%22rgb%2828%2C%20145%2C%20255%29%22%2C%22backgroundColor%22%3Anull%2C%22fileBackgroundColor%22%3Anull%2C%22widgetTitleColor%22%3A%22rgb%2817%2C%2017%2C%2017%29%22%2C%22nameFontSize%22%3A15%2C%22downloadFontSize%22%3A13%2C%22widgetTitleFontSize%22%3A20%2C%22widgetId%22%3A%2215%22%7D\" \n                data-elfsight-pdf-embed-version=\"1.0.1\"\n                data-elfsight-widget-id=\"elfsight-pdf-embed-15\">\n            <\/div>\n            \n","protected":false},"excerpt":{"rendered":"<p>Bu malzemelerden yap\u0131lan \u00fcr\u00fcnler bir\u00e7ok end\u00fcstride kullan\u0131lmaktad\u0131r, bu nedenle son&#8230;<\/p>\n","protected":false},"author":1,"featured_media":0,"parent":32735,"menu_order":0,"comment_status":"closed","ping_status":"closed","template":"","meta":{"passster_activate_protection":null,"passster_protect_child_pages":"","passster_protection_type":"password","passster_password":"","passster_activate_overwrite_defaults":"","passster_headline":"","passster_instruction":"","passster_placeholder":"","passster_button":"","passster_id":"","passster_activate_misc_settings":"","passster_redirect_url":"","passster_hide":"no","passster_area_shortcode":"","footnotes":""},"class_list":["post-32745","page","type-page","status-publish"],"_links":{"self":[{"href":"https:\/\/czechiacontract.com\/tr\/wp-json\/wp\/v2\/pages\/32745","targetHints":{"allow":["GET"]}}],"collection":[{"href":"https:\/\/czechiacontract.com\/tr\/wp-json\/wp\/v2\/pages"}],"about":[{"href":"https:\/\/czechiacontract.com\/tr\/wp-json\/wp\/v2\/types\/page"}],"author":[{"embeddable":true,"href":"https:\/\/czechiacontract.com\/tr\/wp-json\/wp\/v2\/users\/1"}],"replies":[{"embeddable":true,"href":"https:\/\/czechiacontract.com\/tr\/wp-json\/wp\/v2\/comments?post=32745"}],"version-history":[{"count":0,"href":"https:\/\/czechiacontract.com\/tr\/wp-json\/wp\/v2\/pages\/32745\/revisions"}],"up":[{"embeddable":true,"href":"https:\/\/czechiacontract.com\/tr\/wp-json\/wp\/v2\/pages\/32735"}],"wp:attachment":[{"href":"https:\/\/czechiacontract.com\/tr\/wp-json\/wp\/v2\/media?parent=32745"}],"curies":[{"name":"wp","href":"https:\/\/api.w.org\/{rel}","templated":true}]}}