{"id":32743,"date":"2016-01-26T09:58:54","date_gmt":"2016-01-26T08:58:54","guid":{"rendered":"https:\/\/czechiacontract.com\/sluzby\/"},"modified":"2023-03-08T09:47:57","modified_gmt":"2023-03-08T08:47:57","slug":"sluzby","status":"publish","type":"page","link":"https:\/\/czechiacontract.com\/tr\/sluzby\/","title":{"rendered":"Hizmetler"},"content":{"rendered":"<div class=\"wpb-content-wrapper\"><p>[vc_row full_width=&#8221;stretch_row&#8221; css=&#8221;.vc_custom_1648401416728{background-color: #1c3d76 !important;}&#8221;][vc_column][vc_empty_space height=&#8221;130px&#8221;][vc_column_text]<\/p>\n<div class=\"title-xlarge\" style=\"text-align: center;\"><span class=\"light\" style=\"color: #ffffff;\">Neler sunuyoruz \/<\/span><span style=\"color: #ffffff;\"> hizmetler<\/span><\/div>\n<p>[\/vc_column_text][vc_column_text]<\/p>\n<div class=\"custom-header-subtitle styled-subtitle\" style=\"padding-bottom: 106px; text-align: center;\"><span class=\"light\" style=\"color: #ffffff;\">Talebiniz ne kadar spesifik olursa olsun, her zaman ihtiyatl\u0131 davran\u0131yoruz ve talebinize yakla\u015fmaya \u00e7al\u0131\u015f\u0131yoruz ve sat\u0131\u015f\u0131n \u00f6tesinde size uyarlamaya \u00e7al\u0131\u015f\u0131yoruz ve size m\u00fcmk\u00fcn olan en iyi hizmeti sunmak i\u00e7in her m\u00fc\u015fterimize benzersiz bir \u00e7\u00f6z\u00fcm sunuyoruz.<\/span><\/div>\n<p>[\/vc_column_text][\/vc_column][\/vc_row][vc_row][vc_column]<div class=\"clearboth\"><\/div><style>#thegem-divider-69d160f1e69e5 {margin-top: 50px !important;}<\/style><div id=\"thegem-divider-69d160f1e69e5\" class=\"gem-divider  \" style=\"\" ><\/div>[\/vc_column][\/vc_row][vc_row][vc_column width=&#8221;1\/2&#8243;][vc_column_text]<\/p>\n<div class=\"title-h3\"><span class=\"light\" style=\"color: #99a9b5;\">\u00dcreticiler i\u00e7in<\/span><\/div>\n<p>[\/vc_column_text][vc_column_text]<\/p>\n<div class=\"styled-subtitle\">\u00dcretici misiniz Ortado\u011fu&#8217;da sat\u0131\u015f pazarlar\u0131 m\u0131 ar\u0131yorsunuz? Piyasay\u0131 iyi bilen bir temsilcinin size getirmesini ister misiniz? Sizin i\u00e7in d\u00fcnyan\u0131n en karl\u0131 pazarlar\u0131ndan birinde m\u00fc\u015fteriler bulaca\u011f\u0131z.<\/div>\n<p>[\/vc_column_text][\/vc_column][vc_column width=&#8221;1\/2&#8243;][vc_column_text]<\/p>\n<div class=\"title-h3\"><span class=\"light\" style=\"color: #99a9b5;\">\u0130\u015fletme \u015fekl\u0131<br \/>\n<\/span><\/div>\n<p>[\/vc_column_text][vc_column_text]<\/p>\n<div class=\"styled-subtitle\">Avrupa&#8217;da \u00fcretilen benzinli ve dizel motorlar i\u00e7in orijinal ve standart kalitede yedek par\u00e7alar, otomobiller, kamyonlar, tar\u0131m makineleri ve daha fazlas\u0131 i\u00e7in yedek par\u00e7alar sunuyoruz.<\/div>\n<p>[\/vc_column_text][\/vc_column][\/vc_row][vc_row][vc_column]<div class=\"clearboth\"><\/div><style>#thegem-divider-69d160f1e6a19 {margin-top: 50px !important;}<\/style><div id=\"thegem-divider-69d160f1e6a19\" class=\"gem-divider  \" style=\"\" ><\/div>[\/vc_column][\/vc_row][vc_row][vc_column width=&#8221;1\/2&#8243;][vc_column_text]M\u00fc\u015fterilerimiz i\u00e7in hem kalite, \u00e7ekicilik hem de ekonomik a\u00e7\u0131dan gerekli kriterleri en iyi \u015fekilde kar\u015f\u0131layacak bir \u00fcretici ar\u0131yoruz. Ayn\u0131 kriterler ters y\u00f6nde, yani \u00fcr\u00fcnlerinizi sunacak bir sat\u0131c\u0131 ararken de ge\u00e7erlidir.<\/p>\n<p>Orta ve Yak\u0131n Do\u011fu pazarlar\u0131na giri\u015fte yard\u0131mc\u0131 oluyoruz, kaliteli Avrupa mallar\u0131na nerede ilgi oldu\u011funu biliyoruz ve toptan sat\u0131\u015f alan\u0131nda, d\u00f6viz kuru risklerine kar\u015f\u0131 korunma dan\u0131\u015fmanl\u0131\u011f\u0131 da dahil olmak \u00fczere eksiksiz bir hizmet sunuyoruz.<\/p>\n<p>Yerel ko\u015fullar hakk\u0131ndaki m\u00fckemmel bilgimiz ve sekt\u00f6rdeki uzun y\u0131llara dayanan deneyimimiz sayesinde, m\u00fc\u015fterilerimiz i\u00e7in cazip bir sipari\u015f hacmi i\u00e7in pazarl\u0131k yapabiliyoruz. \u015eirketler, Orta ve Yak\u0131n Do\u011fu pazarlar\u0131nda yeni sipari\u015fler uygulayarak, genellikle b\u00f6lgede sipari\u015fleri yerine getirirken oldu\u011fundan y\u00fczde onlarca daha y\u00fcksek bir i\u015f marj\u0131 elde ediyor.[\/vc_column_text][\/vc_column][vc_column width=&#8221;1\/2&#8243;][vc_column_text]Orta Do\u011fu&#8217;da mal satmak muazzam bir potansiyele sahip olsa da riskleri ve kendine has \u00f6zellikleri de var. Sorun, istikrars\u0131z siyasi durum ve hala dalgalanan d\u00f6viz kuru. Czechia Contract bu risklerin fark\u0131ndad\u0131r ve yap\u0131lan yat\u0131r\u0131mlar\u0131 maksimum d\u00fczeyde korumak amac\u0131yla sat\u0131\u015f stratejileri \u00f6nerir.<\/p>\n<p>Yak\u0131n ve Orta Do\u011fu pazarlar\u0131na mal ihra\u00e7 etmek belirli bir idari y\u00fck olu\u015fturmaktad\u0131r. Bununla birlikte, Avrupa d\u00fczenlemelerine k\u0131yasla \u00e7ok daha dost\u00e7a ve i\u015flenmesi daha kolayd\u0131r.<\/p>\n<p>Yeni pazarlarda sat\u0131\u015flar\u0131 g\u00fcvence alt\u0131na alma konusunda endi\u015felenmenize gerek yok. Bu \u00fclkelerde talep hala arzdan a\u011f\u0131r basmaktad\u0131r. Kaliteli Avrupa mallar\u0131, Asya \u00fclkelerinden ucuz \u00fcr\u00fcnlerin ithalat\u0131na kar\u015f\u0131 kazan\u0131yor. Halihaz\u0131rda mallar\u0131n\u0131 burada satanlara kat\u0131l\u0131n, sipari\u015flerinizin hacmini ve karl\u0131l\u0131\u011f\u0131n\u0131 art\u0131r\u0131n.[\/vc_column_text][\/vc_column][\/vc_row][vc_row][vc_column]<div class=\"clearboth\"><\/div><style>#thegem-divider-69d160f1e6a2f {margin-top: 50px !important;}<\/style><div id=\"thegem-divider-69d160f1e6a2f\" class=\"gem-divider  \" style=\"\" ><\/div>[\/vc_column][\/vc_row][vc_row][vc_column width=&#8221;3\/4&#8243;]<div class=\"gem-textbox \"  ><div class=\"gem-textbox-inner\" style=\"\"><div class=\"gem-textbox-content\" style=\"background-color: #f4f6f7;background-position: center top;padding-top: 50px;padding-bottom: 40px;padding-left: 64px;\">[vc_row_inner][vc_column_inner][vc_column_text]<\/p>\n<h2>TAVS\u0130YE<\/h2>\n<p>[\/vc_column_text]<div class=\"clearboth\"><\/div><style>#thegem-divider-69d160f1e6ab4 {margin-top: 27px !important;}<\/style><div id=\"thegem-divider-69d160f1e6ab4\" class=\"gem-divider  \" style=\"\" ><\/div>[vc_column_text]\u0130lgilenirseniz, \u00fcr\u00fcnleri piyasaya sunarken pazarlama alan\u0131nda dan\u0131\u015fmanl\u0131k hizmeti verebiliriz&#8230;<br \/>\nBir sat\u0131\u015f \u00e7al\u0131\u015fmas\u0131 haz\u0131rlay\u0131p nas\u0131l, hangi pakette, hangi fiyata \u00f6nerece\u011fiz&#8230;[\/vc_column_text][\/vc_column_inner][\/vc_row_inner]<\/div><\/div><\/div>[\/vc_column][vc_column width=&#8221;1\/4&#8243;][vc_single_image image=&#8221;30227&#8243; img_size=&#8221;238&#215;238&#8243; style=&#8221;vc_box_border_circle&#8221;][\/vc_column][\/vc_row][vc_row][vc_column width=&#8221;1\/4&#8243;][vc_single_image image=&#8221;30151&#8243; img_size=&#8221;238&#215;238&#8243; style=&#8221;vc_box_border_circle&#8221;][\/vc_column][vc_column width=&#8221;3\/4&#8243;]<div class=\"gem-textbox \"  ><div class=\"gem-textbox-inner\" style=\"\"><div class=\"gem-textbox-content\" style=\"background-color: #f4f6f7;background-position: center top;padding-top: 50px;padding-bottom: 40px;padding-left: 64px;\">[vc_row_inner][vc_column_inner][vc_column_text]<\/p>\n<h2>\u00d6RNEKLER<\/h2>\n<p>[\/vc_column_text]<div class=\"clearboth\"><\/div><style>#thegem-divider-69d160f1e6af3 {margin-top: 27px !important;}<\/style><div id=\"thegem-divider-69d160f1e6af3\" class=\"gem-divider  \" style=\"\" ><\/div>[vc_column_text]Genellikle sat\u0131c\u0131n\u0131n ilgilendi\u011fi par\u00e7an\u0131n bir \u00f6rne\u011fini sa\u011flayarak toptan sat\u0131\u015f i\u015fbirli\u011fine ba\u015flar\u0131z. Bu b\u00f6lgedeki t\u00fcccarlar i\u00e7in mallar\u0131 sadece katalogda de\u011fil, fiziksel olarak da g\u00f6rmek \u00f6nemlidir.[\/vc_column_text][\/vc_column_inner][\/vc_row_inner]<\/div><\/div><\/div>[\/vc_column][\/vc_row][vc_row][vc_column width=&#8221;3\/4&#8243;]<div class=\"gem-textbox \"  ><div class=\"gem-textbox-inner\" style=\"\"><div class=\"gem-textbox-content\" style=\"background-color: #f4f6f7;background-position: center top;padding-top: 50px;padding-bottom: 40px;padding-left: 64px;\">[vc_row_inner][vc_column_inner][vc_column_text]<\/p>\n<h2>\u00d6ZELL\u0130KLER<\/h2>\n<p>[\/vc_column_text]<div class=\"clearboth\"><\/div><style>#thegem-divider-69d160f1e6b21 {margin-top: 27px !important;}<\/style><div id=\"thegem-divider-69d160f1e6b21\" class=\"gem-divider  \" style=\"\" ><\/div>[vc_column_text]Belirli bir spesifikasyona g\u00f6re mal ar\u0131yorsan\u0131z, size malzeme analizi, profesyonel \u00e7izimler &#8230; Sertifikalar, orijinallik beyanlar\u0131, teknik standartlar &#8230;[\/vc_column_text][\/vc_column_inner][\/vc_row_inner]<\/div><\/div><\/div>[\/vc_column][vc_column width=&#8221;1\/4&#8243;][vc_single_image image=&#8221;30161&#8243; img_size=&#8221;238&#215;238&#8243; style=&#8221;vc_box_border_circle&#8221;][\/vc_column][\/vc_row][vc_row][vc_column width=&#8221;1\/4&#8243;][vc_single_image image=&#8221;30155&#8243; img_size=&#8221;238&#215;238&#8243; style=&#8221;vc_box_border_circle&#8221;][\/vc_column][vc_column width=&#8221;3\/4&#8243;]<div class=\"gem-textbox \"  ><div class=\"gem-textbox-inner\" style=\"\"><div class=\"gem-textbox-content\" style=\"background-color: #f4f6f7;background-position: center top;padding-top: 50px;padding-bottom: 40px;padding-left: 64px;\">[vc_row_inner][vc_column_inner][vc_column_text]<\/p>\n<h2>\u0130\u015eB\u0130RL\u0130\u011e\u0130<\/h2>\n<p>[\/vc_column_text]<div class=\"clearboth\"><\/div><style>#thegem-divider-69d160f1e6b4a {margin-top: 27px !important;}<\/style><div id=\"thegem-divider-69d160f1e6b4a\" class=\"gem-divider  \" style=\"\" ><\/div>[vc_column_text]\u00dcreticiyi sat\u0131c\u0131n\u0131n \u00f6zelliklerine g\u00f6re se\u00e7iyoruz ve gerekli kriterlerin kar\u015f\u0131land\u0131\u011f\u0131ndan emin oluyoruz. Prestijli \u015firketler ve end\u00fcstri liderleriyle \u00e7al\u0131\u015f\u0131yoruz. Uzun vadeli kar\u015f\u0131l\u0131kl\u0131 yarar sa\u011flayan temsil sayesinde, genellikle m\u00fcnhas\u0131rl\u0131\u011fa sahibiz.[\/vc_column_text][\/vc_column_inner][\/vc_row_inner]<\/div><\/div><\/div>[\/vc_column][\/vc_row][vc_row][vc_column width=&#8221;3\/4&#8243;]<div class=\"gem-textbox \"  ><div class=\"gem-textbox-inner\" style=\"\"><div class=\"gem-textbox-content\" style=\"background-color: #f4f6f7;background-position: center top;padding-top: 50px;padding-bottom: 40px;padding-left: 64px;\">[vc_row_inner][vc_column_inner][vc_column_text]<\/p>\n<h2>HESAPLAMA<\/h2>\n<p>[\/vc_column_text]<div class=\"clearboth\"><\/div><style>#thegem-divider-69d160f1e6b72 {margin-top: 27px !important;}<\/style><div id=\"thegem-divider-69d160f1e6b72\" class=\"gem-divider  \" style=\"\" ><\/div>[vc_column_text]Bir \u00fcretici \u00fczerinde anla\u015ft\u0131ktan sonra, sizin i\u00e7in en iyi fiyat\u0131 pazarlayaca\u011f\u0131z. \u00dcreticilerle uzun vadeli i\u015fbirli\u011fi ve geni\u015f bir ileti\u015fim portf\u00f6y\u00fc sayesinde ilgin\u00e7 \u015fartlar \u00fczerinde pazarl\u0131k yapabiliriz.[\/vc_column_text][\/vc_column_inner][\/vc_row_inner]<\/div><\/div><\/div>[\/vc_column][vc_column width=&#8221;1\/4&#8243;][vc_single_image image=&#8221;30197&#8243; img_size=&#8221;238&#215;238&#8243; style=&#8221;vc_box_border_circle&#8221;][\/vc_column][\/vc_row][vc_row][vc_column width=&#8221;1\/4&#8243;][vc_single_image image=&#8221;30153&#8243; img_size=&#8221;238&#215;238&#8243; style=&#8221;vc_box_border_circle&#8221;][\/vc_column][vc_column width=&#8221;3\/4&#8243;]<div class=\"gem-textbox \"  ><div class=\"gem-textbox-inner\" style=\"\"><div class=\"gem-textbox-content\" style=\"background-color: #f4f6f7;background-position: center top;padding-top: 50px;padding-bottom: 40px;padding-left: 64px;\">[vc_row_inner][vc_column_inner][vc_column_text]<\/p>\n<h2>PAZAR<\/h2>\n<p>[\/vc_column_text]<div class=\"clearboth\"><\/div><style>#thegem-divider-69d160f1e6b98 {margin-top: 27px !important;}<\/style><div id=\"thegem-divider-69d160f1e6b98\" class=\"gem-divider  \" style=\"\" ><\/div>[vc_column_text]Ortado\u011fu&#8217;da ticaretin kendine has \u00f6zellikleri vard\u0131r. Size avantajlar\u0131n\u0131 tan\u0131taca\u011f\u0131z ve olas\u0131 kur risklerinden korunman\u0131za yard\u0131mc\u0131 olaca\u011f\u0131z.[\/vc_column_text][\/vc_column_inner][\/vc_row_inner]<\/div><\/div><\/div>[\/vc_column][\/vc_row][vc_row][vc_column]<div class=\"clearboth\"><\/div><style>#thegem-divider-69d160f1e6ba6 {margin-top: 64px !important;}<\/style><div id=\"thegem-divider-69d160f1e6ba6\" class=\"gem-divider  \" style=\"\" ><\/div>[\/vc_column][\/vc_row][vc_row css=&#8221;.vc_custom_1453817064509{margin-top: -20px !important;}&#8221;][vc_column]<div id=\"fullwidth-block-69d160f1e6bc8\" class=\"fullwidth-block clearfix\"  style=\"background-color: #d81419;padding-top: 150px;padding-bottom: 150px;\"><script type=\"text\/javascript\">if (typeof(gem_fix_fullwidth_position) == \"function\") { gem_fix_fullwidth_position(document.getElementById(\"fullwidth-block-69d160f1e6bc8\")); }<\/script><div class=\"fullwidth-block-inner\"><div class=\"clearboth\"><\/div><style>#thegem-divider-69d160f1e6c0e {margin-top: 65px !important;}<\/style><div id=\"thegem-divider-69d160f1e6c0e\" class=\"gem-divider  \" style=\"\" ><\/div>[vc_column_text]<\/p>\n<div class=\"title-xlarge\" style=\"text-align: center;\"><span class=\"light\" style=\"color: #ffffff;\">Ortak program\u0131<\/span><\/div>\n<p>[\/vc_column_text]<div class=\"clearboth\"><\/div><style>#thegem-divider-69d160f1e6c1c {margin-top: 85px !important;}<\/style><div id=\"thegem-divider-69d160f1e6c1c\" class=\"gem-divider  \" style=\"\" ><\/div>[vc_column_text]<\/p>\n<div class=\"styled-subtitle\" style=\"text-align: center; max-width: 1000px; margin: 0 auto;\"><span style=\"color: #ffffff;\">Genellikle tedarik\u00e7iler ve m\u00fc\u015fterilerle uzun y\u0131llar i\u015fbirli\u011fi yapar\u0131z, m\u00fc\u015fterilerimizin bize tekrar tekrar d\u00f6nmesine de\u011fer veririz. \u00c7ekya S\u00f6zle\u015fmesi ile i\u015fbirli\u011finin faydalar\u0131n\u0131 sizlere de sunmaktan mutluluk duyaca\u011f\u0131z.<\/span><\/div>\n<p>[\/vc_column_text]<div class=\"clearboth\"><\/div><style>#thegem-divider-69d160f1e6c27 {margin-top: 10px !important;}<\/style><div id=\"thegem-divider-69d160f1e6c27\" class=\"gem-divider  \" style=\"\" ><\/div><style type=\"text\/css\">.thegem-button-69d160f1e6cb01987 .gem-button svg {fill: #ffffff;}.thegem-button-69d160f1e6cb01987 .gem-button:hover svg {fill: #191919;}<\/style><div class=\"gem-button-container gem-button-position-center thegem-button-69d160f1e6cb01987    \"  ><a title=\"Partner Program\" class=\"gem-button gem-button-size-medium gem-button-style-outline gem-button-text-weight-normal gem-button-border-2\" data-ll-effect=\"drop-right-without-wrap\" style=\"border-radius: 0px;border-color: #ffffff;color: #ffffff;\" onmouseleave=\"this.style.borderColor='#ffffff';this.style.backgroundColor='transparent';this.style.color='#ffffff';\" onmouseenter=\"this.style.borderColor='#ffffff';this.style.backgroundColor='#ffffff';this.style.color='#191919';\" href=\"\/en\/partner-program\/\" target=\"_self\">Daha fazla bilgi<\/a><\/div> <\/div><\/div>[\/vc_column][\/vc_row]<\/p>\n<\/div>","protected":false},"excerpt":{"rendered":"<p>[vc_row full_width=&#8221;stretch_row&#8221; css=&#8221;.vc_custom_1648401416728{background-color: #1c3d76 !important;}&#8221;][vc_column][vc_empty_space height=&#8221;130px&#8221;][vc_column_text] Neler sunuyoruz \/ hizmetler&#8230;<\/p>\n","protected":false},"author":1,"featured_media":0,"parent":0,"menu_order":3,"comment_status":"closed","ping_status":"closed","template":"","meta":{"passster_activate_protection":null,"passster_protect_child_pages":"","passster_protection_type":"password","passster_password":"","passster_activate_overwrite_defaults":"","passster_headline":"","passster_instruction":"","passster_placeholder":"","passster_button":"","passster_id":"","passster_activate_misc_settings":"","passster_redirect_url":"","passster_hide":"no","passster_area_shortcode":"","footnotes":""},"class_list":["post-32743","page","type-page","status-publish"],"_links":{"self":[{"href":"https:\/\/czechiacontract.com\/tr\/wp-json\/wp\/v2\/pages\/32743","targetHints":{"allow":["GET"]}}],"collection":[{"href":"https:\/\/czechiacontract.com\/tr\/wp-json\/wp\/v2\/pages"}],"about":[{"href":"https:\/\/czechiacontract.com\/tr\/wp-json\/wp\/v2\/types\/page"}],"author":[{"embeddable":true,"href":"https:\/\/czechiacontract.com\/tr\/wp-json\/wp\/v2\/users\/1"}],"replies":[{"embeddable":true,"href":"https:\/\/czechiacontract.com\/tr\/wp-json\/wp\/v2\/comments?post=32743"}],"version-history":[{"count":0,"href":"https:\/\/czechiacontract.com\/tr\/wp-json\/wp\/v2\/pages\/32743\/revisions"}],"wp:attachment":[{"href":"https:\/\/czechiacontract.com\/tr\/wp-json\/wp\/v2\/media?parent=32743"}],"curies":[{"name":"wp","href":"https:\/\/api.w.org\/{rel}","templated":true}]}}