{"id":32741,"date":"2019-08-07T16:18:54","date_gmt":"2019-08-07T14:18:54","guid":{"rendered":"https:\/\/czechiacontract.com\/cerpadla\/"},"modified":"2023-03-07T20:36:01","modified_gmt":"2023-03-07T19:36:01","slug":"cerpadla","status":"publish","type":"page","link":"https:\/\/czechiacontract.com\/tr\/produkty\/cerpadla\/","title":{"rendered":"Pompalar"},"content":{"rendered":"<div class=\"wpb-content-wrapper\"><p>[vc_row][vc_column][vc_column_text]<\/p>\n<h2 style=\"letter-spacing: 0em;\">Enjeksiyon, besleme, s\u0131ral\u0131 &#8230;<\/h2>\n<p>Trakt\u00f6r ve yol motorlar\u0131nda, demiryolu ve tekne motorlar\u0131nda, yol ve in\u015faat makinelerinde kullan\u0131lan motorlarda, jenerat\u00f6rlerde ve sabit motorlarda \u00e7e\u015fitli uygulamalar i\u00e7in enjeksiyon pompalar\u0131 sunuyoruz.<\/p>\n<p>Distrib\u00fct\u00f6r \u015f\u0131r\u0131nga pompalar\u0131 mazot, dizel-benzin ve di\u011fer d\u00fc\u015f\u00fck kaliteli yak\u0131tlara filtre edildikten sonra enjekte edilebilir. Flan\u015f veya flan\u015f tasar\u0131m\u0131na ba\u011fl\u0131 olarak, yak\u0131t giri\u015fi, pencere montaj\u0131 vb. i\u00e7in farkl\u0131 tipte \u015f\u0131r\u0131nga pompalar\u0131 kullan\u0131labilir. Yeni enjeksiyon pompalar\u0131, bunlara ba\u011fl\u0131 farkl\u0131 \u00e7ap ve \u015fekillerdeki pistonlar taraf\u0131ndan kullan\u0131labiliyor ve dizel motorlar\u0131n t\u00fcketilen yak\u0131t t\u00fcr\u00fcne g\u00f6re daha iyi kalk\u0131\u015f yapmas\u0131na olanak tan\u0131yor. Enjeksiyon pompas\u0131n\u0131n herhangi bir dizel motorla optimum uyumlulu\u011fu, pompa boyutunun uygun kombinasyonu, tasar\u0131m\u0131 ve uygun \u00e7ap\u0131n se\u00e7imi ile sa\u011flan\u0131r.[\/vc_column_text][\/vc_column][\/vc_row][vc_row][vc_column][vc_raw_html]JTVCbW9kdWxhJTIwaWQlM0QlMjIzMDM4NCUyMiU1RA==[\/vc_raw_html][\/vc_column][\/vc_row][vc_row content_placement=&#8221;middle&#8221;][vc_column width=&#8221;1\/6&#8243;][\/vc_column][vc_column width=&#8221;2\/3&#8243;][vc_raw_html]JTVCZWxmc2lnaHRfcGRmX2VtYmVkJTIwaWQlM0QlMjIzJTIyJTVE[\/vc_raw_html][\/vc_column][vc_column width=&#8221;1\/6&#8243;][\/vc_column][\/vc_row]<\/p>\n<\/div>","protected":false},"excerpt":{"rendered":"<p>[vc_row][vc_column][vc_column_text] Enjeksiyon, besleme, s\u0131ral\u0131 &#8230; Trakt\u00f6r ve yol motorlar\u0131nda, demiryolu&#8230;<\/p>\n","protected":false},"author":1,"featured_media":0,"parent":32757,"menu_order":3,"comment_status":"closed","ping_status":"closed","template":"","meta":{"passster_activate_protection":null,"passster_protect_child_pages":"","passster_protection_type":"password","passster_password":"","passster_activate_overwrite_defaults":"","passster_headline":"","passster_instruction":"","passster_placeholder":"","passster_button":"","passster_id":"","passster_activate_misc_settings":"","passster_redirect_url":"","passster_hide":"no","passster_area_shortcode":"","footnotes":""},"class_list":["post-32741","page","type-page","status-publish"],"_links":{"self":[{"href":"https:\/\/czechiacontract.com\/tr\/wp-json\/wp\/v2\/pages\/32741","targetHints":{"allow":["GET"]}}],"collection":[{"href":"https:\/\/czechiacontract.com\/tr\/wp-json\/wp\/v2\/pages"}],"about":[{"href":"https:\/\/czechiacontract.com\/tr\/wp-json\/wp\/v2\/types\/page"}],"author":[{"embeddable":true,"href":"https:\/\/czechiacontract.com\/tr\/wp-json\/wp\/v2\/users\/1"}],"replies":[{"embeddable":true,"href":"https:\/\/czechiacontract.com\/tr\/wp-json\/wp\/v2\/comments?post=32741"}],"version-history":[{"count":0,"href":"https:\/\/czechiacontract.com\/tr\/wp-json\/wp\/v2\/pages\/32741\/revisions"}],"up":[{"embeddable":true,"href":"https:\/\/czechiacontract.com\/tr\/wp-json\/wp\/v2\/pages\/32757"}],"wp:attachment":[{"href":"https:\/\/czechiacontract.com\/tr\/wp-json\/wp\/v2\/media?parent=32741"}],"curies":[{"name":"wp","href":"https:\/\/api.w.org\/{rel}","templated":true}]}}