{"id":32739,"date":"2019-08-07T16:18:41","date_gmt":"2019-08-07T14:18:41","guid":{"rendered":"https:\/\/czechiacontract.com\/vstrikovace\/"},"modified":"2023-03-07T21:39:40","modified_gmt":"2023-03-07T20:39:40","slug":"vstrikovace","status":"publish","type":"page","link":"https:\/\/czechiacontract.com\/tr\/produkty\/vstrikovace\/","title":{"rendered":"Enjeksiyon memeleri"},"content":{"rendered":"<div class=\"wpb-content-wrapper\"><p>[vc_row][vc_column][vc_column_text]<\/p>\n<h2 style=\"letter-spacing: 0em;\">Enjeksiyon memeleri ve da\u011f\u0131t\u0131m valfleri &#8230;<\/h2>\n<p>Bir \u00fcr\u00fcn se\u00e7erken, t\u00fcm enjeksiyon ekipman\u0131n\u0131n teknoloji, kalite, \u00fcretim teknolojisi ve di\u011fer bile\u015fenlerindeki do\u011frulu\u011fu vurgular\u0131z. Farkl\u0131 tasar\u0131mlarda ve birden fazla \u00fcreticiden geni\u015f bir nozul yelpazesi sunuyoruz. \u00d6rne\u011fin, direkt enjeksiyonlu motorlar i\u00e7in geni\u015f \u00e7apl\u0131 enjeksiyon, \u00f6n b\u00f6lmeli veya d\u00f6ner odac\u0131kl\u0131 motorlar i\u00e7in i\u011fneli enjeksiyon, dolayl\u0131 enjeksiyon veya so\u011futma sistemli b\u00fcy\u00fck dizel motorlar i\u00e7in enjeksiyon.<\/p>\n<p>Direkt ve endirekt yak\u0131t enjeksiyonlu motorlar i\u00e7in standart enjekt\u00f6r memesi yuvalar\u0131ndan ve ayr\u0131ca dizel motor tasar\u0131m\u0131na ba\u011fl\u0131 olarak \u00e7ok \u00e7e\u015fitli Lucas Diesel \u00fcr\u00fcnleri bulunmaktad\u0131r. Di\u011fer t\u00fcrleri sipari\u015f etmek de m\u00fcmk\u00fcnd\u00fcr.[\/vc_column_text][\/vc_column][\/vc_row][vc_row][vc_column][vc_raw_html]JTVCbW9kdWxhJTIwaWQlM0QlMjIzMDIxNCUyMiU1RA==[\/vc_raw_html][\/vc_column][\/vc_row][vc_row content_placement=&#8221;middle&#8221;][vc_column width=&#8221;1\/6&#8243;][\/vc_column][vc_column width=&#8221;2\/3&#8243;][vc_raw_html]JTVCZWxmc2lnaHRfcGRmX2VtYmVkJTIwaWQlM0QlMjIyJTIyJTVE[\/vc_raw_html][\/vc_column][vc_column width=&#8221;1\/6&#8243;][\/vc_column][\/vc_row]<\/p>\n<\/div>","protected":false},"excerpt":{"rendered":"<p>[vc_row][vc_column][vc_column_text] Enjeksiyon memeleri ve da\u011f\u0131t\u0131m valfleri &#8230; Bir \u00fcr\u00fcn se\u00e7erken,&#8230;<\/p>\n","protected":false},"author":1,"featured_media":0,"parent":32757,"menu_order":1,"comment_status":"closed","ping_status":"closed","template":"","meta":{"passster_activate_protection":null,"passster_protect_child_pages":"","passster_protection_type":"password","passster_password":"","passster_activate_overwrite_defaults":"","passster_headline":"","passster_instruction":"","passster_placeholder":"","passster_button":"","passster_id":"","passster_activate_misc_settings":"","passster_redirect_url":"","passster_hide":"no","passster_area_shortcode":"","footnotes":""},"class_list":["post-32739","page","type-page","status-publish"],"_links":{"self":[{"href":"https:\/\/czechiacontract.com\/tr\/wp-json\/wp\/v2\/pages\/32739","targetHints":{"allow":["GET"]}}],"collection":[{"href":"https:\/\/czechiacontract.com\/tr\/wp-json\/wp\/v2\/pages"}],"about":[{"href":"https:\/\/czechiacontract.com\/tr\/wp-json\/wp\/v2\/types\/page"}],"author":[{"embeddable":true,"href":"https:\/\/czechiacontract.com\/tr\/wp-json\/wp\/v2\/users\/1"}],"replies":[{"embeddable":true,"href":"https:\/\/czechiacontract.com\/tr\/wp-json\/wp\/v2\/comments?post=32739"}],"version-history":[{"count":0,"href":"https:\/\/czechiacontract.com\/tr\/wp-json\/wp\/v2\/pages\/32739\/revisions"}],"up":[{"embeddable":true,"href":"https:\/\/czechiacontract.com\/tr\/wp-json\/wp\/v2\/pages\/32757"}],"wp:attachment":[{"href":"https:\/\/czechiacontract.com\/tr\/wp-json\/wp\/v2\/media?parent=32739"}],"curies":[{"name":"wp","href":"https:\/\/api.w.org\/{rel}","templated":true}]}}