{"id":32737,"date":"2019-08-07T16:19:08","date_gmt":"2019-08-07T14:19:08","guid":{"rendered":"https:\/\/czechiacontract.com\/loziska\/"},"modified":"2023-03-07T20:28:42","modified_gmt":"2023-03-07T19:28:42","slug":"loziska","status":"publish","type":"page","link":"https:\/\/czechiacontract.com\/tr\/produkty\/loziska\/","title":{"rendered":"Rulmanlar bilye"},"content":{"rendered":"<div class=\"wpb-content-wrapper\"><p>[vc_row][vc_column][vc_column_text]<\/p>\n<h2>Rulmanlar bilye<\/h2>\n<p>Lineer, P\u00fcr\u00fczs\u00fcz,\u00a0Pn\u00f6matik,\u00a0Hidrolik,\u00a0D\u00f6ner,\u00a0Manyetik, Eksenel &#8230;<\/p>\n<p>\u00e7e\u015fitli end\u00fcstriyel segmentler i\u00e7in ge\u00e7erlidir (t\u00fcm motorlar, m\u00fchendislik departman\u0131, alternatif kullan\u0131mdaki distrib\u00fct\u00f6rler, aks ve kau\u00e7uk motorlar, vb. dahil). En y\u00fcksek kalitede \u00fcretim i\u00e7in m\u00fc\u015fterilerin beklentilerine g\u00f6re farkl\u0131 tipte rulmanlar sunuyoruz ve talep \u00fczerine size eksiksiz bir \u00fcr\u00fcn yelpazesi g\u00f6nderece\u011fiz.[\/vc_column_text][\/vc_column][\/vc_row][vc_row][vc_column][vc_raw_html]JTVCbW9kdWxhJTIwaWQlM0QlMjIzMDI2NCUyMiU1RA==[\/vc_raw_html][\/vc_column][\/vc_row][vc_row content_placement=&#8221;middle&#8221;][vc_column width=&#8221;1\/2&#8243;][vc_raw_html]JTVCZWxmc2lnaHRfcGRmX2VtYmVkJTIwaWQlM0QlMjI3JTIyJTVE[\/vc_raw_html][\/vc_column][vc_column width=&#8221;1\/2&#8243;][vc_raw_html]JTVCZWxmc2lnaHRfcGRmX2VtYmVkJTIwaWQlM0QlMjI4JTIyJTVE[\/vc_raw_html][\/vc_column][\/vc_row][vc_row][vc_column][vc_column_text]<\/p>\n<div class=\"styled-subtitle\">Kompletn\u00ed sortiment zbo\u017e\u00ed V\u00e1m za\u0161leme na vy\u017e\u00e1d\u00e1n\u00ed.<\/div>\n<p>[\/vc_column_text][vc_empty_space][\/vc_column][\/vc_row]<\/p>\n<\/div>","protected":false},"excerpt":{"rendered":"<p>[vc_row][vc_column][vc_column_text] Rulmanlar bilye Lineer, P\u00fcr\u00fczs\u00fcz,\u00a0Pn\u00f6matik,\u00a0Hidrolik,\u00a0D\u00f6ner,\u00a0Manyetik, Eksenel &#8230; \u00e7e\u015fitli end\u00fcstriyel segmentler&#8230;<\/p>\n","protected":false},"author":1,"featured_media":0,"parent":32757,"menu_order":5,"comment_status":"closed","ping_status":"closed","template":"","meta":{"passster_activate_protection":null,"passster_protect_child_pages":"","passster_protection_type":"password","passster_password":"","passster_activate_overwrite_defaults":"","passster_headline":"","passster_instruction":"","passster_placeholder":"","passster_button":"","passster_id":"","passster_activate_misc_settings":"","passster_redirect_url":"","passster_hide":"no","passster_area_shortcode":"","footnotes":""},"class_list":["post-32737","page","type-page","status-publish"],"_links":{"self":[{"href":"https:\/\/czechiacontract.com\/tr\/wp-json\/wp\/v2\/pages\/32737","targetHints":{"allow":["GET"]}}],"collection":[{"href":"https:\/\/czechiacontract.com\/tr\/wp-json\/wp\/v2\/pages"}],"about":[{"href":"https:\/\/czechiacontract.com\/tr\/wp-json\/wp\/v2\/types\/page"}],"author":[{"embeddable":true,"href":"https:\/\/czechiacontract.com\/tr\/wp-json\/wp\/v2\/users\/1"}],"replies":[{"embeddable":true,"href":"https:\/\/czechiacontract.com\/tr\/wp-json\/wp\/v2\/comments?post=32737"}],"version-history":[{"count":0,"href":"https:\/\/czechiacontract.com\/tr\/wp-json\/wp\/v2\/pages\/32737\/revisions"}],"up":[{"embeddable":true,"href":"https:\/\/czechiacontract.com\/tr\/wp-json\/wp\/v2\/pages\/32757"}],"wp:attachment":[{"href":"https:\/\/czechiacontract.com\/tr\/wp-json\/wp\/v2\/media?parent=32737"}],"curies":[{"name":"wp","href":"https:\/\/api.w.org\/{rel}","templated":true}]}}