{"id":32736,"date":"2022-06-16T21:20:08","date_gmt":"2022-06-16T19:20:08","guid":{"rendered":"https:\/\/czechiacontract.com\/avrupa-birligine-ithal-etmek\/plastove-drte-a-granulaty\/"},"modified":"2023-03-07T20:25:35","modified_gmt":"2023-03-07T19:25:35","slug":"plastove-drte-a-granulaty","status":"publish","type":"page","link":"https:\/\/czechiacontract.com\/tr\/avrupa-birligine-ithal-etmek\/plastove-drte-a-granulaty\/","title":{"rendered":"Plastik topaklar, k\u0131r\u0131nt\u0131lar ve gran\u00fcller"},"content":{"rendered":"<p>Size hepsi alakal\u0131 olan plastik peletler, plastik k\u0131r\u0131nt\u0131lar, gran\u00fcller veya yeniden gran\u00fclasyon sunabiliriz.  \u00c7ok \u00e7e\u015fitli malzemeleri ithal ediyoruz.  Bunlardan herhangi biriyle ilgileniyorsan\u0131z veya genel bir talebiniz varsa, l\u00fctfen formu, e-postay\u0131 veya buray\u0131 kullanarak bizimle ileti\u015fime ge\u00e7in.<\/p>\n\n            <div \n                class=\"elfsight-widget-pdf-embed elfsight-widget\" \n                data-elfsight-pdf-embed-options=\"%7B%22files%22%3A%5B%7B%22link%22%3A%22https%3A%5C%2F%5C%2Fczechiacontract.com%5C%2Fwp-content%5C%2Fuploads%5C%2F2022%5C%2F06%5C%2Fgranulates_EN-1.pdf%22%2C%22name%22%3A%22PDF%22%2C%22previewImage%22%3Anull%7D%5D%2C%22widgetTitle%22%3A%22%22%2C%22layout%22%3A%22viewer%22%2C%22showIcon%22%3Atrue%2C%22icon%22%3A%22icon-1%22%2C%22previewImageSize%22%3A30%2C%22showDownloadLink%22%3Afalse%2C%22downloadLinkText%22%3A%22Download%22%2C%22width%22%3A800%2C%22heightFactor%22%3A1.41%2C%22iconColor%22%3A%22rgb%28222%2C%2043%2C%2051%29%22%2C%22nameColor%22%3A%22rgb%2817%2C%2017%2C%2017%29%22%2C%22downloadColor%22%3A%22rgb%2828%2C%20145%2C%20255%29%22%2C%22backgroundColor%22%3Anull%2C%22fileBackgroundColor%22%3Anull%2C%22widgetTitleColor%22%3A%22rgb%2817%2C%2017%2C%2017%29%22%2C%22nameFontSize%22%3A15%2C%22downloadFontSize%22%3A13%2C%22widgetTitleFontSize%22%3A20%2C%22widgetId%22%3A%2213%22%7D\" \n                data-elfsight-pdf-embed-version=\"1.0.1\"\n                data-elfsight-widget-id=\"elfsight-pdf-embed-13\">\n            <\/div>\n            \n","protected":false},"excerpt":{"rendered":"","protected":false},"author":1,"featured_media":0,"parent":32735,"menu_order":0,"comment_status":"closed","ping_status":"closed","template":"","meta":{"passster_activate_protection":null,"passster_protect_child_pages":"","passster_protection_type":"password","passster_password":"","passster_activate_overwrite_defaults":"","passster_headline":"","passster_instruction":"","passster_placeholder":"","passster_button":"","passster_id":"","passster_activate_misc_settings":"","passster_redirect_url":"","passster_hide":"no","passster_area_shortcode":"","footnotes":""},"class_list":["post-32736","page","type-page","status-publish"],"_links":{"self":[{"href":"https:\/\/czechiacontract.com\/tr\/wp-json\/wp\/v2\/pages\/32736","targetHints":{"allow":["GET"]}}],"collection":[{"href":"https:\/\/czechiacontract.com\/tr\/wp-json\/wp\/v2\/pages"}],"about":[{"href":"https:\/\/czechiacontract.com\/tr\/wp-json\/wp\/v2\/types\/page"}],"author":[{"embeddable":true,"href":"https:\/\/czechiacontract.com\/tr\/wp-json\/wp\/v2\/users\/1"}],"replies":[{"embeddable":true,"href":"https:\/\/czechiacontract.com\/tr\/wp-json\/wp\/v2\/comments?post=32736"}],"version-history":[{"count":0,"href":"https:\/\/czechiacontract.com\/tr\/wp-json\/wp\/v2\/pages\/32736\/revisions"}],"up":[{"embeddable":true,"href":"https:\/\/czechiacontract.com\/tr\/wp-json\/wp\/v2\/pages\/32735"}],"wp:attachment":[{"href":"https:\/\/czechiacontract.com\/tr\/wp-json\/wp\/v2\/media?parent=32736"}],"curies":[{"name":"wp","href":"https:\/\/api.w.org\/{rel}","templated":true}]}}