{"id":32735,"date":"2023-03-07T18:28:25","date_gmt":"2023-03-07T17:28:25","guid":{"rendered":"https:\/\/czechiacontract.com\/?page_id=32735"},"modified":"2023-03-07T18:28:27","modified_gmt":"2023-03-07T17:28:27","slug":"avrupa-birligine-ithal-etmek","status":"publish","type":"page","link":"https:\/\/czechiacontract.com\/tr\/avrupa-birligine-ithal-etmek\/","title":{"rendered":"Avrupa Birli\u011fi&#8217;ne ithal etmek"},"content":{"rendered":"\n<p>\u00c7ek Cumhuriyeti ve Avrupa&#8217;daki toptanc\u0131lara toptan sat\u0131\u015f esas\u0131na g\u00f6re minimum miktar belirtmeden \u00e7e\u015fitli malzeme ve \u00e7e\u015fitlerin tedariki, lojisti\u011fi ve sat\u0131\u015f\u0131 ile u\u011fra\u015fan modern bir ticaret \u015firketiyiz. \u015eirketimizin temel felsefesi, i\u015f ortaklar\u0131m\u0131z ve yabanc\u0131 tedarik\u00e7ilerimizle bilgi, yarat\u0131c\u0131l\u0131k ve s\u00fcrekli ileti\u015fimin optimal birle\u015fimidir.<\/p>\n\n\n\n<p>Organize ve ak\u0131ll\u0131 bir lojistik sistemi sayesinde en zorlu gereksinimlerin bile kar\u015f\u0131lanaca\u011f\u0131n\u0131 garanti edebiliriz. Talebiniz i\u00e7in bizimle ileti\u015fime ge\u00e7mekten \u00e7ekinmeyin.<\/p>\n\n\n\n<div style=\"height:40px\" aria-hidden=\"true\" class=\"wp-block-spacer\"><\/div>\n\n\n\n<div class=\"wp-block-columns is-layout-flex wp-container-core-columns-is-layout-1 wp-block-columns-is-layout-flex\">\n<div class=\"wp-block-column is-layout-flow wp-block-column-is-layout-flow\">\n<p class=\"has-text-align-center has-medium-font-size\"><a href=\"https:\/\/czechiacontract.com\/tr\/dovoz-do-eu\/hutni-material\/\" data-type=\"URL\" data-id=\"https:\/\/czechiacontract.com\/tr\/dovoz-do-eu\/hutni-material\/\">Metalik malzemeler <\/a><\/p>\n\n\n\n<figure class=\"wp-block-image size-full\"><a href=\"https:\/\/czechiacontract.com\/tr\/dovoz-do-eu\/hutni-material\/\"><img width=\"548\" height=\"324\" src=\"https:\/\/czechiacontract.com\/wp-content\/uploads\/2022\/06\/hutni-material.jpg\" alt=\"\" class=\"wp-image-32002\" srcset=\"https:\/\/czechiacontract.com\/wp-content\/uploads\/2022\/06\/hutni-material.jpg 548w, https:\/\/czechiacontract.com\/wp-content\/uploads\/2022\/06\/hutni-material-300x177.jpg 300w\" sizes=\"(max-width: 548px) 100vw, 548px\" \/><\/a><\/figure>\n<\/div>\n\n\n\n<div class=\"wp-block-column is-layout-flow wp-block-column-is-layout-flow\">\n<p class=\"has-text-align-center has-medium-font-size\"><a href=\"https:\/\/czechiacontract.com\/tr\/dovoz-do-eu\/plastove-drte-a-granulaty\/\" data-type=\"URL\" data-id=\"https:\/\/czechiacontract.com\/tr\/dovoz-do-eu\/plastove-drte-a-granulaty\/\">Plastik topaklar, PVC gran\u00fcller<\/a><\/p>\n\n\n\n<figure class=\"wp-block-image size-full\"><a href=\"https:\/\/czechiacontract.com\/tr\/dovoz-do-eu\/plastove-drte-a-granulaty\/\"><img width=\"548\" height=\"324\" src=\"https:\/\/czechiacontract.com\/wp-content\/uploads\/2022\/06\/polymer.jpg\" alt=\"\" class=\"wp-image-31995\" srcset=\"https:\/\/czechiacontract.com\/wp-content\/uploads\/2022\/06\/polymer.jpg 548w, https:\/\/czechiacontract.com\/wp-content\/uploads\/2022\/06\/polymer-300x177.jpg 300w\" sizes=\"(max-width: 548px) 100vw, 548px\" \/><\/a><\/figure>\n<\/div>\n<\/div>\n","protected":false},"excerpt":{"rendered":"<p>\u00c7ek Cumhuriyeti ve Avrupa&#8217;daki toptanc\u0131lara toptan sat\u0131\u015f esas\u0131na g\u00f6re minimum&#8230;<\/p>\n","protected":false},"author":1,"featured_media":0,"parent":0,"menu_order":10,"comment_status":"closed","ping_status":"closed","template":"","meta":{"passster_activate_protection":null,"passster_protect_child_pages":"","passster_protection_type":"password","passster_password":"","passster_activate_overwrite_defaults":"","passster_headline":"","passster_instruction":"","passster_placeholder":"","passster_button":"","passster_id":"","passster_activate_misc_settings":"","passster_redirect_url":"","passster_hide":"no","passster_area_shortcode":"","footnotes":""},"class_list":["post-32735","page","type-page","status-publish"],"_links":{"self":[{"href":"https:\/\/czechiacontract.com\/tr\/wp-json\/wp\/v2\/pages\/32735","targetHints":{"allow":["GET"]}}],"collection":[{"href":"https:\/\/czechiacontract.com\/tr\/wp-json\/wp\/v2\/pages"}],"about":[{"href":"https:\/\/czechiacontract.com\/tr\/wp-json\/wp\/v2\/types\/page"}],"author":[{"embeddable":true,"href":"https:\/\/czechiacontract.com\/tr\/wp-json\/wp\/v2\/users\/1"}],"replies":[{"embeddable":true,"href":"https:\/\/czechiacontract.com\/tr\/wp-json\/wp\/v2\/comments?post=32735"}],"version-history":[{"count":0,"href":"https:\/\/czechiacontract.com\/tr\/wp-json\/wp\/v2\/pages\/32735\/revisions"}],"wp:attachment":[{"href":"https:\/\/czechiacontract.com\/tr\/wp-json\/wp\/v2\/media?parent=32735"}],"curies":[{"name":"wp","href":"https:\/\/api.w.org\/{rel}","templated":true}]}}