{"id":32041,"date":"2022-06-17T12:05:23","date_gmt":"2022-06-17T10:05:23","guid":{"rendered":"https:\/\/czechiacontract.com\/dovoz-do-eu\/hutni-material\/"},"modified":"2022-06-17T12:05:23","modified_gmt":"2022-06-17T10:05:23","slug":"hutni-material","status":"publish","type":"page","link":"https:\/\/czechiacontract.com\/sk\/dovoz-do-eu\/hutni-material\/","title":{"rendered":"Hutn\u00ed materi\u00e1l"},"content":{"rendered":"\r\n<p>Produkty vyroben\u00e9 z t\u011bchto materi\u00e1lu nach\u00e1zej\u00ed uplatn\u011bn\u00ed v mnoha pr\u016fmyslov\u00fdch odv\u011btv\u00edch, a proto jsme v posledn\u00edch letech n\u00e1mi dod\u00e1van\u00fd sortiment hutn\u00edch v\u00fdrobk\u016f roz\u0161\u00ed\u0159ili o r\u016fzn\u00e9 typy produkt\u016f, jako jsou nap\u0159\u00edklad:<\/p>\r\n\r\n\r\n\r\n<ul class=\"wp-block-list\"><li>Ocel \u2013 galvanizovan\u00e1, v\u00e1lcovan\u00e1 za tepla, v\u00e1lcovan\u00e1 za studena, p\u00e1sov\u00e1 ocel (svitky)<\/li><li>Ocelov\u00e9 plechy v\u00e1lcovan\u00e9 za tepla, ocelov\u00e9 plechy v\u00e1lcovan\u00e9 za studena<\/li><li>Profily ocelov\u00e9 uzav\u0159en\u00e9 (jekly), profily ocelov\u00e9 otev\u0159en\u00e9, profily tvarov\u00e9 \u2013 \u010dtvercov\u00e9, obd\u00e9ln\u00edkov\u00e9, speci\u00e1ln\u00ed<\/li><li>Ty\u010de \u2013 kruhov\u00e9, \u010dtvercov\u00e9, ploch\u00e9, pr\u016f\u0159ezu T, pr\u016f\u0159ezu L, ta\u017een\u00e9, kolejnice, p\u0159edvalky<\/li><li>Kulatiny \u2013 v\u00e1lcovan\u00e9, ta\u017een\u00e9, mosazn\u00e9<\/li><li>Ta\u017een\u00fd dr\u00e1t \u2013 pokoven\u00fd, \u010dern\u00fd, \u0161ic\u00ed<\/li><\/ul>\r\n\r\n\r\n\r\n<div style=\"height:40px\" aria-hidden=\"true\" class=\"wp-block-spacer\"><\/div>\r\n\r\n\r\n\n            <div \n                class=\"elfsight-widget-pdf-embed elfsight-widget\" \n                data-elfsight-pdf-embed-options=\"%7B%22files%22%3A%5B%7B%22link%22%3A%22https%3A%5C%2F%5C%2Fczechiacontract.com%5C%2Fwp-content%5C%2Fuploads%5C%2F2022%5C%2F06%5C%2Fnabidka_kovy.pdf%22%2C%22name%22%3A%22PDF%22%2C%22previewImage%22%3Anull%7D%5D%2C%22widgetTitle%22%3A%22%22%2C%22layout%22%3A%22viewer%22%2C%22showIcon%22%3Atrue%2C%22icon%22%3A%22icon-1%22%2C%22previewImageSize%22%3A30%2C%22showDownloadLink%22%3Afalse%2C%22downloadLinkText%22%3A%22Download%22%2C%22width%22%3A800%2C%22heightFactor%22%3A1.41%2C%22iconColor%22%3A%22rgb%28222%2C%2043%2C%2051%29%22%2C%22nameColor%22%3A%22rgb%2817%2C%2017%2C%2017%29%22%2C%22downloadColor%22%3A%22rgb%2828%2C%20145%2C%20255%29%22%2C%22backgroundColor%22%3Anull%2C%22fileBackgroundColor%22%3Anull%2C%22widgetTitleColor%22%3A%22rgb%2817%2C%2017%2C%2017%29%22%2C%22nameFontSize%22%3A15%2C%22downloadFontSize%22%3A13%2C%22widgetTitleFontSize%22%3A20%2C%22widgetId%22%3A%2215%22%7D\" \n                data-elfsight-pdf-embed-version=\"1.0.1\"\n                data-elfsight-widget-id=\"elfsight-pdf-embed-15\">\n            <\/div>\n            \n","protected":false},"excerpt":{"rendered":"<p>Produkty vyroben\u00e9 z t\u011bchto materi\u00e1lu nach\u00e1zej\u00ed uplatn\u011bn\u00ed v mnoha pr\u016fmyslov\u00fdch&#8230;<\/p>\n","protected":false},"author":1,"featured_media":0,"parent":31969,"menu_order":0,"comment_status":"closed","ping_status":"closed","template":"","meta":{"passster_activate_protection":false,"passster_protect_child_pages":"","passster_protection_type":"password","passster_password":"","passster_activate_overwrite_defaults":"","passster_headline":"","passster_instruction":"","passster_placeholder":"","passster_button":"","passster_id":"","passster_activate_misc_settings":"","passster_redirect_url":"","passster_hide":"no","passster_area_shortcode":"","footnotes":""},"class_list":["post-32041","page","type-page","status-publish"],"_links":{"self":[{"href":"https:\/\/czechiacontract.com\/sk\/wp-json\/wp\/v2\/pages\/32041","targetHints":{"allow":["GET"]}}],"collection":[{"href":"https:\/\/czechiacontract.com\/sk\/wp-json\/wp\/v2\/pages"}],"about":[{"href":"https:\/\/czechiacontract.com\/sk\/wp-json\/wp\/v2\/types\/page"}],"author":[{"embeddable":true,"href":"https:\/\/czechiacontract.com\/sk\/wp-json\/wp\/v2\/users\/1"}],"replies":[{"embeddable":true,"href":"https:\/\/czechiacontract.com\/sk\/wp-json\/wp\/v2\/comments?post=32041"}],"version-history":[{"count":0,"href":"https:\/\/czechiacontract.com\/sk\/wp-json\/wp\/v2\/pages\/32041\/revisions"}],"up":[{"embeddable":true,"href":"https:\/\/czechiacontract.com\/sk\/wp-json\/wp\/v2\/pages\/31969"}],"wp:attachment":[{"href":"https:\/\/czechiacontract.com\/sk\/wp-json\/wp\/v2\/media?parent=32041"}],"curies":[{"name":"wp","href":"https:\/\/api.w.org\/{rel}","templated":true}]}}