{"id":32025,"date":"2022-06-17T11:24:40","date_gmt":"2022-06-17T09:24:40","guid":{"rendered":"https:\/\/czechiacontract.com\/dovoz-do-eu\/plastove-pelety-drte-a-granulaty\/"},"modified":"2022-06-17T11:28:53","modified_gmt":"2022-06-17T09:28:53","slug":"plastove-pelety-drte-a-granulaty","status":"publish","type":"page","link":"https:\/\/czechiacontract.com\/sk\/dovoz-do-eu\/plastove-pelety-drte-a-granulaty\/","title":{"rendered":"Plastov\u00e9 pelety, drviny a granul\u00e1ty"},"content":{"rendered":"<p>M\u00f4\u017eeme V\u00e1m pon\u00faknu\u0165 plastov\u00e9 pelety, plastov\u00fa drvinu, granul\u00e1t, alebo regranul\u00e1t, v\u0161etko z tejto kateg\u00f3rie pod\u013ea va\u0161ich po\u017eiadaviek. Dov\u00e1\u017eame \u0161irok\u00fa \u0161k\u00e1lu druhov materi\u00e1lov. V pr\u00edpade z\u00e1ujmu o niektor\u00fd z nich, alebo so v\u0161eobecn\u00fdm dopytom n\u00e1s pros\u00edm kontaktujte pomocou formul\u00e1ra, e-mailom alebo telefonicky.<\/p>\n\n            <div \n                class=\"elfsight-widget-pdf-embed elfsight-widget\" \n                data-elfsight-pdf-embed-options=\"%7B%22files%22%3A%5B%7B%22link%22%3A%22https%3A%5C%2F%5C%2Fczechiacontract.com%5C%2Fwp-content%5C%2Fuploads%5C%2F2022%5C%2F06%5C%2Fgranulates_EN-1.pdf%22%2C%22name%22%3A%22PDF%22%2C%22previewImage%22%3Anull%7D%5D%2C%22widgetTitle%22%3A%22%22%2C%22layout%22%3A%22viewer%22%2C%22showIcon%22%3Atrue%2C%22icon%22%3A%22icon-1%22%2C%22previewImageSize%22%3A30%2C%22showDownloadLink%22%3Afalse%2C%22downloadLinkText%22%3A%22Download%22%2C%22width%22%3A800%2C%22heightFactor%22%3A1.41%2C%22iconColor%22%3A%22rgb%28222%2C%2043%2C%2051%29%22%2C%22nameColor%22%3A%22rgb%2817%2C%2017%2C%2017%29%22%2C%22downloadColor%22%3A%22rgb%2828%2C%20145%2C%20255%29%22%2C%22backgroundColor%22%3Anull%2C%22fileBackgroundColor%22%3Anull%2C%22widgetTitleColor%22%3A%22rgb%2817%2C%2017%2C%2017%29%22%2C%22nameFontSize%22%3A15%2C%22downloadFontSize%22%3A13%2C%22widgetTitleFontSize%22%3A20%2C%22widgetId%22%3A%2213%22%7D\" \n                data-elfsight-pdf-embed-version=\"1.0.1\"\n                data-elfsight-widget-id=\"elfsight-pdf-embed-13\">\n            <\/div>\n            \n","protected":false},"excerpt":{"rendered":"","protected":false},"author":1,"featured_media":0,"parent":31969,"menu_order":0,"comment_status":"closed","ping_status":"closed","template":"","meta":{"passster_activate_protection":null,"passster_protect_child_pages":"","passster_protection_type":"password","passster_password":"","passster_activate_overwrite_defaults":"","passster_headline":"","passster_instruction":"","passster_placeholder":"","passster_button":"","passster_id":"","passster_activate_misc_settings":"","passster_redirect_url":"","passster_hide":"no","passster_area_shortcode":"","footnotes":""},"class_list":["post-32025","page","type-page","status-publish"],"_links":{"self":[{"href":"https:\/\/czechiacontract.com\/sk\/wp-json\/wp\/v2\/pages\/32025","targetHints":{"allow":["GET"]}}],"collection":[{"href":"https:\/\/czechiacontract.com\/sk\/wp-json\/wp\/v2\/pages"}],"about":[{"href":"https:\/\/czechiacontract.com\/sk\/wp-json\/wp\/v2\/types\/page"}],"author":[{"embeddable":true,"href":"https:\/\/czechiacontract.com\/sk\/wp-json\/wp\/v2\/users\/1"}],"replies":[{"embeddable":true,"href":"https:\/\/czechiacontract.com\/sk\/wp-json\/wp\/v2\/comments?post=32025"}],"version-history":[{"count":0,"href":"https:\/\/czechiacontract.com\/sk\/wp-json\/wp\/v2\/pages\/32025\/revisions"}],"up":[{"embeddable":true,"href":"https:\/\/czechiacontract.com\/sk\/wp-json\/wp\/v2\/pages\/31969"}],"wp:attachment":[{"href":"https:\/\/czechiacontract.com\/sk\/wp-json\/wp\/v2\/media?parent=32025"}],"curies":[{"name":"wp","href":"https:\/\/api.w.org\/{rel}","templated":true}]}}