{"id":31969,"date":"2022-06-16T00:57:16","date_gmt":"2022-06-15T22:57:16","guid":{"rendered":"https:\/\/czechiacontract.com\/dovoz-do-eu\/"},"modified":"2022-06-17T12:18:21","modified_gmt":"2022-06-17T10:18:21","slug":"dovoz-do-eu","status":"publish","type":"page","link":"https:\/\/czechiacontract.com\/sk\/dovoz-do-eu\/","title":{"rendered":"Dovoz do EU"},"content":{"rendered":"\n<p>Sme modern\u00e1 obchodn\u00e1 spolo\u010dnos\u0165 zaoberaj\u00faca sa n\u00e1kupom, logistikou a predajom materi\u00e1lu a sortimentu bez obmedzenia minim\u00e1lneho mno\u017estva do akejko\u013evek destin\u00e1cie pre ve\u013ekoodberate\u013eov v \u010ceskej republike a Eur\u00f3pe na b\u00e1ze ve\u013ekoobchodu. Z\u00e1kladnou filozofiou na\u0161ej firmy je optim\u00e1lna kombin\u00e1cia know-how, kreativity a neust\u00e1lej komunik\u00e1cie s na\u0161imi obchodn\u00fdmi partnermi a zahrani\u010dn\u00fdmi dod\u00e1vate\u013emi.<\/p>\n\n\n\n<p>V\u010faka \u0161trukt\u00farovan\u00e9mu a inteligentn\u00e9mu logistick\u00e9mu syst\u00e9mu V\u00e1m m\u00f4\u017eeme zaisti\u0165 splnenie aj t\u00fdch najn\u00e1ro\u010dnej\u0161\u00edch po\u017eiadaviek. Nev\u00e1hajte sa na n\u00e1s obr\u00e1ti\u0165 so svoj\u00edm dopytom.<\/p>\n\n\n\n<div style=\"height:40px\" aria-hidden=\"true\" class=\"wp-block-spacer\"><\/div>\n\n\n\n<div class=\"wp-block-columns is-layout-flex wp-container-core-columns-is-layout-1 wp-block-columns-is-layout-flex\">\n<div class=\"wp-block-column is-layout-flow wp-block-column-is-layout-flow\">\n<p class=\"has-text-align-center has-medium-font-size\"><a href=\"https:\/\/czechiacontract.com\/sk\/dovoz-do-eu\/hutni-material\/\">Hutn\u00edcky materi\u00e1l<\/a><\/p>\n\n\n\n<figure class=\"wp-block-image size-full\"><a href=\"https:\/\/czechiacontract.com\/sk\/dovoz-do-eu\/hutni-material\/\"><img width=\"548\" height=\"324\" src=\"https:\/\/czechiacontract.com\/wp-content\/uploads\/2022\/06\/hutni-material.jpg\" alt=\"\" class=\"wp-image-32002\" srcset=\"https:\/\/czechiacontract.com\/wp-content\/uploads\/2022\/06\/hutni-material.jpg 548w, https:\/\/czechiacontract.com\/wp-content\/uploads\/2022\/06\/hutni-material-300x177.jpg 300w\" sizes=\"(max-width: 548px) 100vw, 548px\" \/><\/a><\/figure>\n<\/div>\n\n\n\n<div class=\"wp-block-column is-layout-flow wp-block-column-is-layout-flow\">\n<p class=\"has-text-align-center has-medium-font-size\"><a href=\"https:\/\/czechiacontract.com\/sk\/dovoz-do-eu\/plastove-drte-a-granulaty\/\">Plastov\u00e9 pelety, drviny a granul\u00e1ty<\/a><\/p>\n\n\n\n<figure class=\"wp-block-image size-full\"><a href=\"https:\/\/czechiacontract.com\/sk\/dovoz-do-eu\/plastove-drte-a-granulaty\/\"><img width=\"548\" height=\"324\" src=\"https:\/\/czechiacontract.com\/wp-content\/uploads\/2022\/06\/polymer.jpg\" alt=\"\" class=\"wp-image-31995\" srcset=\"https:\/\/czechiacontract.com\/wp-content\/uploads\/2022\/06\/polymer.jpg 548w, https:\/\/czechiacontract.com\/wp-content\/uploads\/2022\/06\/polymer-300x177.jpg 300w\" sizes=\"(max-width: 548px) 100vw, 548px\" \/><\/a><\/figure>\n<\/div>\n<\/div>\n","protected":false},"excerpt":{"rendered":"<p>Sme modern\u00e1 obchodn\u00e1 spolo\u010dnos\u0165 zaoberaj\u00faca sa n\u00e1kupom, logistikou a predajom&#8230;<\/p>\n","protected":false},"author":1,"featured_media":0,"parent":0,"menu_order":10,"comment_status":"closed","ping_status":"closed","template":"","meta":{"passster_activate_protection":null,"passster_protect_child_pages":"","passster_protection_type":"password","passster_password":"","passster_activate_overwrite_defaults":"","passster_headline":"","passster_instruction":"","passster_placeholder":"","passster_button":"","passster_id":"","passster_activate_misc_settings":"","passster_redirect_url":"","passster_hide":"no","passster_area_shortcode":"","footnotes":""},"class_list":["post-31969","page","type-page","status-publish"],"_links":{"self":[{"href":"https:\/\/czechiacontract.com\/sk\/wp-json\/wp\/v2\/pages\/31969","targetHints":{"allow":["GET"]}}],"collection":[{"href":"https:\/\/czechiacontract.com\/sk\/wp-json\/wp\/v2\/pages"}],"about":[{"href":"https:\/\/czechiacontract.com\/sk\/wp-json\/wp\/v2\/types\/page"}],"author":[{"embeddable":true,"href":"https:\/\/czechiacontract.com\/sk\/wp-json\/wp\/v2\/users\/1"}],"replies":[{"embeddable":true,"href":"https:\/\/czechiacontract.com\/sk\/wp-json\/wp\/v2\/comments?post=31969"}],"version-history":[{"count":0,"href":"https:\/\/czechiacontract.com\/sk\/wp-json\/wp\/v2\/pages\/31969\/revisions"}],"wp:attachment":[{"href":"https:\/\/czechiacontract.com\/sk\/wp-json\/wp\/v2\/media?parent=31969"}],"curies":[{"name":"wp","href":"https:\/\/api.w.org\/{rel}","templated":true}]}}