{"id":31046,"date":"2019-10-05T13:58:02","date_gmt":"2019-10-05T11:58:02","guid":{"rendered":"https:\/\/czechiacontract.com\/podporujeme-sport\/"},"modified":"2019-10-08T09:06:44","modified_gmt":"2019-10-08T07:06:44","slug":"podporujeme-sport","status":"publish","type":"page","link":"https:\/\/czechiacontract.com\/sk\/podporujeme-sport\/","title":{"rendered":"PODPORUJEME \u0160PORT"},"content":{"rendered":"<div class=\"wpb-content-wrapper\"><p>[vc_row][vc_column][vc_empty_space height=&#8220;50px&#8220;][vc_column_text]<\/p>\n<h1><span class=\"light\">PODPORUJEME <\/span>\u0160PORT<\/h1>\n<p>[\/vc_column_text][\/vc_column][\/vc_row][vc_row][vc_column][vc_column_text]<\/p>\n<p class=\"styled-biggertext\">N\u00e1\u0161 z\u00e1v\u00e4zok jednania v s\u00falade s princ\u00edpmi udr\u017eate\u013en\u00e9ho rozvoja a postupov \u0161etrn\u00fdch k \u017eivotn\u00e9mu prostrediu n\u00e1s zaviedol a\u017e k podpore \u0161portov\u00fdch aktiv\u00edt. Ku \u0161portu m\u00e1me bl\u00edzko a chceli by sme prispieva\u0165 k jeho rozvoju. Podporu \u0161portu berieme ako invest\u00edciu do anga\u017eovan\u00fdch, zdrav\u00fdch a spolupracuj\u00facich \u013eud\u00ed a to je presne to, \u010do chceme pre bud\u00facnos\u0165 na\u0161ej firmy. \u00da\u010dastn\u00edme sa akci\u00ed pre deti a ml\u00e1de\u017e, podporujeme amat\u00e9rov aj profesion\u00e1lnych \u0161portovcov, kluby alebo r\u00f4zne akcie a z\u00e1pasy.<\/p>\n<p>[\/vc_column_text][vc_empty_space][\/vc_column][\/vc_row][vc_row content_placement=&#8220;middle&#8220;][vc_column][vc_column_text]<\/p>\n<h2 style=\"text-align: center;\">Fotogal\u00e9ria<\/h2>\n<p>[\/vc_column_text][\/vc_column][\/vc_row][vc_row content_placement=&#8220;middle&#8220;][vc_column][vc_column_text]<\/p>\n<h3 style=\"text-align: left;\">VAGABUND GYM<\/h3>\n<p>[\/vc_column_text][vc_raw_html]JTVCbW9kdWxhJTIwaWQlM0QlMjIzMDk5NSUyMiU1RA==[\/vc_raw_html][vc_empty_space height=&#8220;50px&#8220;][\/vc_column][\/vc_row][vc_row content_placement=&#8220;middle&#8220;][vc_column][vc_column_text]<\/p>\n<h3 style=\"text-align: left;\">Muradov Team UFC MMA<\/h3>\n<p>[\/vc_column_text][\/vc_column][\/vc_row][vc_row content_placement=&#8220;middle&#8220;][vc_column width=&#8220;2\/5&#8243;][vc_raw_html]JTVCbW9kdWxhJTIwaWQlM0QlMjIzMDk5MiUyMiU1RA==[\/vc_raw_html][\/vc_column][vc_column width=&#8220;3\/5&#8243;][vc_empty_space height=&#8220;10px&#8220;]<div class=\"gem-youtube gem-wrapbox gem-wrapbox-style-no-style rounded-corners gem-wrapbox-position-below\" style=\"width: 100%;\"><div class=\"gem-wrapbox-inner gem-ratio-style\" style=\"padding-top: 56.25%\"><iframe class=\"gem-wrapbox-element img-responsive\" width=\"100%\" height=\"300\" allowfullscreen=\"allowfullscreen\" frameborder=\"0\" scrolling=\"no\" marginheight=\"0\" marginwidth=\"0\" src=\"\/\/www.youtube.com\/embed\/R9fmrspbVhw?rel=0&amp;wmode=opaque\"><\/iframe><\/div><\/div>[\/vc_column][\/vc_row][vc_row content_placement=&#8220;middle&#8220;][vc_column][vc_empty_space height=&#8220;50px&#8220;][\/vc_column][\/vc_row][vc_row content_placement=&#8220;middle&#8220;][vc_column][vc_column_text]<\/p>\n<h3 style=\"text-align: left;\">MMA Club Brno<\/h3>\n<p>[\/vc_column_text][vc_raw_html]JTVCbW9kdWxhJTIwaWQlM0QlMjIzMDk4NCUyMiU1RA==[\/vc_raw_html][vc_empty_space height=&#8220;50px&#8220;][\/vc_column][\/vc_row][vc_row content_placement=&#8220;middle&#8220;][vc_column][vc_column_text]<\/p>\n<h3 style=\"text-align: left;\">\u010eal\u0161ie akcie<\/h3>\n<p>[\/vc_column_text][vc_raw_html]JTVCbW9kdWxhJTIwaWQlM0QlMjIzMDg3MCUyMiU1RA==[\/vc_raw_html][vc_empty_space height=&#8220;50px&#8220;][\/vc_column][\/vc_row]<\/p>\n<\/div>","protected":false},"excerpt":{"rendered":"<p>[vc_row][vc_column][vc_empty_space height=&#8220;50px&#8220;][vc_column_text] PODPORUJEME \u0160PORT [\/vc_column_text][\/vc_column][\/vc_row][vc_row][vc_column][vc_column_text] N\u00e1\u0161 z\u00e1v\u00e4zok jednania v s\u00falade&#8230;<\/p>\n","protected":false},"author":1,"featured_media":0,"parent":0,"menu_order":30,"comment_status":"closed","ping_status":"closed","template":"","meta":{"passster_activate_protection":false,"passster_protect_child_pages":"","passster_protection_type":"password","passster_password":"","passster_activate_overwrite_defaults":"","passster_headline":"","passster_instruction":"","passster_placeholder":"","passster_button":"","passster_id":"","passster_activate_misc_settings":"","passster_redirect_url":"","passster_hide":"no","passster_area_shortcode":"","footnotes":""},"class_list":["post-31046","page","type-page","status-publish"],"_links":{"self":[{"href":"https:\/\/czechiacontract.com\/sk\/wp-json\/wp\/v2\/pages\/31046","targetHints":{"allow":["GET"]}}],"collection":[{"href":"https:\/\/czechiacontract.com\/sk\/wp-json\/wp\/v2\/pages"}],"about":[{"href":"https:\/\/czechiacontract.com\/sk\/wp-json\/wp\/v2\/types\/page"}],"author":[{"embeddable":true,"href":"https:\/\/czechiacontract.com\/sk\/wp-json\/wp\/v2\/users\/1"}],"replies":[{"embeddable":true,"href":"https:\/\/czechiacontract.com\/sk\/wp-json\/wp\/v2\/comments?post=31046"}],"version-history":[{"count":0,"href":"https:\/\/czechiacontract.com\/sk\/wp-json\/wp\/v2\/pages\/31046\/revisions"}],"wp:attachment":[{"href":"https:\/\/czechiacontract.com\/sk\/wp-json\/wp\/v2\/media?parent=31046"}],"curies":[{"name":"wp","href":"https:\/\/api.w.org\/{rel}","templated":true}]}}