{"id":31040,"date":"2019-10-05T11:20:08","date_gmt":"2019-10-05T09:20:08","guid":{"rendered":"https:\/\/czechiacontract.com\/produkty\/drzak-loziska\/"},"modified":"2019-10-07T22:26:14","modified_gmt":"2019-10-07T20:26:14","slug":"drzak-loziska","status":"publish","type":"page","link":"https:\/\/czechiacontract.com\/sk\/produkty\/drzak-loziska\/","title":{"rendered":"DR\u017dIAK LO\u017dISKA"},"content":{"rendered":"<div class=\"wpb-content-wrapper\"><p>[vc_row content_placement=&#8220;middle&#8220;][vc_column][vc_column_text]<\/p>\n<h2 style=\"letter-spacing: 0.01em;\">LO\u017dISKOV\u00c9 TELES\u00c1, JEDNOTKY &#8230;<\/h2>\n<p>[\/vc_column_text][vc_column_text]<\/p>\n<div class=\"styled-subtitle\" style=\"text-align: left;\">Delen\u00e9, nedelen\u00e9 stojat\u00e9 lo\u017eiskov\u00e9 teles\u00e1, pr\u00edrubov\u00e9 lo\u017eiskov\u00e9 teles\u00e1, nap\u00ednacie lo\u017eiskov\u00e9 teles\u00e1 &#8230;<\/div>\n<p>[\/vc_column_text][vc_empty_space][\/vc_column][\/vc_row][vc_row][vc_column][vc_raw_html]JTVCbW9kdWxhJTIwaWQlM0QlMjIzMDgwNiUyMiU1RA==[\/vc_raw_html][vc_empty_space height=&#8220;50px&#8220;][\/vc_column][\/vc_row][vc_row][vc_column width=&#8220;1\/2&#8243;][vc_column_text]<\/p>\n<h3>PON\u00daKAME CEL\u00dd RAD DRUHOV<\/h3>\n<p>[\/vc_column_text][vc_column_text]Pon\u00fakame cel\u00fd rad druhov, v r\u00f4znych prevedeniach, ve\u013ekostiach a typoch. Tovar je zo s\u00e9riovej v\u00fdroby alebo zaist\u00edme v\u00fdrobu na z\u00e1kazku, pod\u013ea Va\u0161ich \u0161pecifik\u00e1ci\u00ed.<\/p>\n<p>Garantujeme vysok\u00fa kvalitu kon\u0161trukcie a v\u00fdroby pon\u00fakan\u00fdch lo\u017eiskov\u00fdch telies, rovnako ako aj dostupnos\u0165. Kombin\u00e1ciou lo\u017eiskov\u00fdch telies s r\u00f4znymi \u0161tandardn\u00fdmi tesneniami je mo\u017en\u00e9 doda\u0165 ve\u013ek\u00fd po\u010det vari\u00e1nt.<\/p>\n<p>Z h\u013eadiska materi\u00e1lov sa naj\u010dastej\u0161ie pou\u017e\u00edvaj\u00fa lo\u017eiskov\u00e9 teles\u00e1 zo zliatiny, plechu, pr\u00edpadne aj plastov\u00e9 a z nerezovej ocele.<\/p>\n<p>Dr\u017eiak lo\u017eiska \/ lo\u017eiskov\u00e9 teleso n\u00e1jde uplatnenie naprie\u010d priemyslom alebo v po\u013enohospod\u00e1rskych a stroj\u00e1rensk\u00fdch aplik\u00e1ci\u00e1ch \u2013 dopravn\u00edkov\u00e9 syst\u00e9my, ventil\u00e1tory, baliace linky apod. Nev\u00e1hajte posla\u0165 konkr\u00e9tny dopyt. Vyu\u017eite formul\u00e1r, po\u0161lite email alebo zavolajte.[\/vc_column_text][\/vc_column][vc_column width=&#8220;1\/2&#8243;][vc_column_text]<\/p>\n<h3>PO\u0160LITE N\u00c1M DOPYT<\/h3>\n<p>[\/vc_column_text]\n<div class=\"wpcf7 no-js\" id=\"wpcf7-f30737-o1\" lang=\"en-US\" dir=\"ltr\" data-wpcf7-id=\"30737\">\n<div class=\"screen-reader-response\"><p role=\"status\" aria-live=\"polite\" aria-atomic=\"true\"><\/p> <ul><\/ul><\/div>\n<form action=\"\/sk\/wp-json\/wp\/v2\/pages\/31040#wpcf7-f30737-o1\" method=\"post\" class=\"wpcf7-form init wpcf7-acceptance-as-validation\" aria-label=\"Contact form\" novalidate=\"novalidate\" data-status=\"init\">\n<div style=\"display: none;\">\n<input type=\"hidden\" name=\"_wpcf7\" value=\"30737\" \/>\n<input type=\"hidden\" name=\"_wpcf7_version\" value=\"6.0.5\" \/>\n<input type=\"hidden\" name=\"_wpcf7_locale\" value=\"en_US\" \/>\n<input type=\"hidden\" name=\"_wpcf7_unit_tag\" value=\"wpcf7-f30737-o1\" \/>\n<input type=\"hidden\" name=\"_wpcf7_container_post\" value=\"0\" \/>\n<input type=\"hidden\" name=\"_wpcf7_posted_data_hash\" value=\"\" \/>\n<input type=\"hidden\" name=\"_wpcf7_recaptcha_response\" value=\"\" \/>\n<\/div>\n<div class=\"contact-form-style-3\">\n\n<p class=\"col-md-6 cf-style3-name\"><span class=\"wpcf7-form-control-wrap\" data-name=\"your-name\"><input size=\"40\" maxlength=\"400\" class=\"wpcf7-form-control wpcf7-text wpcf7-validates-as-required\" aria-required=\"true\" aria-invalid=\"false\" placeholder=\"Meno*\" value=\"\" type=\"text\" name=\"your-name\" \/><\/span><\/p>\n<p class=\"col-md-6 cf-style3-email\"><span class=\"wpcf7-form-control-wrap\" data-name=\"your-email\"><input size=\"40\" maxlength=\"400\" class=\"wpcf7-form-control wpcf7-email wpcf7-validates-as-required wpcf7-text wpcf7-validates-as-email\" aria-required=\"true\" aria-invalid=\"false\" placeholder=\"Email*\" value=\"\" type=\"email\" name=\"your-email\" \/><\/span><\/p>\n<p class=\"col-md-12 cf-style3-textarea\"><span class=\"wpcf7-form-control-wrap\" data-name=\"your-message\"><textarea cols=\"40\" rows=\"4\" maxlength=\"2000\" class=\"wpcf7-form-control wpcf7-textarea\" aria-invalid=\"false\" placeholder=\"Va\u0161a spr\u00e1va ...\" name=\"your-message\"><\/textarea><\/span><\/p>\n<p><span class=\"wpcf7-form-control-wrap\" data-name=\"souhlas\"><span class=\"wpcf7-form-control wpcf7-acceptance\"><span class=\"wpcf7-list-item\"><label><input type=\"checkbox\" name=\"souhlas\" value=\"1\" aria-invalid=\"false\" \/><span class=\"wpcf7-list-item-label\">S\u00fahlas\u00edm s <a href=\"\/ochrana-osobnich-udaju\/\" rel=\"nofollow\" target=\"_blank\">GDPR<\/a><\/span><\/label><\/span><\/span><\/span><\/p>\n<p class=\"col-md-12\" ><input class=\"wpcf7-form-control wpcf7-submit has-spinner\" type=\"submit\" value=\"ODOSLA\u0164\" \/><\/p>\n<\/div><div class=\"wpcf7-response-output\" aria-hidden=\"true\"><\/div>\n<\/form>\n<\/div>\n[\/vc_column][\/vc_row]<\/p>\n<\/div>","protected":false},"excerpt":{"rendered":"<p>[vc_row content_placement=&#8220;middle&#8220;][vc_column][vc_column_text] LO\u017dISKOV\u00c9 TELES\u00c1, JEDNOTKY &#8230; [\/vc_column_text][vc_column_text] Delen\u00e9, nedelen\u00e9 stojat\u00e9&#8230;<\/p>\n","protected":false},"author":1,"featured_media":0,"parent":30685,"menu_order":0,"comment_status":"closed","ping_status":"closed","template":"","meta":{"passster_activate_protection":false,"passster_protect_child_pages":"","passster_protection_type":"password","passster_password":"","passster_activate_overwrite_defaults":"","passster_headline":"","passster_instruction":"","passster_placeholder":"","passster_button":"","passster_id":"","passster_activate_misc_settings":"","passster_redirect_url":"","passster_hide":"no","passster_area_shortcode":"","footnotes":""},"class_list":["post-31040","page","type-page","status-publish"],"_links":{"self":[{"href":"https:\/\/czechiacontract.com\/sk\/wp-json\/wp\/v2\/pages\/31040","targetHints":{"allow":["GET"]}}],"collection":[{"href":"https:\/\/czechiacontract.com\/sk\/wp-json\/wp\/v2\/pages"}],"about":[{"href":"https:\/\/czechiacontract.com\/sk\/wp-json\/wp\/v2\/types\/page"}],"author":[{"embeddable":true,"href":"https:\/\/czechiacontract.com\/sk\/wp-json\/wp\/v2\/users\/1"}],"replies":[{"embeddable":true,"href":"https:\/\/czechiacontract.com\/sk\/wp-json\/wp\/v2\/comments?post=31040"}],"version-history":[{"count":0,"href":"https:\/\/czechiacontract.com\/sk\/wp-json\/wp\/v2\/pages\/31040\/revisions"}],"up":[{"embeddable":true,"href":"https:\/\/czechiacontract.com\/sk\/wp-json\/wp\/v2\/pages\/30685"}],"wp:attachment":[{"href":"https:\/\/czechiacontract.com\/sk\/wp-json\/wp\/v2\/media?parent=31040"}],"curies":[{"name":"wp","href":"https:\/\/api.w.org\/{rel}","templated":true}]}}