{"id":30726,"date":"2016-03-17T16:58:17","date_gmt":"2016-03-17T15:58:17","guid":{"rendered":"https:\/\/czechiacontract.com\/kontakt\/"},"modified":"2023-08-01T01:11:10","modified_gmt":"2023-07-31T23:11:10","slug":"kontakt","status":"publish","type":"page","link":"https:\/\/czechiacontract.com\/sk\/kontakt\/","title":{"rendered":"Kontakt"},"content":{"rendered":"<div class=\"wpb-content-wrapper\"><p>[vc_row full_width=&#8220;stretch_row_content&#8220; css=&#8220;.vc_custom_1564752928734{margin-bottom: 0px !important;}&#8220;][vc_column width=&#8220;1\/3&#8243; css=&#8220;.vc_custom_1564991576392{padding-right: 60px !important;padding-left: 60px !important;}&#8220;]<div class=\"clearboth\"><\/div><style>#thegem-divider-69d87906c50c8 {margin-top: 55px !important;}<\/style><div id=\"thegem-divider-69d87906c50c8\" class=\"gem-divider  \" style=\"\" ><\/div>[vc_column_text]<strong>S\u00eddlo<\/strong><\/p>\n<p>Lucas diesel SE<br \/>\nLannova 2061\/8, 110 00 Praha<\/p>\n<p>I\u010c: 24714895<br \/>\nDIC: CZ24714895<\/p>\n<p>Spisov\u00e1 zna\u010dka:<br \/>\nH 154 veden\u00e1 u Krajsk\u00e9ho soudu v Brn\u011b[\/vc_column_text][\/vc_column][vc_column width=&#8220;2\/3&#8243; css=&#8220;.vc_custom_1458289843803{padding-right: 60px !important;padding-left: 60px !important;background-color: #f0f3f2 !important;}&#8220;]<div class=\"clearboth\"><\/div><style>#thegem-divider-69d87906c5107 {margin-top: 102px !important;}<\/style><div id=\"thegem-divider-69d87906c5107\" class=\"gem-divider  \" style=\"\" ><\/div>[vc_row_inner][vc_column_inner offset=&#8220;vc_col-lg-4&#8243;][vc_column_text css=&#8220;.vc_custom_1570204437751{margin-top: -25px !important;}&#8220;]<\/p>\n<div class=\"title-h5\">KANCEL\u00c1RIE<\/div>\n<p>[\/vc_column_text]<div class=\"clearboth\"><\/div><style>#thegem-divider-69d87906c512f {margin-top: 35px !important;}<\/style><div id=\"thegem-divider-69d87906c512f\" class=\"gem-divider  \" style=\"\" ><\/div>[vc_column_text css=&#8220;.vc_custom_1564771673935{margin-top: -25px !important;}&#8220;]17 Listopadu 470\/11<br \/>\n690 02 B\u0159eclav<br \/>\n\u010cesk\u00e1 republika[\/vc_column_text][\/vc_column_inner][vc_column_inner offset=&#8220;vc_col-lg-4&#8243;][vc_column_text css=&#8220;.vc_custom_1564765298527{margin-top: -25px !important;}&#8220;]<\/p>\n<div class=\"title-h5\">Sklad Ladn\u00e1<\/div>\n<p>[\/vc_column_text]<div class=\"clearboth\"><\/div><style>#thegem-divider-69d87906c514f {margin-top: 35px !important;}<\/style><div id=\"thegem-divider-69d87906c514f\" class=\"gem-divider  \" style=\"\" ><\/div>[vc_column_text css=&#8220;.vc_custom_1564771689200{margin-top: -25px !important;}&#8220;]Masarykova 59\/15<br \/>\n691 46 Ladn\u00e1<br \/>\n\u010cesk\u00e1 republika[\/vc_column_text][\/vc_column_inner][vc_column_inner offset=&#8220;vc_col-lg-4&#8243;][vc_column_text css=&#8220;.vc_custom_1655331203087{margin-top: -25px !important;}&#8220;]<\/p>\n<div class=\"title-h5\">KONTAKT<\/div>\n<p>[\/vc_column_text]<div class=\"clearboth\"><\/div><style>#thegem-divider-69d87906c516d {margin-top: 35px !important;}<\/style><div id=\"thegem-divider-69d87906c516d\" class=\"gem-divider  \" style=\"\" ><\/div>[vc_column_text css=&#8220;.vc_custom_1655331210448{margin-top: -25px !important;}&#8220;]info@czechiacontract.com<br \/>\n+420 720 420 720<br \/>\nwww.czechiacontract.com[\/vc_column_text][\/vc_column_inner][\/vc_row_inner]<div class=\"clearboth\"><\/div><style>#thegem-divider-69d87906c518b {margin-top: 102px !important;}<\/style><div id=\"thegem-divider-69d87906c518b\" class=\"gem-divider  \" style=\"\" ><\/div>[\/vc_column][\/vc_row][vc_row full_width=&#8220;stretch_row_content&#8220; disable_element=&#8220;yes&#8220; css=&#8220;.vc_custom_1655330463400{margin-bottom: 0px !important;}&#8220;][vc_column width=&#8220;1\/3&#8243; css=&#8220;.vc_custom_1564991576392{padding-right: 60px !important;padding-left: 60px !important;}&#8220;]<div class=\"clearboth\"><\/div><style>#thegem-divider-69d87906c51a6 {margin-top: 55px !important;}<\/style><div id=\"thegem-divider-69d87906c51a6\" class=\"gem-divider  \" style=\"\" ><\/div>[vc_column_text]<strong>Faktura\u010dn\u00e9 \u00fadaje<\/strong><\/p>\n<p>Lucas diesel SE<br \/>\nMasarykova 59\/15, 691 46 Ladn\u00e1<\/p>\n<p>I\u010c: 24714895<br \/>\nDIC: CZ24714895<\/p>\n<p>Spisov\u00e1 zna\u010dka:<br \/>\nH 154 veden\u00e1 u Krajsk\u00e9ho soudu v Brn\u011b[\/vc_column_text][\/vc_column][vc_column width=&#8220;2\/3&#8243; css=&#8220;.vc_custom_1458289843803{padding-right: 60px !important;padding-left: 60px !important;background-color: #f0f3f2 !important;}&#8220;]<div class=\"clearboth\"><\/div><style>#thegem-divider-69d87906c51c0 {margin-top: 102px !important;}<\/style><div id=\"thegem-divider-69d87906c51c0\" class=\"gem-divider  \" style=\"\" ><\/div>[vc_row_inner][vc_column_inner offset=&#8220;vc_col-lg-4&#8243;][vc_column_text css=&#8220;.vc_custom_1570204437751{margin-top: -25px !important;}&#8220;]<\/p>\n<div class=\"title-h5\">KANCEL\u00c1RIE<\/div>\n<p>[\/vc_column_text]<div class=\"clearboth\"><\/div><style>#thegem-divider-69d87906c51db {margin-top: 35px !important;}<\/style><div id=\"thegem-divider-69d87906c51db\" class=\"gem-divider  \" style=\"\" ><\/div>[vc_column_text css=&#8220;.vc_custom_1564771673935{margin-top: -25px !important;}&#8220;]17 Listopadu 470\/11<br \/>\n690 02 B\u0159eclav<br \/>\n\u010cesk\u00e1 republika[\/vc_column_text][\/vc_column_inner][vc_column_inner offset=&#8220;vc_col-lg-4&#8243;][vc_column_text css=&#8220;.vc_custom_1564765265800{margin-top: -25px !important;}&#8220;]<\/p>\n<div class=\"title-h5\">Sklad Hodon\u00edn<\/div>\n<p>[\/vc_column_text]<div class=\"clearboth\"><\/div><style>#thegem-divider-69d87906c51f4 {margin-top: 35px !important;}<\/style><div id=\"thegem-divider-69d87906c51f4\" class=\"gem-divider  \" style=\"\" ><\/div>[vc_column_text css=&#8220;.vc_custom_1564771682005{margin-top: -25px !important;}&#8220;]Velkomoravsk\u00e1 81<br \/>\n695 01 Hodon\u00edn<br \/>\n\u010cesk\u00e1 republika[\/vc_column_text]<div class=\"clearboth\"><\/div><style>#thegem-divider-69d87906c520d {margin-top: 55px !important;}<\/style><div id=\"thegem-divider-69d87906c520d\" class=\"gem-divider  \" style=\"\" ><\/div>[vc_column_text css=&#8220;.vc_custom_1564765298527{margin-top: -25px !important;}&#8220;]<\/p>\n<div class=\"title-h5\">Sklad Ladn\u00e1<\/div>\n<p>[\/vc_column_text]<div class=\"clearboth\"><\/div><style>#thegem-divider-69d87906c5226 {margin-top: 35px !important;}<\/style><div id=\"thegem-divider-69d87906c5226\" class=\"gem-divider  \" style=\"\" ><\/div>[vc_column_text css=&#8220;.vc_custom_1564771689200{margin-top: -25px !important;}&#8220;]Masarykova 59\/15<br \/>\n691 46 Ladn\u00e1<br \/>\n\u010cesk\u00e1 republika[\/vc_column_text][\/vc_column_inner][vc_column_inner offset=&#8220;vc_col-lg-4&#8243;][vc_column_text css=&#8220;.vc_custom_1582648627566{margin-top: -25px !important;}&#8220;]<\/p>\n<div class=\"title-h5\">Obchodn\u00e9 zast\u00fapenie SK<\/div>\n<p>[\/vc_column_text]<div class=\"clearboth\"><\/div><style>#thegem-divider-69d87906c523e {margin-top: 35px !important;}<\/style><div id=\"thegem-divider-69d87906c523e\" class=\"gem-divider  \" style=\"\" ><\/div>[vc_column_text css=&#8220;.vc_custom_1582648650974{margin-top: -25px !important;}&#8220;]+421 918 192 970<\/p>\n<p>&nbsp;<\/p>\n<p>[\/vc_column_text]<div class=\"clearboth\"><\/div><style>#thegem-divider-69d87906c5256 {margin-top: 55px !important;}<\/style><div id=\"thegem-divider-69d87906c5256\" class=\"gem-divider  \" style=\"\" ><\/div>[vc_column_text css=&#8220;.vc_custom_1582648618206{margin-top: -25px !important;}&#8220;]<\/p>\n<div class=\"title-h5\">Obchodn\u00e9 zast\u00fapenie AT<\/div>\n<p>[\/vc_column_text]<div class=\"clearboth\"><\/div><style>#thegem-divider-69d87906c526f {margin-top: 35px !important;}<\/style><div id=\"thegem-divider-69d87906c526f\" class=\"gem-divider  \" style=\"\" ><\/div>[vc_column_text css=&#8220;.vc_custom_1582648646075{margin-top: -25px !important;}&#8220;]+436 605 888 006[\/vc_column_text][\/vc_column_inner][\/vc_row_inner]<div class=\"clearboth\"><\/div><style>#thegem-divider-69d87906c5287 {margin-top: 102px !important;}<\/style><div id=\"thegem-divider-69d87906c5287\" class=\"gem-divider  \" style=\"\" ><\/div>[\/vc_column][\/vc_row][vc_row full_width=&#8220;stretch_row_content&#8220; equal_height=&#8220;yes&#8220; disable_element=&#8220;yes&#8220; el_class=&#8220;.wpb_widgetised_column .line-1&#8243; css=&#8220;.vc_custom_1652898206538{margin-bottom: 0px !important;}&#8220;][vc_column css=&#8220;.vc_custom_1564774634518{padding-top: 200px !important;padding-bottom: 50px !important;padding-left: 60px !important;background-image: url(https:\/\/czechiacontract.com\/wp-content\/uploads\/2019\/08\/kontakt-01.jpg?id=30231) !important;background-position: center !important;background-repeat: no-repeat !important;background-size: cover !important;}&#8220; offset=&#8220;vc_col-lg-4 vc_col-md-4&#8243;][vc_column_text]<\/p>\n<div class=\"title-h4\"><span style=\"color: #ffffff;\">VEDENIE SPOLO\u010cNOSTI<\/span><\/div>\n<p>[\/vc_column_text][vc_column_text]<span style=\"color: #fff;\">Eduard Drgonec<br \/>\n\u010clen p\u0159edstavenstva <\/span><\/p>\n<div class=\"gem-contacts-item gem-contacts-email\"><span style=\"color: #fff;\">ceo@czechiacontract.com<\/span><\/div>\n<p>[\/vc_column_text]<div class=\"clearboth\"><\/div><style>#thegem-divider-69d87906c529e {margin-top: 86px !important;}<\/style><div id=\"thegem-divider-69d87906c529e\" class=\"gem-divider  \" style=\"\" ><\/div>[\/vc_column][vc_column css=&#8220;.vc_custom_1564775837595{padding-top: 200px !important;padding-bottom: 50px !important;padding-left: 60px !important;background-image: url(https:\/\/czechiacontract.com\/wp-content\/uploads\/2019\/08\/kontakt-02-2.jpg?id=30244) !important;background-position: center !important;background-repeat: no-repeat !important;background-size: cover !important;}&#8220; offset=&#8220;vc_col-lg-4 vc_col-md-4&#8243;][vc_column_text]<\/p>\n<div class=\"title-h4\"><span style=\"color: #ffffff;\">MANA\u017d\u00c9R SPOLO\u010cNOSTI<\/span><\/div>\n<p>[\/vc_column_text][vc_column_text]<span style=\"color: #fff;\">Asama Hashmy<\/span><\/p>\n<div class=\"gem-contacts-item gem-contacts-phone\"><span style=\"color: #fff;\">+420 720 420 720 <\/span><\/div>\n<div class=\"gem-contacts-item gem-contacts-email\"><span style=\"color: #fff;\">offer@czechiacontract.com<\/span><\/div>\n<p>[\/vc_column_text]<div class=\"clearboth\"><\/div><style>#thegem-divider-69d87906c52b4 {margin-top: 76px !important;}<\/style><div id=\"thegem-divider-69d87906c52b4\" class=\"gem-divider  \" style=\"\" ><\/div>[\/vc_column][vc_column css=&#8220;.vc_custom_1564775847468{padding-top: 200px !important;padding-bottom: 50px !important;padding-left: 60px !important;background-image: url(https:\/\/czechiacontract.com\/wp-content\/uploads\/2019\/08\/kontakt-03-2.jpg?id=30246) !important;background-position: center !important;background-repeat: no-repeat !important;background-size: cover !important;}&#8220; offset=&#8220;vc_col-lg-4 vc_col-md-4&#8243;][vc_column_text]<\/p>\n<div class=\"title-h4\"><span style=\"color: #ffffff;\">OBCHODN\u00c9 ODDELENIE<\/span><\/div>\n<p>[\/vc_column_text][vc_column_text]<span style=\"color: #fff;\">Ali Hashmy<br \/>\nSales Manager<\/span><\/p>\n<div class=\"gem-contacts-item gem-contacts-phone\"><span style=\"color: #fff;\">+420 773 173 307<\/span><\/div>\n<div class=\"gem-contacts-item gem-contacts-email\"><span style=\"color: #fff;\"><span style=\"color: #fff;\">Tuzemsko:<\/span> czech@czechiacontract.com<\/span><\/div>\n<div class=\"gem-contacts-item gem-contacts-email\"><span style=\"color: #fff;\"><span style=\"color: #fff;\">Zahrani\u010dn\u00ed obchod:<\/span> sales@czechiacontract.com<\/span><\/div>\n<p>[\/vc_column_text][\/vc_column][\/vc_row][vc_row full_width=&#8220;stretch_row_content&#8220; css=&#8220;.vc_custom_1458295921759{margin-bottom: 0px !important;background-image: url(https:\/\/czechiacontract.com\/wp-content\/uploads\/2016\/03\/2-22.jpg?id=13537) !important;background-position: center !important;background-repeat: no-repeat !important;background-size: cover !important;}&#8220;][vc_column el_class=&#8220;.wpb_widgetised_column .line-2&#8243; css=&#8220;.vc_custom_1458295477548{padding-left: 60px !important;}&#8220;]<div class=\"clearboth\"><\/div><style>#thegem-divider-69d87906c52c8 {margin-top: 100px !important;}<\/style><div id=\"thegem-divider-69d87906c52c8\" class=\"gem-divider  \" style=\"\" ><\/div>[vc_column_text]<\/p>\n<div class=\"title-h3\"><span style=\"color: #ffffff;\">Czechia Contract<\/span><\/div>\n<p>[\/vc_column_text]<div class=\"clearboth\"><\/div><style>#thegem-divider-69d87906c52db {margin-top: 32px !important;}<\/style><div id=\"thegem-divider-69d87906c52db\" class=\"gem-divider  \" style=\"\" ><\/div>[vc_column_text]<\/p>\n<div class=\"title-h6\"><span style=\"color: #00bcd4;\">S\u00cdDLO SPOLO\u010cNOSTI<\/span><\/div>\n<p>[\/vc_column_text]<div class=\"clearboth\"><\/div><style>#thegem-divider-69d87906c52ee {margin-top: 35px !important;}<\/style><div id=\"thegem-divider-69d87906c52ee\" class=\"gem-divider  \" style=\"\" ><\/div>[vc_column_text]<\/p>\n<div class=\"gem-contacts-item gem-contacts-address\"><span style=\"color: #fff;\">Address:<\/span><\/div>\n<div class=\"gem-contacts-item\"><span style=\"color: #fff;\">Lannova 2061\/8<\/span><\/div>\n<div class=\"gem-contacts-item\"><span style=\"color: #fff;\">110 00 Praha<\/span><\/div>\n<div class=\"gem-contacts-item\"><span style=\"color: #fff;\">\u010cesk\u00e1 republika<\/span><\/div>\n<p>[\/vc_column_text]<div class=\"clearboth\"><\/div><style>#thegem-divider-69d87906c5301 {margin-top: 30px !important;}<\/style><div id=\"thegem-divider-69d87906c5301\" class=\"gem-divider  \" style=\"\" ><\/div>[vc_column_text]<\/p>\n<div class=\"gem-contacts-item gem-contacts-phone\"><span style=\"color: #fff;\"> +420 720 420 720<\/span><\/div>\n<div class=\"gem-contacts-item gem-contacts-email\"><span style=\"color: #fff;\"> <a href=\"mailto:info@czechiacontract.com\">info@czechiacontract.com<\/a><\/span><\/div>\n<div class=\"gem-contacts-item gem-contacts-website\"><span style=\"color: #fff;\"> <a href=\"https:\/\/czechiacontract.com\/\">www.czechiacontract.com<\/a><\/span><\/div>\n<p>[\/vc_column_text]<div class=\"clearboth\"><\/div><style>#thegem-divider-69d87906c5314 {margin-top: 155px !important;}<\/style><div id=\"thegem-divider-69d87906c5314\" class=\"gem-divider  \" style=\"\" ><\/div>[\/vc_column][\/vc_row][vc_row full_width=&#8220;stretch_row_content&#8220; equal_height=&#8220;yes&#8220; css=&#8220;.vc_custom_1565256641007{margin-bottom: 0px !important;}&#8220;][vc_column width=&#8220;1\/3&#8243; css=&#8220;.vc_custom_1565267417509{padding-top: 30% !important;padding-right: 65px !important;padding-left: 65px !important;background-image: url(https:\/\/czechiacontract.com\/wp-content\/uploads\/2019\/08\/kontakty.jpg?id=30248) !important;background-position: center !important;background-repeat: no-repeat !important;background-size: cover !important;}&#8220;][vc_column_text]<\/p>\n<h3 style=\"text-align: center; color: #ffffff;\">Czechia Contract<\/h3>\n<div class=\"styled-biggertext\" style=\"text-align: center; color: #ffffff;\">Spolo\u010dnos\u0165 Czechia Contract patr\u00ed medzi overen\u00fdch distrib\u00fatorov eur\u00f3pskych tovarov na trhy stredn\u00e9ho a bl\u00edzkeho v\u00fdchodu. Pon\u00faka aj poradenstvo a realiz\u00e1cie navrhnut\u00fdch strat\u00e9gi\u00ed v oblasti zni\u017eovania n\u00e1kladov a riz\u00edk pri obchodovan\u00ed.<\/div>\n<p>[\/vc_column_text][\/vc_column][vc_column width=&#8220;2\/3&#8243; css=&#8220;.vc_custom_1564992302312{padding-right: 65px !important;padding-left: 65px !important;background-color: #f0f3f2 !important;}&#8220;]<div class=\"clearboth\"><\/div><style>#thegem-divider-69d87906c5325 {margin-top: 50px !important;}<\/style><div id=\"thegem-divider-69d87906c5325\" class=\"gem-divider  \" style=\"\" ><\/div>[vc_column_text]<\/p>\n<div class=\"title-h2\">KONTAKTN\u00dd FORMUL\u00c1R<\/div>\n<p>[\/vc_column_text]<div class=\"clearboth\"><\/div><style>#thegem-divider-69d87906c5335 {margin-top: 60px !important;}<\/style><div id=\"thegem-divider-69d87906c5335\" class=\"gem-divider  \" style=\"\" ><\/div>\n<div class=\"wpcf7 no-js\" id=\"wpcf7-f30737-o1\" lang=\"en-US\" dir=\"ltr\" data-wpcf7-id=\"30737\">\n<div class=\"screen-reader-response\"><p role=\"status\" aria-live=\"polite\" aria-atomic=\"true\"><\/p> <ul><\/ul><\/div>\n<form action=\"\/sk\/wp-json\/wp\/v2\/pages\/30726#wpcf7-f30737-o1\" method=\"post\" class=\"wpcf7-form init gem-contact-form-white wpcf7-acceptance-as-validation\" aria-label=\"Contact form\" novalidate=\"novalidate\" data-status=\"init\">\n<div style=\"display: none;\">\n<input type=\"hidden\" name=\"_wpcf7\" value=\"30737\" \/>\n<input type=\"hidden\" name=\"_wpcf7_version\" value=\"6.0.5\" \/>\n<input type=\"hidden\" name=\"_wpcf7_locale\" value=\"en_US\" \/>\n<input type=\"hidden\" name=\"_wpcf7_unit_tag\" value=\"wpcf7-f30737-o1\" \/>\n<input type=\"hidden\" name=\"_wpcf7_container_post\" value=\"0\" \/>\n<input type=\"hidden\" name=\"_wpcf7_posted_data_hash\" value=\"\" \/>\n<input type=\"hidden\" name=\"_wpcf7_recaptcha_response\" value=\"\" \/>\n<\/div>\n<div class=\"contact-form-style-3\">\n\n<p class=\"col-md-6 cf-style3-name\"><span class=\"wpcf7-form-control-wrap\" data-name=\"your-name\"><input size=\"40\" maxlength=\"400\" class=\"wpcf7-form-control wpcf7-text wpcf7-validates-as-required\" aria-required=\"true\" aria-invalid=\"false\" placeholder=\"Meno*\" value=\"\" type=\"text\" name=\"your-name\" \/><\/span><\/p>\n<p class=\"col-md-6 cf-style3-email\"><span class=\"wpcf7-form-control-wrap\" data-name=\"your-email\"><input size=\"40\" maxlength=\"400\" class=\"wpcf7-form-control wpcf7-email wpcf7-validates-as-required wpcf7-text wpcf7-validates-as-email\" aria-required=\"true\" aria-invalid=\"false\" placeholder=\"Email*\" value=\"\" type=\"email\" name=\"your-email\" \/><\/span><\/p>\n<p class=\"col-md-12 cf-style3-textarea\"><span class=\"wpcf7-form-control-wrap\" data-name=\"your-message\"><textarea cols=\"40\" rows=\"4\" maxlength=\"2000\" class=\"wpcf7-form-control wpcf7-textarea\" aria-invalid=\"false\" placeholder=\"Va\u0161a spr\u00e1va ...\" name=\"your-message\"><\/textarea><\/span><\/p>\n<p><span class=\"wpcf7-form-control-wrap\" data-name=\"souhlas\"><span class=\"wpcf7-form-control wpcf7-acceptance\"><span class=\"wpcf7-list-item\"><label><input type=\"checkbox\" name=\"souhlas\" value=\"1\" aria-invalid=\"false\" \/><span class=\"wpcf7-list-item-label\">S\u00fahlas\u00edm s <a href=\"\/ochrana-osobnich-udaju\/\" rel=\"nofollow\" target=\"_blank\">GDPR<\/a><\/span><\/label><\/span><\/span><\/span><\/p>\n<p class=\"col-md-12\" ><style type=\"text\/css\">.thegem-button-69d87906c63b01543 .gem-button svg {fill: #FFFFFFFF;}.thegem-button-69d87906c63b01543 .gem-button:hover svg {fill: #FFFFFFFF;}<\/style><div class=\"gem-button-container gem-button-position-fullwidth thegem-button-69d87906c63b01543\"  ><input class=\"gem-button gem-button-size-small gem-button-style-flat gem-button-text-weight-normal wpcf7-form-control wpcf7-submit has-spinner gem-button-wpcf-custom\" data-ll-effect=\"drop-right-without-wrap\" style=\"border-radius: 2px;background-color: #191919FF;color: #FFFFFFFF;\" onmouseleave=\"this.style.backgroundColor='#191919FF';this.style.color='#FFFFFFFF';\" onmouseenter=\"this.style.backgroundColor='#1C3D76FF';this.style.color='#FFFFFFFF';\" id=\"\" tabindex=\"\" type=\"submit\" value=\"ODOSLA\u0164\" \/><\/div>\n<\/div><div class=\"wpcf7-response-output\" aria-hidden=\"true\"><\/div>\n<\/form>\n<\/div>\n[\/vc_column][\/vc_row]<\/p>\n<\/div>","protected":false},"excerpt":{"rendered":"<p>[vc_row full_width=&#8220;stretch_row_content&#8220; css=&#8220;.vc_custom_1564752928734{margin-bottom: 0px !important;}&#8220;][vc_column width=&#8220;1\/3&#8243; css=&#8220;.vc_custom_1564991576392{padding-right: 60px !important;padding-left: 60px&#8230;<\/p>\n","protected":false},"author":1,"featured_media":0,"parent":0,"menu_order":15,"comment_status":"closed","ping_status":"closed","template":"","meta":{"passster_activate_protection":null,"passster_protect_child_pages":"","passster_protection_type":"password","passster_password":"","passster_activate_overwrite_defaults":"","passster_headline":"","passster_instruction":"","passster_placeholder":"","passster_button":"","passster_id":"","passster_activate_misc_settings":"","passster_redirect_url":"","passster_hide":"no","passster_area_shortcode":"","footnotes":""},"class_list":["post-30726","page","type-page","status-publish"],"_links":{"self":[{"href":"https:\/\/czechiacontract.com\/sk\/wp-json\/wp\/v2\/pages\/30726","targetHints":{"allow":["GET"]}}],"collection":[{"href":"https:\/\/czechiacontract.com\/sk\/wp-json\/wp\/v2\/pages"}],"about":[{"href":"https:\/\/czechiacontract.com\/sk\/wp-json\/wp\/v2\/types\/page"}],"author":[{"embeddable":true,"href":"https:\/\/czechiacontract.com\/sk\/wp-json\/wp\/v2\/users\/1"}],"replies":[{"embeddable":true,"href":"https:\/\/czechiacontract.com\/sk\/wp-json\/wp\/v2\/comments?post=30726"}],"version-history":[{"count":0,"href":"https:\/\/czechiacontract.com\/sk\/wp-json\/wp\/v2\/pages\/30726\/revisions"}],"wp:attachment":[{"href":"https:\/\/czechiacontract.com\/sk\/wp-json\/wp\/v2\/media?parent=30726"}],"curies":[{"name":"wp","href":"https:\/\/api.w.org\/{rel}","templated":true}]}}