{"id":30720,"date":"2016-01-14T09:57:11","date_gmt":"2016-01-14T08:57:11","guid":{"rendered":"https:\/\/czechiacontract.com\/partner-program\/"},"modified":"2022-05-18T20:25:01","modified_gmt":"2022-05-18T18:25:01","slug":"partner-program","status":"publish","type":"page","link":"https:\/\/czechiacontract.com\/sk\/partner-program\/","title":{"rendered":"Partner Program"},"content":{"rendered":"<div class=\"wpb-content-wrapper\"><p>[vc_row full_width=&#8220;stretch_row&#8220; full_height=&#8220;yes&#8220; parallax=&#8220;content-moving&#8220; css=&#8220;.vc_custom_1563304469329{background-image: url(https:\/\/czechiacontract.com\/wp-content\/uploads\/2019\/07\/business.jpg?id=30145) !important;background-position: 0 0;background-repeat: no-repeat !important;}&#8220;][vc_column css=&#8220;.vc_custom_1454506608214{padding-top: 0px !important;padding-bottom: 0px !important;}&#8220; el_class=&#8220;custom-header&#8220;][vc_column_text]<\/p>\n<h1 class=\"title-xlarge\" style=\"text-align: center; color: #ffffff;\">Partner<span class=\"light\" style=\"color: #ffffff;\"> program<\/span><\/h1>\n<p>[\/vc_column_text][vc_column_text]<\/p>\n<h2 style=\"text-align: center;\"><span style=\"color: #ffffff;\">DOSTANEME V\u00c1S A VA\u0160E PRODUKTY NA BL\u00cdZK\u00dd V\u00ddCHOD<\/span><\/h2>\n<p>[\/vc_column_text][vc_column_text]<\/p>\n<div class=\"styled-subtitle\" style=\"text-align: center; margin: 0 auto; max-width: 950px;\"><span style=\"color: #ffffff;\">V\u010faka osobn\u00fdm sk\u00fasenostiam v obchodovan\u00ed na t\u00fdchto trhoch vieme, \u017ee cesta sem nie je jednoduch\u00e1.<br \/>\nRadi v\u00e1m ju zjednodu\u0161\u00edme. Sta\u010d\u00ed n\u00e1s kontaktova\u0165.<\/span><\/div>\n<p>[\/vc_column_text]<div class=\"clearboth\"><\/div><style>#thegem-divider-69e15d110f12e {margin-top: 33px !important;}<\/style><div id=\"thegem-divider-69e15d110f12e\" class=\"gem-divider  \" style=\"\" ><\/div><div class=\"clearboth\"><\/div><style>#thegem-divider-69e15d110f15b {margin-top: 50px !important;}<\/style><div id=\"thegem-divider-69e15d110f15b\" class=\"gem-divider  \" style=\"\" ><\/div>[\/vc_column][\/vc_row][vc_row css=&#8220;.vc_custom_1453216919572{margin-top: -150px !important;}&#8220;][vc_column][vc_column_text el_class=&#8220;custom_block&#8220;]<a class=\"mouse-scroll scroll-to-anchor\" href=\"#details\">mouse<\/a>[\/vc_column_text][\/vc_column][\/vc_row][vc_row el_id=&#8220;details&#8220;][vc_column]<div class=\"clearboth\"><\/div><style>#thegem-divider-69e15d110f170 {margin-top: 90px !important;}<\/style><div id=\"thegem-divider-69e15d110f170\" class=\"gem-divider  \" style=\"\" ><\/div>[vc_column_text]<\/p>\n<div class=\"styled-subtitle\" style=\"text-align: center;\">Obchodovanie v krajin\u00e1ch Bl\u00edzkeho v\u00fdchodu je z ekonomick\u00e9ho h\u013eadiska nesmierne atrakt\u00edvne.<br \/>\nV porovnan\u00ed s Eur\u00f3pskou \u00faniou sa jedn\u00e1 o ve\u013emi v\u00fdnosn\u00fa oblas\u0165 s obrovsk\u00fdm potenci\u00e1lom.<br \/>\nTrh je tu priazniv\u00fd predov\u0161etk\u00fdm pre podniky z oblasti elektroniky, elektrotechniky a stroj\u00e1renstva.<\/div>\n<p>[\/vc_column_text][\/vc_column][\/vc_row][vc_row][vc_column]<div class=\"clearboth\"><\/div><style>#thegem-divider-69e15d110f17e {margin-top: 60px !important;}<\/style><div id=\"thegem-divider-69e15d110f17e\" class=\"gem-divider  \" style=\"\" ><\/div>[vc_column_text]<\/p>\n<h2 style=\"text-align: center;\">Czechia Contract<\/h2>\n<p>[\/vc_column_text]<div class=\"clearboth\"><\/div><style>#thegem-divider-69e15d110f18a {margin-top: 60px !important;}<\/style><div id=\"thegem-divider-69e15d110f18a\" class=\"gem-divider  \" style=\"\" ><\/div>[\/vc_column][\/vc_row][vc_row][vc_column width=&#8220;1\/2&#8243;][vc_column_text]<\/p>\n<div class=\"title-h1 title-h3\">PON\u00daKAME<\/div>\n<p>[\/vc_column_text][vc_column_text]<\/p>\n<div class=\"styled-biggertext\">\n<ul>\n<li>origin\u00e1lny, kvalitn\u00fd a certifikovan\u00fd sortiment n\u00e1hradn\u00fdch dielov<\/li>\n<li>n\u00e1hradn\u00e9 diely pre benz\u00ednov\u00e9 aj naftov\u00e9 motory eur\u00f3pskej v\u00fdroby<\/li>\n<li>komponenty pre osobn\u00e9 aj n\u00e1kladn\u00e9 aut\u00e1, agro techniku, at\u010f.<\/li>\n<li>origin\u00e1lny, kvalitn\u00fd, overen\u00fd tovar<\/li>\n<li>realiz\u00e1cia strat\u00e9gie ochrany proti kurzov\u00e9mu riziku<\/li>\n<li>desiatky rokov sk\u00fasenost\u00ed v odbore a atrakt\u00edvne ceny<\/li>\n<\/ul>\n<\/div>\n<p>[\/vc_column_text][\/vc_column][vc_column width=&#8220;1\/2&#8243;][vc_column_text]<\/p>\n<div class=\"title-h1 title-h3\">V\u00ddHODY<\/div>\n<p>[\/vc_column_text][vc_column_text]<\/p>\n<div class=\"styled-biggertext\">\n<ul>\n<li>realiz\u00e1cie \u0161pecifick\u00fdch objedn\u00e1vok pod\u013ea individu\u00e1lnych po\u017eiadaviek<\/li>\n<li>obchodn\u00e9 styky v krajin\u00e1ch stredn\u00e9ho a bl\u00edzkeho v\u00fdchodu<\/li>\n<li>profesion\u00e1lny poradensk\u00fd servis<\/li>\n<li>zv\u00fd\u0161enie objemu v\u00fdroby a dlhodob\u00e9 zaistenie odbytu<\/li>\n<li>sme v\u00fdhradn\u00fdm z\u00e1stupcom nieko\u013ek\u00fdch zna\u010diek<\/li>\n<li>\u010dasto sme jedin\u00fdm z\u00e1stupcom zna\u010dky na trhu bl\u00edzkeho v\u00fdchodu<\/li>\n<\/ul>\n<\/div>\n<p>[\/vc_column_text][\/vc_column][\/vc_row][vc_row][vc_column width=&#8220;1\/6&#8243;][\/vc_column][vc_column width=&#8220;2\/3&#8243;]<div class=\"clearboth\"><\/div><style>#thegem-divider-69e15d110f197 {margin-top: 60px !important;}<\/style><div id=\"thegem-divider-69e15d110f197\" class=\"gem-divider  \" style=\"\" ><\/div>[vc_column_text]<\/p>\n<p style=\"text-align: center;\"><div class=\"passster-form\" id=\"ps-544\">\r\n    <form class=\"password-form\" method=\"post\" autocomplete=\"off\" target=\"_top\">\r\n        <span class=\"ps-form-headline\">Partner Access<\/span>\r\n        <p>This content is password-protected. Please verify with a password to unlock the content.<\/p>\r\n        <fieldset>\r\n            <span class=\"ps-loader\"><img src=\"https:\/\/czechiacontract.com\/wp-content\/plugins\/content-protector\/assets\/public\/ps-loader.svg\"\/><\/span>\r\n            <label for=\"passster_password\" style=\"display:none;\">Enter your password<\/label>\r\n            <input placeholder=\"Enter your password...\" type=\"password\" tabindex=\"1\" name=\"passster_password\"\r\n                   id=\"passster_password\" class=\"passster-password\" autocomplete=\"off\"\r\n                   data-protection-type=\"password\" data-list=\"[PASSSTER_LIST]\" data-lists=\"[PASSSTER_LISTS]\" data-area=\"[PASSSTER_AREA]\"\r\n                   data-protection=\"[PASSSTER_PROTECTION]\">\r\n            \r\n            <button name=\"submit\" type=\"submit\" class=\"passster-submit\" data-psid=\"ps-544\" \r\n                    data-submit=\"...Checking Password\" data-redirect=\"\">Unlock\r\n            <\/button>\r\n            <div class=\"passster-error\"><\/div>\r\n        <\/fieldset>\r\n    <\/form>\r\n<\/div>\n<p>[\/vc_column_text]<div class=\"clearboth\"><\/div><style>#thegem-divider-69e15d110f2b4 {margin-top: 60px !important;}<\/style><div id=\"thegem-divider-69e15d110f2b4\" class=\"gem-divider  \" style=\"\" ><\/div>[\/vc_column][vc_column width=&#8220;1\/6&#8243;][\/vc_column][\/vc_row][vc_row][vc_column]<div class=\"clearboth\"><\/div><style>#thegem-divider-69e15d110f2c4 {margin-top: 10px !important;}<\/style><div id=\"thegem-divider-69e15d110f2c4\" class=\"gem-divider  \" style=\"\" ><\/div>[\/vc_column][\/vc_row][vc_row][vc_column]<div id=\"fullwidth-block-69e15d110f2e3\" class=\"fullwidth-block clearfix\"  style=\"background-color: #f0f3f2;padding-top: 60px;padding-bottom: 90px;\"><script type=\"text\/javascript\">if (typeof(gem_fix_fullwidth_position) == \"function\") { gem_fix_fullwidth_position(document.getElementById(\"fullwidth-block-69e15d110f2e3\")); }<\/script><div class=\"fullwidth-block-inner\"><div class=\"container\"><div class=\"clearboth\"><\/div><style>#thegem-divider-69e15d110f344 {margin-top: 50px !important;}<\/style><div id=\"thegem-divider-69e15d110f344\" class=\"gem-divider  \" style=\"\" ><\/div><div class=\"clearboth\"><\/div><style>#thegem-divider-69e15d110f354 {margin-top: 50px !important;}<\/style><div id=\"thegem-divider-69e15d110f354\" class=\"gem-divider  \" style=\"\" ><\/div>[vc_column_text]<\/p>\n<h1 style=\"text-align: center;\"><span class=\"light\">CHCETE SA Aj VY DOSTA\u0164 NA BL\u00cdZKY V\u00ddCHOD?<\/span><br \/>\nKONTAKTUJTE N\u00c1S<\/h1>\n<p>[\/vc_column_text]<div class=\"clearboth\"><\/div><style>#thegem-divider-69e15d110f360 {margin-top: 40px !important;}<\/style><div id=\"thegem-divider-69e15d110f360\" class=\"gem-divider  \" style=\"\" ><\/div>[vc_column_text]<\/p>\n<div class=\"styled-subtitle\" style=\"text-align: center;\">Pro spole\u010dnosti zaj\u00edmaj\u00edc\u00ed se v\u00edce o obchodov\u00e1n\u00ed na Bl\u00edzk\u00e9m v\u00fdchod\u011b,<br \/>\nnab\u00edz\u00edme individu\u00e1ln\u00ed konzultace zam\u011b\u0159en\u00e9 nap\u0159\u00edklad na ochranu investic v\u016f\u010di kurzov\u00fdm rozd\u00edl\u016fm.<\/div>\n<p>[\/vc_column_text]<div class=\"clearboth\"><\/div><style>#thegem-divider-69e15d110f36b {margin-top: 40px !important;}<\/style><div id=\"thegem-divider-69e15d110f36b\" class=\"gem-divider  \" style=\"\" ><\/div><style type=\"text\/css\">.thegem-button-69e15d110f55e2838 .gem-button svg {fill: #3c3950;}.thegem-button-69e15d110f55e2838 .gem-button:hover svg {fill: #ffffff;}<\/style><div class=\"gem-button-container gem-button-position-center thegem-button-69e15d110f55e2838    \"  ><a class=\"gem-button gem-button-size-medium gem-button-style-outline gem-button-text-weight-normal gem-button-border-2\" data-ll-effect=\"drop-right-without-wrap\" style=\"border-radius: 30px;border-color: #3c3950;color: #3c3950;\" onmouseleave=\"this.style.borderColor='#3c3950';this.style.backgroundColor='transparent';this.style.color='#3c3950';\" onmouseenter=\"this.style.borderColor='#3c3950';this.style.backgroundColor='#3c3950';this.style.color='#ffffff';\" href=\"\/sk\/kontakt\/\" target=\"_self\">Kontakt<\/a><\/div> <\/div><\/div><\/div>[\/vc_column][\/vc_row]<\/p>\n<\/div>","protected":false},"excerpt":{"rendered":"<p>[vc_row full_width=&#8220;stretch_row&#8220; full_height=&#8220;yes&#8220; parallax=&#8220;content-moving&#8220; css=&#8220;.vc_custom_1563304469329{background-image: url(https:\/\/czechiacontract.com\/wp-content\/uploads\/2019\/07\/business.jpg?id=30145) !important;background-position: 0 0;background-repeat: no-repeat&#8230;<\/p>\n","protected":false},"author":1,"featured_media":0,"parent":0,"menu_order":9,"comment_status":"closed","ping_status":"closed","template":"","meta":{"passster_activate_protection":null,"passster_protect_child_pages":"","passster_protection_type":"password","passster_password":"","passster_activate_overwrite_defaults":"","passster_headline":"","passster_instruction":"","passster_placeholder":"","passster_button":"","passster_id":"","passster_activate_misc_settings":"","passster_redirect_url":"","passster_hide":"no","passster_area_shortcode":"","footnotes":""},"class_list":["post-30720","page","type-page","status-publish"],"_links":{"self":[{"href":"https:\/\/czechiacontract.com\/sk\/wp-json\/wp\/v2\/pages\/30720","targetHints":{"allow":["GET"]}}],"collection":[{"href":"https:\/\/czechiacontract.com\/sk\/wp-json\/wp\/v2\/pages"}],"about":[{"href":"https:\/\/czechiacontract.com\/sk\/wp-json\/wp\/v2\/types\/page"}],"author":[{"embeddable":true,"href":"https:\/\/czechiacontract.com\/sk\/wp-json\/wp\/v2\/users\/1"}],"replies":[{"embeddable":true,"href":"https:\/\/czechiacontract.com\/sk\/wp-json\/wp\/v2\/comments?post=30720"}],"version-history":[{"count":0,"href":"https:\/\/czechiacontract.com\/sk\/wp-json\/wp\/v2\/pages\/30720\/revisions"}],"wp:attachment":[{"href":"https:\/\/czechiacontract.com\/sk\/wp-json\/wp\/v2\/media?parent=30720"}],"curies":[{"name":"wp","href":"https:\/\/api.w.org\/{rel}","templated":true}]}}