{"id":30707,"date":"2019-08-07T16:19:57","date_gmt":"2019-08-07T14:19:57","guid":{"rendered":"https:\/\/czechiacontract.com\/produkty\/ostatni-nahradni-dily\/"},"modified":"2022-05-18T20:30:24","modified_gmt":"2022-05-18T18:30:24","slug":"ostatni-nahradni-dily","status":"publish","type":"page","link":"https:\/\/czechiacontract.com\/sk\/produkty\/ostatni-nahradni-dily\/","title":{"rendered":"OSTATN\u00c9 N\u00c1HRADN\u00c9 DIELY"},"content":{"rendered":"<div class=\"wpb-content-wrapper\"><p>[vc_row content_placement=&#8220;middle&#8220;][vc_column][vc_column_text]<\/p>\n<div class=\"styled-subtitle\" style=\"text-align: center;\">Ostatn\u00e9 n\u00e1hradn\u00e9 diely pripravujeme &#8230;<\/div>\n<p>[\/vc_column_text][vc_empty_space][\/vc_column][\/vc_row][vc_row][vc_column width=&#8220;1\/2&#8243;][vc_column_text]<\/p>\n<h2>H\u013dAD\u00c1TE NIE\u010cO?<\/h2>\n<p>Czechia Contract pon\u00faka \u0161irok\u00fd sortiment n\u00e1hradn\u00fdch dielov s mimoriadne dobr\u00fdm menom, pokia\u013e ide o \u017eivotnos\u0165, spo\u013eahlivos\u0165 aj trvanlivos\u0165. Produkty prech\u00e1dzaj\u00fa n\u00e1ro\u010dnou certifik\u00e1ciou a musia splni\u0165 tie najpr\u00edsnej\u0161ie krit\u00e9ri\u00e1 kladen\u00e9 na kvalitu materi\u00e1lu a spracovanie. Pon\u00fakame zast\u00fapenie pre obojstranne v\u00fdhodn\u00fd obchod.[\/vc_column_text][\/vc_column][vc_column width=&#8220;1\/2&#8243;][vc_column_text]<\/p>\n<h3>PO\u0160LITE N\u00c1M DOPYT<\/h3>\n<p>[\/vc_column_text]\n<div class=\"wpcf7 no-js\" id=\"wpcf7-f30737-o1\" lang=\"en-US\" dir=\"ltr\" data-wpcf7-id=\"30737\">\n<div class=\"screen-reader-response\"><p role=\"status\" aria-live=\"polite\" aria-atomic=\"true\"><\/p> <ul><\/ul><\/div>\n<form action=\"\/sk\/wp-json\/wp\/v2\/pages\/30707#wpcf7-f30737-o1\" method=\"post\" class=\"wpcf7-form init wpcf7-acceptance-as-validation\" aria-label=\"Contact form\" novalidate=\"novalidate\" data-status=\"init\">\n<div style=\"display: none;\">\n<input type=\"hidden\" name=\"_wpcf7\" value=\"30737\" \/>\n<input type=\"hidden\" name=\"_wpcf7_version\" value=\"6.0.5\" \/>\n<input type=\"hidden\" name=\"_wpcf7_locale\" value=\"en_US\" \/>\n<input type=\"hidden\" name=\"_wpcf7_unit_tag\" value=\"wpcf7-f30737-o1\" \/>\n<input type=\"hidden\" name=\"_wpcf7_container_post\" value=\"0\" \/>\n<input type=\"hidden\" name=\"_wpcf7_posted_data_hash\" value=\"\" \/>\n<input type=\"hidden\" name=\"_wpcf7_recaptcha_response\" value=\"\" \/>\n<\/div>\n<div class=\"contact-form-style-3\">\n\n<p class=\"col-md-6 cf-style3-name\"><span class=\"wpcf7-form-control-wrap\" data-name=\"your-name\"><input size=\"40\" maxlength=\"400\" class=\"wpcf7-form-control wpcf7-text wpcf7-validates-as-required\" aria-required=\"true\" aria-invalid=\"false\" placeholder=\"Meno*\" value=\"\" type=\"text\" name=\"your-name\" \/><\/span><\/p>\n<p class=\"col-md-6 cf-style3-email\"><span class=\"wpcf7-form-control-wrap\" data-name=\"your-email\"><input size=\"40\" maxlength=\"400\" class=\"wpcf7-form-control wpcf7-email wpcf7-validates-as-required wpcf7-text wpcf7-validates-as-email\" aria-required=\"true\" aria-invalid=\"false\" placeholder=\"Email*\" value=\"\" type=\"email\" name=\"your-email\" \/><\/span><\/p>\n<p class=\"col-md-12 cf-style3-textarea\"><span class=\"wpcf7-form-control-wrap\" data-name=\"your-message\"><textarea cols=\"40\" rows=\"4\" maxlength=\"2000\" class=\"wpcf7-form-control wpcf7-textarea\" aria-invalid=\"false\" placeholder=\"Va\u0161a spr\u00e1va ...\" name=\"your-message\"><\/textarea><\/span><\/p>\n<p><span class=\"wpcf7-form-control-wrap\" data-name=\"souhlas\"><span class=\"wpcf7-form-control wpcf7-acceptance\"><span class=\"wpcf7-list-item\"><label><input type=\"checkbox\" name=\"souhlas\" value=\"1\" aria-invalid=\"false\" \/><span class=\"wpcf7-list-item-label\">S\u00fahlas\u00edm s <a href=\"\/ochrana-osobnich-udaju\/\" rel=\"nofollow\" target=\"_blank\">GDPR<\/a><\/span><\/label><\/span><\/span><\/span><\/p>\n<p class=\"col-md-12\" ><input class=\"wpcf7-form-control wpcf7-submit has-spinner\" type=\"submit\" value=\"ODOSLA\u0164\" \/><\/p>\n<\/div><div class=\"wpcf7-response-output\" aria-hidden=\"true\"><\/div>\n<\/form>\n<\/div>\n[\/vc_column][\/vc_row]<\/p>\n<\/div>","protected":false},"excerpt":{"rendered":"<p>[vc_row content_placement=&#8220;middle&#8220;][vc_column][vc_column_text] Ostatn\u00e9 n\u00e1hradn\u00e9 diely pripravujeme &#8230; [\/vc_column_text][vc_empty_space][\/vc_column][\/vc_row][vc_row][vc_column width=&#8220;1\/2&#8243;][vc_column_text] H\u013dAD\u00c1TE&#8230;<\/p>\n","protected":false},"author":1,"featured_media":0,"parent":30685,"menu_order":11,"comment_status":"closed","ping_status":"closed","template":"","meta":{"passster_activate_protection":null,"passster_protect_child_pages":"","passster_protection_type":"password","passster_password":"","passster_activate_overwrite_defaults":"","passster_headline":"","passster_instruction":"","passster_placeholder":"","passster_button":"","passster_id":"","passster_activate_misc_settings":"","passster_redirect_url":"","passster_hide":"no","passster_area_shortcode":"","footnotes":""},"class_list":["post-30707","page","type-page","status-publish"],"_links":{"self":[{"href":"https:\/\/czechiacontract.com\/sk\/wp-json\/wp\/v2\/pages\/30707","targetHints":{"allow":["GET"]}}],"collection":[{"href":"https:\/\/czechiacontract.com\/sk\/wp-json\/wp\/v2\/pages"}],"about":[{"href":"https:\/\/czechiacontract.com\/sk\/wp-json\/wp\/v2\/types\/page"}],"author":[{"embeddable":true,"href":"https:\/\/czechiacontract.com\/sk\/wp-json\/wp\/v2\/users\/1"}],"replies":[{"embeddable":true,"href":"https:\/\/czechiacontract.com\/sk\/wp-json\/wp\/v2\/comments?post=30707"}],"version-history":[{"count":0,"href":"https:\/\/czechiacontract.com\/sk\/wp-json\/wp\/v2\/pages\/30707\/revisions"}],"up":[{"embeddable":true,"href":"https:\/\/czechiacontract.com\/sk\/wp-json\/wp\/v2\/pages\/30685"}],"wp:attachment":[{"href":"https:\/\/czechiacontract.com\/sk\/wp-json\/wp\/v2\/media?parent=30707"}],"curies":[{"name":"wp","href":"https:\/\/api.w.org\/{rel}","templated":true}]}}