{"id":30706,"date":"2019-08-07T16:19:39","date_gmt":"2019-08-07T14:19:39","guid":{"rendered":"https:\/\/czechiacontract.com\/produkty\/pneumatiky\/"},"modified":"2020-06-20T14:33:22","modified_gmt":"2020-06-20T12:33:22","slug":"pneumatiky","status":"publish","type":"page","link":"https:\/\/czechiacontract.com\/sk\/produkty\/pneumatiky\/","title":{"rendered":"Pneumatiky"},"content":{"rendered":"<div class=\"wpb-content-wrapper\"><p>[vc_row][vc_column][vc_column_text]<\/p>\n<h2 style=\"letter-spacing: 0.01em;\">PNEUMATIKY PRE OSOBN\u00da AJ N\u00c1KLADN\u00da DOPRAVU<\/h2>\n<p>Roz\u0161irujeme sortiment o pneumatiky pre osobn\u00e9 a n\u00e1kladn\u00e9 automobily. Pon\u00fakame produkty zna\u010diek s dlhou trad\u00edciou a s\u00fahrn v\u00fdrobkov pokr\u00fdvaj\u00faci v\u0161etky segmenty. Do portf\u00f3lia patria vy\u0161\u0161ie uveden\u00e9 pneumatiky, ako aj \u0161pecializovan\u00e9 \u00fa\u017eitkov\u00e9 pneumatiky.<\/p>\n<p>Na trhoch stredn\u00e9ho a bl\u00edzkeho v\u00fdchodu neust\u00e1le rastie dopyt po kvalitnom eur\u00f3pskom tovare. Pokia\u013e by ste aj Vy chceli n\u00e1js\u0165 odberate\u013eov v tomto regi\u00f3ne, m\u00e1te pr\u00edle\u017eitos\u0165.[\/vc_column_text][\/vc_column][\/vc_row][vc_row][vc_column][vc_raw_html][\/vc_raw_html][\/vc_column][\/vc_row][vc_row content_placement=&#8220;middle&#8220;][vc_column width=&#8220;1\/6&#8243;][\/vc_column][vc_column width=&#8220;2\/3&#8243;][vc_raw_html]JTVCZWxmc2lnaHRfcGRmX2VtYmVkJTIwaWQlM0QlMjI2JTIyJTVE[\/vc_raw_html][\/vc_column][vc_column width=&#8220;1\/6&#8243;][\/vc_column][\/vc_row]<\/p>\n<\/div>","protected":false},"excerpt":{"rendered":"<p>[vc_row][vc_column][vc_column_text] PNEUMATIKY PRE OSOBN\u00da AJ N\u00c1KLADN\u00da DOPRAVU Roz\u0161irujeme sortiment o&#8230;<\/p>\n","protected":false},"author":1,"featured_media":0,"parent":30685,"menu_order":9,"comment_status":"closed","ping_status":"closed","template":"","meta":{"passster_activate_protection":false,"passster_protect_child_pages":"","passster_protection_type":"password","passster_password":"","passster_activate_overwrite_defaults":"","passster_headline":"","passster_instruction":"","passster_placeholder":"","passster_button":"","passster_id":"","passster_activate_misc_settings":"","passster_redirect_url":"","passster_hide":"no","passster_area_shortcode":"","footnotes":""},"class_list":["post-30706","page","type-page","status-publish"],"_links":{"self":[{"href":"https:\/\/czechiacontract.com\/sk\/wp-json\/wp\/v2\/pages\/30706","targetHints":{"allow":["GET"]}}],"collection":[{"href":"https:\/\/czechiacontract.com\/sk\/wp-json\/wp\/v2\/pages"}],"about":[{"href":"https:\/\/czechiacontract.com\/sk\/wp-json\/wp\/v2\/types\/page"}],"author":[{"embeddable":true,"href":"https:\/\/czechiacontract.com\/sk\/wp-json\/wp\/v2\/users\/1"}],"replies":[{"embeddable":true,"href":"https:\/\/czechiacontract.com\/sk\/wp-json\/wp\/v2\/comments?post=30706"}],"version-history":[{"count":0,"href":"https:\/\/czechiacontract.com\/sk\/wp-json\/wp\/v2\/pages\/30706\/revisions"}],"up":[{"embeddable":true,"href":"https:\/\/czechiacontract.com\/sk\/wp-json\/wp\/v2\/pages\/30685"}],"wp:attachment":[{"href":"https:\/\/czechiacontract.com\/sk\/wp-json\/wp\/v2\/media?parent=30706"}],"curies":[{"name":"wp","href":"https:\/\/api.w.org\/{rel}","templated":true}]}}