{"id":30705,"date":"2019-08-07T16:19:24","date_gmt":"2019-08-07T14:19:24","guid":{"rendered":"https:\/\/czechiacontract.com\/produkty\/oleje-a-maziva\/"},"modified":"2020-06-20T14:33:31","modified_gmt":"2020-06-20T12:33:31","slug":"oleje-a-maziva","status":"publish","type":"page","link":"https:\/\/czechiacontract.com\/sk\/produkty\/oleje-a-maziva\/","title":{"rendered":"OLEJE A MAZIV\u00c1"},"content":{"rendered":"<div class=\"wpb-content-wrapper\"><p>[vc_row][vc_column][vc_column_text]<\/p>\n<h2 style=\"letter-spacing: 0.01em;\">OLEJE MOTOROV\u00c9, PREVODOV\u00c9, PRIEMYSELN\u00c9 \u2026<\/h2>\n<p>Aktu\u00e1lne sme roz\u0161\u00edrili sortiment o ponuku motorov\u00fdch, prevodov\u00fdch a priemyseln\u00fdch olejov. M\u00f4\u017eeme v\u00e1m pon\u00faknu\u0165 dod\u00e1vky olejov, maz\u00edv a \u0161peci\u00e1lnych produktov pre priemyseln\u00e9 podniky a dopravn\u00e9 firmy. Medzi priemyseln\u00e9 maziv\u00e1 rad\u00edme aj ve\u013emi \u0161pecificky zameran\u00e9 produkty typu medic\u00ednskych bielych olejov tej najvy\u0161\u0161ej \u010distoty alebo vysokovisk\u00f3zne valcov\u00e9 oleje ur\u010den\u00e9 pre z\u00e1vitovkov\u00e9 prevody a parn\u00e9 stroje.[\/vc_column_text][\/vc_column][\/vc_row][vc_row][vc_column][vc_raw_html]JTVCbW9kdWxhJTIwaWQlM0QlMjIzMDQwOSUyMiU1RA==[\/vc_raw_html][\/vc_column][\/vc_row][vc_row content_placement=&#8220;middle&#8220;][vc_column width=&#8220;1\/6&#8243;][\/vc_column][vc_column width=&#8220;2\/3&#8243;][vc_raw_html]JTVCZWxmc2lnaHRfcGRmX2VtYmVkJTIwaWQlM0QlMjI1JTIyJTVE[\/vc_raw_html][\/vc_column][vc_column width=&#8220;1\/6&#8243;][\/vc_column][\/vc_row]<\/p>\n<\/div>","protected":false},"excerpt":{"rendered":"<p>[vc_row][vc_column][vc_column_text] OLEJE MOTOROV\u00c9, PREVODOV\u00c9, PRIEMYSELN\u00c9 \u2026 Aktu\u00e1lne sme roz\u0161\u00edrili sortiment&#8230;<\/p>\n","protected":false},"author":1,"featured_media":0,"parent":30685,"menu_order":7,"comment_status":"closed","ping_status":"closed","template":"","meta":{"passster_activate_protection":false,"passster_protect_child_pages":"","passster_protection_type":"password","passster_password":"","passster_activate_overwrite_defaults":"","passster_headline":"","passster_instruction":"","passster_placeholder":"","passster_button":"","passster_id":"","passster_activate_misc_settings":"","passster_redirect_url":"","passster_hide":"no","passster_area_shortcode":"","footnotes":""},"class_list":["post-30705","page","type-page","status-publish"],"_links":{"self":[{"href":"https:\/\/czechiacontract.com\/sk\/wp-json\/wp\/v2\/pages\/30705","targetHints":{"allow":["GET"]}}],"collection":[{"href":"https:\/\/czechiacontract.com\/sk\/wp-json\/wp\/v2\/pages"}],"about":[{"href":"https:\/\/czechiacontract.com\/sk\/wp-json\/wp\/v2\/types\/page"}],"author":[{"embeddable":true,"href":"https:\/\/czechiacontract.com\/sk\/wp-json\/wp\/v2\/users\/1"}],"replies":[{"embeddable":true,"href":"https:\/\/czechiacontract.com\/sk\/wp-json\/wp\/v2\/comments?post=30705"}],"version-history":[{"count":0,"href":"https:\/\/czechiacontract.com\/sk\/wp-json\/wp\/v2\/pages\/30705\/revisions"}],"up":[{"embeddable":true,"href":"https:\/\/czechiacontract.com\/sk\/wp-json\/wp\/v2\/pages\/30685"}],"wp:attachment":[{"href":"https:\/\/czechiacontract.com\/sk\/wp-json\/wp\/v2\/media?parent=30705"}],"curies":[{"name":"wp","href":"https:\/\/api.w.org\/{rel}","templated":true}]}}