{"id":30703,"date":"2019-08-07T16:18:54","date_gmt":"2019-08-07T14:18:54","guid":{"rendered":"https:\/\/czechiacontract.com\/produkty\/cerpadla\/"},"modified":"2022-05-18T20:28:43","modified_gmt":"2022-05-18T18:28:43","slug":"cerpadla","status":"publish","type":"page","link":"https:\/\/czechiacontract.com\/sk\/produkty\/cerpadla\/","title":{"rendered":"\u010cERPADL\u00c1"},"content":{"rendered":"<div class=\"wpb-content-wrapper\"><p>[vc_row][vc_column][vc_column_text]<\/p>\n<h2 style=\"letter-spacing: 0em;\">VSTREKOVACIE, POD\u00c1VACIE, RADOV\u00c9 &#8230;<\/h2>\n<p>Pon\u00fakame vstrekovacie \u010derpadl\u00e1 pre najr\u00f4znej\u0161ie pou\u017eitia na motoroch traktorov a cestn\u00fdch motorov\u00fdch vozidiel, pre motory \u017eelezni\u010dn\u00e9 a lodn\u00e9, pre motory sl\u00fa\u017eiace na pohon cestn\u00fdch a stavebn\u00fdch strojov, gener\u00e1torov, aj pre motory stacion\u00e1rne.<\/p>\n<p>Vstrekovacie \u010derpadl\u00e1, ktor\u00e9 distribuujeme m\u00f4\u017eu vstrekova\u0165 do valcov vznetov\u00fdch motorov motorov\u00fa naftu ako aj po \u00faprav\u00e1ch benz\u00edn a in\u00e9 menej hodnotn\u00e9 paliv\u00e1. R\u00f4zne ve\u013ekosti vstrekovac\u00edch \u010derpadiel sa m\u00f4\u017eu dod\u00e1va\u0165 v odli\u0161nom preveden\u00ed upev\u0148ovacej pr\u00edruby, umiestnen\u00ed pr\u00edvodu paliva, mont\u00e1\u017eneho okienka apod. Vstrekovacie \u010derpadl\u00e1 s nov\u0161ou kon\u0161trukciou m\u00f4\u017eu by\u0165 osaden\u00e9 piestmi r\u00f4znych priemerov a tvarov ich hl\u00e1v. To umo\u017e\u0148uje lep\u0161iu \u0161tartovate\u013enos\u0165 vznetov\u00fdch motorov na priebeh horenia paliva. Vhodnou kombin\u00e1ciou ve\u013ekosti \u010derpadla, jeho prevedenia a spr\u00e1vnou vo\u013ebou priemeru piestu je zaisten\u00e9 optim\u00e1lne prisp\u00f4sobenie vstrekovacieho \u010derpadla ka\u017ed\u00e9mu vznetov\u00e9mu motoru.[\/vc_column_text][\/vc_column][\/vc_row][vc_row][vc_column][vc_raw_html]JTVCbW9kdWxhJTIwaWQlM0QlMjIzMDM4NCUyMiU1RA==[\/vc_raw_html][\/vc_column][\/vc_row][vc_row content_placement=&#8220;middle&#8220;][vc_column width=&#8220;1\/6&#8243;][\/vc_column][vc_column width=&#8220;2\/3&#8243;][vc_raw_html]JTVCZWxmc2lnaHRfcGRmX2VtYmVkJTIwaWQlM0QlMjIzJTIyJTVE[\/vc_raw_html][\/vc_column][vc_column width=&#8220;1\/6&#8243;][\/vc_column][\/vc_row]<\/p>\n<\/div>","protected":false},"excerpt":{"rendered":"<p>[vc_row][vc_column][vc_column_text] VSTREKOVACIE, POD\u00c1VACIE, RADOV\u00c9 &#8230; Pon\u00fakame vstrekovacie \u010derpadl\u00e1 pre najr\u00f4znej\u0161ie&#8230;<\/p>\n","protected":false},"author":1,"featured_media":0,"parent":30685,"menu_order":3,"comment_status":"closed","ping_status":"closed","template":"","meta":{"passster_activate_protection":null,"passster_protect_child_pages":"","passster_protection_type":"password","passster_password":"","passster_activate_overwrite_defaults":"","passster_headline":"","passster_instruction":"","passster_placeholder":"","passster_button":"","passster_id":"","passster_activate_misc_settings":"","passster_redirect_url":"","passster_hide":"no","passster_area_shortcode":"","footnotes":""},"class_list":["post-30703","page","type-page","status-publish"],"_links":{"self":[{"href":"https:\/\/czechiacontract.com\/sk\/wp-json\/wp\/v2\/pages\/30703","targetHints":{"allow":["GET"]}}],"collection":[{"href":"https:\/\/czechiacontract.com\/sk\/wp-json\/wp\/v2\/pages"}],"about":[{"href":"https:\/\/czechiacontract.com\/sk\/wp-json\/wp\/v2\/types\/page"}],"author":[{"embeddable":true,"href":"https:\/\/czechiacontract.com\/sk\/wp-json\/wp\/v2\/users\/1"}],"replies":[{"embeddable":true,"href":"https:\/\/czechiacontract.com\/sk\/wp-json\/wp\/v2\/comments?post=30703"}],"version-history":[{"count":0,"href":"https:\/\/czechiacontract.com\/sk\/wp-json\/wp\/v2\/pages\/30703\/revisions"}],"up":[{"embeddable":true,"href":"https:\/\/czechiacontract.com\/sk\/wp-json\/wp\/v2\/pages\/30685"}],"wp:attachment":[{"href":"https:\/\/czechiacontract.com\/sk\/wp-json\/wp\/v2\/media?parent=30703"}],"curies":[{"name":"wp","href":"https:\/\/api.w.org\/{rel}","templated":true}]}}