{"id":30702,"date":"2019-08-07T16:18:41","date_gmt":"2019-08-07T14:18:41","guid":{"rendered":"https:\/\/czechiacontract.com\/produkty\/vstrikovace\/"},"modified":"2022-05-18T20:27:46","modified_gmt":"2022-05-18T18:27:46","slug":"vstrikovace","status":"publish","type":"page","link":"https:\/\/czechiacontract.com\/sk\/produkty\/vstrikovace\/","title":{"rendered":"VSTREKOVA\u010cE"},"content":{"rendered":"<div class=\"wpb-content-wrapper\"><p>[vc_row][vc_column][vc_column_text]<\/p>\n<h2 style=\"letter-spacing: 0em;\">VSTREKOVACIE TRYSKY, V\u00ddTLA\u010cN\u00c9 VENTILY &#8230;<\/h2>\n<p>Pri v\u00fdbere dod\u00e1vate\u013ea kladieme d\u00f4raz na presnos\u0165, kvalitu a technol\u00f3giu spracovania, rovnako ako na v\u0161etky \u010fal\u0161ie komponenty cel\u00e9ho vstrekovacieho zariadenia. Pon\u00fakame \u0161irok\u00fd sortiment trysiek v nieko\u013ek\u00fdch prevedeniach. Napr\u00edklad otvorov\u00e9 pre motory s priamym vstrekovan\u00edm, \u010dapov\u00e9 pre motory s predkom\u00f4rkou alebo v\u00edrovou kom\u00f4rkou, s nepriamym vstrekovan\u00edm alebo pre ve\u013ek\u00e9 vznetov\u00e9 motory v preveden\u00ed s chladen\u00edm.<\/p>\n<p>V sortimente Czechia Contract n\u00e1jdete \u0161irok\u00fd v\u00fdber dr\u017eiakov vstrekovac\u00edch trysiek be\u017en\u00e9ho prevedenia, dod\u00e1van\u00fdch ako pre motory s priamym, tak s nepriamym vstrekovan\u00edm paliva, rovnako ako \u010fal\u0161ie typy v z\u00e1vislosti od prevedenia vznetov\u00e9ho motora. Je mo\u017en\u00e9 objedna\u0165 aj in\u00e9 prevedenia pod\u013ea potreby.[\/vc_column_text][\/vc_column][\/vc_row][vc_row][vc_column][vc_raw_html]JTVCbW9kdWxhJTIwaWQlM0QlMjIzMDIxNCUyMiU1RA==[\/vc_raw_html][\/vc_column][\/vc_row][vc_row content_placement=&#8220;middle&#8220;][vc_column width=&#8220;1\/6&#8243;][\/vc_column][vc_column width=&#8220;2\/3&#8243;][vc_raw_html]JTVCZWxmc2lnaHRfcGRmX2VtYmVkJTIwaWQlM0QlMjIyJTIyJTVE[\/vc_raw_html][\/vc_column][vc_column width=&#8220;1\/6&#8243;][\/vc_column][\/vc_row]<\/p>\n<\/div>","protected":false},"excerpt":{"rendered":"<p>[vc_row][vc_column][vc_column_text] VSTREKOVACIE TRYSKY, V\u00ddTLA\u010cN\u00c9 VENTILY &#8230; Pri v\u00fdbere dod\u00e1vate\u013ea kladieme&#8230;<\/p>\n","protected":false},"author":1,"featured_media":0,"parent":30685,"menu_order":1,"comment_status":"closed","ping_status":"closed","template":"","meta":{"passster_activate_protection":null,"passster_protect_child_pages":"","passster_protection_type":"password","passster_password":"","passster_activate_overwrite_defaults":"","passster_headline":"","passster_instruction":"","passster_placeholder":"","passster_button":"","passster_id":"","passster_activate_misc_settings":"","passster_redirect_url":"","passster_hide":"no","passster_area_shortcode":"","footnotes":""},"class_list":["post-30702","page","type-page","status-publish"],"_links":{"self":[{"href":"https:\/\/czechiacontract.com\/sk\/wp-json\/wp\/v2\/pages\/30702","targetHints":{"allow":["GET"]}}],"collection":[{"href":"https:\/\/czechiacontract.com\/sk\/wp-json\/wp\/v2\/pages"}],"about":[{"href":"https:\/\/czechiacontract.com\/sk\/wp-json\/wp\/v2\/types\/page"}],"author":[{"embeddable":true,"href":"https:\/\/czechiacontract.com\/sk\/wp-json\/wp\/v2\/users\/1"}],"replies":[{"embeddable":true,"href":"https:\/\/czechiacontract.com\/sk\/wp-json\/wp\/v2\/comments?post=30702"}],"version-history":[{"count":0,"href":"https:\/\/czechiacontract.com\/sk\/wp-json\/wp\/v2\/pages\/30702\/revisions"}],"up":[{"embeddable":true,"href":"https:\/\/czechiacontract.com\/sk\/wp-json\/wp\/v2\/pages\/30685"}],"wp:attachment":[{"href":"https:\/\/czechiacontract.com\/sk\/wp-json\/wp\/v2\/media?parent=30702"}],"curies":[{"name":"wp","href":"https:\/\/api.w.org\/{rel}","templated":true}]}}