{"id":30685,"date":"2016-02-02T11:55:21","date_gmt":"2016-02-02T10:55:21","guid":{"rendered":"https:\/\/czechiacontract.com\/produkty\/"},"modified":"2022-05-18T20:26:15","modified_gmt":"2022-05-18T18:26:15","slug":"produkty","status":"publish","type":"page","link":"https:\/\/czechiacontract.com\/sk\/produkty\/","title":{"rendered":"PRODUKTY"},"content":{"rendered":"<div class=\"wpb-content-wrapper\"><p>[vc_row][vc_column][vc_empty_space height=&#8220;50px&#8220;][vc_column_text]<\/p>\n<h1>PRODUKTY <span class=\"light\">&amp; UK\u00c1\u017dKA SORTIMENTU<\/span><\/h1>\n<p>[\/vc_column_text][\/vc_column][\/vc_row][vc_row][vc_column][vc_column_text]<\/p>\n<p class=\"styled-biggertext\">Dod\u00e1vame n\u00e1hradn\u00e9 diely pre automobilov\u00fd priemysel, to znamen\u00e1 osobn\u00e9 a \u00fa\u017eitkov\u00e9 vozidl\u00e1, n\u00e1kladn\u00fa dopravu, po\u013enohospod\u00e1rsku techniku, komponenty pre dopravu, a in\u00e9. Sortiment sa neust\u00e1le men\u00ed a roz\u0161iruje.<\/p>\n<p class=\"styled-biggertext\">V pr\u00edpade dopytu na v\u00fdrobu dielov sme schopn\u00ed n\u00e1js\u0165 zhotovite\u013ea a zada\u0165 v\u00fdrobu na z\u00e1kazku. V\u017edy s d\u00f4razom na komplexn\u00fa skladbu jednotliv\u00fdch v\u00fdrobn\u00fdch \u010dinnost\u00ed. To se t\u00fdka ako ve\u013ekorozmern\u00fdch, tak malorozmern\u00fdch dielov n\u00e1ro\u010dn\u00fdch na realiz\u00e1ciu pri hromadnej v\u00fdrobe, pre klientov v elektrotechnickom, automobilovom a inom priemysle.<\/p>\n<p class=\"styled-biggertext\">Ni\u017e\u0161ie n\u00e1jdete polo\u017eky ako s\u00fa napr\u00edklad lo\u017eisk\u00e1, trysky, \u010derpadl\u00e1, ventily, tesnenia alebo n\u00e1hradn\u00e9 diely pre \u0165a\u017ek\u00fa techniku. Mno\u017estvo z\u00e1kaziek sa realizuje takzvane na k\u013e\u00fa\u010d, pod\u013ea individu\u00e1lnej \u0161pecifik\u00e1cie objedn\u00e1vky z\u00e1kazn\u00edka. Nev\u00e1hajte sa na n\u00e1s obr\u00e1ti\u0165 s dopytom alebo ponukou.<\/p>\n<p>[\/vc_column_text][vc_empty_space][\/vc_column][\/vc_row][vc_row equal_height=&#8220;yes&#8220; css=&#8220;.vc_custom_1565171574509{margin-bottom: 0px !important;padding-bottom: 0px !important;}&#8220;][vc_column width=&#8220;1\/3&#8243; css=&#8220;.vc_custom_1565188812812{padding-right: 10% !important;padding-left: 10% !important;background-image: url(https:\/\/czechiacontract.com\/wp-content\/uploads\/2019\/08\/vstrikovace-1.jpg?id=30292) !important;background-position: center !important;background-repeat: no-repeat !important;background-size: cover !important;}&#8220; el_class=&#8220;entire-div-link&#8220;][vc_raw_html]JTNDYSUyMGhyZWYlM0QlMjIlMkZzayUyRnByb2R1a3R5JTJGdnN0cmlrb3ZhY2UlMkYlMjIlM0UlM0MlMkZhJTNF[\/vc_raw_html][vc_column_text]<\/p>\n<div class=\"title-h3 white\" style=\"text-align: center; letter-spacing: 0px;\">VSTREKOVA\u010cE &#8230;<\/div>\n<p>[\/vc_column_text]<div class=\"clearboth\"><\/div><style>#thegem-divider-69d093470e639 {margin-top: 45px !important;}<\/style><div id=\"thegem-divider-69d093470e639\" class=\"gem-divider  \" style=\"\" ><\/div>[\/vc_column][vc_column width=&#8220;1\/3&#8243; css=&#8220;.vc_custom_1565189637416{padding-right: 10% !important;padding-left: 10% !important;background-image: url(https:\/\/czechiacontract.com\/wp-content\/uploads\/2019\/08\/cerpadla-1.jpg?id=30294) !important;background-position: center !important;background-repeat: no-repeat !important;background-size: cover !important;}&#8220; el_class=&#8220;entire-div-link&#8220;][vc_raw_html]JTNDYSUyMGhyZWYlM0QlMjIlMkZzayUyRnByb2R1a3R5JTJGY2VycGFkbGElMkYlMjIlM0UlM0MlMkZhJTNF[\/vc_raw_html][vc_column_text]<\/p>\n<div class=\"title-h3 white\" style=\"text-align: center; letter-spacing: 0px;\">\u010cERPADL\u00c1<\/div>\n<p>[\/vc_column_text]<div class=\"clearboth\"><\/div><style>#thegem-divider-69d093470e665 {margin-top: 45px !important;}<\/style><div id=\"thegem-divider-69d093470e665\" class=\"gem-divider  \" style=\"\" ><\/div>[\/vc_column][vc_column width=&#8220;1\/3&#8243; css=&#8220;.vc_custom_1565188669183{padding-right: 10% !important;padding-left: 10% !important;background-image: url(https:\/\/czechiacontract.com\/wp-content\/uploads\/2019\/08\/loziska-1.jpg?id=30296) !important;background-position: center !important;background-repeat: no-repeat !important;background-size: cover !important;}&#8220; el_class=&#8220;entire-div-link&#8220;][vc_raw_html]JTNDYSUyMGhyZWYlM0QlMjIlMkZzayUyRnByb2R1a3R5JTJGbG96aXNrYSUyRiUyMiUzRSUzQyUyRmElM0U=[\/vc_raw_html][vc_column_text]<\/p>\n<div class=\"title-h3 white\" style=\"text-align: center; letter-spacing: 0px;\">LO\u017dISK\u00c1<\/div>\n<p>[\/vc_column_text]<div class=\"clearboth\"><\/div><style>#thegem-divider-69d093470e67b {margin-top: 45px !important;}<\/style><div id=\"thegem-divider-69d093470e67b\" class=\"gem-divider  \" style=\"\" ><\/div>[\/vc_column][\/vc_row][vc_row equal_height=&#8220;yes&#8220; css=&#8220;.vc_custom_1570480218259{margin-bottom: 0px !important;padding-bottom: 0px !important;}&#8220;][vc_column width=&#8220;1\/3&#8243; css=&#8220;.vc_custom_1652898370664{padding-right: 10% !important;padding-left: 10% !important;background-image: url(https:\/\/czechiacontract.com\/wp-content\/uploads\/2019\/08\/oleje-a-maziva-1.jpg?id=30698) !important;background-position: center !important;background-repeat: no-repeat !important;background-size: cover !important;}&#8220; el_class=&#8220;entire-div-link&#8220;][vc_raw_html]JTNDYSUyMGhyZWYlM0QlMjIlMkZzayUyRnByb2R1a3R5JTJGb2xlamUtYS1tYXppdmElMkYlMjIlM0UlM0MlMkZhJTNF[\/vc_raw_html][vc_column_text]<\/p>\n<div class=\"title-h3 white\" style=\"text-align: center; letter-spacing: 0px;\">OLEJE A MAZIV\u00c1<\/div>\n<p>[\/vc_column_text]<div class=\"clearboth\"><\/div><style>#thegem-divider-69d093470e68b {margin-top: 45px !important;}<\/style><div id=\"thegem-divider-69d093470e68b\" class=\"gem-divider  \" style=\"\" ><\/div>[\/vc_column][vc_column width=&#8220;1\/3&#8243; css=&#8220;.vc_custom_1565187886327{padding-right: 10% !important;padding-left: 10% !important;background-image: url(https:\/\/czechiacontract.com\/wp-content\/uploads\/2019\/08\/pneu-2.jpg?id=30304) !important;background-position: center !important;background-repeat: no-repeat !important;background-size: cover !important;}&#8220; el_class=&#8220;entire-div-link&#8220;][vc_raw_html]JTNDYSUyMGhyZWYlM0QlMjIlMkZzayUyRnByb2R1a3R5JTJGcG5ldW1hdGlreSUyRiUyMiUzRSUzQyUyRmElM0U=[\/vc_raw_html][vc_column_text]<\/p>\n<div class=\"title-h3 white\" style=\"text-align: center; letter-spacing: 0px;\">PNEUMATIKY<\/div>\n<p>[\/vc_column_text]<div class=\"clearboth\"><\/div><style>#thegem-divider-69d093470e699 {margin-top: 45px !important;}<\/style><div id=\"thegem-divider-69d093470e699\" class=\"gem-divider  \" style=\"\" ><\/div>[\/vc_column][vc_column width=&#8220;1\/3&#8243; css=&#8220;.vc_custom_1565187891826{padding-right: 10% !important;padding-left: 10% !important;background-image: url(https:\/\/czechiacontract.com\/wp-content\/uploads\/2019\/08\/nahradni-dily-3.jpg?id=30306) !important;background-position: center !important;background-repeat: no-repeat !important;background-size: cover !important;}&#8220; el_class=&#8220;entire-div-link&#8220;][vc_raw_html]JTNDYSUyMGhyZWYlM0QlMjIlMkZzayUyRnByb2R1a3R5JTJGZHJ6YWstbG96aXNrYSUyRiUyMiUzRSUzQyUyRmElM0U=[\/vc_raw_html][vc_column_text]<\/p>\n<div class=\"title-h3 white\" style=\"text-align: center; letter-spacing: 0px;\">DR\u017dIAK LO\u017dISKA<\/div>\n<p>[\/vc_column_text]<div class=\"clearboth\"><\/div><style>#thegem-divider-69d093470e6a6 {margin-top: 45px !important;}<\/style><div id=\"thegem-divider-69d093470e6a6\" class=\"gem-divider  \" style=\"\" ><\/div>[\/vc_column][\/vc_row][vc_row equal_height=&#8220;yes&#8220;][vc_column width=&#8220;1\/3&#8243; css=&#8220;.vc_custom_1570480229342{padding-right: 10% !important;padding-left: 10% !important;background-position: center !important;background-repeat: no-repeat !important;background-size: cover !important;}&#8220;]<div class=\"clearboth\"><\/div><style>#thegem-divider-69d093470e6b2 {margin-top: 45px !important;}<\/style><div id=\"thegem-divider-69d093470e6b2\" class=\"gem-divider  \" style=\"\" ><\/div>[\/vc_column][vc_column width=&#8220;1\/3&#8243; css=&#8220;.vc_custom_1570480246012{padding-right: 10% !important;padding-left: 10% !important;background-image: url(https:\/\/czechiacontract.com\/wp-content\/uploads\/2019\/08\/nahradni-dily-3.jpg?id=30700) !important;background-position: center !important;background-repeat: no-repeat !important;background-size: cover !important;}&#8220; el_class=&#8220;entire-div-link&#8220;][vc_raw_html]JTNDYSUyMGhyZWYlM0QlMjIlMkZzayUyRnByb2R1a3R5JTJGb3N0YXRuaS1uYWhyYWRuaS1kaWx5JTJGJTIyJTNFJTNDJTJGYSUzRQ==[\/vc_raw_html][vc_column_text]<\/p>\n<div class=\"title-h3 white\" style=\"text-align: center; letter-spacing: 0px;\">OSTATN\u00c9 D\u00cdLY<\/div>\n<p>[\/vc_column_text]<div class=\"clearboth\"><\/div><style>#thegem-divider-69d093470e6bd {margin-top: 45px !important;}<\/style><div id=\"thegem-divider-69d093470e6bd\" class=\"gem-divider  \" style=\"\" ><\/div>[\/vc_column][vc_column width=&#8220;1\/3&#8243; css=&#8220;.vc_custom_1570480265623{padding-right: 10% !important;padding-left: 10% !important;background-position: center !important;background-repeat: no-repeat !important;background-size: cover !important;}&#8220;]<div class=\"clearboth\"><\/div><style>#thegem-divider-69d093470e6c9 {margin-top: 45px !important;}<\/style><div id=\"thegem-divider-69d093470e6c9\" class=\"gem-divider  \" style=\"\" ><\/div>[\/vc_column][\/vc_row][vc_row][vc_column][vc_empty_space height=&#8220;100px&#8220;][\/vc_column][\/vc_row][vc_row content_placement=&#8220;middle&#8220;][vc_column][vc_column_text]<\/p>\n<h2 style=\"text-align: center;\">PARTNERI<\/h2>\n<p>[\/vc_column_text][\/vc_column][\/vc_row][vc_row content_placement=&#8220;middle&#8220;][vc_column]<div class=\"preloader\"><div class=\"preloader-spin\"><\/div><\/div><div class=\"gem-clients gem-clients-type-carousel-grid disable-grayscale \" data-autoscroll=\"0\"><div class=\"gem-clients-slide\"><div class=\"gem-clients-slide-inner clearfix\"> <div id=\"post-30361\" class=\"gem-client-item post-30361 thegem_client type-thegem_client status-publish has-post-thumbnail\" style=\"width: 14.285714285714%;\" > <span href=\"#\" target=\"_self\" class=\"gscale\"> <img width=\"200\" height=\"200\" src=\"https:\/\/czechiacontract.com\/wp-content\/uploads\/2019\/08\/zkl.png\" class=\"img-responsive wp-post-image\" alt=\"zkl\" \/>\t<\/span> <\/div> <div id=\"post-30378\" class=\"gem-client-item post-30378 thegem_client type-thegem_client status-publish has-post-thumbnail\" style=\"width: 14.285714285714%;\" > <span href=\"#\" target=\"_self\" class=\"gscale\"> <img width=\"200\" height=\"200\" src=\"https:\/\/czechiacontract.com\/wp-content\/uploads\/2019\/08\/matador.png\" class=\"img-responsive wp-post-image\" alt=\"matador\" \/>\t<\/span> <\/div> <div id=\"post-30379\" class=\"gem-client-item post-30379 thegem_client type-thegem_client status-publish has-post-thumbnail\" style=\"width: 14.285714285714%;\" > <span href=\"#\" target=\"_self\" class=\"gscale\"> <img width=\"200\" height=\"200\" src=\"https:\/\/czechiacontract.com\/wp-content\/uploads\/2019\/08\/motorpal.png\" class=\"img-responsive wp-post-image\" alt=\"motorpal\" \/>\t<\/span> <\/div> <div id=\"post-30380\" class=\"gem-client-item post-30380 thegem_client type-thegem_client status-publish has-post-thumbnail\" style=\"width: 14.285714285714%;\" > <span href=\"#\" target=\"_self\" class=\"gscale\"> <img width=\"200\" height=\"200\" src=\"https:\/\/czechiacontract.com\/wp-content\/uploads\/2019\/08\/slovnaft.png\" class=\"img-responsive wp-post-image\" alt=\"slovnaft\" \/>\t<\/span> <\/div> <div id=\"post-30381\" class=\"gem-client-item post-30381 thegem_client type-thegem_client status-publish has-post-thumbnail\" style=\"width: 14.285714285714%;\" > <span href=\"#\" target=\"_self\" class=\"gscale\"> <img width=\"200\" height=\"200\" src=\"https:\/\/czechiacontract.com\/wp-content\/uploads\/2019\/08\/kinex.png\" class=\"img-responsive wp-post-image\" alt=\"kinex\" \/>\t<\/span> <\/div> <div id=\"post-31227\" class=\"gem-client-item post-31227 thegem_client type-thegem_client status-publish has-post-thumbnail\" style=\"width: 14.285714285714%;\" > <span href=\"#\" target=\"_self\" class=\"gscale\"> <img width=\"200\" height=\"200\" src=\"https:\/\/czechiacontract.com\/wp-content\/uploads\/2020\/05\/alcaplast.png\" class=\"img-responsive wp-post-image\" alt=\"alcaplast\" \/>\t<\/span> <\/div> <div id=\"post-31604\" class=\"gem-client-item post-31604 thegem_client type-thegem_client status-publish has-post-thumbnail\" style=\"width: 14.285714285714%;\" > <span href=\"#\" target=\"_blank\" class=\"gscale\"> <img width=\"200\" height=\"200\" src=\"https:\/\/czechiacontract.com\/wp-content\/uploads\/2020\/08\/molcik.png\" class=\"img-responsive wp-post-image\" alt=\"molcik\" \/>\t<\/span> <\/div><\/div><\/div><\/div>[\/vc_column][\/vc_row]<\/p>\n<\/div>","protected":false},"excerpt":{"rendered":"<p>[vc_row][vc_column][vc_empty_space height=&#8220;50px&#8220;][vc_column_text] PRODUKTY &amp; UK\u00c1\u017dKA SORTIMENTU [\/vc_column_text][\/vc_column][\/vc_row][vc_row][vc_column][vc_column_text] Dod\u00e1vame n\u00e1hradn\u00e9 diely&#8230;<\/p>\n","protected":false},"author":1,"featured_media":0,"parent":0,"menu_order":5,"comment_status":"closed","ping_status":"closed","template":"","meta":{"passster_activate_protection":null,"passster_protect_child_pages":"","passster_protection_type":"password","passster_password":"","passster_activate_overwrite_defaults":"","passster_headline":"","passster_instruction":"","passster_placeholder":"","passster_button":"","passster_id":"","passster_activate_misc_settings":"","passster_redirect_url":"","passster_hide":"no","passster_area_shortcode":"","footnotes":""},"class_list":["post-30685","page","type-page","status-publish"],"_links":{"self":[{"href":"https:\/\/czechiacontract.com\/sk\/wp-json\/wp\/v2\/pages\/30685","targetHints":{"allow":["GET"]}}],"collection":[{"href":"https:\/\/czechiacontract.com\/sk\/wp-json\/wp\/v2\/pages"}],"about":[{"href":"https:\/\/czechiacontract.com\/sk\/wp-json\/wp\/v2\/types\/page"}],"author":[{"embeddable":true,"href":"https:\/\/czechiacontract.com\/sk\/wp-json\/wp\/v2\/users\/1"}],"replies":[{"embeddable":true,"href":"https:\/\/czechiacontract.com\/sk\/wp-json\/wp\/v2\/comments?post=30685"}],"version-history":[{"count":0,"href":"https:\/\/czechiacontract.com\/sk\/wp-json\/wp\/v2\/pages\/30685\/revisions"}],"wp:attachment":[{"href":"https:\/\/czechiacontract.com\/sk\/wp-json\/wp\/v2\/media?parent=30685"}],"curies":[{"name":"wp","href":"https:\/\/api.w.org\/{rel}","templated":true}]}}