{"id":30674,"date":"2016-01-26T09:58:54","date_gmt":"2016-01-26T08:58:54","guid":{"rendered":"https:\/\/czechiacontract.com\/sluzby\/"},"modified":"2022-05-19T17:07:47","modified_gmt":"2022-05-19T15:07:47","slug":"sluzby","status":"publish","type":"page","link":"https:\/\/czechiacontract.com\/sk\/sluzby\/","title":{"rendered":"Slu\u017eby"},"content":{"rendered":"<div class=\"wpb-content-wrapper\"><p>[vc_row full_width=&#8220;stretch_row&#8220; css=&#8220;.vc_custom_1652898665165{background-color: #1c3d76 !important;}&#8220;][vc_column][vc_empty_space height=&#8220;160px&#8220;][vc_column_text]<\/p>\n<div class=\"title-xlarge\" style=\"text-align: center;\"><span class=\"light\" style=\"color: #ffffff;\">SLU\u017dBY \/<\/span><span style=\"color: #ffffff;\"> PON\u00daKAME<\/span><\/div>\n<p>[\/vc_column_text][vc_column_text]<\/p>\n<div class=\"custom-header-subtitle styled-subtitle\" style=\"padding-bottom: 106px; text-align: center;\"><span class=\"light\" style=\"color: #ffffff;\">Nech u\u017e je v\u00e1\u0161 dopyt akoko\u013evek \u0161pecifick\u00fd, v\u017edy k nemu pristupujeme individu\u00e1lne a sna\u017e\u00edme sa uspokoji\u0165 ho nad r\u00e1mec predajn\u00e9ho sortimentu. Nem\u00e1me jedno univerz\u00e1lne rie\u0161enie pre v\u0161etk\u00fdch, v\u017edy h\u013ead\u00e1me sp\u00f4sob ako obchod uzavrie\u0165.<\/span><\/div>\n<p>[\/vc_column_text][\/vc_column][\/vc_row][vc_row][vc_column]<div class=\"clearboth\"><\/div><style>#thegem-divider-69d9c417bb9a8 {margin-top: 50px !important;}<\/style><div id=\"thegem-divider-69d9c417bb9a8\" class=\"gem-divider  \" style=\"\" ><\/div>[\/vc_column][\/vc_row][vc_row][vc_column width=&#8220;1\/2&#8243;][vc_column_text]<\/p>\n<div class=\"title-h3\"><span class=\"light\" style=\"color: #99a9b5;\">PRE V\u00ddROBCOV<\/span><\/div>\n<p>[\/vc_column_text][vc_column_text]<\/p>\n<div class=\"styled-subtitle\">H\u013ead\u00e1te \u010fal\u0161\u00edch ve\u013ekoobchodn\u00fdch odberate\u013eov alebo nov\u00e9 trhy, na ktor\u00fdch by sa dalo \u00faspe\u0161ne pred\u00e1va\u0165? Chceli by ste ma\u0165 zast\u00fapenie firmou, ktor\u00e1 uveden\u00e9 mo\u017enosti pon\u00faka? Prostredie stredn\u00e9ho a bl\u00edzkeho v\u00fdchodu pozn\u00e1me, orientujeme sa v \u0148om a m\u00e1me sie\u0165 kontaktov. N\u00e1jdeme pre v\u00e1s odberate\u013eov na jednom z najlukrat\u00edvnej\u0161\u00edch trhov na svete.<\/div>\n<p>[\/vc_column_text][\/vc_column][vc_column width=&#8220;1\/2&#8243;][vc_column_text]<\/p>\n<div class=\"title-h3\"><span class=\"light\" style=\"color: #99a9b5;\">PRE OBCHODN\u00cdKOV<\/span><\/div>\n<p>[\/vc_column_text][vc_column_text]<\/p>\n<div class=\"styled-subtitle\">Pon\u00fakame origin\u00e1lny, kvalitn\u00fd a certifikovan\u00fd sortiment n\u00e1hradn\u00fdch dielov, pre benz\u00ednov\u00e9 aj naftov\u00e9 motory eur\u00f3pskej v\u00fdroby. Komponenty v priemysle, pre osobn\u00e9 aut\u00e1, n\u00e1kladn\u00fa dopravu, agro techniku, at\u010f. Realiz\u00e1cia \u0161pecifick\u00fdch objedn\u00e1vok a sortimentu pod\u013ea individu\u00e1lnych po\u017eiadaviek, vr\u00e1tane v\u00fdroby na mieru.<\/div>\n<p>[\/vc_column_text][\/vc_column][\/vc_row][vc_row][vc_column]<div class=\"clearboth\"><\/div><style>#thegem-divider-69d9c417bb9e4 {margin-top: 50px !important;}<\/style><div id=\"thegem-divider-69d9c417bb9e4\" class=\"gem-divider  \" style=\"\" ><\/div>[\/vc_column][\/vc_row][vc_row][vc_column width=&#8220;1\/2&#8243;][vc_column_text]Pre z\u00e1kazn\u00edkov h\u013ead\u00e1me v\u00fdrobcu, ktor\u00fd bude najlep\u0161ie odpoveda\u0165 po\u017eadovan\u00fdm krit\u00e9ri\u00e1m ako z h\u013eadiska kvality, atraktivity, tak aj z poh\u013eadu ekonomick\u00e9ho. Rovnak\u00e9 krit\u00e9ri\u00e1 platia v opa\u010dnom smere, teda ke\u010f h\u013ead\u00e1me predajcu, ktor\u00fd bude va\u0161e v\u00fdrobky pon\u00faka\u0165.<\/p>\n<p>Pom\u00e1hame pri vstupe na trhy stredn\u00e9ho a bl\u00edzkeho v\u00fdchodu, vieme, kde je z\u00e1ujem o kvalitn\u00fd eur\u00f3psky tovar a postar\u00e1me sa o kompletn\u00fd servis v oblasti ve\u013ekoobchodn\u00e9ho predaja, vr\u00e1tane konzult\u00e1ci\u00ed o zabezpe\u010den\u00ed proti kurzov\u00fdm rizik\u00e1m.<\/p>\n<p>V\u010faka dokonalej znalosti lok\u00e1lnych podmienok a mnohoro\u010dn\u00e9mu p\u00f4sobeniu v tomto odbore dok\u00e1\u017eeme z\u00e1kazn\u00edkom dojedna\u0165 atrakt\u00edvny objem z\u00e1kaziek. Realiz\u00e1ciou nov\u00fdch z\u00e1kaziek na trhoch stredn\u00e9ho a bl\u00edzkeho v\u00fdchodu z\u00edskavaj\u00fa firmy obvykle o desiatky percent vy\u0161\u0161iu obchodn\u00fa mar\u017eu ako pri realiz\u00e1cii z\u00e1kaziek v regi\u00f3ne.[\/vc_column_text][\/vc_column][vc_column width=&#8220;1\/2&#8243;][vc_column_text]Hoci m\u00e1 predaj tovaru na bl\u00edzkom v\u00fdchode obrovsk\u00fd potenci\u00e1l, m\u00e1 aj svoje rizik\u00e1 a \u0161pecifik\u00e1. Probl\u00e9mom je nestabiln\u00e1 politick\u00e1 situ\u00e1cia a menov\u00fd kurz, ktor\u00fd neust\u00e1le kol\u00ed\u0161e. Czechia Contract si je vedom\u00e1 t\u00fdchto riz\u00edk a odpor\u00fa\u010da predajn\u00e9 strat\u00e9gie s cie\u013eom maxim\u00e1lne ochr\u00e1ni\u0165 vlo\u017een\u00e9 invest\u00edcie.<\/p>\n<p>Vyv\u00e1\u017ean\u00fd tovar na trhy bl\u00edzkeho a stredn\u00e9ho v\u00fdchodu predstavuje ur\u010dit\u00fa administrat\u00edvnu z\u00e1\u0165a\u017e. T\u00e1 je v\u0161ak v porovnan\u00ed s eur\u00f3pskymi predpismi podstatne pr\u00edvetivej\u0161ia a jednoduch\u0161ia na spracovanie.<\/p>\n<p>O zaistenie odbytu na nov\u00fdch trhoch nemus\u00edte ma\u0165 obavy. V t\u00fdchto krajin\u00e1ch st\u00e1le preva\u017euje dopyt nad ponukou. Kvalitn\u00fd eur\u00f3psky tovar v\u00ed\u0165az\u00ed nad dovozom lacn\u00fdch produktov z \u00e1zijsk\u00fdch kraj\u00edn. Pripojte sa k t\u00fdm, ktor\u00ed tu svoj tovar u\u017e pred\u00e1vaj\u00fa, zv\u00fd\u0161te objem a rentabilitu svojich z\u00e1kaziek.[\/vc_column_text][\/vc_column][\/vc_row][vc_row][vc_column]<div class=\"clearboth\"><\/div><style>#thegem-divider-69d9c417bb9fe {margin-top: 50px !important;}<\/style><div id=\"thegem-divider-69d9c417bb9fe\" class=\"gem-divider  \" style=\"\" ><\/div>[\/vc_column][\/vc_row][vc_row][vc_column width=&#8220;3\/4&#8243;]<div class=\"gem-textbox \"  ><div class=\"gem-textbox-inner\" style=\"\"><div class=\"gem-textbox-content\" style=\"background-color: #f4f6f7;background-position: center top;padding-top: 50px;padding-bottom: 40px;padding-left: 64px;\">[vc_row_inner][vc_column_inner][vc_column_text]<\/p>\n<h2><strong>PORADENSTVO<\/strong><\/h2>\n<p>[\/vc_column_text]<div class=\"clearboth\"><\/div><style>#thegem-divider-69d9c417bba97 {margin-top: 27px !important;}<\/style><div id=\"thegem-divider-69d9c417bba97\" class=\"gem-divider  \" style=\"\" ><\/div>[vc_column_text]V pr\u00edpade z\u00e1ujmu m\u00f4\u017eeme pon\u00faknu\u0165 konzult\u00e1cie v oblasti marketingu pri uv\u00e1dzan\u00ed v\u00fdrobkov na trh &#8230;<br \/>\nVypracujeme \u0161t\u00fadiu predaje a navrhneme ak\u00fdm sp\u00f4sobom, v akom balen\u00ed, s akou cenou &#8230;[\/vc_column_text][\/vc_column_inner][\/vc_row_inner]<\/div><\/div><\/div>[\/vc_column][vc_column width=&#8220;1\/4&#8243;][vc_single_image image=&#8220;30227&#8243; img_size=&#8220;238&#215;238&#8243; style=&#8220;vc_box_border_circle&#8220;][\/vc_column][\/vc_row][vc_row][vc_column width=&#8220;1\/4&#8243;][vc_single_image image=&#8220;30151&#8243; img_size=&#8220;238&#215;238&#8243; style=&#8220;vc_box_border_circle&#8220;][\/vc_column][vc_column width=&#8220;3\/4&#8243;]<div class=\"gem-textbox \"  ><div class=\"gem-textbox-inner\" style=\"\"><div class=\"gem-textbox-content\" style=\"background-color: #f4f6f7;background-position: center top;padding-top: 50px;padding-bottom: 40px;padding-left: 64px;\">[vc_row_inner][vc_column_inner][vc_column_text]<\/p>\n<h2><strong>VZORKY<\/strong><\/h2>\n<p>[\/vc_column_text]<div class=\"clearboth\"><\/div><style>#thegem-divider-69d9c417bbaf4 {margin-top: 27px !important;}<\/style><div id=\"thegem-divider-69d9c417bbaf4\" class=\"gem-divider  \" style=\"\" ><\/div>[vc_column_text]Ve\u013ekoobchodn\u00fa spolupr\u00e1cu \u010dasto za\u010d\u00edname t\u00fdm, \u017ee dod\u00e1me vzorku dielov, o ktor\u00e9 m\u00e1 pred\u00e1vaj\u00faci z\u00e1ujem.<br \/>\nPre obchodn\u00edkov v tomto regi\u00f3ne je d\u00f4le\u017eit\u00e9, aby tovar videli nielen v katal\u00f3gu, ale aj fyzicky.[\/vc_column_text][\/vc_column_inner][\/vc_row_inner]<\/div><\/div><\/div>[\/vc_column][\/vc_row][vc_row][vc_column width=&#8220;3\/4&#8243;]<div class=\"gem-textbox \"  ><div class=\"gem-textbox-inner\" style=\"\"><div class=\"gem-textbox-content\" style=\"background-color: #f4f6f7;background-position: center top;padding-top: 50px;padding-bottom: 40px;padding-left: 64px;\">[vc_row_inner][vc_column_inner][vc_column_text]<\/p>\n<h2><strong>\u0160PECIFIK\u00c1CIE<\/strong><\/h2>\n<p>[\/vc_column_text]<div class=\"clearboth\"><\/div><style>#thegem-divider-69d9c417bbb44 {margin-top: 27px !important;}<\/style><div id=\"thegem-divider-69d9c417bbb44\" class=\"gem-divider  \" style=\"\" ><\/div>[vc_column_text]Pokia\u013e h\u013ead\u00e1te tovar pod\u013ea danej \u0161pecifik\u00e1cie, zaist\u00edme pre v\u00e1s rozbor materi\u00e1lov, odborn\u00e9 n\u00e1kresy \u2026<br \/>\nCertifik\u00e1ty, deklar\u00e1cia originality, technick\u00e9 normy \u2026[\/vc_column_text][\/vc_column_inner][\/vc_row_inner]<\/div><\/div><\/div>[\/vc_column][vc_column width=&#8220;1\/4&#8243;][vc_single_image image=&#8220;30161&#8243; img_size=&#8220;238&#215;238&#8243; style=&#8220;vc_box_border_circle&#8220;][\/vc_column][\/vc_row][vc_row][vc_column width=&#8220;1\/4&#8243;][vc_single_image image=&#8220;30155&#8243; img_size=&#8220;238&#215;238&#8243; style=&#8220;vc_box_border_circle&#8220;][\/vc_column][vc_column width=&#8220;3\/4&#8243;]<div class=\"gem-textbox \"  ><div class=\"gem-textbox-inner\" style=\"\"><div class=\"gem-textbox-content\" style=\"background-color: #f4f6f7;background-position: center top;padding-top: 50px;padding-bottom: 40px;padding-left: 64px;\">[vc_row_inner][vc_column_inner][vc_column_text]<\/p>\n<h2><strong>SPOLUPR\u00c1CA<\/strong><\/h2>\n<p>[\/vc_column_text]<div class=\"clearboth\"><\/div><style>#thegem-divider-69d9c417bbb8a {margin-top: 27px !important;}<\/style><div id=\"thegem-divider-69d9c417bbb8a\" class=\"gem-divider  \" style=\"\" ><\/div>[vc_column_text]V\u00fdrobcov vyber\u00e1me pod\u013ea \u0161pecif\u00edk predajcu a db\u00e1me na splnenie po\u017eadovan\u00fdch krit\u00e9ri\u00ed. Spolupracujeme s prest\u00ed\u017enymi firmami a leaderami v odbore. V\u010faka dlhodobo obojstranne v\u00fdhodn\u00e9mu zast\u00fapeniu m\u00e1me \u010dasto exkluzivitu.[\/vc_column_text][\/vc_column_inner][\/vc_row_inner]<\/div><\/div><\/div>[\/vc_column][\/vc_row][vc_row][vc_column width=&#8220;3\/4&#8243;]<div class=\"gem-textbox \"  ><div class=\"gem-textbox-inner\" style=\"\"><div class=\"gem-textbox-content\" style=\"background-color: #f4f6f7;background-position: center top;padding-top: 50px;padding-bottom: 40px;padding-left: 64px;\">[vc_row_inner][vc_column_inner][vc_column_text]<\/p>\n<h2><strong>KALKUL\u00c1CIA<\/strong><\/h2>\n<p>[\/vc_column_text]<div class=\"clearboth\"><\/div><style>#thegem-divider-69d9c417bbbc9 {margin-top: 27px !important;}<\/style><div id=\"thegem-divider-69d9c417bbbc9\" class=\"gem-divider  \" style=\"\" ><\/div>[vc_column_text]Akon\u00e1hle sa zhodneme na v\u00fdrobcovi, vyjedn\u00e1me pre v\u00e1s t\u00fa najlep\u0161iu cenu. V\u010faka dlhodobej spolupr\u00e1ci s v\u00fdrobcami a \u0161irok\u00e9mu portf\u00f3liu kontaktov dok\u00e1\u017eeme vyjedna\u0165 zauj\u00edmav\u00e9 podmienky.[\/vc_column_text][\/vc_column_inner][\/vc_row_inner]<\/div><\/div><\/div>[\/vc_column][vc_column width=&#8220;1\/4&#8243;][vc_single_image image=&#8220;30197&#8243; img_size=&#8220;238&#215;238&#8243; style=&#8220;vc_box_border_circle&#8220;][\/vc_column][\/vc_row][vc_row][vc_column width=&#8220;1\/4&#8243;][vc_single_image image=&#8220;30153&#8243; img_size=&#8220;238&#215;238&#8243; style=&#8220;vc_box_border_circle&#8220;][\/vc_column][vc_column width=&#8220;3\/4&#8243;]<div class=\"gem-textbox \"  ><div class=\"gem-textbox-inner\" style=\"\"><div class=\"gem-textbox-content\" style=\"background-color: #f4f6f7;background-position: center top;padding-top: 50px;padding-bottom: 40px;padding-left: 64px;\">[vc_row_inner][vc_column_inner][vc_column_text]<\/p>\n<h2><strong>TRH<\/strong><\/h2>\n<p>[\/vc_column_text]<div class=\"clearboth\"><\/div><style>#thegem-divider-69d9c417bbc06 {margin-top: 27px !important;}<\/style><div id=\"thegem-divider-69d9c417bbc06\" class=\"gem-divider  \" style=\"\" ><\/div>[vc_column_text]Obchodovanie na bl\u00edzkom v\u00fdchode m\u00e1 svoje \u0161pecifik\u00e1. Predstav\u00edme v\u00e1m v\u00fdhody a pom\u00f4\u017eeme s ochranou proti pr\u00edpadn\u00fdm kurzov\u00fdm rizik\u00e1m.[\/vc_column_text][\/vc_column_inner][\/vc_row_inner]<\/div><\/div><\/div>[\/vc_column][\/vc_row][vc_row][vc_column]<div class=\"clearboth\"><\/div><style>#thegem-divider-69d9c417bbc1f {margin-top: 64px !important;}<\/style><div id=\"thegem-divider-69d9c417bbc1f\" class=\"gem-divider  \" style=\"\" ><\/div>[\/vc_column][\/vc_row][vc_row css=&#8220;.vc_custom_1453817064509{margin-top: -20px !important;}&#8220;][vc_column]<div id=\"fullwidth-block-69d9c417bbc4a\" class=\"fullwidth-block clearfix\"  style=\"background-color: #d81419;padding-top: 150px;padding-bottom: 150px;\"><script type=\"text\/javascript\">if (typeof(gem_fix_fullwidth_position) == \"function\") { gem_fix_fullwidth_position(document.getElementById(\"fullwidth-block-69d9c417bbc4a\")); }<\/script><div class=\"fullwidth-block-inner\"><div class=\"clearboth\"><\/div><style>#thegem-divider-69d9c417bbcbf {margin-top: 65px !important;}<\/style><div id=\"thegem-divider-69d9c417bbcbf\" class=\"gem-divider  \" style=\"\" ><\/div>[vc_column_text]<\/p>\n<div class=\"title-xlarge\" style=\"text-align: center;\"><span class=\"light\" style=\"color: #ffffff;\">PARTNER PROGRAM<\/span><\/div>\n<p>[\/vc_column_text]<div class=\"clearboth\"><\/div><style>#thegem-divider-69d9c417bbcdd {margin-top: 85px !important;}<\/style><div id=\"thegem-divider-69d9c417bbcdd\" class=\"gem-divider  \" style=\"\" ><\/div>[vc_column_text]<\/p>\n<div class=\"styled-subtitle\" style=\"text-align: center; max-width: 1000px; margin: 0 auto;\"><span style=\"color: #ffffff;\">S dod\u00e1vate\u013emi aj odberate\u013emi obvykle spolupracujeme mnoho rokov, v\u00e1\u017eime si skuto\u010dnos\u0165, \u017ee sa k n\u00e1m na\u0161i z\u00e1kazn\u00edci znovu vracaj\u00fa. Radi predstav\u00edme v\u00fdhody spolupr\u00e1ce s Czechia Contract aj v\u00e1m.<\/span><\/div>\n<p>[\/vc_column_text]<div class=\"clearboth\"><\/div><style>#thegem-divider-69d9c417bbcf1 {margin-top: 10px !important;}<\/style><div id=\"thegem-divider-69d9c417bbcf1\" class=\"gem-divider  \" style=\"\" ><\/div><style type=\"text\/css\">.thegem-button-69d9c417bbdaa6116 .gem-button svg {fill: #ffffff;}.thegem-button-69d9c417bbdaa6116 .gem-button:hover svg {fill: #191919;}<\/style><div class=\"gem-button-container gem-button-position-center thegem-button-69d9c417bbdaa6116    \"  ><a title=\"Partner Program\" class=\"gem-button gem-button-size-medium gem-button-style-outline gem-button-text-weight-normal gem-button-border-2\" data-ll-effect=\"drop-right-without-wrap\" style=\"border-radius: 0px;border-color: #ffffff;color: #ffffff;\" onmouseleave=\"this.style.borderColor='#ffffff';this.style.backgroundColor='transparent';this.style.color='#ffffff';\" onmouseenter=\"this.style.borderColor='#ffffff';this.style.backgroundColor='#ffffff';this.style.color='#191919';\" href=\"\/sk\/partner-program\/\" target=\"_self\">VIAC INFORM\u00c1CI\u00cd<\/a><\/div> <\/div><\/div>[\/vc_column][\/vc_row]<\/p>\n<\/div>","protected":false},"excerpt":{"rendered":"<p>[vc_row full_width=&#8220;stretch_row&#8220; css=&#8220;.vc_custom_1652898665165{background-color: #1c3d76 !important;}&#8220;][vc_column][vc_empty_space height=&#8220;160px&#8220;][vc_column_text] SLU\u017dBY \/ PON\u00daKAME [\/vc_column_text][vc_column_text]&#8230;<\/p>\n","protected":false},"author":1,"featured_media":0,"parent":0,"menu_order":3,"comment_status":"closed","ping_status":"closed","template":"","meta":{"passster_activate_protection":null,"passster_protect_child_pages":"","passster_protection_type":"password","passster_password":"","passster_activate_overwrite_defaults":"","passster_headline":"","passster_instruction":"","passster_placeholder":"","passster_button":"","passster_id":"","passster_activate_misc_settings":"","passster_redirect_url":"","passster_hide":"no","passster_area_shortcode":"","footnotes":""},"class_list":["post-30674","page","type-page","status-publish"],"_links":{"self":[{"href":"https:\/\/czechiacontract.com\/sk\/wp-json\/wp\/v2\/pages\/30674","targetHints":{"allow":["GET"]}}],"collection":[{"href":"https:\/\/czechiacontract.com\/sk\/wp-json\/wp\/v2\/pages"}],"about":[{"href":"https:\/\/czechiacontract.com\/sk\/wp-json\/wp\/v2\/types\/page"}],"author":[{"embeddable":true,"href":"https:\/\/czechiacontract.com\/sk\/wp-json\/wp\/v2\/users\/1"}],"replies":[{"embeddable":true,"href":"https:\/\/czechiacontract.com\/sk\/wp-json\/wp\/v2\/comments?post=30674"}],"version-history":[{"count":0,"href":"https:\/\/czechiacontract.com\/sk\/wp-json\/wp\/v2\/pages\/30674\/revisions"}],"wp:attachment":[{"href":"https:\/\/czechiacontract.com\/sk\/wp-json\/wp\/v2\/media?parent=30674"}],"curies":[{"name":"wp","href":"https:\/\/api.w.org\/{rel}","templated":true}]}}