{"id":30489,"date":"2019-08-07T16:19:08","date_gmt":"2019-08-07T14:19:08","guid":{"rendered":"https:\/\/czechiacontract.com\/produkty\/loziska\/"},"modified":"2019-11-12T12:46:47","modified_gmt":"2019-11-12T11:46:47","slug":"loziska","status":"publish","type":"page","link":"https:\/\/czechiacontract.com\/ru\/produkty\/loziska\/","title":{"rendered":"\u041f\u041e\u0414\u0428\u0418\u041f\u041d\u0418\u041a"},"content":{"rendered":"<div class=\"wpb-content-wrapper\"><p>[vc_row][vc_column][vc_column_text]<\/p>\n<h2>\u041f\u041e\u0414\u0428\u0418\u041f\u041d\u0418\u041a<\/h2>\n<p>\u041f\u043e\u0432\u043e\u0440\u043e\u0442\u043d\u044b\u0439, \u041e\u0441\u0435\u0432\u0430\u044f, \u0421\u043a\u043e\u043b\u044c\u0436\u0435\u043d\u0438\u044f, \u043f\u043d\u0435\u0432\u043c\u0430\u0442\u0438\u0447\u0435\u0441\u043a\u0438\u0439, \u0433\u0438\u0434\u0440\u0430\u0432\u043b\u0438\u0447\u0435\u0441\u043a\u0438\u0439, \u0440\u043e\u043b\u0438\u043a\u043e\u0432\u044b\u0439, \u043c\u0430\u0433\u043d\u0438\u0442\u043d\u044b\u0439 \u2026<br \/>\n\u041f\u043e\u0434\u0448\u0438\u043f\u043d\u0438\u043a\u0438 \u0434\u043b\u044f \u0440\u0430\u0437\u043b\u0438\u0447\u043d\u044b\u0445 \u0441\u0435\u0433\u043c\u0435\u043d\u0442\u043e\u0432 \u043f\u0440\u043e\u043c\u044b\u0448\u043b\u0435\u043d\u043d\u043e\u0441\u0442\u0438. \u041d\u0430\u043f\u0440\u0438\u043c\u0435\u0440, \u0438\u0441\u043f\u043e\u043b\u044c\u0437\u0443\u0435\u043c\u044b\u0435 \u0432 \u043f\u043e\u0434\u0432\u0435\u0441\u043a\u0430\u0445 \u0434\u0432\u0438\u0433\u0430\u0442\u0435\u043b\u0435\u0439 \u0430\u0432\u0442\u043e\u043c\u043e\u0431\u0438\u043b\u0435\u0439, \u0434\u043b\u044f \u0437\u0430\u043a\u0430\u0437\u0447\u0438\u043a\u043e\u0432 \u0432 \u0441\u0444\u0435\u0440\u0435 \u043c\u0430\u0448\u0438\u043d\u043e\u0441\u0442\u0440\u043e\u0435\u043d\u0438\u044f, \u0434\u043b\u044f \u0434\u0438\u0441\u0442\u0440\u0438\u0431\u044c\u044e\u0442\u043e\u0440\u043e\u0432 \u0437\u0430\u043f\u0430\u0441\u043d\u044b\u0445 \u0437\u0430\u043f\u0447\u0430\u0441\u0442\u0435\u0439, \u0434\u043b\u044f \u043e\u0441\u0435\u0439 \u0438 \u0442\u044f\u0433\u043e\u0432\u044b\u0445 \u0434\u0432\u0438\u0433\u0430\u0442\u0435\u043b\u0435\u0439 \u0438 \u0442.\u0434. \u041c\u044b \u043f\u0440\u0435\u0434\u043b\u0430\u0433\u0430\u0435\u043c \u043f\u043e\u0434\u0448\u0438\u043f\u043d\u0438\u043a\u0438 \u0434\u043b\u044f \u0448\u0438\u0440\u043e\u043a\u043e\u0433\u043e \u0441\u043f\u0435\u043a\u0442\u0440\u0430 \u043f\u0440\u0438\u043c\u0435\u043d\u0435\u043d\u0438\u0439 \u0438 \u043e\u0431\u0440\u0430\u0431\u043e\u0442\u043a\u0438, \u043e\u0440\u0438\u0435\u043d\u0442\u0438\u0440\u043e\u0432\u0430\u043d\u043d\u044b\u0435 \u043d\u0430 \u043a\u043b\u0438\u0435\u043d\u0442\u043e\u0432, \u043e\u0436\u0438\u0434\u0430\u044e\u0449\u0438\u0445 \u0432\u044b\u0441\u043e\u0447\u0430\u0439\u0448\u0435\u0433\u043e \u043a\u0430\u0447\u0435\u0441\u0442\u0432\u0430 \u043f\u0440\u043e\u0434\u0443\u043a\u0446\u0438\u0438. \u041f\u043e\u043b\u043d\u044b\u0439 \u0430\u0441\u0441\u043e\u0440\u0442\u0438\u043c\u0435\u043d\u0442 \u0442\u043e\u0432\u0430\u0440\u043e\u0432 \u0431\u0443\u0434\u0435\u0442 \u043e\u0442\u043f\u0440\u0430\u0432\u043b\u0435\u043d \u0432\u0430\u043c \u043f\u043e \u0437\u0430\u043f\u0440\u043e\u0441\u0443.<br \/>\n[\/vc_column_text][\/vc_column][\/vc_row][vc_row][vc_column][vc_raw_html]JTVCbW9kdWxhJTIwaWQlM0QlMjIzMDI2NCUyMiU1RA==[\/vc_raw_html][\/vc_column][\/vc_row][vc_row content_placement=&#187;middle&#187;][vc_column width=&#187;1\/6&#8243;][\/vc_column][vc_column width=&#187;2\/3&#8243;][vc_raw_html]JTVCZWxmc2lnaHRfcGRmX2VtYmVkJTIwaWQlM0QlMjIxJTIyJTVE[\/vc_raw_html][vc_column_text]<\/p>\n<div class=\"styled-subtitle\">Kompletn\u00ed sortiment zbo\u017e\u00ed V\u00e1m za\u0161leme na vy\u017e\u00e1d\u00e1n\u00ed.<\/div>\n<p>[\/vc_column_text][vc_empty_space][\/vc_column][vc_column width=&#187;1\/6&#8243;][\/vc_column][\/vc_row]<\/p>\n<\/div>","protected":false},"excerpt":{"rendered":"<p>[vc_row][vc_column][vc_column_text] \u041f\u041e\u0414\u0428\u0418\u041f\u041d\u0418\u041a \u041f\u043e\u0432\u043e\u0440\u043e\u0442\u043d\u044b\u0439, \u041e\u0441\u0435\u0432\u0430\u044f, \u0421\u043a\u043e\u043b\u044c\u0436\u0435\u043d\u0438\u044f, \u043f\u043d\u0435\u0432\u043c\u0430\u0442\u0438\u0447\u0435\u0441\u043a\u0438\u0439, \u0433\u0438\u0434\u0440\u0430\u0432\u043b\u0438\u0447\u0435\u0441\u043a\u0438\u0439, \u0440\u043e\u043b\u0438\u043a\u043e\u0432\u044b\u0439, \u043c\u0430\u0433\u043d\u0438\u0442\u043d\u044b\u0439 \u2026&#8230;<\/p>\n","protected":false},"author":1,"featured_media":0,"parent":30485,"menu_order":5,"comment_status":"closed","ping_status":"closed","template":"","meta":{"passster_activate_protection":false,"passster_protect_child_pages":"","passster_protection_type":"password","passster_password":"","passster_activate_overwrite_defaults":"","passster_headline":"","passster_instruction":"","passster_placeholder":"","passster_button":"","passster_id":"","passster_activate_misc_settings":"","passster_redirect_url":"","passster_hide":"no","passster_area_shortcode":"","footnotes":""},"class_list":["post-30489","page","type-page","status-publish"],"_links":{"self":[{"href":"https:\/\/czechiacontract.com\/ru\/wp-json\/wp\/v2\/pages\/30489","targetHints":{"allow":["GET"]}}],"collection":[{"href":"https:\/\/czechiacontract.com\/ru\/wp-json\/wp\/v2\/pages"}],"about":[{"href":"https:\/\/czechiacontract.com\/ru\/wp-json\/wp\/v2\/types\/page"}],"author":[{"embeddable":true,"href":"https:\/\/czechiacontract.com\/ru\/wp-json\/wp\/v2\/users\/1"}],"replies":[{"embeddable":true,"href":"https:\/\/czechiacontract.com\/ru\/wp-json\/wp\/v2\/comments?post=30489"}],"version-history":[{"count":0,"href":"https:\/\/czechiacontract.com\/ru\/wp-json\/wp\/v2\/pages\/30489\/revisions"}],"up":[{"embeddable":true,"href":"https:\/\/czechiacontract.com\/ru\/wp-json\/wp\/v2\/pages\/30485"}],"wp:attachment":[{"href":"https:\/\/czechiacontract.com\/ru\/wp-json\/wp\/v2\/media?parent=30489"}],"curies":[{"name":"wp","href":"https:\/\/api.w.org\/{rel}","templated":true}]}}