{"id":30473,"date":"2016-03-17T16:58:17","date_gmt":"2016-03-17T15:58:17","guid":{"rendered":"https:\/\/czechiacontract.com\/kontakt\/"},"modified":"2023-08-01T01:10:28","modified_gmt":"2023-07-31T23:10:28","slug":"kontakt","status":"publish","type":"page","link":"https:\/\/czechiacontract.com\/ru\/kontakt\/","title":{"rendered":"\u041a\u041e\u041d\u0422\u0410\u041a\u0422\u042b"},"content":{"rendered":"<div class=\"wpb-content-wrapper\"><p>[vc_row full_width=&#187;stretch_row_content&#187; css=&#187;.vc_custom_1564752928734{margin-bottom: 0px !important;}&#187;][vc_column width=&#187;1\/3&#8243; css=&#187;.vc_custom_1564991576392{padding-right: 60px !important;padding-left: 60px !important;}&#187;]<div class=\"clearboth\"><\/div><style>#thegem-divider-69d974e8e995a {margin-top: 55px !important;}<\/style><div id=\"thegem-divider-69d974e8e995a\" class=\"gem-divider  \" style=\"\" ><\/div>[vc_column_text]<strong>\u0413\u043b\u0430\u0432\u043d\u043e\u0435 \u0443\u043f\u0440\u0430\u0432\u043b\u0435\u043d\u0438\u0435<\/strong><\/p>\n<p>Lucas diesel SE<br \/>\nLannova 2061\/8, 110 00 Praha<\/p>\n<p>I\u010c: 24714895<br \/>\nDIC: CZ24714895<\/p>\n<p>Spisov\u00e1 zna\u010dka:<br \/>\nH 154 veden\u00e1 u Krajsk\u00e9ho soudu v Brn\u011b[\/vc_column_text][\/vc_column][vc_column width=&#187;2\/3&#8243; css=&#187;.vc_custom_1458289843803{padding-right: 60px !important;padding-left: 60px !important;background-color: #f0f3f2 !important;}&#187;]<div class=\"clearboth\"><\/div><style>#thegem-divider-69d974e8e9985 {margin-top: 102px !important;}<\/style><div id=\"thegem-divider-69d974e8e9985\" class=\"gem-divider  \" style=\"\" ><\/div>[vc_row_inner][vc_column_inner offset=&#187;vc_col-lg-4&#8243;][vc_column_text css=&#187;.vc_custom_1565463420721{margin-top: -25px !important;}&#187;]<\/p>\n<div class=\"title-h5\">\u041a\u0410\u041b\u0415\u041d\u0414\u0410\u0420\u042c<\/div>\n<p>[\/vc_column_text]<div class=\"clearboth\"><\/div><style>#thegem-divider-69d974e8e999e {margin-top: 35px !important;}<\/style><div id=\"thegem-divider-69d974e8e999e\" class=\"gem-divider  \" style=\"\" ><\/div>[vc_column_text css=&#187;.vc_custom_1564771673935{margin-top: -25px !important;}&#187;]17 Listopadu 470\/11<br \/>\n690 02 B\u0159eclav<br \/>\n\u010cesk\u00e1 republika[\/vc_column_text][\/vc_column_inner][vc_column_inner offset=&#187;vc_col-lg-4&#8243;][vc_column_text css=&#187;.vc_custom_1565463442717{margin-top: -25px !important;}&#187;]<\/p>\n<div class=\"title-h5\">\u0421\u041a\u041b\u0410\u0414 Ladn\u00e1<\/div>\n<p>[\/vc_column_text]<div class=\"clearboth\"><\/div><style>#thegem-divider-69d974e8e99b2 {margin-top: 35px !important;}<\/style><div id=\"thegem-divider-69d974e8e99b2\" class=\"gem-divider  \" style=\"\" ><\/div>[vc_column_text css=&#187;.vc_custom_1564771689200{margin-top: -25px !important;}&#187;]Masarykova 59\/15<br \/>\n691 46 Ladn\u00e1<br \/>\n\u010cesk\u00e1 republika[\/vc_column_text][\/vc_column_inner][vc_column_inner offset=&#187;vc_col-lg-4&#8243;][vc_column_text css=&#187;.vc_custom_1655331272004{margin-top: -25px !important;}&#187;]<\/p>\n<div class=\"title-h5\">\u041a\u043e\u043d\u0442\u0430\u043a\u0442<\/div>\n<p>[\/vc_column_text]<div class=\"clearboth\"><\/div><style>#thegem-divider-69d974e8e99c4 {margin-top: 35px !important;}<\/style><div id=\"thegem-divider-69d974e8e99c4\" class=\"gem-divider  \" style=\"\" ><\/div>[vc_column_text css=&#187;.vc_custom_1655331248141{margin-top: -25px !important;}&#187;]info@czechiacontract.com<br \/>\n+420 720 420 720<br \/>\nwww.czechiacontract.com[\/vc_column_text][\/vc_column_inner][\/vc_row_inner]<div class=\"clearboth\"><\/div><style>#thegem-divider-69d974e8e99d6 {margin-top: 102px !important;}<\/style><div id=\"thegem-divider-69d974e8e99d6\" class=\"gem-divider  \" style=\"\" ><\/div>[\/vc_column][\/vc_row][vc_row full_width=&#187;stretch_row_content&#187; disable_element=&#187;yes&#187; css=&#187;.vc_custom_1655330444066{margin-bottom: 0px !important;}&#187;][vc_column width=&#187;1\/3&#8243; css=&#187;.vc_custom_1564991576392{padding-right: 60px !important;padding-left: 60px !important;}&#187;]<div class=\"clearboth\"><\/div><style>#thegem-divider-69d974e8e99e7 {margin-top: 55px !important;}<\/style><div id=\"thegem-divider-69d974e8e99e7\" class=\"gem-divider  \" style=\"\" ><\/div>[vc_column_text]<strong>\u041f\u043b\u0430\u0442\u0435\u0436\u043d\u0430\u044f \u0438\u043d\u0444\u043e\u0440\u043c\u0430\u0446\u0438\u044f<\/strong><\/p>\n<p>Lucas diesel SE<br \/>\nMasarykova 59\/15, 691 46 Ladn\u00e1<\/p>\n<p>I\u010c: 24714895<br \/>\nDIC: CZ24714895<\/p>\n<p>Spisov\u00e1 zna\u010dka:<br \/>\nH 154 veden\u00e1 u Krajsk\u00e9ho soudu v Brn\u011b[\/vc_column_text][\/vc_column][vc_column width=&#187;2\/3&#8243; css=&#187;.vc_custom_1458289843803{padding-right: 60px !important;padding-left: 60px !important;background-color: #f0f3f2 !important;}&#187;]<div class=\"clearboth\"><\/div><style>#thegem-divider-69d974e8e99f7 {margin-top: 102px !important;}<\/style><div id=\"thegem-divider-69d974e8e99f7\" class=\"gem-divider  \" style=\"\" ><\/div>[vc_row_inner][vc_column_inner offset=&#187;vc_col-lg-4&#8243;][vc_column_text css=&#187;.vc_custom_1565463420721{margin-top: -25px !important;}&#187;]<\/p>\n<div class=\"title-h5\">\u041a\u0410\u041b\u0415\u041d\u0414\u0410\u0420\u042c<\/div>\n<p>[\/vc_column_text]<div class=\"clearboth\"><\/div><style>#thegem-divider-69d974e8e9a07 {margin-top: 35px !important;}<\/style><div id=\"thegem-divider-69d974e8e9a07\" class=\"gem-divider  \" style=\"\" ><\/div>[vc_column_text css=&#187;.vc_custom_1564771673935{margin-top: -25px !important;}&#187;]17 Listopadu 470\/11<br \/>\n690 02 B\u0159eclav<br \/>\n\u010cesk\u00e1 republika[\/vc_column_text][\/vc_column_inner][vc_column_inner offset=&#187;vc_col-lg-4&#8243;][vc_column_text css=&#187;.vc_custom_1565463429519{margin-top: -25px !important;}&#187;]<\/p>\n<div class=\"title-h5\">\u0421\u041a\u041b\u0410\u0414 Hodon\u00edn<\/div>\n<p>[\/vc_column_text]<div class=\"clearboth\"><\/div><style>#thegem-divider-69d974e8e9a18 {margin-top: 35px !important;}<\/style><div id=\"thegem-divider-69d974e8e9a18\" class=\"gem-divider  \" style=\"\" ><\/div>[vc_column_text css=&#187;.vc_custom_1564771682005{margin-top: -25px !important;}&#187;]Velkomoravsk\u00e1 81<br \/>\n695 01 Hodon\u00edn<br \/>\n\u010cesk\u00e1 republika[\/vc_column_text]<div class=\"clearboth\"><\/div><style>#thegem-divider-69d974e8e9a27 {margin-top: 55px !important;}<\/style><div id=\"thegem-divider-69d974e8e9a27\" class=\"gem-divider  \" style=\"\" ><\/div>[vc_column_text css=&#187;.vc_custom_1565463442717{margin-top: -25px !important;}&#187;]<\/p>\n<div class=\"title-h5\">\u0421\u041a\u041b\u0410\u0414 Ladn\u00e1<\/div>\n<p>[\/vc_column_text]<div class=\"clearboth\"><\/div><style>#thegem-divider-69d974e8e9a37 {margin-top: 35px !important;}<\/style><div id=\"thegem-divider-69d974e8e9a37\" class=\"gem-divider  \" style=\"\" ><\/div>[vc_column_text css=&#187;.vc_custom_1564771689200{margin-top: -25px !important;}&#187;]Masarykova 59\/15<br \/>\n691 46 Ladn\u00e1<br \/>\n\u010cesk\u00e1 republika[\/vc_column_text][\/vc_column_inner][vc_column_inner offset=&#187;vc_col-lg-4&#8243;][vc_column_text css=&#187;.vc_custom_1582648499441{margin-top: -25px !important;}&#187;]<\/p>\n<div class=\"title-h5\">\u0410\u0432\u0442\u043e\u0441\u0430\u043b\u043e\u043d \u0421\u043b\u043e\u0432\u0430\u043a\u0438\u044f<\/div>\n<p>[\/vc_column_text]<div class=\"clearboth\"><\/div><style>#thegem-divider-69d974e8e9a45 {margin-top: 35px !important;}<\/style><div id=\"thegem-divider-69d974e8e9a45\" class=\"gem-divider  \" style=\"\" ><\/div>[vc_column_text css=&#187;.vc_custom_1582648513232{margin-top: -25px !important;}&#187;]+421 918 192 970<\/p>\n<p>&nbsp;<\/p>\n<p>[\/vc_column_text]<div class=\"clearboth\"><\/div><style>#thegem-divider-69d974e8e9a54 {margin-top: 55px !important;}<\/style><div id=\"thegem-divider-69d974e8e9a54\" class=\"gem-divider  \" style=\"\" ><\/div>[vc_column_text css=&#187;.vc_custom_1582648460642{margin-top: -25px !important;}&#187;]<\/p>\n<div class=\"title-h5\">\u0410\u0432\u0442\u043e\u0441\u0430\u043b\u043e\u043d \u0410\u0432\u0441\u0442\u0440\u0438\u044f<\/div>\n<p>[\/vc_column_text]<div class=\"clearboth\"><\/div><style>#thegem-divider-69d974e8e9a62 {margin-top: 35px !important;}<\/style><div id=\"thegem-divider-69d974e8e9a62\" class=\"gem-divider  \" style=\"\" ><\/div>[vc_column_text css=&#187;.vc_custom_1582648472958{margin-top: -25px !important;}&#187;]+436 605 888 006[\/vc_column_text][\/vc_column_inner][\/vc_row_inner]<div class=\"clearboth\"><\/div><style>#thegem-divider-69d974e8e9a71 {margin-top: 102px !important;}<\/style><div id=\"thegem-divider-69d974e8e9a71\" class=\"gem-divider  \" style=\"\" ><\/div>[\/vc_column][\/vc_row][vc_row full_width=&#187;stretch_row_content&#187; equal_height=&#187;yes&#187; disable_element=&#187;yes&#187; el_class=&#187;.wpb_widgetised_column .line-1&#8243; css=&#187;.vc_custom_1652975071968{margin-bottom: 0px !important;}&#187;][vc_column css=&#187;.vc_custom_1564774634518{padding-top: 200px !important;padding-bottom: 50px !important;padding-left: 60px !important;background-image: url(https:\/\/czechiacontract.com\/wp-content\/uploads\/2019\/08\/kontakt-01.jpg?id=30231) !important;background-position: center !important;background-repeat: no-repeat !important;background-size: cover !important;}&#187; offset=&#187;vc_col-lg-4 vc_col-md-4&#8243;][vc_column_text]<\/p>\n<div class=\"title-h4\"><span style=\"color: #ffffff;\">\u0420\u0423\u041a\u041e\u0412\u041e\u0414\u0418\u0422\u0415\u041b\u042c \u041a\u041e\u041c\u041f\u0410\u041d\u0418\u0418<\/span><\/div>\n<p>[\/vc_column_text][vc_column_text]<span style=\"color: #fff;\">Eduard Drgonec<br \/>\n\u010clen p\u0159edstavenstva <\/span><\/p>\n<div class=\"gem-contacts-item gem-contacts-email\"><span style=\"color: #fff;\">ceo@czechiacontract.com<\/span><\/div>\n<p>[\/vc_column_text]<div class=\"clearboth\"><\/div><style>#thegem-divider-69d974e8e9a7f {margin-top: 86px !important;}<\/style><div id=\"thegem-divider-69d974e8e9a7f\" class=\"gem-divider  \" style=\"\" ><\/div>[\/vc_column][vc_column css=&#187;.vc_custom_1564775837595{padding-top: 200px !important;padding-bottom: 50px !important;padding-left: 60px !important;background-image: url(https:\/\/czechiacontract.com\/wp-content\/uploads\/2019\/08\/kontakt-02-2.jpg?id=30244) !important;background-position: center !important;background-repeat: no-repeat !important;background-size: cover !important;}&#187; offset=&#187;vc_col-lg-4 vc_col-md-4&#8243;][vc_column_text]<\/p>\n<div class=\"title-h4\"><span style=\"color: #ffffff;\">\u041c\u0415\u041d\u0415\u0414\u0416\u0415\u0420 \u041a\u041e\u041c\u041f\u0410\u041d\u0418\u0418<\/span><\/div>\n<p>[\/vc_column_text][vc_column_text]<span style=\"color: #fff;\">Asama Hashmy<\/span><\/p>\n<div class=\"gem-contacts-item gem-contacts-phone\"><span style=\"color: #fff;\">+420 720 420 720 <\/span><\/div>\n<div class=\"gem-contacts-item gem-contacts-email\"><span style=\"color: #fff;\">offer@czechiacontract.com<\/span><\/div>\n<p>[\/vc_column_text]<div class=\"clearboth\"><\/div><style>#thegem-divider-69d974e8e9a8d {margin-top: 76px !important;}<\/style><div id=\"thegem-divider-69d974e8e9a8d\" class=\"gem-divider  \" style=\"\" ><\/div>[\/vc_column][vc_column css=&#187;.vc_custom_1564775847468{padding-top: 200px !important;padding-bottom: 50px !important;padding-left: 60px !important;background-image: url(https:\/\/czechiacontract.com\/wp-content\/uploads\/2019\/08\/kontakt-03-2.jpg?id=30246) !important;background-position: center !important;background-repeat: no-repeat !important;background-size: cover !important;}&#187; offset=&#187;vc_col-lg-4 vc_col-md-4&#8243;][vc_column_text]<\/p>\n<div class=\"title-h4\"><span style=\"color: #ffffff;\">\u041e\u0422\u0414\u0415\u041b \u041f\u0420\u041e\u0414\u0410\u0416<\/span><\/div>\n<p>[\/vc_column_text][vc_column_text]<span style=\"color: #fff;\">Ali Hashmy<br \/>\nSales Manager<\/span><\/p>\n<div class=\"gem-contacts-item gem-contacts-phone\"><span style=\"color: #fff;\">+420 773 173 307<\/span><\/div>\n<div class=\"gem-contacts-item gem-contacts-email\"><span style=\"color: #fff;\"><span style=\"color: #fff;\">Tuzemsko:<\/span> czech@czechiacontract.com<\/span><\/div>\n<div class=\"gem-contacts-item gem-contacts-email\"><span style=\"color: #fff;\"><span style=\"color: #fff;\">Zahrani\u010dn\u00ed obchod:<\/span> sales@czechiacontract.com<\/span><\/div>\n<p>[\/vc_column_text][\/vc_column][\/vc_row][vc_row full_width=&#187;stretch_row_content&#187; css=&#187;.vc_custom_1458295921759{margin-bottom: 0px !important;background-image: url(https:\/\/czechiacontract.com\/wp-content\/uploads\/2016\/03\/2-22.jpg?id=13537) !important;background-position: center !important;background-repeat: no-repeat !important;background-size: cover !important;}&#187;][vc_column el_class=&#187;.wpb_widgetised_column .line-2&#8243; css=&#187;.vc_custom_1458295477548{padding-left: 60px !important;}&#187;]<div class=\"clearboth\"><\/div><style>#thegem-divider-69d974e8e9a9a {margin-top: 100px !important;}<\/style><div id=\"thegem-divider-69d974e8e9a9a\" class=\"gem-divider  \" style=\"\" ><\/div>[vc_column_text]<\/p>\n<div class=\"title-h3\"><span style=\"color: #ffffff;\">Czechia Contract<\/span><\/div>\n<p>[\/vc_column_text]<div class=\"clearboth\"><\/div><style>#thegem-divider-69d974e8e9aa6 {margin-top: 32px !important;}<\/style><div id=\"thegem-divider-69d974e8e9aa6\" class=\"gem-divider  \" style=\"\" ><\/div>[vc_column_text]<\/p>\n<div class=\"title-h6\"><span style=\"color: #00bcd4;\">\u0410\u0414\u0420\u0415\u0421 \u041a\u041e\u041c\u041f\u0410\u041d\u0418\u0418<\/span><\/div>\n<p>[\/vc_column_text]<div class=\"clearboth\"><\/div><style>#thegem-divider-69d974e8e9ab2 {margin-top: 35px !important;}<\/style><div id=\"thegem-divider-69d974e8e9ab2\" class=\"gem-divider  \" style=\"\" ><\/div>[vc_column_text]<\/p>\n<div class=\"gem-contacts-item gem-contacts-address\"><span style=\"color: #fff;\">Address:<\/span><\/div>\n<div class=\"gem-contacts-item\"><span style=\"color: #fff;\">Lannova 2061\/8<\/span><\/div>\n<div class=\"gem-contacts-item\"><span style=\"color: #fff;\">110 00 Praha<\/span><\/div>\n<div class=\"gem-contacts-item\"><span style=\"color: #fff;\">\u010cesk\u00e1 republika<\/span><\/div>\n<p>[\/vc_column_text]<div class=\"clearboth\"><\/div><style>#thegem-divider-69d974e8e9abe {margin-top: 30px !important;}<\/style><div id=\"thegem-divider-69d974e8e9abe\" class=\"gem-divider  \" style=\"\" ><\/div>[vc_column_text]<\/p>\n<div class=\"gem-contacts-item gem-contacts-phone\"><span style=\"color: #fff;\"> +420 720 420 720<\/span><\/div>\n<div class=\"gem-contacts-item gem-contacts-email\"><span style=\"color: #fff;\"><a href=\"mailto:info@czechiacontract.com\">info@czechiacontract.com<\/a><\/span><\/div>\n<div class=\"gem-contacts-item gem-contacts-website\"><span style=\"color: #fff;\"> <a href=\"https:\/\/czechiacontract.com\/ru\/\">www.czechiacontract.com<\/a><\/span><\/div>\n<p>[\/vc_column_text]<div class=\"clearboth\"><\/div><style>#thegem-divider-69d974e8e9aca {margin-top: 155px !important;}<\/style><div id=\"thegem-divider-69d974e8e9aca\" class=\"gem-divider  \" style=\"\" ><\/div>[\/vc_column][\/vc_row][vc_row full_width=&#187;stretch_row_content&#187; equal_height=&#187;yes&#187; css=&#187;.vc_custom_1565256641007{margin-bottom: 0px !important;}&#187;][vc_column width=&#187;1\/3&#8243; css=&#187;.vc_custom_1565267417509{padding-top: 30% !important;padding-right: 65px !important;padding-left: 65px !important;background-image: url(https:\/\/czechiacontract.com\/wp-content\/uploads\/2019\/08\/kontakty.jpg?id=30248) !important;background-position: center !important;background-repeat: no-repeat !important;background-size: cover !important;}&#187;][vc_column_text]<\/p>\n<h3 style=\"text-align: center; color: #ffffff;\">Czechia Contract<\/h3>\n<div class=\"styled-biggertext\" style=\"text-align: center; color: #ffffff;\">Czechia Contract \u044f\u0432\u043b\u044f\u0435\u0442\u0441\u044f \u043e\u0434\u043d\u0438\u043c \u0438\u0437 \u043d\u0430\u0434\u0435\u0436\u043d\u044b\u0445 \u0434\u0438\u0441\u0442\u0440\u0438\u0431\u044c\u044e\u0442\u043e\u0440\u043e\u0432 \u0435\u0432\u0440\u043e\u043f\u0435\u0439\u0441\u043a\u0438\u0445 \u0442\u043e\u0432\u0430\u0440\u043e\u0432 \u043d\u0430 \u0440\u044b\u043d\u043a\u0438 \u0411\u043b\u0438\u0436\u043d\u0435\u0433\u043e \u0438 \u0421\u0440\u0435\u0434\u043d\u0435\u0433\u043e \u0412\u043e\u0441\u0442\u043e\u043a\u0430. \u041c\u044b \u0442\u0430\u043a\u0436\u0435 \u043f\u0440\u0435\u0434\u043b\u0430\u0433\u0430\u0435\u0442 \u0440\u0435\u043a\u043e\u043c\u0435\u043d\u0434\u0430\u0446\u0438\u0438 \u0438 \u0440\u0435\u0430\u043b\u0438\u0437\u0430\u0446\u0438\u044e \u043f\u0440\u0435\u0434\u043b\u0430\u0433\u0430\u0435\u043c\u044b\u0445 \u0441\u0442\u0440\u0430\u0442\u0435\u0433\u0438\u0439 \u0432 \u043e\u0431\u043b\u0430\u0441\u0442\u0438 \u0441\u043d\u0438\u0436\u0435\u043d\u0438\u044f \u0437\u0430\u0442\u0440\u0430\u0442 \u0438 \u0440\u0438\u0441\u043a\u043e\u0432 \u0432 \u0442\u043e\u0440\u0433\u043e\u0432\u043b\u0435.<\/div>\n<p>[\/vc_column_text][\/vc_column][vc_column width=&#187;2\/3&#8243; css=&#187;.vc_custom_1564992302312{padding-right: 65px !important;padding-left: 65px !important;background-color: #f0f3f2 !important;}&#187;]<div class=\"clearboth\"><\/div><style>#thegem-divider-69d974e8e9ad5 {margin-top: 50px !important;}<\/style><div id=\"thegem-divider-69d974e8e9ad5\" class=\"gem-divider  \" style=\"\" ><\/div>[vc_column_text]<\/p>\n<div class=\"title-h2\">\u041a\u041e\u041d\u0422\u0410\u041a\u0422\u041d\u0410\u042f \u0424\u041e\u0420\u041c\u0410<\/div>\n<p>[\/vc_column_text]<div class=\"clearboth\"><\/div><style>#thegem-divider-69d974e8e9adf {margin-top: 60px !important;}<\/style><div id=\"thegem-divider-69d974e8e9adf\" class=\"gem-divider  \" style=\"\" ><\/div>\n<div class=\"wpcf7 no-js\" id=\"wpcf7-f30481-o1\" lang=\"en-US\" dir=\"ltr\" data-wpcf7-id=\"30481\">\n<div class=\"screen-reader-response\"><p role=\"status\" aria-live=\"polite\" aria-atomic=\"true\"><\/p> <ul><\/ul><\/div>\n<form action=\"\/ru\/wp-json\/wp\/v2\/pages\/30473#wpcf7-f30481-o1\" method=\"post\" class=\"wpcf7-form init gem-contact-form-white\" aria-label=\"Contact form\" novalidate=\"novalidate\" data-status=\"init\">\n<div style=\"display: none;\">\n<input type=\"hidden\" name=\"_wpcf7\" value=\"30481\" \/>\n<input type=\"hidden\" name=\"_wpcf7_version\" value=\"6.0.5\" \/>\n<input type=\"hidden\" name=\"_wpcf7_locale\" value=\"en_US\" \/>\n<input type=\"hidden\" name=\"_wpcf7_unit_tag\" value=\"wpcf7-f30481-o1\" \/>\n<input type=\"hidden\" name=\"_wpcf7_container_post\" value=\"0\" \/>\n<input type=\"hidden\" name=\"_wpcf7_posted_data_hash\" value=\"\" \/>\n<input type=\"hidden\" name=\"_wpcf7_recaptcha_response\" value=\"\" \/>\n<\/div>\n<div class=\"contact-form-style-3\">\n\n<p class=\"col-md-6 cf-style3-name\"><span class=\"wpcf7-form-control-wrap\" data-name=\"your-name\"><input size=\"40\" maxlength=\"400\" class=\"wpcf7-form-control wpcf7-text wpcf7-validates-as-required\" aria-required=\"true\" aria-invalid=\"false\" placeholder=\"\u0412\u0430\u0448\u0435 \u0438\u043c\u044f (\u043e\u0431\u044f\u0437\u0430\u0442\u0435\u043b\u044c\u043d\u043e)\" value=\"\" type=\"text\" name=\"your-name\" \/><\/span><\/p>\n<p class=\"col-md-6 cf-style3-email\"><span class=\"wpcf7-form-control-wrap\" data-name=\"your-email\"><input size=\"40\" maxlength=\"400\" class=\"wpcf7-form-control wpcf7-email wpcf7-validates-as-required wpcf7-text wpcf7-validates-as-email\" aria-required=\"true\" aria-invalid=\"false\" placeholder=\"\u0412\u0430\u0448 e-mail (\u043e\u0431\u044f\u0437\u0430\u0442\u0435\u043b\u044c\u043d\u043e)\" value=\"\" type=\"email\" name=\"your-email\" \/><\/span><\/p>\n<p class=\"col-md-12 cf-style3-textarea\"><span class=\"wpcf7-form-control-wrap\" data-name=\"your-message\"><textarea cols=\"40\" rows=\"4\" maxlength=\"2000\" class=\"wpcf7-form-control wpcf7-textarea\" aria-invalid=\"false\" placeholder=\"\u0422\u0435\u043c\u0430 ...\" name=\"your-message\"><\/textarea><\/span><\/p>\n<p class=\"col-md-12\" ><style type=\"text\/css\">.thegem-button-69d974e8ea8f23606 .gem-button svg {fill: #FFFFFFFF;}.thegem-button-69d974e8ea8f23606 .gem-button:hover svg {fill: #FFFFFFFF;}<\/style><div class=\"gem-button-container gem-button-position-fullwidth thegem-button-69d974e8ea8f23606\"  ><input class=\"gem-button gem-button-size-small gem-button-style-flat gem-button-text-weight-normal wpcf7-form-control wpcf7-submit has-spinner gem-button-wpcf-custom\" data-ll-effect=\"drop-right-without-wrap\" style=\"border-radius: 2px;background-color: #191919FF;color: #FFFFFFFF;\" onmouseleave=\"this.style.backgroundColor='#191919FF';this.style.color='#FFFFFFFF';\" onmouseenter=\"this.style.backgroundColor='#1C3D76FF';this.style.color='#FFFFFFFF';\" id=\"\" tabindex=\"\" type=\"submit\" value=\"\u041e\u0442\u043f\u0440\u0430\u0432\u0438\u0442\u044c\" \/><\/div>\n<\/div><div class=\"wpcf7-response-output\" aria-hidden=\"true\"><\/div>\n<\/form>\n<\/div>\n[\/vc_column][\/vc_row]<\/p>\n<\/div>","protected":false},"excerpt":{"rendered":"<p>[vc_row full_width=&#187;stretch_row_content&#187; css=&#187;.vc_custom_1564752928734{margin-bottom: 0px !important;}&#187;][vc_column width=&#187;1\/3&#8243; css=&#187;.vc_custom_1564991576392{padding-right: 60px !important;padding-left: 60px&#8230;<\/p>\n","protected":false},"author":1,"featured_media":0,"parent":0,"menu_order":15,"comment_status":"closed","ping_status":"closed","template":"","meta":{"passster_activate_protection":null,"passster_protect_child_pages":"","passster_protection_type":"password","passster_password":"","passster_activate_overwrite_defaults":"","passster_headline":"","passster_instruction":"","passster_placeholder":"","passster_button":"","passster_id":"","passster_activate_misc_settings":"","passster_redirect_url":"","passster_hide":"no","passster_area_shortcode":"","footnotes":""},"class_list":["post-30473","page","type-page","status-publish"],"_links":{"self":[{"href":"https:\/\/czechiacontract.com\/ru\/wp-json\/wp\/v2\/pages\/30473","targetHints":{"allow":["GET"]}}],"collection":[{"href":"https:\/\/czechiacontract.com\/ru\/wp-json\/wp\/v2\/pages"}],"about":[{"href":"https:\/\/czechiacontract.com\/ru\/wp-json\/wp\/v2\/types\/page"}],"author":[{"embeddable":true,"href":"https:\/\/czechiacontract.com\/ru\/wp-json\/wp\/v2\/users\/1"}],"replies":[{"embeddable":true,"href":"https:\/\/czechiacontract.com\/ru\/wp-json\/wp\/v2\/comments?post=30473"}],"version-history":[{"count":0,"href":"https:\/\/czechiacontract.com\/ru\/wp-json\/wp\/v2\/pages\/30473\/revisions"}],"wp:attachment":[{"href":"https:\/\/czechiacontract.com\/ru\/wp-json\/wp\/v2\/media?parent=30473"}],"curies":[{"name":"wp","href":"https:\/\/api.w.org\/{rel}","templated":true}]}}