{"id":30654,"date":"2016-03-17T16:58:17","date_gmt":"2016-03-17T15:58:17","guid":{"rendered":"https:\/\/czechiacontract.com\/kontakt\/"},"modified":"2023-08-01T01:09:38","modified_gmt":"2023-07-31T23:09:38","slug":"kontakt","status":"publish","type":"page","link":"https:\/\/czechiacontract.com\/fa\/kontakt\/","title":{"rendered":"\u062a\u0645\u0627\u0633 \u0628\u0627 \u0645\u0627"},"content":{"rendered":"<div class=\"wpb-content-wrapper\"><p>[vc_row full_width=&#8221;stretch_row_content&#8221; css=&#8221;.vc_custom_1567528256962{margin-bottom: 0px !important;}&#8221; el_class=&#8221;zlevadoprava&#8221;][vc_column width=&#8221;1\/3&#8243; css=&#8221;.vc_custom_1567528249018{padding-right: 60px !important;padding-left: 60px !important;}&#8221;]<div class=\"clearboth\"><\/div><style>#thegem-divider-69d97ead3092e {margin-top: 55px !important;}<\/style><div id=\"thegem-divider-69d97ead3092e\" class=\"gem-divider  \" style=\"\" ><\/div>[vc_column_text]<strong>\u0645\u0631\u06a9\u0632 \u0641\u0631\u0645\u0627\u0646\u062f\u0647\u06cc<\/strong><\/p>\n<p>Lucas diesel SE<br \/>\nLannova 2061\/8, 110 00 Praha<\/p>\n<p>I\u010c: 24714895<br \/>\nDIC: CZ24714895<\/p>\n<p>Spisov\u00e1 zna\u010dka:<br \/>\nH 154 veden\u00e1 u Krajsk\u00e9ho soudu v Brn\u011b[\/vc_column_text][\/vc_column][vc_column width=&#8221;2\/3&#8243; css=&#8221;.vc_custom_1458289843803{padding-right: 60px !important;padding-left: 60px !important;background-color: #f0f3f2 !important;}&#8221;]<div class=\"clearboth\"><\/div><style>#thegem-divider-69d97ead30963 {margin-top: 102px !important;}<\/style><div id=\"thegem-divider-69d97ead30963\" class=\"gem-divider  \" style=\"\" ><\/div>[vc_row_inner][vc_column_inner offset=&#8221;vc_col-lg-4&#8243;][vc_column_text css=&#8221;.vc_custom_1655331558972{margin-top: -25px !important;}&#8221;]<\/p>\n<div class=\"title-h5\">\u062f\u0641\u0627\u062a\u0631<\/div>\n<p>[\/vc_column_text]<div class=\"clearboth\"><\/div><style>#thegem-divider-69d97ead3097e {margin-top: 35px !important;}<\/style><div id=\"thegem-divider-69d97ead3097e\" class=\"gem-divider  \" style=\"\" ><\/div>[vc_column_text css=&#8221;.vc_custom_1564771673935{margin-top: -25px !important;}&#8221;]17 Listopadu 470\/11<br \/>\n690 02 B\u0159eclav<br \/>\n\u010cesk\u00e1 republika[\/vc_column_text][\/vc_column_inner][vc_column_inner offset=&#8221;vc_col-lg-4&#8243;][vc_column_text css=&#8221;.vc_custom_1655331572669{margin-top: -25px !important;}&#8221;]<\/p>\n<div class=\"title-h5\">\u0645\u0648\u062c\u0648\u062f\u06cc Ladn\u00e1<\/div>\n<p>[\/vc_column_text]<div class=\"clearboth\"><\/div><style>#thegem-divider-69d97ead30993 {margin-top: 35px !important;}<\/style><div id=\"thegem-divider-69d97ead30993\" class=\"gem-divider  \" style=\"\" ><\/div>[vc_column_text css=&#8221;.vc_custom_1564771689200{margin-top: -25px !important;}&#8221;]Masarykova 59\/15<br \/>\n691 46 Ladn\u00e1<br \/>\n\u010cesk\u00e1 republika[\/vc_column_text][\/vc_column_inner][vc_column_inner offset=&#8221;vc_col-lg-4&#8243;][vc_column_text css=&#8221;.vc_custom_1655331524989{margin-top: -25px !important;}&#8221;]<\/p>\n<div class=\"title-h5\">\u062a\u0645\u0627\u0633 \u0628\u0627 \u0645\u0627<\/div>\n<p>[\/vc_column_text]<div class=\"clearboth\"><\/div><style>#thegem-divider-69d97ead309a5 {margin-top: 35px !important;}<\/style><div id=\"thegem-divider-69d97ead309a5\" class=\"gem-divider  \" style=\"\" ><\/div>[vc_column_text css=&#8221;.vc_custom_1655331540504{margin-top: -25px !important;}&#8221;]info@czechiacontract.com<br \/>\n+420 720 420 720<br \/>\nwww.czechiacontract.com[\/vc_column_text][\/vc_column_inner][\/vc_row_inner]<div class=\"clearboth\"><\/div><style>#thegem-divider-69d97ead309b6 {margin-top: 102px !important;}<\/style><div id=\"thegem-divider-69d97ead309b6\" class=\"gem-divider  \" style=\"\" ><\/div>[\/vc_column][\/vc_row][vc_row full_width=&#8221;stretch_row_content&#8221; disable_element=&#8221;yes&#8221; css=&#8221;.vc_custom_1655330425359{margin-bottom: 0px !important;}&#8221; el_class=&#8221;zlevadoprava&#8221;][vc_column width=&#8221;1\/3&#8243; css=&#8221;.vc_custom_1567528249018{padding-right: 60px !important;padding-left: 60px !important;}&#8221;]<div class=\"clearboth\"><\/div><style>#thegem-divider-69d97ead309c7 {margin-top: 55px !important;}<\/style><div id=\"thegem-divider-69d97ead309c7\" class=\"gem-divider  \" style=\"\" ><\/div>[vc_column_text]<strong>Billing information<\/strong><\/p>\n<p>Lucas diesel SE<br \/>\nMasarykova 59\/15, 691 46 Ladn\u00e1<\/p>\n<p>I\u010c: 24714895<br \/>\nDIC: CZ24714895<\/p>\n<p>Spisov\u00e1 zna\u010dka:<br \/>\nH 154 veden\u00e1 u Krajsk\u00e9ho soudu v Brn\u011b[\/vc_column_text][\/vc_column][vc_column width=&#8221;2\/3&#8243; css=&#8221;.vc_custom_1458289843803{padding-right: 60px !important;padding-left: 60px !important;background-color: #f0f3f2 !important;}&#8221;]<div class=\"clearboth\"><\/div><style>#thegem-divider-69d97ead309d7 {margin-top: 102px !important;}<\/style><div id=\"thegem-divider-69d97ead309d7\" class=\"gem-divider  \" style=\"\" ><\/div>[vc_row_inner][vc_column_inner offset=&#8221;vc_col-lg-4&#8243;][vc_column_text css=&#8221;.vc_custom_1565553280341{margin-top: -25px !important;}&#8221;]<\/p>\n<div class=\"title-h5\">OFFICES<\/div>\n<p>[\/vc_column_text]<div class=\"clearboth\"><\/div><style>#thegem-divider-69d97ead309e7 {margin-top: 35px !important;}<\/style><div id=\"thegem-divider-69d97ead309e7\" class=\"gem-divider  \" style=\"\" ><\/div>[vc_column_text css=&#8221;.vc_custom_1564771673935{margin-top: -25px !important;}&#8221;]17 Listopadu 470\/11<br \/>\n690 02 B\u0159eclav<br \/>\n\u010cesk\u00e1 republika[\/vc_column_text][\/vc_column_inner][vc_column_inner offset=&#8221;vc_col-lg-4&#8243;][vc_column_text css=&#8221;.vc_custom_1565553291215{margin-top: -25px !important;}&#8221;]<\/p>\n<div class=\"title-h5\">STOCK Hodon\u00edn<\/div>\n<p>[\/vc_column_text]<div class=\"clearboth\"><\/div><style>#thegem-divider-69d97ead309f7 {margin-top: 35px !important;}<\/style><div id=\"thegem-divider-69d97ead309f7\" class=\"gem-divider  \" style=\"\" ><\/div>[vc_column_text css=&#8221;.vc_custom_1564771682005{margin-top: -25px !important;}&#8221;]Velkomoravsk\u00e1 81<br \/>\n695 01 Hodon\u00edn<br \/>\n\u010cesk\u00e1 republika[\/vc_column_text]<div class=\"clearboth\"><\/div><style>#thegem-divider-69d97ead30a08 {margin-top: 55px !important;}<\/style><div id=\"thegem-divider-69d97ead30a08\" class=\"gem-divider  \" style=\"\" ><\/div>[vc_column_text css=&#8221;.vc_custom_1565553300734{margin-top: -25px !important;}&#8221;]<\/p>\n<div class=\"title-h5\">STOCK Ladn\u00e1<\/div>\n<p>[\/vc_column_text]<div class=\"clearboth\"><\/div><style>#thegem-divider-69d97ead30a18 {margin-top: 35px !important;}<\/style><div id=\"thegem-divider-69d97ead30a18\" class=\"gem-divider  \" style=\"\" ><\/div>[vc_column_text css=&#8221;.vc_custom_1564771689200{margin-top: -25px !important;}&#8221;]Masarykova 59\/15<br \/>\n691 46 Ladn\u00e1<br \/>\n\u010cesk\u00e1 republika[\/vc_column_text][\/vc_column_inner][vc_column_inner offset=&#8221;vc_col-lg-4&#8243;][vc_column_text css=&#8221;.vc_custom_1582648354222{margin-top: -25px !important;}&#8221;]<\/p>\n<div class=\"title-h5\">\u0646\u0645\u0627\u06cc\u0646\u062f\u06af\u06cc \u0641\u0631\u0648\u0634 \u0627\u0633\u0644\u0648\u0627\u06a9\u06cc<\/div>\n<p>[\/vc_column_text]<div class=\"clearboth\"><\/div><style>#thegem-divider-69d97ead30a29 {margin-top: 35px !important;}<\/style><div id=\"thegem-divider-69d97ead30a29\" class=\"gem-divider  \" style=\"\" ><\/div>[vc_column_text css=&#8221;.vc_custom_1582648337091{margin-top: -25px !important;}&#8221;]+421 918 192 970<\/p>\n<p>&nbsp;<\/p>\n<p>[\/vc_column_text]<div class=\"clearboth\"><\/div><style>#thegem-divider-69d97ead30a51 {margin-top: 55px !important;}<\/style><div id=\"thegem-divider-69d97ead30a51\" class=\"gem-divider  \" style=\"\" ><\/div>[vc_column_text css=&#8221;.vc_custom_1582648372407{margin-top: -25px !important;}&#8221;]<\/p>\n<div class=\"title-h5\">\u0646\u0645\u0627\u06cc\u0646\u062f\u06af\u06cc \u0627\u062a\u0631\u06cc\u0634<\/div>\n<p>[\/vc_column_text]<div class=\"clearboth\"><\/div><style>#thegem-divider-69d97ead30a6d {margin-top: 35px !important;}<\/style><div id=\"thegem-divider-69d97ead30a6d\" class=\"gem-divider  \" style=\"\" ><\/div>[vc_column_text css=&#8221;.vc_custom_1582648384017{margin-top: -25px !important;}&#8221;]+436 605 888 006[\/vc_column_text][\/vc_column_inner][\/vc_row_inner]<div class=\"clearboth\"><\/div><style>#thegem-divider-69d97ead30a81 {margin-top: 102px !important;}<\/style><div id=\"thegem-divider-69d97ead30a81\" class=\"gem-divider  \" style=\"\" ><\/div>[\/vc_column][\/vc_row][vc_row full_width=&#8221;stretch_row_content&#8221; equal_height=&#8221;yes&#8221; disable_element=&#8221;yes&#8221; el_class=&#8221;.wpb_widgetised_column .line-1&#8243; css=&#8221;.vc_custom_1652975285343{margin-bottom: 0px !important;}&#8221;][vc_column css=&#8221;.vc_custom_1567528540656{padding-top: 200px !important;padding-bottom: 50px !important;padding-left: 60px !important;background-image: url(https:\/\/czechiacontract.com\/wp-content\/uploads\/2019\/08\/kontakt-01.jpg?id=30231) !important;background-position: center !important;background-repeat: no-repeat !important;background-size: cover !important;}&#8221; offset=&#8221;vc_col-lg-4 vc_col-md-4&#8243; el_class=&#8221;zlevadoprava&#8221;][vc_column_text]<\/p>\n<div class=\"title-h4\"><span style=\"color: #ffffff;\">COMPANY MANAGEMENT<\/span><\/div>\n<p>[\/vc_column_text][vc_column_text]<span style=\"color: #fff;\">Eduard Drgonec<br \/>\n\u010clen p\u0159edstavenstva <\/span><\/p>\n<div class=\"gem-contacts-item gem-contacts-email\"><span style=\"color: #fff;\">ceo@czechiacontract.com<\/span><\/div>\n<p>[\/vc_column_text]<div class=\"clearboth\"><\/div><style>#thegem-divider-69d97ead30a91 {margin-top: 86px !important;}<\/style><div id=\"thegem-divider-69d97ead30a91\" class=\"gem-divider  \" style=\"\" ><\/div>[\/vc_column][vc_column css=&#8221;.vc_custom_1567528546212{padding-top: 200px !important;padding-bottom: 50px !important;padding-left: 60px !important;background-image: url(https:\/\/czechiacontract.com\/wp-content\/uploads\/2019\/08\/kontakt-02-2.jpg?id=30244) !important;background-position: center !important;background-repeat: no-repeat !important;background-size: cover !important;}&#8221; offset=&#8221;vc_col-lg-4 vc_col-md-4&#8243; el_class=&#8221;zlevadoprava&#8221;][vc_column_text]<\/p>\n<div class=\"title-h4\"><span style=\"color: #ffffff;\">COMPANY MANAGER<\/span><\/div>\n<p>[\/vc_column_text][vc_column_text]<span style=\"color: #fff;\">Asama Hashmy<\/span><\/p>\n<div class=\"gem-contacts-item gem-contacts-phone\"><span style=\"color: #fff;\">+420 720 420 720 <\/span><\/div>\n<div class=\"gem-contacts-item gem-contacts-email\"><span style=\"color: #fff;\">offer@czechiacontract.com<\/span><\/div>\n<p>[\/vc_column_text]<div class=\"clearboth\"><\/div><style>#thegem-divider-69d97ead30aa0 {margin-top: 76px !important;}<\/style><div id=\"thegem-divider-69d97ead30aa0\" class=\"gem-divider  \" style=\"\" ><\/div>[\/vc_column][vc_column css=&#8221;.vc_custom_1567528550663{padding-top: 200px !important;padding-bottom: 50px !important;padding-left: 60px !important;background-image: url(https:\/\/czechiacontract.com\/wp-content\/uploads\/2019\/08\/kontakt-03-2.jpg?id=30246) !important;background-position: center !important;background-repeat: no-repeat !important;background-size: cover !important;}&#8221; offset=&#8221;vc_col-lg-4 vc_col-md-4&#8243; el_class=&#8221;zlevadoprava&#8221;][vc_column_text]<\/p>\n<div class=\"title-h4\"><span style=\"color: #ffffff;\">SALES DEPARTMENT<\/span><\/div>\n<p>[\/vc_column_text][vc_column_text]<span style=\"color: #fff;\">Ali Hashmy<br \/>\nSales Manager<\/span><\/p>\n<div class=\"gem-contacts-item gem-contacts-phone\"><span style=\"color: #fff;\">+420 773 173 307<\/span><\/div>\n<div class=\"gem-contacts-item gem-contacts-email\"><span style=\"color: #fff;\"><span style=\"color: #fff;\">Tuzemsko:<\/span> czech@czechiacontract.com<\/span><\/div>\n<div class=\"gem-contacts-item gem-contacts-email\"><span style=\"color: #fff;\"><span style=\"color: #fff;\">Zahrani\u010dn\u00ed obchod:<\/span> sales@czechiacontract.com<\/span><\/div>\n<p>[\/vc_column_text][\/vc_column][\/vc_row][vc_row full_width=&#8221;stretch_row_content&#8221; css=&#8221;.vc_custom_1567528378566{margin-bottom: 0px !important;background-image: url(https:\/\/czechiacontract.com\/wp-content\/uploads\/2016\/03\/2-22.jpg?id=13537) !important;background-position: center !important;background-repeat: no-repeat !important;background-size: cover !important;}&#8221; el_class=&#8221;zlevadoprava&#8221;][vc_column el_class=&#8221;.wpb_widgetised_column .line-2&#8243; css=&#8221;.vc_custom_1458295477548{padding-left: 60px !important;}&#8221;]<div class=\"clearboth\"><\/div><style>#thegem-divider-69d97ead30aad {margin-top: 100px !important;}<\/style><div id=\"thegem-divider-69d97ead30aad\" class=\"gem-divider  \" style=\"\" ><\/div>[vc_column_text]<\/p>\n<div class=\"title-h3\"><span style=\"color: #ffffff;\">Czechia Contract<\/span><\/div>\n<p>[\/vc_column_text]<div class=\"clearboth\"><\/div><style>#thegem-divider-69d97ead30aba {margin-top: 32px !important;}<\/style><div id=\"thegem-divider-69d97ead30aba\" class=\"gem-divider  \" style=\"\" ><\/div>[vc_column_text]<\/p>\n<div class=\"title-h6\"><span style=\"color: #00bcd4;\">COMPANY HEADQUARTERS<\/span><\/div>\n<p>[\/vc_column_text]<div class=\"clearboth\"><\/div><style>#thegem-divider-69d97ead30ac6 {margin-top: 35px !important;}<\/style><div id=\"thegem-divider-69d97ead30ac6\" class=\"gem-divider  \" style=\"\" ><\/div>[vc_column_text]<\/p>\n<div class=\"gem-contacts-item gem-contacts-address\"><span style=\"color: #fff;\">Address:<\/span><\/div>\n<div class=\"gem-contacts-item\"><span style=\"color: #fff;\">Lannova 2061\/8<\/span><\/div>\n<div class=\"gem-contacts-item\"><span style=\"color: #fff;\">110 00 Praha<\/span><\/div>\n<div class=\"gem-contacts-item\"><span style=\"color: #fff;\">\u010cesk\u00e1 republika<\/span><\/div>\n<p>[\/vc_column_text]<div class=\"clearboth\"><\/div><style>#thegem-divider-69d97ead30ad3 {margin-top: 30px !important;}<\/style><div id=\"thegem-divider-69d97ead30ad3\" class=\"gem-divider  \" style=\"\" ><\/div>[vc_column_text]<\/p>\n<div class=\"gem-contacts-item gem-contacts-phone\"><span style=\"color: #fff;\"> +420 720 420 720<\/span><\/div>\n<div class=\"gem-contacts-item gem-contacts-email\"><span style=\"color: #fff;\"> <a href=\"mailto:info@czechiacontract.com\">info@czechiacontract.com<\/a><\/span><\/div>\n<div class=\"gem-contacts-item gem-contacts-website\"><span style=\"color: #fff;\"> <a href=\"https:\/\/czechiacontract.com\/fa\/\">www.czechiacontract.com<\/a><\/span><\/div>\n<p>[\/vc_column_text]<div class=\"clearboth\"><\/div><style>#thegem-divider-69d97ead30ae0 {margin-top: 155px !important;}<\/style><div id=\"thegem-divider-69d97ead30ae0\" class=\"gem-divider  \" style=\"\" ><\/div>[\/vc_column][\/vc_row][vc_row full_width=&#8221;stretch_row_content&#8221; equal_height=&#8221;yes&#8221; css=&#8221;.vc_custom_1565256641007{margin-bottom: 0px !important;}&#8221;][vc_column width=&#8221;1\/3&#8243; css=&#8221;.vc_custom_1565267417509{padding-top: 30% !important;padding-right: 65px !important;padding-left: 65px !important;background-image: url(https:\/\/czechiacontract.com\/wp-content\/uploads\/2019\/08\/kontakty.jpg?id=30248) !important;background-position: center !important;background-repeat: no-repeat !important;background-size: cover !important;}&#8221;][vc_column_text]<\/p>\n<h3 style=\"text-align: center; color: #ffffff;\">Czechia Contract<\/h3>\n<div class=\"styled-biggertext\" style=\"text-align: center; color: #ffffff;\">\u0644\u0648\u06a9\u0627\u0633 \u062f\u06cc\u0632\u0644 \u06cc\u06a9\u06cc \u0627\u0632 \u062a\u0648\u0632\u06cc\u0639 \u06a9\u0646\u0646\u062f\u06af\u0627\u0646 \u0642\u0627\u0628\u0644 \u0627\u0639\u062a\u0645\u0627\u062f \u06a9\u0627\u0644\u0627\u0647\u0627\u06cc \u0627\u0631\u0648\u067e\u0627\u06cc\u06cc \u0628\u0647 \u0628\u0627\u0632\u0627\u0631\u0647\u0627\u06cc \u062e\u0627\u0648\u0631\u0645\u06cc\u0627\u0646\u0647 \u0627\u0633\u062a. \u0645\u0627 \u0628\u0647 \u0634\u0645\u0627 \u0645\u0634\u0627\u0648\u0631\u0647 \u0647\u0627 \u0648 \u0627\u0633\u062a\u0631\u0627\u062a\u0698\u06cc\u0647\u0627\u06cc\u06cc \u062f\u0631 \u0632\u0645\u06cc\u0646\u0647 \u06a9\u0627\u0647\u0634 \u0647\u0632\u06cc\u0646\u0647-\u0647\u0627 \u0648 \u0631\u06cc\u0633\u06a9\u0647\u0627 \u062f\u0631 \u062a\u062c\u0627\u0631\u062a \u0631\u0627 \u0627\u0631\u0627\u0626\u0647 \u0645\u06cc \u062f\u0647\u06cc\u0645.<\/div>\n<p>[\/vc_column_text][\/vc_column][vc_column width=&#8221;2\/3&#8243; css=&#8221;.vc_custom_1564992302312{padding-right: 65px !important;padding-left: 65px !important;background-color: #f0f3f2 !important;}&#8221;]<div class=\"clearboth\"><\/div><style>#thegem-divider-69d97ead30aeb {margin-top: 50px !important;}<\/style><div id=\"thegem-divider-69d97ead30aeb\" class=\"gem-divider  \" style=\"\" ><\/div>[vc_column_text]<\/p>\n<div class=\"title-h2\">\u0641\u0631\u0645 \u062a\u0645\u0627\u0633<\/div>\n<p>[\/vc_column_text]<div class=\"clearboth\"><\/div><style>#thegem-divider-69d97ead30af5 {margin-top: 60px !important;}<\/style><div id=\"thegem-divider-69d97ead30af5\" class=\"gem-divider  \" style=\"\" ><\/div>\n<div class=\"wpcf7 no-js\" id=\"wpcf7-f30649-o1\" lang=\"en-US\" dir=\"ltr\" data-wpcf7-id=\"30649\">\n<div class=\"screen-reader-response\"><p role=\"status\" aria-live=\"polite\" aria-atomic=\"true\"><\/p> <ul><\/ul><\/div>\n<form action=\"\/fa\/wp-json\/wp\/v2\/pages\/30654#wpcf7-f30649-o1\" method=\"post\" class=\"wpcf7-form init gem-contact-form-white\" aria-label=\"Contact form\" novalidate=\"novalidate\" data-status=\"init\">\n<div style=\"display: none;\">\n<input type=\"hidden\" name=\"_wpcf7\" value=\"30649\" \/>\n<input type=\"hidden\" name=\"_wpcf7_version\" value=\"6.0.5\" \/>\n<input type=\"hidden\" name=\"_wpcf7_locale\" value=\"en_US\" \/>\n<input type=\"hidden\" name=\"_wpcf7_unit_tag\" value=\"wpcf7-f30649-o1\" \/>\n<input type=\"hidden\" name=\"_wpcf7_container_post\" value=\"0\" \/>\n<input type=\"hidden\" name=\"_wpcf7_posted_data_hash\" value=\"\" \/>\n<input type=\"hidden\" name=\"_wpcf7_recaptcha_response\" value=\"\" \/>\n<\/div>\n<div class=\"contact-form-style-3\">\n<p class=\"col-md-6 cf-style3-name\"><span class=\"wpcf7-form-control-wrap\" data-name=\"your-name\"><input size=\"40\" maxlength=\"400\" class=\"wpcf7-form-control wpcf7-text wpcf7-validates-as-required\" aria-required=\"true\" aria-invalid=\"false\" placeholder=\"\u0646\u0627\u0645 \u0634\u0645\u0627 (\u0627\u0644\u0632\u0627\u0645\u06cc)\" value=\"\" type=\"text\" name=\"your-name\" \/><\/span><\/p>\n<p class=\"col-md-6 cf-style3-email\"><span class=\"wpcf7-form-control-wrap\" data-name=\"your-email\"><input size=\"40\" maxlength=\"400\" class=\"wpcf7-form-control wpcf7-email wpcf7-validates-as-required wpcf7-text wpcf7-validates-as-email\" aria-required=\"true\" aria-invalid=\"false\" placeholder=\"\u0627\u06cc\u0645\u06cc\u0644 \u0634\u0645\u0627 (\u0627\u0644\u0632\u0627\u0645\u06cc)\" value=\"\" type=\"email\" name=\"your-email\" \/><\/span><\/p>\n<p class=\"col-md-12 cf-style3-textarea\"><span class=\"wpcf7-form-control-wrap\" data-name=\"your-message\"><textarea cols=\"40\" rows=\"4\" maxlength=\"2000\" class=\"wpcf7-form-control wpcf7-textarea\" aria-invalid=\"false\" placeholder=\"\u067e\u06cc\u0627\u0645 \u0634\u0645\u0627\" name=\"your-message\"><\/textarea><\/span><\/p>\n<p class=\"col-md-12\" ><style type=\"text\/css\">.thegem-button-69d97ead333753964 .gem-button svg {fill: #FFFFFFFF;}.thegem-button-69d97ead333753964 .gem-button:hover svg {fill: #FFFFFFFF;}<\/style><div class=\"gem-button-container gem-button-position-fullwidth thegem-button-69d97ead333753964\"  ><input class=\"gem-button gem-button-size-small gem-button-style-flat gem-button-text-weight-normal wpcf7-form-control wpcf7-submit has-spinner gem-button-wpcf-custom\" data-ll-effect=\"drop-right-without-wrap\" style=\"border-radius: 2px;background-color: #191919FF;color: #FFFFFFFF;\" onmouseleave=\"this.style.backgroundColor='#191919FF';this.style.color='#FFFFFFFF';\" onmouseenter=\"this.style.backgroundColor='#1C3D76FF';this.style.color='#FFFFFFFF';\" id=\"\" tabindex=\"\" type=\"submit\" value=\"\u0627\u0631\u0633\u0627\u0644\" \/><\/div>\n<\/div><div class=\"wpcf7-response-output\" aria-hidden=\"true\"><\/div>\n<\/form>\n<\/div>\n[\/vc_column][\/vc_row]<\/p>\n<\/div>","protected":false},"excerpt":{"rendered":"<p>[vc_row full_width=&#8221;stretch_row_content&#8221; css=&#8221;.vc_custom_1567528256962{margin-bottom: 0px !important;}&#8221; el_class=&#8221;zlevadoprava&#8221;][vc_column width=&#8221;1\/3&#8243; css=&#8221;.vc_custom_1567528249018{padding-right: 60px !important;padding-left:&#8230;<\/p>\n","protected":false},"author":1,"featured_media":0,"parent":0,"menu_order":15,"comment_status":"closed","ping_status":"closed","template":"","meta":{"passster_activate_protection":null,"passster_protect_child_pages":"","passster_protection_type":"password","passster_password":"","passster_activate_overwrite_defaults":"","passster_headline":"","passster_instruction":"","passster_placeholder":"","passster_button":"","passster_id":"","passster_activate_misc_settings":"","passster_redirect_url":"","passster_hide":"no","passster_area_shortcode":"","footnotes":""},"class_list":["post-30654","page","type-page","status-publish"],"_links":{"self":[{"href":"https:\/\/czechiacontract.com\/fa\/wp-json\/wp\/v2\/pages\/30654","targetHints":{"allow":["GET"]}}],"collection":[{"href":"https:\/\/czechiacontract.com\/fa\/wp-json\/wp\/v2\/pages"}],"about":[{"href":"https:\/\/czechiacontract.com\/fa\/wp-json\/wp\/v2\/types\/page"}],"author":[{"embeddable":true,"href":"https:\/\/czechiacontract.com\/fa\/wp-json\/wp\/v2\/users\/1"}],"replies":[{"embeddable":true,"href":"https:\/\/czechiacontract.com\/fa\/wp-json\/wp\/v2\/comments?post=30654"}],"version-history":[{"count":0,"href":"https:\/\/czechiacontract.com\/fa\/wp-json\/wp\/v2\/pages\/30654\/revisions"}],"wp:attachment":[{"href":"https:\/\/czechiacontract.com\/fa\/wp-json\/wp\/v2\/media?parent=30654"}],"curies":[{"name":"wp","href":"https:\/\/api.w.org\/{rel}","templated":true}]}}