{"id":32821,"date":"2023-04-21T13:30:19","date_gmt":"2023-04-21T11:30:19","guid":{"rendered":"https:\/\/czechiacontract.com\/poradenstvi\/"},"modified":"2023-04-21T13:55:32","modified_gmt":"2023-04-21T11:55:32","slug":"poradenstvi","status":"publish","type":"page","link":"https:\/\/czechiacontract.com\/de\/poradenstvi\/","title":{"rendered":"Beratung"},"content":{"rendered":"\r\n<h1>F\u00fcr diejenigen aus der EU, die am Handel im Nahen Osten interessiert sind<\/h1>\r\n<strong>\u00a0<\/strong>\r\n\r\n<strong>\u00a0<\/strong>\r\n\r\nEin Gebiet, das derzeit eine gro\u00dfe Anzahl von Handelsm\u00f6glichkeiten bietet und gro\u00dfe Chancen auf interessante Gewinne in der heutigen Handelswelt bietet, ist der Nahe Osten und Nordafrika, eine Region, die von europ\u00e4ischen H\u00e4ndlern nicht sehr erforscht wird.\r\n\r\n&nbsp;\r\n\r\n&nbsp;\r\n<h1>Die Besonderheiten des lokalen Marktes<\/h1>\r\n<strong>\u00a0<\/strong>\r\n\r\nIm Vergleich zu den europ\u00e4ischen und amerikanischen M\u00e4rkten weist der Handel im Nahen Osten und im arabischen Nordafrika jedoch eine Reihe von Besonderheiten auf. Diese Besonderheiten sind vor allem auf die politische Instabilit\u00e4t der Region und die unterschiedliche Mentalit\u00e4t der lokalen Bev\u00f6lkerung zur\u00fcckzuf\u00fchren.\r\n\r\n&nbsp;\r\n\r\nEs ist daher nicht verwunderlich, dass kein Gesch\u00e4ft im Nahen Osten oder in Nordafrika einfach ist. Wenn jemand, der in diesen riesigen geografischen Gebieten mit einem sehr dynamischen und widerstandsf\u00e4higen Markt t\u00e4tig werden m\u00f6chte, den Mut, das Wissen und die Qualit\u00e4tsprodukte hat, muss er nur einige Anfangsh\u00fcrden \u00fcberwinden.\r\n\r\n&nbsp;\r\n\r\n&nbsp;\r\n<h1>Handel<\/h1>\r\n<strong>\u00a0<\/strong>\r\n\r\nDer Handel im Nahen Osten muss als etwas grundlegend Neues, etwas Anderes betrachtet werden, etwas, das nicht zu den europ\u00e4ischen Handelspraktiken oder anderen Details des europ\u00e4ischen Binnenmarktes passt.\r\n\r\n&nbsp;\r\n\r\nDer unternehmerische Erfolg wird in der Regel durch bew\u00e4hrte Produkte des t\u00e4glichen Gebrauchs in Haushalt und Industrie oder durch Neuheit, ungew\u00f6hnliches Produktdesign oder deutlich sichtbaren Mehrwert gegen\u00fcber der Konkurrenz (z.B. bei den verwendeten Materialien) gew\u00e4hrleistet.\r\n\r\n&nbsp;\r\n\r\nDie Formalit\u00e4ten des Handels, die Struktur und die Art der Verhandlungen werden von der Mentalit\u00e4t der lokalen Unternehmer beeinflusst. Ihre Entscheidung, ob sie Gesch\u00e4fte machen wollen oder nicht, beruht in der Regel auf ausgefeilten und konsistenten gesch\u00e4ftlichen \u00dcberlegungen, und auch das gegenseitige Kennenlernen der H\u00e4ndler auf pers\u00f6nlicher Basis spielt eine sehr wichtige Rolle. Selbst wenn sich die Parteien bereits pers\u00f6nlich kennen oder in der Vergangenheit Gesch\u00e4fte miteinander gemacht haben, werden die Verhandlungen nicht einfach sein. Jeder Handel ist zeitaufwendig, und nicht nur deshalb muss jeder H\u00e4ndler, der an einer Handelsverhandlung beteiligt ist, \u00fcber ausreichend Geduld verf\u00fcgen. Wenn Sie den Mut, die n\u00f6tige Geduld und gen\u00fcgend vern\u00fcnftige Argumente haben, sind Sie auf dem besten Weg zu einem erfolgreichen Gesch\u00e4ftsabschluss. Und wenn man sich auf ein Gesch\u00e4ft einl\u00e4sst, ist die formale B\u00fcrokratie hier einfacher als in Europa.\r\n\r\n&nbsp;\r\n\r\nDank unserer langj\u00e4hrigen Erfahrung im Handel zwischen der EU und Unternehmen im Nahen Osten und Nordafrika sind wir in der Lage, andere Unternehmen bei Verhandlungen in einem breiten Spektrum ihrer Aktivit\u00e4ten zu vertreten und so unsere Partner beim Verkauf ihrer Produkte auf diesem Markt wirksam zu unterst\u00fctzen.\r\n\r\n&nbsp;\r\n\r\n&nbsp;\r\n<h1>Wir bieten nicht nur Vertretung<\/h1>\r\n<strong>\u00a0<\/strong>\r\n\r\nWir bieten nicht nur die Vermittlung von Gesch\u00e4ften mit Produkten und Dienstleistungen an, sondern auch umfassende Beratungs- und Serviceleistungen zum Schutz von Investitionen und zur Absicherung gegen Wechselkursrisiken, die mit Wechselkursschwankungen verbunden sind.\r\n\r\n&nbsp;\r\n\r\nAus dem realen Umfeld des Nahen Ostens kennen wir die Probleme im Zusammenhang mit der politischen Instabilit\u00e4t in den L\u00e4ndern dieser Region, die sich in starken Ver\u00e4nderungen im Wert der W\u00e4hrungen und manchmal in\r\n\r\n&nbsp;\r\n\r\npl\u00f6tzliche \u00c4nderungen der Einfuhrbestimmungen. Die Tatsache, dass wir seit vielen Jahren mit den verschiedenen Variationen dieses geografischen Umfelds vertraut sind, erm\u00f6glicht es uns, die Gesch\u00e4fte unserer Kunden unter anderem gegen Wechselkursrisiken abzusichern.\r\n\r\n&nbsp;\r\n\r\nWir k\u00f6nnen Beratungen im Bereich des Marketings bei der Vermarktung von Produkten, der Vorbereitung von Verkaufsstudien in Verbindung mit Vorschl\u00e4gen, was, wo und zu welchem Preis zum Verkauf angeboten werden soll, anbieten. Wir liefern auch Materialanalysen, technische Zeichnungen, Zertifikate und Originalit\u00e4tserkl\u00e4rungen.\r\n\r\n&nbsp;\r\n\r\n&nbsp;\r\n<h1>Schlussfolgerung<\/h1>\r\n<strong>\u00a0<\/strong>\r\n\r\nWenn Sie daran interessiert sind, in die M\u00e4rkte des Nahen Ostens einzutreten, z\u00f6gern Sie bitte nicht, uns zu kontaktieren. Wir bieten Erfahrung, Einblicke und Kontakte.\r\n\r\n","protected":false},"excerpt":{"rendered":"<p>F\u00fcr diejenigen aus der EU, die am Handel im Nahen&#8230;<\/p>\n","protected":false},"author":1,"featured_media":0,"parent":0,"menu_order":10,"comment_status":"closed","ping_status":"closed","template":"","meta":{"passster_activate_protection":false,"passster_protect_child_pages":"","passster_protection_type":"password","passster_password":"","passster_activate_overwrite_defaults":"","passster_headline":"","passster_instruction":"","passster_placeholder":"","passster_button":"","passster_id":"","passster_activate_misc_settings":"","passster_redirect_url":"","passster_hide":"no","passster_area_shortcode":"","footnotes":""},"class_list":["post-32821","page","type-page","status-publish"],"_links":{"self":[{"href":"https:\/\/czechiacontract.com\/de\/wp-json\/wp\/v2\/pages\/32821","targetHints":{"allow":["GET"]}}],"collection":[{"href":"https:\/\/czechiacontract.com\/de\/wp-json\/wp\/v2\/pages"}],"about":[{"href":"https:\/\/czechiacontract.com\/de\/wp-json\/wp\/v2\/types\/page"}],"author":[{"embeddable":true,"href":"https:\/\/czechiacontract.com\/de\/wp-json\/wp\/v2\/users\/1"}],"replies":[{"embeddable":true,"href":"https:\/\/czechiacontract.com\/de\/wp-json\/wp\/v2\/comments?post=32821"}],"version-history":[{"count":0,"href":"https:\/\/czechiacontract.com\/de\/wp-json\/wp\/v2\/pages\/32821\/revisions"}],"wp:attachment":[{"href":"https:\/\/czechiacontract.com\/de\/wp-json\/wp\/v2\/media?parent=32821"}],"curies":[{"name":"wp","href":"https:\/\/api.w.org\/{rel}","templated":true}]}}