{"id":32820,"date":"2023-04-21T13:31:35","date_gmt":"2023-04-21T11:31:35","guid":{"rendered":"https:\/\/czechiacontract.com\/zprostredkovani\/"},"modified":"2023-04-21T14:31:51","modified_gmt":"2023-04-21T12:31:51","slug":"zprostredkovani","status":"publish","type":"page","link":"https:\/\/czechiacontract.com\/de\/zprostredkovani\/","title":{"rendered":"Gesch\u00e4ftsvermittlung"},"content":{"rendered":"\n<p><strong>F\u00fcr diejenigen aus dem Nahen Osten, die an der Aufnahme von Gesch\u00e4ftst\u00e4tigkeiten in EU-L\u00e4ndern interessiert sind<\/strong><\/p>\n\n\n\n<p>Wenn Sie erw\u00e4gen, in den EU-Markt einzutreten, m\u00fcssen Sie zumindest die folgenden Punkte wissen:<\/p>\n\n\n\n<ul class=\"wp-block-list\"><li>Der europ\u00e4ische Binnenmarkt innerhalb der Europ\u00e4ischen Union ist ein Raum ohne Binnengrenzen mit nahezu freiem Waren-, Personen-, Dienstleistungs- und Kapitalverkehr, wie im Vertrag von Maastricht festgelegt. Dieses Konzept bildet die Grundlage f\u00fcr andere Einzelpolitiken der EU, die auf dem Gemeinsamen Markt aufbauen und darauf abzielen, die festgelegten Ziele der vier Freiheiten zu f\u00f6rdern. Der Gemeinsame Markt wird im Dritten Teil des Vertrags \u00fcber die Arbeitsweise der Europ\u00e4ischen Union und anschlie\u00dfend in den einschl\u00e4gigen Rechtsakten des abgeleiteten EU-Rechts und in anderen Quellen allgemein definiert.<\/li><li>Der Binnenmarkt umfasst die 27 EU-Mitgliedstaaten, und mehrere andere L\u00e4nder haben nur begrenzten Zugang zu ihm. Vier weitere L\u00e4nder, die ebenfalls Mitglieder der Europ\u00e4ischen Freihandelsassoziation sind, haben nahezu vollst\u00e4ndigen Zugang: Island, Liechtenstein und Norwegen durch den Europ\u00e4ischen Wirtschaftsraum und die Schweiz durch ihre bilateralen Abkommen mit der EU. Georgien, Moldawien und die Ukraine haben durch eine weitreichende und umfassende Freihandelszone Zugang zum EU-Binnenmarkt, jedoch ohne die M\u00f6glichkeit der Freiz\u00fcgigkeit der Arbeitnehmer.<\/li><li>Im Jahr 2015 f\u00fchrte die Europ\u00e4ische Kommission den digitalen Binnenmarkt ein, der digitales Marketing, elektronischen Handel und Telekommunikation umfasst.<\/li><\/ul>\n\n\n\n<div style=\"height:30px\" aria-hidden=\"true\" class=\"wp-block-spacer\"><\/div>\n\n\n\n<p><strong>Eintritt in den EU-Markt<\/strong><\/p>\n\n\n\n<p>Die Einstiegskosten f\u00fcr einen Bieter in den europ\u00e4ischen Binnenmarkt sind hoch. Dazu geh\u00f6ren vor allem die Kosten f\u00fcr die Beratung durch Rechtsanw\u00e4lte und Berater, die f\u00fcr die Wahl der richtigen Unternehmensstrategie unerl\u00e4sslich sind. Dazu geh\u00f6ren z. B. die Gr\u00fcndung der ersten Firma oder eines eigenen Bankkontos, die Wahl der richtigen Gesellschaftsform, die Auswahl eines steuerlich g\u00fcnstigen Firmensitzes im jeweiligen Land, die Gestaltung verschiedener Gesch\u00e4ftsvertr\u00e4ge.<\/p>\n\n\n\n<p>Unternehmen aus dem Nahen Osten und Nordafrika m\u00fcssen in der EU auch mit h\u00f6heren Kosten f\u00fcr Marketingforschung, den Aufbau eines Vertriebsnetzes, die Werbung f\u00fcr ihre Produkte oder die Lagerhaltung in gr\u00f6\u00dferen St\u00e4dten rechnen.<\/p>\n\n\n\n<p>Obwohl das EU-Gebiet geografisch nicht sehr gro\u00df ist, ist die Vielfalt der Interessen der Menschen in den EU-Mitgliedstaaten noch gr\u00f6\u00dfer. Jeder Interessent sollte daher im Vorfeld eine sehr gr\u00fcndliche Analyse durchf\u00fchren, um festzustellen, ob er nur in einem Teil des Marktes oder in der gesamten EU t\u00e4tig werden will. Es ist auch wichtig, herauszufinden, ob ihr Produkt in der EU zertifiziert werden muss, was sehr wahrscheinlich ist.<\/p>\n\n\n\n<div style=\"height:30px\" aria-hidden=\"true\" class=\"wp-block-spacer\"><\/div>\n\n\n\n<p><strong>Wir bieten<\/strong><\/p>\n\n\n\n<p>Wir k\u00f6nnen denjenigen, die an der Aufnahme von Gesch\u00e4ftst\u00e4tigkeiten in EU-L\u00e4ndern aus der Region des Nahen Ostens interessiert sind, das folgende Dienstleistungsportfolio anbieten:<\/p>\n\n\n\n<ul class=\"wp-block-list\"><li>Gr\u00fcndung einer geeigneten Rechtsform und damit zusammenh\u00e4ngende Dienstleistungen, einschlie\u00dflich der Ausarbeitung der Satzung, des Gesellschaftsvertrags oder der Satzung, Verwaltung der Einlagen und Sicherstellung der Eintragung des Unternehmens in das \u00f6ffentliche Register.<\/li><\/ul>\n\n\n\n<ul class=\"wp-block-list\"><li>Dienstleistungen im Zusammenhang mit der Errichtung einer Treuhandgesellschaft, einschlie\u00dflich der Sicherstellung der Eintragung der Treuhandgesellschaft in das Treuhandregister, der Veranlassung des Abschlusses eines Vertrages \u00fcber die Zuteilung von Verm\u00f6genswerten durch Anvertrauen an den Treuh\u00e4nder, der Ausarbeitung eines solchen Vertrages oder des Erwerbs im Todesfall, wobei die Verm\u00f6genswerte durch Anvertrauen an den Treuh\u00e4nder zugeteilt werden, oder der Ausarbeitung des Treuhandstatuts.<\/li><\/ul>\n\n\n\n<ul class=\"wp-block-list\"><li>Vor\u00fcbergehende Handlungen im Namen einer juristischen Person im Zusammenhang mit ihrer Gr\u00fcndung, einschlie\u00dflich Handlungen im Namen der juristischen Person vor ihrer Gr\u00fcndung.<\/li><\/ul>\n\n\n\n<ul class=\"wp-block-list\"><li>Bereitstellung von R\u00e4umlichkeiten f\u00fcr den Sitz einer juristischen Person, Verwaltungsdienstleistungen im Zusammenhang mit dem Sitz einer juristischen Person in diesen R\u00e4umlichkeiten, wie die Eintragung des Sitzes in das \u00f6ffentliche Register oder die Entgegennahme von Post.<\/li><\/ul>\n\n\n\n<ul class=\"wp-block-list\"><li>Aus\u00fcbung von Aktion\u00e4rsrechten f\u00fcr einen Kunden, bei dem es sich nicht um eine juristische Person handelt, deren Wertpapiere zum Handel auf einem europ\u00e4ischen geregelten Markt zugelassen sind und der Offenlegungspflichten unterliegt, die denen des Unionsrechts entsprechen.<\/li><\/ul>\n\n\n\n<ul class=\"wp-block-list\"><li>Handeln f\u00fcr eine interessierte Partei bei der Verwaltung oder dem Betrieb einer Kapitalgesellschaft, eines Konzerns oder einer anderen \u00e4hnlichen Einheit.<\/li><\/ul>\n\n\n\n<ul class=\"wp-block-list\"><li>Handeln f\u00fcr eine interessierte Partei bei der Beschaffung und Sammlung von Geldern oder anderen monetarisierbaren Verm\u00f6genswerten zum Zweck der Gr\u00fcndung, Verwaltung oder Kontrolle einer Kapitalgesellschaft, eines Unternehmensverbands oder einer \u00e4hnlichen Einheit.<\/li><\/ul>\n\n\n\n<ul class=\"wp-block-list\"><li>T\u00e4tigkeit f\u00fcr eine interessierte Partei bei der Errichtung oder Verwaltung eines Trusts oder einer \u00e4hnlichen Struktur oder Funktion, die dem Recht eines anderen Staates unterliegt.<\/li><\/ul>\n\n\n\n<ul class=\"wp-block-list\"><li>Handeln f\u00fcr eine interessierte Partei bei der Einwerbung und Sammlung von Geldern oder anderen monetarisierbaren Verm\u00f6genswerten f\u00fcr einen Trust zum Zweck der Errichtung oder Verwaltung des Trusts.<\/li><\/ul>\n\n\n\n<ul class=\"wp-block-list\"><li>Beratung in Finanzangelegenheiten (z. B. Kreditvergabe, Kapitalzuwachs usw.), Gesch\u00e4ftsaktivit\u00e4ten, organisatorische und wirtschaftliche Fragen in Gesch\u00e4ftsangelegenheiten, Planung, Organisation, Kontrolle, Management usw.<\/li><\/ul>\n\n\n\n<div style=\"height:30px\" aria-hidden=\"true\" class=\"wp-block-spacer\"><\/div>\n\n\n\n<p><strong>Wir sind f\u00fcr Sie da<\/strong><\/p>\n\n\n\n<p>Mit unserer langj\u00e4hrigen praktischen Erfahrung im Handel zwischen Unternehmen im Nahen Osten, Nordafrika und der EU k\u00f6nnen wir Sie bei der Verhandlung eines breiten Spektrums von Gesch\u00e4ftsaktivit\u00e4ten erfolgreich vertreten und Sie beim Verkauf von Produkten und Dienstleistungen im europ\u00e4ischen Binnenmarkt wirksam unterst\u00fctzen. Z\u00f6gern Sie nicht, uns zu kontaktieren.<\/p>\n\n\n\n<h3 class=\"wp-block-heading\">Definition der vier Freiheiten des europ\u00e4ischen Binnenmarktes Freier Warenverkehr<\/h3>\n\n\n\n<p>Die Waren k\u00f6nnen in allen EU-L\u00e4ndern verkauft werden. Waren aus anderen Mitgliedstaaten d\u00fcrfen gegen\u00fcber inl\u00e4ndischen Produkten nicht durch einen Zoll oder eine Sondersteuer benachteiligt werden.<\/p>\n\n\n\n<p><strong>Freier Personenverkehr<\/strong><br>Es handelt sich um das Recht der EU-B\u00fcrger, frei zu reisen, sich in anderen EU-L\u00e4ndern niederzulassen und dort ein Unternehmen zu gr\u00fcnden. Sie haben das aktive und passive Wahlrecht f\u00fcr das Europ\u00e4ische Parlament und die Gemeinder\u00e4te Ihres Wohnorts. Der Reiseverkehr innerhalb der Europ\u00e4ischen Union wird durch den Schengener Vertrag geregelt, mit dem die Kontrollen an den Binnengrenzen zwischen den Mitgliedstaaten abgeschafft wurden. Sie sind EU-B\u00fcrger, wenn Sie die Staatsangeh\u00f6rigkeit eines der EU-L\u00e4nder besitzen. Die Aufenthalts- und Niederlassungsfreiheit ist eines der wichtigsten Rechte, die mit der durch den Vertrag von Maastricht eingef\u00fchrten Unionsb\u00fcrgerschaft einhergehen.<\/p>\n\n\n\n<p><strong>Freier Personenverkehr<\/strong><br>Er erm\u00f6glicht es Unternehmen, ihre Dienstleistungen in anderen Mitgliedstaaten anzubieten. Freier Dienstleistungsverkehr bedeutet die Erbringung von Dienstleistungen \u00fcber die Grenzen hinweg, d. h. ohne dass der Unternehmer in dem Land, in dem die Dienstleistung erbracht wird, niedergelassen ist.<\/p>\n\n\n\n<p><strong>Freier Kapitalverkehr<\/strong><br>Der freie Kapitalverkehr ist ein wesentliches Instrument des EU-Binnenmarktes. Es bedeutet freien Verkehr von Finanzkapital und Sachwerten in den EU-L\u00e4ndern. Das bedeutet, dass EU-B\u00fcrger Finanzdienstleistungen in jedem anderen Mitgliedstaat in Anspruch nehmen k\u00f6nnen.<\/p>\n\n\n\n<p><\/p>\n","protected":false},"excerpt":{"rendered":"<p>F\u00fcr diejenigen aus dem Nahen Osten, die an der Aufnahme&#8230;<\/p>\n","protected":false},"author":1,"featured_media":0,"parent":0,"menu_order":12,"comment_status":"closed","ping_status":"closed","template":"","meta":{"passster_activate_protection":null,"passster_protect_child_pages":"","passster_protection_type":"password","passster_password":"","passster_activate_overwrite_defaults":"","passster_headline":"","passster_instruction":"","passster_placeholder":"","passster_button":"","passster_id":"","passster_activate_misc_settings":"","passster_redirect_url":"","passster_hide":"no","passster_area_shortcode":"","footnotes":""},"class_list":["post-32820","page","type-page","status-publish"],"_links":{"self":[{"href":"https:\/\/czechiacontract.com\/de\/wp-json\/wp\/v2\/pages\/32820","targetHints":{"allow":["GET"]}}],"collection":[{"href":"https:\/\/czechiacontract.com\/de\/wp-json\/wp\/v2\/pages"}],"about":[{"href":"https:\/\/czechiacontract.com\/de\/wp-json\/wp\/v2\/types\/page"}],"author":[{"embeddable":true,"href":"https:\/\/czechiacontract.com\/de\/wp-json\/wp\/v2\/users\/1"}],"replies":[{"embeddable":true,"href":"https:\/\/czechiacontract.com\/de\/wp-json\/wp\/v2\/comments?post=32820"}],"version-history":[{"count":0,"href":"https:\/\/czechiacontract.com\/de\/wp-json\/wp\/v2\/pages\/32820\/revisions"}],"wp:attachment":[{"href":"https:\/\/czechiacontract.com\/de\/wp-json\/wp\/v2\/media?parent=32820"}],"curies":[{"name":"wp","href":"https:\/\/api.w.org\/{rel}","templated":true}]}}