{"id":32818,"date":"2023-04-21T13:27:34","date_gmt":"2023-04-21T11:27:34","guid":{"rendered":"https:\/\/czechiacontract.com\/specializovane-poradenstvi\/"},"modified":"2023-04-21T14:03:57","modified_gmt":"2023-04-21T12:03:57","slug":"specializovane-poradenstvi","status":"publish","type":"page","link":"https:\/\/czechiacontract.com\/de\/specializovane-poradenstvi\/","title":{"rendered":"Spezialisierte Beratung"},"content":{"rendered":"\n<p>Dank unserer langj\u00e4hrigen praktischen Erfahrung im Handel zwischen EU- und Nicht-EU-Staaten bieten wir Privatpersonen und Unternehmen ein breites Spektrum an Beratungs-, Organisations-, Wirtschafts- und Handelsdienstleistungen. <\/p>\n\n\n\n<p>Bei der praktischen Umsetzung all dieser Dienstleistungen, die wir je nach Bedarf des Kunden in verschiedenen Sprachen anbieten, arbeiten wir seit langem eng mit Rechtsanw\u00e4lten zusammen, die in verschiedenen europ\u00e4ischen L\u00e4ndern Rechtsdienstleistungen erbringen. F\u00fcr die L\u00f6sung eines konkreten Kundenanliegens stellen wir dem Kunden immer vorrangig die Rechtshilfe eines kooperierenden Fachanwalts mit umfassender Erfahrung in dem betreffenden Rechtsgebiet zur Verf\u00fcgung. <\/p>\n\n\n\n<p>Der Grundbereich unserer Beratungsdienste f\u00fcr nat\u00fcrliche und juristische Personen sind alle professionellen Beratungsdienste im Bereich der Finanz- und Wirtschaftsangelegenheiten (einschlie\u00dflich der Gew\u00e4hrung von Krediten, der Wertsteigerung des Eigenkapitals) und andere, sowie in der Planung und Umsetzung der gesch\u00e4ftlichen und unternehmerischen Aktivit\u00e4ten des Kunden, wenn wir alle Interessen und Anweisungen des Kunden mit gesch\u00e4ftlichem Charakter, beginnend mit dem Moment der Gr\u00fcndung eines Unternehmens, vollst\u00e4ndig erf\u00fcllen k\u00f6nnen und d\u00fcrfen. <\/p>\n\n\n\n<p>Dank der Erlangung eines privilegierten Niveaus von einzigartigem Know-how ist unser Unternehmen auch in der Lage, einen komplexen L\u00f6sungsvorschlag mit ausgezeichneten Ergebnissen zu entwickeln und dann in der Praxis f\u00fcr den Kunden das optimale formale Verfahren zur L\u00f6sung von Problemen mit dem sozialen Status einer nat\u00fcrlichen oder juristischen Person durch wirtschaftliche Vereinbarungen umzusetzen.<\/p>\n","protected":false},"excerpt":{"rendered":"<p>Dank unserer langj\u00e4hrigen praktischen Erfahrung im Handel zwischen EU- und&#8230;<\/p>\n","protected":false},"author":1,"featured_media":0,"parent":0,"menu_order":11,"comment_status":"closed","ping_status":"closed","template":"","meta":{"passster_activate_protection":null,"passster_protect_child_pages":"","passster_protection_type":"password","passster_password":"","passster_activate_overwrite_defaults":"","passster_headline":"","passster_instruction":"","passster_placeholder":"","passster_button":"","passster_id":"","passster_activate_misc_settings":"","passster_redirect_url":"","passster_hide":"no","passster_area_shortcode":"","footnotes":""},"class_list":["post-32818","page","type-page","status-publish"],"_links":{"self":[{"href":"https:\/\/czechiacontract.com\/de\/wp-json\/wp\/v2\/pages\/32818","targetHints":{"allow":["GET"]}}],"collection":[{"href":"https:\/\/czechiacontract.com\/de\/wp-json\/wp\/v2\/pages"}],"about":[{"href":"https:\/\/czechiacontract.com\/de\/wp-json\/wp\/v2\/types\/page"}],"author":[{"embeddable":true,"href":"https:\/\/czechiacontract.com\/de\/wp-json\/wp\/v2\/users\/1"}],"replies":[{"embeddable":true,"href":"https:\/\/czechiacontract.com\/de\/wp-json\/wp\/v2\/comments?post=32818"}],"version-history":[{"count":0,"href":"https:\/\/czechiacontract.com\/de\/wp-json\/wp\/v2\/pages\/32818\/revisions"}],"wp:attachment":[{"href":"https:\/\/czechiacontract.com\/de\/wp-json\/wp\/v2\/media?parent=32818"}],"curies":[{"name":"wp","href":"https:\/\/api.w.org\/{rel}","templated":true}]}}