{"id":31974,"date":"2022-06-16T01:05:52","date_gmt":"2022-06-15T23:05:52","guid":{"rendered":"https:\/\/czechiacontract.com\/einfuhr-in-die-eu\/"},"modified":"2022-06-17T12:21:48","modified_gmt":"2022-06-17T10:21:48","slug":"einfuhr-in-die-eu","status":"publish","type":"page","link":"https:\/\/czechiacontract.com\/de\/einfuhr-in-die-eu\/","title":{"rendered":"Einfuhr in die EU"},"content":{"rendered":"\n<p>Wir sind ein modernes Handelsunternehmen, das sich mit dem Einkauf, der Logistik und dem Verkauf von verschiedenen Materialien und Sortimenten ohne Begrenzung der Mindestmenge an jeden Bestimmungsort f\u00fcr Gro\u00dfh\u00e4ndler in der Tschechischen Republik und Europa auf Gro\u00dfhandelsbasis besch\u00e4ftigt. Die Grundphilosophie unseres Unternehmens ist die optimale Kombination aus Know-how, Kreativit\u00e4t und st\u00e4ndiger Kommunikation mit unseren Gesch\u00e4ftspartnern und ausl\u00e4ndischen Lieferanten.<\/p>\n\n\n\n<p>Dank eines strukturierten und intelligenten Logistiksystems stellen wir sicher, dass Sie auch die anspruchsvollsten Anforderungen erf\u00fcllen. Z\u00f6gern Sie nicht, uns mit Ihrem Anliegen zu kontaktieren.<\/p>\n\n\n\n<div style=\"height:40px\" aria-hidden=\"true\" class=\"wp-block-spacer\"><\/div>\n\n\n\n<div class=\"wp-block-columns is-layout-flex wp-container-core-columns-is-layout-1 wp-block-columns-is-layout-flex\">\n<div class=\"wp-block-column is-layout-flow wp-block-column-is-layout-flow\">\n<p class=\"has-text-align-center has-medium-font-size\"><a href=\"https:\/\/czechiacontract.com\/de\/einfuhr-in-die-eu\/hutni-material\/\">Metallurgisches Material<\/a><\/p>\n\n\n\n<figure class=\"wp-block-image size-full\"><a href=\"https:\/\/czechiacontract.com\/de\/einfuhr-in-die-eu\/hutni-material\/\"><img width=\"548\" height=\"324\" src=\"https:\/\/czechiacontract.com\/wp-content\/uploads\/2022\/06\/hutni-material.jpg\" alt=\"\" class=\"wp-image-32002\" srcset=\"https:\/\/czechiacontract.com\/wp-content\/uploads\/2022\/06\/hutni-material.jpg 548w, https:\/\/czechiacontract.com\/wp-content\/uploads\/2022\/06\/hutni-material-300x177.jpg 300w\" sizes=\"(max-width: 548px) 100vw, 548px\" \/><\/a><\/figure>\n<\/div>\n\n\n\n<div class=\"wp-block-column is-layout-flow wp-block-column-is-layout-flow\">\n<p class=\"has-text-align-center has-medium-font-size\"><a href=\"https:\/\/czechiacontract.com\/de\/einfuhr-in-die-eu\/plastove-pelety-drte-a-granulaty\/\">Kunststoffpellets, -kr\u00fcmel und -granulate<\/a><\/p>\n\n\n\n<figure class=\"wp-block-image size-full\"><a href=\"https:\/\/czechiacontract.com\/de\/einfuhr-in-die-eu\/plastove-pelety-drte-a-granulaty\/\"><img width=\"548\" height=\"324\" src=\"https:\/\/czechiacontract.com\/wp-content\/uploads\/2022\/06\/polymer.jpg\" alt=\"\" class=\"wp-image-31995\" srcset=\"https:\/\/czechiacontract.com\/wp-content\/uploads\/2022\/06\/polymer.jpg 548w, https:\/\/czechiacontract.com\/wp-content\/uploads\/2022\/06\/polymer-300x177.jpg 300w\" sizes=\"(max-width: 548px) 100vw, 548px\" \/><\/a><\/figure>\n<\/div>\n<\/div>\n","protected":false},"excerpt":{"rendered":"<p>Wir sind ein modernes Handelsunternehmen, das sich mit dem Einkauf,&#8230;<\/p>\n","protected":false},"author":1,"featured_media":0,"parent":0,"menu_order":10,"comment_status":"closed","ping_status":"closed","template":"","meta":{"passster_activate_protection":null,"passster_protect_child_pages":"","passster_protection_type":"password","passster_password":"","passster_activate_overwrite_defaults":"","passster_headline":"","passster_instruction":"","passster_placeholder":"","passster_button":"","passster_id":"","passster_activate_misc_settings":"","passster_redirect_url":"","passster_hide":"no","passster_area_shortcode":"","footnotes":""},"class_list":["post-31974","page","type-page","status-publish"],"_links":{"self":[{"href":"https:\/\/czechiacontract.com\/de\/wp-json\/wp\/v2\/pages\/31974","targetHints":{"allow":["GET"]}}],"collection":[{"href":"https:\/\/czechiacontract.com\/de\/wp-json\/wp\/v2\/pages"}],"about":[{"href":"https:\/\/czechiacontract.com\/de\/wp-json\/wp\/v2\/types\/page"}],"author":[{"embeddable":true,"href":"https:\/\/czechiacontract.com\/de\/wp-json\/wp\/v2\/users\/1"}],"replies":[{"embeddable":true,"href":"https:\/\/czechiacontract.com\/de\/wp-json\/wp\/v2\/comments?post=31974"}],"version-history":[{"count":0,"href":"https:\/\/czechiacontract.com\/de\/wp-json\/wp\/v2\/pages\/31974\/revisions"}],"wp:attachment":[{"href":"https:\/\/czechiacontract.com\/de\/wp-json\/wp\/v2\/media?parent=31974"}],"curies":[{"name":"wp","href":"https:\/\/api.w.org\/{rel}","templated":true}]}}