{"id":31045,"date":"2019-10-05T13:58:02","date_gmt":"2019-10-05T11:58:02","guid":{"rendered":"https:\/\/czechiacontract.com\/podporujeme-sport\/"},"modified":"2019-10-08T09:07:47","modified_gmt":"2019-10-08T07:07:47","slug":"podporujeme-sport","status":"publish","type":"page","link":"https:\/\/czechiacontract.com\/de\/podporujeme-sport\/","title":{"rendered":"WIR UNTERST\u00dcTZEN SPORT"},"content":{"rendered":"<div class=\"wpb-content-wrapper\"><p>[vc_row][vc_column][vc_empty_space height=&#8220;50px&#8220;][vc_column_text]<\/p>\n<h1><span class=\"light\">WIR UNTERST\u00dcTZEN <\/span>SPORT<\/h1>\n<p>[\/vc_column_text][\/vc_column][\/vc_row][vc_row][vc_column][vc_column_text]<\/p>\n<p class=\"styled-biggertext\">Unsere Verpflichtung, nach den Grunds\u00e4tzen einer nachhaltigen Entwicklung und umweltfreundlichen Praktiken zu handeln, hat uns veranlasst, sportliche Aktivit\u00e4ten zu unterst\u00fctzen. Der Sport ist uns nahe und wir m\u00f6chten zu seiner Entwicklung beitragen. Wir unterst\u00fctzen den Sport als Investition in engagierte, gesunde und kollaborative Menschen und genau das wollen wir f\u00fcr die Zukunft unseres Unternehmens. Wir nehmen an Veranstaltungen f\u00fcr Kinder und Jugendliche teil, unterst\u00fctzen Amateure und Profisportler, Vereine oder verschiedene Veranstaltungen und Spiele.<\/p>\n<p>[\/vc_column_text][vc_empty_space][\/vc_column][\/vc_row][vc_row content_placement=&#8220;middle&#8220;][vc_column][vc_column_text]<\/p>\n<h2 style=\"text-align: center;\">Fotogal\u00e9ria<\/h2>\n<p>[\/vc_column_text][\/vc_column][\/vc_row][vc_row content_placement=&#8220;middle&#8220;][vc_column][vc_column_text]<\/p>\n<h3 style=\"text-align: left;\">VAGABUND GYM<\/h3>\n<p>[\/vc_column_text][vc_raw_html]JTVCbW9kdWxhJTIwaWQlM0QlMjIzMDk5NSUyMiU1RA==[\/vc_raw_html][vc_empty_space height=&#8220;50px&#8220;][\/vc_column][\/vc_row][vc_row content_placement=&#8220;middle&#8220;][vc_column][vc_column_text]<\/p>\n<h3 style=\"text-align: left;\">Muradov Team UFC MMA<\/h3>\n<p>[\/vc_column_text][\/vc_column][\/vc_row][vc_row content_placement=&#8220;middle&#8220;][vc_column width=&#8220;2\/5&#8243;][vc_raw_html]JTVCbW9kdWxhJTIwaWQlM0QlMjIzMDk5MiUyMiU1RA==[\/vc_raw_html][\/vc_column][vc_column width=&#8220;3\/5&#8243;][vc_empty_space height=&#8220;10px&#8220;]<div class=\"gem-youtube gem-wrapbox gem-wrapbox-style-no-style rounded-corners gem-wrapbox-position-below\" style=\"width: 100%;\"><div class=\"gem-wrapbox-inner gem-ratio-style\" style=\"padding-top: 56.25%\"><iframe class=\"gem-wrapbox-element img-responsive\" width=\"100%\" height=\"300\" allowfullscreen=\"allowfullscreen\" frameborder=\"0\" scrolling=\"no\" marginheight=\"0\" marginwidth=\"0\" src=\"\/\/www.youtube.com\/embed\/R9fmrspbVhw?rel=0&amp;wmode=opaque\"><\/iframe><\/div><\/div>[\/vc_column][\/vc_row][vc_row content_placement=&#8220;middle&#8220;][vc_column][vc_empty_space height=&#8220;50px&#8220;][\/vc_column][\/vc_row][vc_row content_placement=&#8220;middle&#8220;][vc_column][vc_column_text]<\/p>\n<h3 style=\"text-align: left;\">MMA Club Brno<\/h3>\n<p>[\/vc_column_text][vc_raw_html]JTVCbW9kdWxhJTIwaWQlM0QlMjIzMDk4NCUyMiU1RA==[\/vc_raw_html][vc_empty_space height=&#8220;50px&#8220;][\/vc_column][\/vc_row][vc_row content_placement=&#8220;middle&#8220;][vc_column][vc_column_text]<\/p>\n<h3 style=\"text-align: left;\">Weitere Aktionen<\/h3>\n<p>[\/vc_column_text][vc_raw_html]JTVCbW9kdWxhJTIwaWQlM0QlMjIzMDg3MCUyMiU1RA==[\/vc_raw_html][vc_empty_space height=&#8220;50px&#8220;][\/vc_column][\/vc_row]<\/p>\n<\/div>","protected":false},"excerpt":{"rendered":"<p>[vc_row][vc_column][vc_empty_space height=&#8220;50px&#8220;][vc_column_text] WIR UNTERST\u00dcTZEN SPORT [\/vc_column_text][\/vc_column][\/vc_row][vc_row][vc_column][vc_column_text] Unsere Verpflichtung, nach den&#8230;<\/p>\n","protected":false},"author":1,"featured_media":0,"parent":0,"menu_order":30,"comment_status":"closed","ping_status":"closed","template":"","meta":{"passster_activate_protection":false,"passster_protect_child_pages":"","passster_protection_type":"password","passster_password":"","passster_activate_overwrite_defaults":"","passster_headline":"","passster_instruction":"","passster_placeholder":"","passster_button":"","passster_id":"","passster_activate_misc_settings":"","passster_redirect_url":"","passster_hide":"no","passster_area_shortcode":"","footnotes":""},"class_list":["post-31045","page","type-page","status-publish"],"_links":{"self":[{"href":"https:\/\/czechiacontract.com\/de\/wp-json\/wp\/v2\/pages\/31045","targetHints":{"allow":["GET"]}}],"collection":[{"href":"https:\/\/czechiacontract.com\/de\/wp-json\/wp\/v2\/pages"}],"about":[{"href":"https:\/\/czechiacontract.com\/de\/wp-json\/wp\/v2\/types\/page"}],"author":[{"embeddable":true,"href":"https:\/\/czechiacontract.com\/de\/wp-json\/wp\/v2\/users\/1"}],"replies":[{"embeddable":true,"href":"https:\/\/czechiacontract.com\/de\/wp-json\/wp\/v2\/comments?post=31045"}],"version-history":[{"count":0,"href":"https:\/\/czechiacontract.com\/de\/wp-json\/wp\/v2\/pages\/31045\/revisions"}],"wp:attachment":[{"href":"https:\/\/czechiacontract.com\/de\/wp-json\/wp\/v2\/media?parent=31045"}],"curies":[{"name":"wp","href":"https:\/\/api.w.org\/{rel}","templated":true}]}}