{"id":31039,"date":"2019-10-05T11:20:08","date_gmt":"2019-10-05T09:20:08","guid":{"rendered":"https:\/\/czechiacontract.com\/produkty\/drzak-loziska\/"},"modified":"2019-10-07T22:14:02","modified_gmt":"2019-10-07T20:14:02","slug":"drzak-loziska","status":"publish","type":"page","link":"https:\/\/czechiacontract.com\/de\/produkty\/drzak-loziska\/","title":{"rendered":"LAGERHALTER"},"content":{"rendered":"<div class=\"wpb-content-wrapper\"><p>[vc_row content_placement=&#8220;middle&#8220;][vc_column][vc_column_text]<\/p>\n<h2 style=\"letter-spacing: 0.01em;\">LAGERK\u00d6RPER, EINHEITEN &#8230;<\/h2>\n<p>[\/vc_column_text][vc_column_text]<\/p>\n<div class=\"styled-subtitle\" style=\"text-align: left;\">Geteilte, ungeteilte stehende Lagerk\u00f6rper, Flanschlagerk\u00f6rper, Spannlagerk\u00f6rper &#8230;<\/div>\n<p>[\/vc_column_text][vc_empty_space][\/vc_column][\/vc_row][vc_row][vc_column][vc_raw_html]JTVCbW9kdWxhJTIwaWQlM0QlMjIzMDgwNiUyMiU1RA==[\/vc_raw_html][vc_empty_space height=&#8220;50px&#8220;][\/vc_column][\/vc_row][vc_row][vc_column width=&#8220;1\/2&#8243;][vc_column_text]<\/p>\n<h3>WIR BIETEN EINE GANZE REIHE VON ARTEN<\/h3>\n<p>[\/vc_column_text][vc_column_text]Wir bieten eine ganze Reihe von Arten in verschiedenen Ausf\u00fchrungen, Gr\u00f6\u00dfen und Typen an. Die Ware stammt aus Serienproduktion, oder wir stellen kundenspezifische Produktion zur Verf\u00fcgung nach Ihren Vorgaben.<\/p>\n<p>Wir garantieren eine hohe Design- und Fertigungsqualit\u00e4t der angebotenen Lagerk\u00f6rper sowie deren Verf\u00fcgbarkeit. Durch die Kombination von Lagerk\u00f6rper mit verschiedenen Standarddichtungen kann eine Vielzahl von Varianten geliefert werden.<\/p>\n<p>In Bezug auf den Werkstoff werden am h\u00e4ufigsten Lagerk\u00f6rper aus Gusseisen, Blech oder Kunststoff und Edelstahl verwendet.<\/p>\n<p>Lagerhalter \/ Lagerk\u00f6rper, findet Anwendung in der Industrie oder in landwirtschaftlichen und technischen Anwendungen &#8211; F\u00f6rdersysteme, Ventilatoren, Verpackungslinien usw. Z\u00f6gern Sie nicht, eine spezifische Nachfrage zu senden. Nutzen Sie das Formular, senden Sie eine E-Mail oder rufen Sie an.[\/vc_column_text][\/vc_column][vc_column width=&#8220;1\/2&#8243;][vc_column_text]<\/p>\n<h3>SENDEN SIE UNS EINE ANFRAGE<\/h3>\n<p>[\/vc_column_text]\n<div class=\"wpcf7 no-js\" id=\"wpcf7-f30786-o1\" lang=\"en-US\" dir=\"ltr\" data-wpcf7-id=\"30786\">\n<div class=\"screen-reader-response\"><p role=\"status\" aria-live=\"polite\" aria-atomic=\"true\"><\/p> <ul><\/ul><\/div>\n<form action=\"\/de\/wp-json\/wp\/v2\/pages\/31039#wpcf7-f30786-o1\" method=\"post\" class=\"wpcf7-form init wpcf7-acceptance-as-validation\" aria-label=\"Contact form\" novalidate=\"novalidate\" data-status=\"init\">\n<div style=\"display: none;\">\n<input type=\"hidden\" name=\"_wpcf7\" value=\"30786\" \/>\n<input type=\"hidden\" name=\"_wpcf7_version\" value=\"6.0.5\" \/>\n<input type=\"hidden\" name=\"_wpcf7_locale\" value=\"en_US\" \/>\n<input type=\"hidden\" name=\"_wpcf7_unit_tag\" value=\"wpcf7-f30786-o1\" \/>\n<input type=\"hidden\" name=\"_wpcf7_container_post\" value=\"0\" \/>\n<input type=\"hidden\" name=\"_wpcf7_posted_data_hash\" value=\"\" \/>\n<input type=\"hidden\" name=\"_wpcf7_recaptcha_response\" value=\"\" \/>\n<\/div>\n<div class=\"contact-form-style-3\">\n\n<p class=\"col-md-6 cf-style3-name\"><span class=\"wpcf7-form-control-wrap\" data-name=\"your-name\"><input size=\"40\" maxlength=\"400\" class=\"wpcf7-form-control wpcf7-text wpcf7-validates-as-required\" aria-required=\"true\" aria-invalid=\"false\" placeholder=\"Dein Name*\" value=\"\" type=\"text\" name=\"your-name\" \/><\/span><\/p>\n<p class=\"col-md-6 cf-style3-email\"><span class=\"wpcf7-form-control-wrap\" data-name=\"your-email\"><input size=\"40\" maxlength=\"400\" class=\"wpcf7-form-control wpcf7-email wpcf7-validates-as-required wpcf7-text wpcf7-validates-as-email\" aria-required=\"true\" aria-invalid=\"false\" placeholder=\"Email*\" value=\"\" type=\"email\" name=\"your-email\" \/><\/span><\/p>\n<p class=\"col-md-12 cf-style3-textarea\"><span class=\"wpcf7-form-control-wrap\" data-name=\"your-message\"><textarea cols=\"40\" rows=\"4\" maxlength=\"2000\" class=\"wpcf7-form-control wpcf7-textarea\" aria-invalid=\"false\" placeholder=\"Deine Nachricht ...\" name=\"your-message\"><\/textarea><\/span><\/p>\n<p><span class=\"wpcf7-form-control-wrap\" data-name=\"souhlas\"><span class=\"wpcf7-form-control wpcf7-acceptance\"><span class=\"wpcf7-list-item\"><label><input type=\"checkbox\" name=\"souhlas\" value=\"1\" aria-invalid=\"false\" \/><span class=\"wpcf7-list-item-label\">Ich bin mit der <a href=\"\/ochrana-osobnich-udaju\/\" rel=\"nofollow\" target=\"_blank\">DSGVO<\/a> einverstanden<\/span><\/label><\/span><\/span><\/span><\/p>\n<p class=\"col-md-12\" ><input class=\"wpcf7-form-control wpcf7-submit has-spinner\" type=\"submit\" value=\"Senden\" \/><\/p>\n<\/div><div class=\"wpcf7-response-output\" aria-hidden=\"true\"><\/div>\n<\/form>\n<\/div>\n[\/vc_column][\/vc_row]<\/p>\n<\/div>","protected":false},"excerpt":{"rendered":"<p>[vc_row content_placement=&#8220;middle&#8220;][vc_column][vc_column_text] LAGERK\u00d6RPER, EINHEITEN &#8230; [\/vc_column_text][vc_column_text] Geteilte, ungeteilte stehende Lagerk\u00f6rper,&#8230;<\/p>\n","protected":false},"author":1,"featured_media":0,"parent":30753,"menu_order":0,"comment_status":"closed","ping_status":"closed","template":"","meta":{"passster_activate_protection":false,"passster_protect_child_pages":"","passster_protection_type":"password","passster_password":"","passster_activate_overwrite_defaults":"","passster_headline":"","passster_instruction":"","passster_placeholder":"","passster_button":"","passster_id":"","passster_activate_misc_settings":"","passster_redirect_url":"","passster_hide":"no","passster_area_shortcode":"","footnotes":""},"class_list":["post-31039","page","type-page","status-publish"],"_links":{"self":[{"href":"https:\/\/czechiacontract.com\/de\/wp-json\/wp\/v2\/pages\/31039","targetHints":{"allow":["GET"]}}],"collection":[{"href":"https:\/\/czechiacontract.com\/de\/wp-json\/wp\/v2\/pages"}],"about":[{"href":"https:\/\/czechiacontract.com\/de\/wp-json\/wp\/v2\/types\/page"}],"author":[{"embeddable":true,"href":"https:\/\/czechiacontract.com\/de\/wp-json\/wp\/v2\/users\/1"}],"replies":[{"embeddable":true,"href":"https:\/\/czechiacontract.com\/de\/wp-json\/wp\/v2\/comments?post=31039"}],"version-history":[{"count":0,"href":"https:\/\/czechiacontract.com\/de\/wp-json\/wp\/v2\/pages\/31039\/revisions"}],"up":[{"embeddable":true,"href":"https:\/\/czechiacontract.com\/de\/wp-json\/wp\/v2\/pages\/30753"}],"wp:attachment":[{"href":"https:\/\/czechiacontract.com\/de\/wp-json\/wp\/v2\/media?parent=31039"}],"curies":[{"name":"wp","href":"https:\/\/api.w.org\/{rel}","templated":true}]}}