{"id":30789,"date":"2019-08-15T11:55:47","date_gmt":"2019-08-15T09:55:47","guid":{"rendered":"https:\/\/czechiacontract.com\/prodej\/"},"modified":"2019-10-04T19:18:12","modified_gmt":"2019-10-04T17:18:12","slug":"prodej","status":"publish","type":"page","link":"https:\/\/czechiacontract.com\/de\/prodej\/","title":{"rendered":"Verkauf"},"content":{"rendered":"<div class=\"wpb-content-wrapper\"><p>[vc_row full_width=&#8220;stretch_row&#8220; content_placement=&#8220;middle&#8220; css=&#8220;.vc_custom_1565862982895{background-color: #31323f !important;}&#8220;][vc_column][vc_empty_space height=&#8220;160px&#8220;][vc_column_text]<\/p>\n<div class=\"title-xlarge\" style=\"text-align: center;\"><span style=\"color: #ffffff;\">Verkauf<\/span><\/div>\n<p>[\/vc_column_text][vc_column_text]<\/p>\n<div class=\"custom-header-subtitle styled-subtitle\" style=\"padding-bottom: 106px; text-align: center;\"><span class=\"light\" style=\"color: #ffffff;\">Wir bieten einige der Produkte auf den gr\u00f6\u00dften Online-M\u00e4rkten an<\/span><\/div>\n<p>[\/vc_column_text][\/vc_column][\/vc_row][vc_row][vc_column]<div class=\"clearboth\"><\/div><style>#thegem-divider-69de9f91be3d2 {margin-top: 50px !important;}<\/style><div id=\"thegem-divider-69de9f91be3d2\" class=\"gem-divider  \" style=\"\" ><\/div>[\/vc_column][\/vc_row][vc_row content_placement=&#8220;middle&#8220;][vc_column][vc_column_text]<\/p>\n<div class=\"styled-subtitle\" style=\"text-align: center;\">Derzeit bieten wir nur einen Bruchteil der Waren online an.<br \/>\nWir bereiten unseren eigenen E-shop vor, in dem Sie Tausende von Artikeln finden, die wir auf Lager haben.<\/div>\n<p>[\/vc_column_text][\/vc_column][\/vc_row][vc_row equal_height=&#8220;yes&#8220;][vc_column width=&#8220;1\/3&#8243; css=&#8220;.vc_custom_1566643997354{padding-right: 10% !important;padding-left: 10% !important;background-image: url(https:\/\/czechiacontract.com\/wp-content\/uploads\/2019\/08\/ebay.jpg?id=30585) !important;background-position: center !important;background-repeat: no-repeat !important;background-size: cover !important;}&#8220; el_class=&#8220;new-window&#8220;][vc_raw_html]JTNDYSUyMGhyZWYlM0QlMjJodHRwcyUzQSUyRiUyRnd3dy5lYmF5LmNvbSUyRnNjaCUyRmx1Y2FzZGllc2Vsc2slMkZtLmh0bWwlMjIlMjByZWwlM0QlMjJub2ZvbGxvdyUyMiUyMHRhcmdldCUzRCUyMl9ibGFuayUyMiUyMHRpdGxlJTNEJTIyRWJheSUyMiUyMGFsdCUzRCUyMkl0ZW1zJTIwb24lMjBFYmF5JTIyJTNFJTNDJTJGYSUzRQ==[\/vc_raw_html][vc_column_text]<\/p>\n<div class=\"title-h3 white\" style=\"text-align: center; letter-spacing: 0px;\">Ebay.com<\/div>\n<p>[\/vc_column_text]<div class=\"clearboth\"><\/div><style>#thegem-divider-69de9f91be3fb {margin-top: 45px !important;}<\/style><div id=\"thegem-divider-69de9f91be3fb\" class=\"gem-divider  \" style=\"\" ><\/div>[\/vc_column][vc_column width=&#8220;1\/3&#8243; css=&#8220;.vc_custom_1566644003236{padding-right: 10% !important;padding-left: 10% !important;background-image: url(https:\/\/czechiacontract.com\/wp-content\/uploads\/2019\/08\/alibaba.jpg?id=30582) !important;background-position: center !important;background-repeat: no-repeat !important;background-size: cover !important;}&#8220; el_class=&#8220;new-window&#8220;][vc_raw_html]JTNDYSUyMGhyZWYlM0QlMjJodHRwcyUzQSUyRiUyRmN6MTM0NjY1OTA3NHF1ZXMuZm0uYWxpYmFiYS5jb20lMkZwcm9kdWN0Z3JvdXBsaXN0LTgxMTI5MjQwMiUyRkx1Y2FzX0RpZXNlbC5odG1sJTIyJTIwcmVsJTNEJTIybm9mb2xsb3clMjIlMjB0YXJnZXQlM0QlMjJfYmxhbmslMjIlMjB0aXRsZSUzRCUyMkFsaWJhYmEuY29tJTIyJTIwYWx0JTNEJTIyYWxpYmFiYS5jb20lMjIlM0UlM0MlMkZhJTNF[\/vc_raw_html][vc_column_text]<\/p>\n<div class=\"title-h3 white\" style=\"text-align: center; letter-spacing: 0px;\">ALIBABA.com<\/div>\n<p>[\/vc_column_text]<div class=\"clearboth\"><\/div><style>#thegem-divider-69de9f91be40e {margin-top: 45px !important;}<\/style><div id=\"thegem-divider-69de9f91be40e\" class=\"gem-divider  \" style=\"\" ><\/div>[\/vc_column][vc_column width=&#8220;1\/3&#8243; css=&#8220;.vc_custom_1566646713406{padding-right: 10% !important;padding-left: 10% !important;background-image: url(https:\/\/czechiacontract.com\/wp-content\/uploads\/2019\/08\/eshop.jpg?id=30588) !important;background-position: center !important;background-repeat: no-repeat !important;background-size: cover !important;}&#8220;][vc_raw_html]JTNDYSUyMGhyZWYlM0QlMjIlMjMlMjIlMjByZWwlM0QlMjJub2ZvbGxvdyUyMiUyMHRhcmdldCUzRCUyMl9ibGFuayUyMiUyMHRpdGxlJTNEJTIyJTIyJTIwYWx0JTNEJTIyJTIyJTNFJTNDJTJGYSUzRQ==[\/vc_raw_html][vc_column_text]<\/p>\n<div class=\"title-h3 white\" style=\"text-align: center; letter-spacing: 0px;\">ESHOP<\/div>\n<p>[\/vc_column_text]<div class=\"clearboth\"><\/div><style>#thegem-divider-69de9f91be41c {margin-top: 45px !important;}<\/style><div id=\"thegem-divider-69de9f91be41c\" class=\"gem-divider  \" style=\"\" ><\/div>[\/vc_column][\/vc_row][vc_row][vc_column]<div class=\"clearboth\"><\/div><style>#thegem-divider-69de9f91be428 {margin-top: 50px !important;}<\/style><div id=\"thegem-divider-69de9f91be428\" class=\"gem-divider  \" style=\"\" ><\/div>[\/vc_column][\/vc_row][vc_row][vc_column]<div class=\"clearboth\"><\/div><style>#thegem-divider-69de9f91be433 {margin-top: 50px !important;}<\/style><div id=\"thegem-divider-69de9f91be433\" class=\"gem-divider  \" style=\"\" ><\/div>[\/vc_column][\/vc_row]<\/p>\n<\/div>","protected":false},"excerpt":{"rendered":"<p>[vc_row full_width=&#8220;stretch_row&#8220; content_placement=&#8220;middle&#8220; css=&#8220;.vc_custom_1565862982895{background-color: #31323f !important;}&#8220;][vc_column][vc_empty_space height=&#8220;160px&#8220;][vc_column_text] Verkauf [\/vc_column_text][vc_column_text] Wir&#8230;<\/p>\n","protected":false},"author":1,"featured_media":0,"parent":0,"menu_order":14,"comment_status":"closed","ping_status":"closed","template":"","meta":{"passster_activate_protection":false,"passster_protect_child_pages":"","passster_protection_type":"password","passster_password":"","passster_activate_overwrite_defaults":"","passster_headline":"","passster_instruction":"","passster_placeholder":"","passster_button":"","passster_id":"","passster_activate_misc_settings":"","passster_redirect_url":"","passster_hide":"no","passster_area_shortcode":"","footnotes":""},"class_list":["post-30789","page","type-page","status-publish"],"_links":{"self":[{"href":"https:\/\/czechiacontract.com\/de\/wp-json\/wp\/v2\/pages\/30789","targetHints":{"allow":["GET"]}}],"collection":[{"href":"https:\/\/czechiacontract.com\/de\/wp-json\/wp\/v2\/pages"}],"about":[{"href":"https:\/\/czechiacontract.com\/de\/wp-json\/wp\/v2\/types\/page"}],"author":[{"embeddable":true,"href":"https:\/\/czechiacontract.com\/de\/wp-json\/wp\/v2\/users\/1"}],"replies":[{"embeddable":true,"href":"https:\/\/czechiacontract.com\/de\/wp-json\/wp\/v2\/comments?post=30789"}],"version-history":[{"count":0,"href":"https:\/\/czechiacontract.com\/de\/wp-json\/wp\/v2\/pages\/30789\/revisions"}],"wp:attachment":[{"href":"https:\/\/czechiacontract.com\/de\/wp-json\/wp\/v2\/media?parent=30789"}],"curies":[{"name":"wp","href":"https:\/\/api.w.org\/{rel}","templated":true}]}}