{"id":30775,"date":"2019-08-07T16:19:57","date_gmt":"2019-08-07T14:19:57","guid":{"rendered":"https:\/\/czechiacontract.com\/produkty\/ostatni-nahradni-dily\/"},"modified":"2022-05-19T17:40:44","modified_gmt":"2022-05-19T15:40:44","slug":"ostatni-nahradni-dily","status":"publish","type":"page","link":"https:\/\/czechiacontract.com\/de\/produkty\/ostatni-nahradni-dily\/","title":{"rendered":"ANDERE ERSATZTEILE"},"content":{"rendered":"<div class=\"wpb-content-wrapper\"><p>[vc_row content_placement=&#8220;middle&#8220;][vc_column][vc_column_text]<\/p>\n<div class=\"styled-subtitle\" style=\"text-align: center;\">Wir bereiten andere Ersatzteile vor &#8230;<\/div>\n<p>[\/vc_column_text][vc_empty_space][\/vc_column][\/vc_row][vc_row][vc_column width=&#8220;1\/2&#8243;][vc_column_text]<\/p>\n<h2>SUCHEN SIE ETWAS?<\/h2>\n<p>Czechia Contract bietet eine breite Palette von Ersatzteilen mit einem au\u00dfergew\u00f6hnlich guten Reputation f\u00fcr Best\u00e4ndigkeit, Zuverl\u00e4ssigkeit und Dauerhaftigkeit. Die Produkte durchlaufen eine anspruchsvolle Zertifizierung und m\u00fcssen die strengsten Kriterien f\u00fcr Materialqualit\u00e4t und Manufaktur erf\u00fcllen. Wir bieten Vertretung f\u00fcr beiderseitig vorteilhafte Gesch\u00e4fte.[\/vc_column_text][\/vc_column][vc_column width=&#8220;1\/2&#8243;][vc_column_text]<\/p>\n<h3>SENDEN SIE UNS EINE ANFRAGE<\/h3>\n<p>[\/vc_column_text]\n<div class=\"wpcf7 no-js\" id=\"wpcf7-f30786-o1\" lang=\"en-US\" dir=\"ltr\" data-wpcf7-id=\"30786\">\n<div class=\"screen-reader-response\"><p role=\"status\" aria-live=\"polite\" aria-atomic=\"true\"><\/p> <ul><\/ul><\/div>\n<form action=\"\/de\/wp-json\/wp\/v2\/pages\/30775#wpcf7-f30786-o1\" method=\"post\" class=\"wpcf7-form init wpcf7-acceptance-as-validation\" aria-label=\"Contact form\" novalidate=\"novalidate\" data-status=\"init\">\n<div style=\"display: none;\">\n<input type=\"hidden\" name=\"_wpcf7\" value=\"30786\" \/>\n<input type=\"hidden\" name=\"_wpcf7_version\" value=\"6.0.5\" \/>\n<input type=\"hidden\" name=\"_wpcf7_locale\" value=\"en_US\" \/>\n<input type=\"hidden\" name=\"_wpcf7_unit_tag\" value=\"wpcf7-f30786-o1\" \/>\n<input type=\"hidden\" name=\"_wpcf7_container_post\" value=\"0\" \/>\n<input type=\"hidden\" name=\"_wpcf7_posted_data_hash\" value=\"\" \/>\n<input type=\"hidden\" name=\"_wpcf7_recaptcha_response\" value=\"\" \/>\n<\/div>\n<div class=\"contact-form-style-3\">\n\n<p class=\"col-md-6 cf-style3-name\"><span class=\"wpcf7-form-control-wrap\" data-name=\"your-name\"><input size=\"40\" maxlength=\"400\" class=\"wpcf7-form-control wpcf7-text wpcf7-validates-as-required\" aria-required=\"true\" aria-invalid=\"false\" placeholder=\"Dein Name*\" value=\"\" type=\"text\" name=\"your-name\" \/><\/span><\/p>\n<p class=\"col-md-6 cf-style3-email\"><span class=\"wpcf7-form-control-wrap\" data-name=\"your-email\"><input size=\"40\" maxlength=\"400\" class=\"wpcf7-form-control wpcf7-email wpcf7-validates-as-required wpcf7-text wpcf7-validates-as-email\" aria-required=\"true\" aria-invalid=\"false\" placeholder=\"Email*\" value=\"\" type=\"email\" name=\"your-email\" \/><\/span><\/p>\n<p class=\"col-md-12 cf-style3-textarea\"><span class=\"wpcf7-form-control-wrap\" data-name=\"your-message\"><textarea cols=\"40\" rows=\"4\" maxlength=\"2000\" class=\"wpcf7-form-control wpcf7-textarea\" aria-invalid=\"false\" placeholder=\"Deine Nachricht ...\" name=\"your-message\"><\/textarea><\/span><\/p>\n<p><span class=\"wpcf7-form-control-wrap\" data-name=\"souhlas\"><span class=\"wpcf7-form-control wpcf7-acceptance\"><span class=\"wpcf7-list-item\"><label><input type=\"checkbox\" name=\"souhlas\" value=\"1\" aria-invalid=\"false\" \/><span class=\"wpcf7-list-item-label\">Ich bin mit der <a href=\"\/ochrana-osobnich-udaju\/\" rel=\"nofollow\" target=\"_blank\">DSGVO<\/a> einverstanden<\/span><\/label><\/span><\/span><\/span><\/p>\n<p class=\"col-md-12\" ><input class=\"wpcf7-form-control wpcf7-submit has-spinner\" type=\"submit\" value=\"Senden\" \/><\/p>\n<\/div><div class=\"wpcf7-response-output\" aria-hidden=\"true\"><\/div>\n<\/form>\n<\/div>\n[\/vc_column][\/vc_row]<\/p>\n<\/div>","protected":false},"excerpt":{"rendered":"<p>[vc_row content_placement=&#8220;middle&#8220;][vc_column][vc_column_text] Wir bereiten andere Ersatzteile vor &#8230; [\/vc_column_text][vc_empty_space][\/vc_column][\/vc_row][vc_row][vc_column width=&#8220;1\/2&#8243;][vc_column_text]&#8230;<\/p>\n","protected":false},"author":1,"featured_media":0,"parent":30753,"menu_order":11,"comment_status":"closed","ping_status":"closed","template":"","meta":{"passster_activate_protection":null,"passster_protect_child_pages":"","passster_protection_type":"password","passster_password":"","passster_activate_overwrite_defaults":"","passster_headline":"","passster_instruction":"","passster_placeholder":"","passster_button":"","passster_id":"","passster_activate_misc_settings":"","passster_redirect_url":"","passster_hide":"no","passster_area_shortcode":"","footnotes":""},"class_list":["post-30775","page","type-page","status-publish"],"_links":{"self":[{"href":"https:\/\/czechiacontract.com\/de\/wp-json\/wp\/v2\/pages\/30775","targetHints":{"allow":["GET"]}}],"collection":[{"href":"https:\/\/czechiacontract.com\/de\/wp-json\/wp\/v2\/pages"}],"about":[{"href":"https:\/\/czechiacontract.com\/de\/wp-json\/wp\/v2\/types\/page"}],"author":[{"embeddable":true,"href":"https:\/\/czechiacontract.com\/de\/wp-json\/wp\/v2\/users\/1"}],"replies":[{"embeddable":true,"href":"https:\/\/czechiacontract.com\/de\/wp-json\/wp\/v2\/comments?post=30775"}],"version-history":[{"count":0,"href":"https:\/\/czechiacontract.com\/de\/wp-json\/wp\/v2\/pages\/30775\/revisions"}],"up":[{"embeddable":true,"href":"https:\/\/czechiacontract.com\/de\/wp-json\/wp\/v2\/pages\/30753"}],"wp:attachment":[{"href":"https:\/\/czechiacontract.com\/de\/wp-json\/wp\/v2\/media?parent=30775"}],"curies":[{"name":"wp","href":"https:\/\/api.w.org\/{rel}","templated":true}]}}