{"id":30774,"date":"2019-08-07T16:19:39","date_gmt":"2019-08-07T14:19:39","guid":{"rendered":"https:\/\/czechiacontract.com\/produkty\/pneumatiky\/"},"modified":"2020-06-20T14:32:55","modified_gmt":"2020-06-20T12:32:55","slug":"pneumatiky","status":"publish","type":"page","link":"https:\/\/czechiacontract.com\/de\/produkty\/pneumatiky\/","title":{"rendered":"REIFEN"},"content":{"rendered":"<div class=\"wpb-content-wrapper\"><p>[vc_row][vc_column][vc_column_text]<\/p>\n<h2 style=\"letter-spacing: 0.01em;\">REIFEN F\u00dcR PERS\u00d6NLICHEN TRANSPORT UND STRASSENVERKEHR<\/h2>\n<p>Wir erweitern die Produktpalette um Reifen f\u00fcr PKW und LKW. Wir bieten Markenartikel mit langer Tradition und einer Produktpalette, die alle Segmente abdeckt. Das Portfolio umfasst sowohl die oben genannten Reifen als auch spezialisierte Nutzreifen.<\/p>\n<p>Die Nachfrage nach hochwertigen europ\u00e4ischen Waren w\u00e4chst im Nahen Osten und im Nahen Osten weiter. Wenn Sie Kunden in dieser Region finden m\u00f6chten, haben Sie die M\u00f6glichkeit.[\/vc_column_text][\/vc_column][\/vc_row][vc_row][vc_column][vc_raw_html][\/vc_raw_html][\/vc_column][\/vc_row][vc_row content_placement=&#8220;middle&#8220;][vc_column width=&#8220;1\/6&#8243;][\/vc_column][vc_column width=&#8220;2\/3&#8243;][vc_raw_html]JTVCZWxmc2lnaHRfcGRmX2VtYmVkJTIwaWQlM0QlMjI2JTIyJTVE[\/vc_raw_html][\/vc_column][vc_column width=&#8220;1\/6&#8243;][\/vc_column][\/vc_row]<\/p>\n<\/div>","protected":false},"excerpt":{"rendered":"<p>[vc_row][vc_column][vc_column_text] REIFEN F\u00dcR PERS\u00d6NLICHEN TRANSPORT UND STRASSENVERKEHR Wir erweitern die&#8230;<\/p>\n","protected":false},"author":1,"featured_media":0,"parent":30753,"menu_order":9,"comment_status":"closed","ping_status":"closed","template":"","meta":{"passster_activate_protection":false,"passster_protect_child_pages":"","passster_protection_type":"password","passster_password":"","passster_activate_overwrite_defaults":"","passster_headline":"","passster_instruction":"","passster_placeholder":"","passster_button":"","passster_id":"","passster_activate_misc_settings":"","passster_redirect_url":"","passster_hide":"no","passster_area_shortcode":"","footnotes":""},"class_list":["post-30774","page","type-page","status-publish"],"_links":{"self":[{"href":"https:\/\/czechiacontract.com\/de\/wp-json\/wp\/v2\/pages\/30774","targetHints":{"allow":["GET"]}}],"collection":[{"href":"https:\/\/czechiacontract.com\/de\/wp-json\/wp\/v2\/pages"}],"about":[{"href":"https:\/\/czechiacontract.com\/de\/wp-json\/wp\/v2\/types\/page"}],"author":[{"embeddable":true,"href":"https:\/\/czechiacontract.com\/de\/wp-json\/wp\/v2\/users\/1"}],"replies":[{"embeddable":true,"href":"https:\/\/czechiacontract.com\/de\/wp-json\/wp\/v2\/comments?post=30774"}],"version-history":[{"count":0,"href":"https:\/\/czechiacontract.com\/de\/wp-json\/wp\/v2\/pages\/30774\/revisions"}],"up":[{"embeddable":true,"href":"https:\/\/czechiacontract.com\/de\/wp-json\/wp\/v2\/pages\/30753"}],"wp:attachment":[{"href":"https:\/\/czechiacontract.com\/de\/wp-json\/wp\/v2\/media?parent=30774"}],"curies":[{"name":"wp","href":"https:\/\/api.w.org\/{rel}","templated":true}]}}