{"id":30773,"date":"2019-08-07T16:19:24","date_gmt":"2019-08-07T14:19:24","guid":{"rendered":"https:\/\/czechiacontract.com\/produkty\/oleje-a-maziva\/"},"modified":"2020-06-20T14:32:39","modified_gmt":"2020-06-20T12:32:39","slug":"oleje-a-maziva","status":"publish","type":"page","link":"https:\/\/czechiacontract.com\/de\/produkty\/oleje-a-maziva\/","title":{"rendered":"\u00d6LE UND SCHMIERSTOFFE"},"content":{"rendered":"<div class=\"wpb-content-wrapper\"><p>[vc_row][vc_column][vc_column_text]<\/p>\n<h2 style=\"letter-spacing: 0.01em;\">MOTOR\u00d6LE, GETRIEBE\u00d6LE, INDUSTRIE\u00d6LE &#8230;<\/h2>\n<p>Derzeit haben wir die Produktpalette um Motoren-, Getriebe- und Industrie\u00f6le erweitert. Wir k\u00f6nnen Ihnen die Lieferung von \u00d6len, Schmierstoffen und Spezialprodukten f\u00fcr Industriebetriebe und Transportunternehmen anbieten. Industrieschmierstoffe umfassen sogar sehr spezielle Produkte wie medizinische Wei\u00df\u00f6le h\u00f6chster Reinheit oder hochviskose Zylinder\u00f6le f\u00fcr Schneckengetriebe und Dampfmaschinen.[\/vc_column_text][\/vc_column][\/vc_row][vc_row][vc_column][vc_raw_html]JTVCbW9kdWxhJTIwaWQlM0QlMjIzMDQwOSUyMiU1RA==[\/vc_raw_html][\/vc_column][\/vc_row][vc_row content_placement=&#8220;middle&#8220;][vc_column width=&#8220;1\/6&#8243;][\/vc_column][vc_column width=&#8220;2\/3&#8243;][vc_raw_html]JTVCZWxmc2lnaHRfcGRmX2VtYmVkJTIwaWQlM0QlMjI1JTIyJTVE[\/vc_raw_html][\/vc_column][vc_column width=&#8220;1\/6&#8243;][\/vc_column][\/vc_row]<\/p>\n<\/div>","protected":false},"excerpt":{"rendered":"<p>[vc_row][vc_column][vc_column_text] MOTOR\u00d6LE, GETRIEBE\u00d6LE, INDUSTRIE\u00d6LE &#8230; Derzeit haben wir die Produktpalette&#8230;<\/p>\n","protected":false},"author":1,"featured_media":0,"parent":30753,"menu_order":7,"comment_status":"closed","ping_status":"closed","template":"","meta":{"passster_activate_protection":false,"passster_protect_child_pages":"","passster_protection_type":"password","passster_password":"","passster_activate_overwrite_defaults":"","passster_headline":"","passster_instruction":"","passster_placeholder":"","passster_button":"","passster_id":"","passster_activate_misc_settings":"","passster_redirect_url":"","passster_hide":"no","passster_area_shortcode":"","footnotes":""},"class_list":["post-30773","page","type-page","status-publish"],"_links":{"self":[{"href":"https:\/\/czechiacontract.com\/de\/wp-json\/wp\/v2\/pages\/30773","targetHints":{"allow":["GET"]}}],"collection":[{"href":"https:\/\/czechiacontract.com\/de\/wp-json\/wp\/v2\/pages"}],"about":[{"href":"https:\/\/czechiacontract.com\/de\/wp-json\/wp\/v2\/types\/page"}],"author":[{"embeddable":true,"href":"https:\/\/czechiacontract.com\/de\/wp-json\/wp\/v2\/users\/1"}],"replies":[{"embeddable":true,"href":"https:\/\/czechiacontract.com\/de\/wp-json\/wp\/v2\/comments?post=30773"}],"version-history":[{"count":0,"href":"https:\/\/czechiacontract.com\/de\/wp-json\/wp\/v2\/pages\/30773\/revisions"}],"up":[{"embeddable":true,"href":"https:\/\/czechiacontract.com\/de\/wp-json\/wp\/v2\/pages\/30753"}],"wp:attachment":[{"href":"https:\/\/czechiacontract.com\/de\/wp-json\/wp\/v2\/media?parent=30773"}],"curies":[{"name":"wp","href":"https:\/\/api.w.org\/{rel}","templated":true}]}}