{"id":30772,"date":"2019-08-07T16:19:08","date_gmt":"2019-08-07T14:19:08","guid":{"rendered":"https:\/\/czechiacontract.com\/produkty\/loziska\/"},"modified":"2019-11-12T12:47:18","modified_gmt":"2019-11-12T11:47:18","slug":"loziska","status":"publish","type":"page","link":"https:\/\/czechiacontract.com\/de\/produkty\/loziska\/","title":{"rendered":"LAGER"},"content":{"rendered":"<div class=\"wpb-content-wrapper\"><p>[vc_row][vc_column][vc_column_text]<\/p>\n<h2 style=\"letter-spacing: 0.01em;\">LAGER<\/h2>\n<p>Rotations-, Linear-, Gleit-, Pneumatik-, Hydraulik-, Roll-, Magnet-, Axial-\u2026 Lager f\u00fcr verschiedene Industriesegmente. Zum Beispiel f\u00fcr die Lagerung von Kfz-Aggregaten, f\u00fcr Kunden im Maschinenbau, f\u00fcr H\u00e4ndler im Ersatzverbrauch, f\u00fcr Achsen und Fahrmotoren usw.<\/p>\n<p>Wir bieten Lager f\u00fcr ein breites Einsatzspektrum und eine auf Kunden ausgerichtete Verarbeitung, die h\u00f6chste Produktionsqualit\u00e4t erwarten. Auf Anfrage senden wir Ihnen die komplette Produktpalette zu.[\/vc_column_text][\/vc_column][\/vc_row][vc_row][vc_column][vc_raw_html]JTVCbW9kdWxhJTIwaWQlM0QlMjIzMDI2NCUyMiU1RA==[\/vc_raw_html][\/vc_column][\/vc_row][vc_row content_placement=&#8220;middle&#8220;][vc_column width=&#8220;1\/6&#8243;][\/vc_column][vc_column width=&#8220;2\/3&#8243;][vc_raw_html]JTVCZWxmc2lnaHRfcGRmX2VtYmVkJTIwaWQlM0QlMjIxJTIyJTVE[\/vc_raw_html][vc_column_text]<\/p>\n<div class=\"styled-subtitle\">Kompletn\u00ed sortiment zbo\u017e\u00ed V\u00e1m za\u0161leme na vy\u017e\u00e1d\u00e1n\u00ed.<\/div>\n<p>[\/vc_column_text][vc_empty_space][\/vc_column][vc_column width=&#8220;1\/6&#8243;][\/vc_column][\/vc_row]<\/p>\n<\/div>","protected":false},"excerpt":{"rendered":"<p>[vc_row][vc_column][vc_column_text] LAGER Rotations-, Linear-, Gleit-, Pneumatik-, Hydraulik-, Roll-, Magnet-, Axial-\u2026&#8230;<\/p>\n","protected":false},"author":1,"featured_media":0,"parent":30753,"menu_order":5,"comment_status":"closed","ping_status":"closed","template":"","meta":{"passster_activate_protection":false,"passster_protect_child_pages":"","passster_protection_type":"password","passster_password":"","passster_activate_overwrite_defaults":"","passster_headline":"","passster_instruction":"","passster_placeholder":"","passster_button":"","passster_id":"","passster_activate_misc_settings":"","passster_redirect_url":"","passster_hide":"no","passster_area_shortcode":"","footnotes":""},"class_list":["post-30772","page","type-page","status-publish"],"_links":{"self":[{"href":"https:\/\/czechiacontract.com\/de\/wp-json\/wp\/v2\/pages\/30772","targetHints":{"allow":["GET"]}}],"collection":[{"href":"https:\/\/czechiacontract.com\/de\/wp-json\/wp\/v2\/pages"}],"about":[{"href":"https:\/\/czechiacontract.com\/de\/wp-json\/wp\/v2\/types\/page"}],"author":[{"embeddable":true,"href":"https:\/\/czechiacontract.com\/de\/wp-json\/wp\/v2\/users\/1"}],"replies":[{"embeddable":true,"href":"https:\/\/czechiacontract.com\/de\/wp-json\/wp\/v2\/comments?post=30772"}],"version-history":[{"count":0,"href":"https:\/\/czechiacontract.com\/de\/wp-json\/wp\/v2\/pages\/30772\/revisions"}],"up":[{"embeddable":true,"href":"https:\/\/czechiacontract.com\/de\/wp-json\/wp\/v2\/pages\/30753"}],"wp:attachment":[{"href":"https:\/\/czechiacontract.com\/de\/wp-json\/wp\/v2\/media?parent=30772"}],"curies":[{"name":"wp","href":"https:\/\/api.w.org\/{rel}","templated":true}]}}