{"id":30771,"date":"2019-08-07T16:18:54","date_gmt":"2019-08-07T14:18:54","guid":{"rendered":"https:\/\/czechiacontract.com\/produkty\/cerpadla\/"},"modified":"2019-10-04T19:01:16","modified_gmt":"2019-10-04T17:01:16","slug":"cerpadla","status":"publish","type":"page","link":"https:\/\/czechiacontract.com\/de\/produkty\/cerpadla\/","title":{"rendered":"PUMPEN"},"content":{"rendered":"<div class=\"wpb-content-wrapper\"><p>[vc_row][vc_column][vc_column_text]<\/p>\n<h2 style=\"letter-spacing: 0em;\">INJEKTION, SPEISEN, IN-LINE &#8230;<\/h2>\n<p>Wir bieten Einspritzpumpen f\u00fcr verschiedene Anwendungen an Traktor- und Stra\u00dfenfahrzeugmotoren, f\u00fcr Eisenbahn- und Bootsmotoren, f\u00fcr Motoren zum Antrieb von Stra\u00dfen- und Baumaschinen, f\u00fcr Generatoren und f\u00fcr station\u00e4re Motoren.<\/p>\n<p>Verteilte Einspritzpumpen k\u00f6nnen nach der Behandlung sowohl Diesel- als auch Benzin- und andere weniger hochwertige Kraftstoffe in Dieselmotorzylinder einspritzen. Verschiedene Gr\u00f6\u00dfen von Einspritzpumpen k\u00f6nnen in verschiedenen Ausf\u00fchrungen des Montageflansches, des Kraftstoffeinlasses, des Montagefensters usw. geliefert werden. Neuere Einspritzpumpen k\u00f6nnen durch Kolben mit verschiedenen Durchmessern und Formen ihrer K\u00f6pfe angebracht werden. Es erm\u00f6glicht einen besseren Start von Dieselmotoren auf der Basis von brennendem Kraftstoff.<\/p>\n<p>Die optimale Anpassung der Einspritzpumpe an jeden Dieselmotor wird durch die geeignete Kombination von Pumpengr\u00f6\u00dfe, Auslegung und der richtigen Wahl des Kolbendurchmessers gew\u00e4hrleistet[\/vc_column_text][\/vc_column][\/vc_row][vc_row][vc_column][vc_raw_html]JTVCbW9kdWxhJTIwaWQlM0QlMjIzMDM4NCUyMiU1RA==[\/vc_raw_html][\/vc_column][\/vc_row][vc_row content_placement=&#8220;middle&#8220;][vc_column width=&#8220;1\/6&#8243;][\/vc_column][vc_column width=&#8220;2\/3&#8243;][vc_raw_html]JTVCZWxmc2lnaHRfcGRmX2VtYmVkJTIwaWQlM0QlMjIzJTIyJTVE[\/vc_raw_html][\/vc_column][vc_column width=&#8220;1\/6&#8243;][\/vc_column][\/vc_row]<\/p>\n<\/div>","protected":false},"excerpt":{"rendered":"<p>[vc_row][vc_column][vc_column_text] INJEKTION, SPEISEN, IN-LINE &#8230; Wir bieten Einspritzpumpen f\u00fcr verschiedene&#8230;<\/p>\n","protected":false},"author":1,"featured_media":0,"parent":30753,"menu_order":3,"comment_status":"closed","ping_status":"closed","template":"","meta":{"passster_activate_protection":false,"passster_protect_child_pages":"","passster_protection_type":"password","passster_password":"","passster_activate_overwrite_defaults":"","passster_headline":"","passster_instruction":"","passster_placeholder":"","passster_button":"","passster_id":"","passster_activate_misc_settings":"","passster_redirect_url":"","passster_hide":"no","passster_area_shortcode":"","footnotes":""},"class_list":["post-30771","page","type-page","status-publish"],"_links":{"self":[{"href":"https:\/\/czechiacontract.com\/de\/wp-json\/wp\/v2\/pages\/30771","targetHints":{"allow":["GET"]}}],"collection":[{"href":"https:\/\/czechiacontract.com\/de\/wp-json\/wp\/v2\/pages"}],"about":[{"href":"https:\/\/czechiacontract.com\/de\/wp-json\/wp\/v2\/types\/page"}],"author":[{"embeddable":true,"href":"https:\/\/czechiacontract.com\/de\/wp-json\/wp\/v2\/users\/1"}],"replies":[{"embeddable":true,"href":"https:\/\/czechiacontract.com\/de\/wp-json\/wp\/v2\/comments?post=30771"}],"version-history":[{"count":0,"href":"https:\/\/czechiacontract.com\/de\/wp-json\/wp\/v2\/pages\/30771\/revisions"}],"up":[{"embeddable":true,"href":"https:\/\/czechiacontract.com\/de\/wp-json\/wp\/v2\/pages\/30753"}],"wp:attachment":[{"href":"https:\/\/czechiacontract.com\/de\/wp-json\/wp\/v2\/media?parent=30771"}],"curies":[{"name":"wp","href":"https:\/\/api.w.org\/{rel}","templated":true}]}}