{"id":30770,"date":"2019-08-07T16:18:41","date_gmt":"2019-08-07T14:18:41","guid":{"rendered":"https:\/\/czechiacontract.com\/produkty\/vstrikovace\/"},"modified":"2022-05-19T17:39:39","modified_gmt":"2022-05-19T15:39:39","slug":"vstrikovace","status":"publish","type":"page","link":"https:\/\/czechiacontract.com\/de\/produkty\/vstrikovace\/","title":{"rendered":"INJEKTOREN"},"content":{"rendered":"<div class=\"wpb-content-wrapper\"><p>[vc_row][vc_column][vc_column_text]<\/p>\n<h2 style=\"letter-spacing: 0em;\">INJEKTORD\u00dcSEN, LIEFERVENTILE &#8230;<\/h2>\n<p>Bei der Auswahl des Lieferanten legen wir Wert auf Pr\u00e4zision, Qualit\u00e4t und Verarbeitungstechnologie sowie auf alle anderen Komponenten der gesamten Einspritzanlage. Wir bieten eine gro\u00dfe Auswahl an D\u00fcsen in verschiedenen Ausf\u00fchrungen an. Zum Beispiel Lochinjektoren f\u00fcr Motoren mit Direkteinspritzung, Bolzeninjektoren f\u00fcr Motoren mit Vorkammer oder Drallkammer, mit indirekter Einspritzung oder f\u00fcr gro\u00dfe Dieselmotoren in Ausf\u00fchrung mit K\u00fchlung.<\/p>\n<p>Zur Produktpalette von Czechia Contract geh\u00f6rt eine gro\u00dfe Auswahl an Halterungen f\u00fcr Einspritzd\u00fcsen in g\u00e4ngiger Ausf\u00fchrung, die sowohl f\u00fcr Motoren mit direkter und indirekter Kraftstoffeinspritzung als auch f\u00fcr andere Typen je nach Ausf\u00fchrung des Dieselmotors geliefert werden. Es ist m\u00f6glich, auch andere Ausf\u00fchrungen in Bezug auf Anforderungen zu bestellen.[\/vc_column_text][\/vc_column][\/vc_row][vc_row][vc_column][vc_raw_html]JTVCbW9kdWxhJTIwaWQlM0QlMjIzMDIxNCUyMiU1RA==[\/vc_raw_html][\/vc_column][\/vc_row][vc_row content_placement=&#8220;middle&#8220;][vc_column width=&#8220;1\/6&#8243;][\/vc_column][vc_column width=&#8220;2\/3&#8243;][vc_raw_html]JTVCZWxmc2lnaHRfcGRmX2VtYmVkJTIwaWQlM0QlMjIyJTIyJTVE[\/vc_raw_html][\/vc_column][vc_column width=&#8220;1\/6&#8243;][\/vc_column][\/vc_row]<\/p>\n<\/div>","protected":false},"excerpt":{"rendered":"<p>[vc_row][vc_column][vc_column_text] INJEKTORD\u00dcSEN, LIEFERVENTILE &#8230; Bei der Auswahl des Lieferanten legen&#8230;<\/p>\n","protected":false},"author":1,"featured_media":0,"parent":30753,"menu_order":1,"comment_status":"closed","ping_status":"closed","template":"","meta":{"passster_activate_protection":null,"passster_protect_child_pages":"","passster_protection_type":"password","passster_password":"","passster_activate_overwrite_defaults":"","passster_headline":"","passster_instruction":"","passster_placeholder":"","passster_button":"","passster_id":"","passster_activate_misc_settings":"","passster_redirect_url":"","passster_hide":"no","passster_area_shortcode":"","footnotes":""},"class_list":["post-30770","page","type-page","status-publish"],"_links":{"self":[{"href":"https:\/\/czechiacontract.com\/de\/wp-json\/wp\/v2\/pages\/30770","targetHints":{"allow":["GET"]}}],"collection":[{"href":"https:\/\/czechiacontract.com\/de\/wp-json\/wp\/v2\/pages"}],"about":[{"href":"https:\/\/czechiacontract.com\/de\/wp-json\/wp\/v2\/types\/page"}],"author":[{"embeddable":true,"href":"https:\/\/czechiacontract.com\/de\/wp-json\/wp\/v2\/users\/1"}],"replies":[{"embeddable":true,"href":"https:\/\/czechiacontract.com\/de\/wp-json\/wp\/v2\/comments?post=30770"}],"version-history":[{"count":0,"href":"https:\/\/czechiacontract.com\/de\/wp-json\/wp\/v2\/pages\/30770\/revisions"}],"up":[{"embeddable":true,"href":"https:\/\/czechiacontract.com\/de\/wp-json\/wp\/v2\/pages\/30753"}],"wp:attachment":[{"href":"https:\/\/czechiacontract.com\/de\/wp-json\/wp\/v2\/media?parent=30770"}],"curies":[{"name":"wp","href":"https:\/\/api.w.org\/{rel}","templated":true}]}}