{"id":30753,"date":"2016-02-02T11:55:21","date_gmt":"2016-02-02T10:55:21","guid":{"rendered":"https:\/\/czechiacontract.com\/produkty\/"},"modified":"2022-05-19T17:38:40","modified_gmt":"2022-05-19T15:38:40","slug":"produkty","status":"publish","type":"page","link":"https:\/\/czechiacontract.com\/de\/produkty\/","title":{"rendered":"PRODUKTE"},"content":{"rendered":"<div class=\"wpb-content-wrapper\"><p>[vc_row][vc_column][vc_empty_space height=&#8220;50px&#8220;][vc_column_text]<\/p>\n<h1>PRODUKTE <span class=\"light\">&amp; SORTIMENT<\/span><\/h1>\n<p>[\/vc_column_text][\/vc_column][\/vc_row][vc_row][vc_column][vc_column_text]<\/p>\n<p class=\"styled-biggertext\">Wir liefern Ersatzteile f\u00fcr die Automobilindustrie, d.h. Personen- und Lastkraftwagen, landwirtschaftliche Ger\u00e4te, Transportkomponenten usw. Die Produktpalette \u00e4ndert und erweitert sich st\u00e4ndig.<\/p>\n<p class=\"styled-biggertext\">Bei Bedarf nach Teilefertigung k\u00f6nnen wir einen Hersteller finden und Sonderanfertigungen bestellen. Immer mit Schwerpunkt auf der komplexen Zusammensetzung der einzelnen Produktionsaktivit\u00e4ten. Dies gilt sowohl f\u00fcr gro\u00dfe als auch f\u00fcr kleine Teile, die f\u00fcr Kunden in der Elektro-, Automobil- und anderen Industriezweigen eine Massenproduktion erfordern.<\/p>\n<p class=\"styled-biggertext\">Nachstehend finden Sie Artikel wie Lager, Einspritzd\u00fcsen, Elemente, Ventile, Dichtungen oder Ersatzteile f\u00fcr schwere Maschinen. Viele Auftr\u00e4ge werden schl\u00fcsselfertig ausgef\u00fchrt, entsprechend der individuellen Spezifikation des Kundenauftrags. Z\u00f6gern Sie nicht, uns mit jeder Nachfrage oder Angebot zu kontaktieren.<\/p>\n<p>[\/vc_column_text][vc_empty_space][\/vc_column][\/vc_row][vc_row equal_height=&#8220;yes&#8220; css=&#8220;.vc_custom_1565171574509{margin-bottom: 0px !important;padding-bottom: 0px !important;}&#8220;][vc_column width=&#8220;1\/3&#8243; css=&#8220;.vc_custom_1565188812812{padding-right: 10% !important;padding-left: 10% !important;background-image: url(https:\/\/czechiacontract.com\/wp-content\/uploads\/2019\/08\/vstrikovace-1.jpg?id=30292) !important;background-position: center !important;background-repeat: no-repeat !important;background-size: cover !important;}&#8220; el_class=&#8220;entire-div-link&#8220;][vc_raw_html]JTNDYSUyMGhyZWYlM0QlMjIlMkZkZSUyRnByb2R1a3R5JTJGdnN0cmlrb3ZhY2UlMkYlMjIlM0UlM0MlMkZhJTNF[\/vc_raw_html][vc_column_text]<\/p>\n<div class=\"title-h3 white\" style=\"text-align: center; letter-spacing: 0px;\">INJEKTOREN<\/div>\n<p>[\/vc_column_text]<div class=\"clearboth\"><\/div><style>#thegem-divider-69e0166ea00c4 {margin-top: 45px !important;}<\/style><div id=\"thegem-divider-69e0166ea00c4\" class=\"gem-divider  \" style=\"\" ><\/div>[\/vc_column][vc_column width=&#8220;1\/3&#8243; css=&#8220;.vc_custom_1565189637416{padding-right: 10% !important;padding-left: 10% !important;background-image: url(https:\/\/czechiacontract.com\/wp-content\/uploads\/2019\/08\/cerpadla-1.jpg?id=30294) !important;background-position: center !important;background-repeat: no-repeat !important;background-size: cover !important;}&#8220; el_class=&#8220;entire-div-link&#8220;][vc_raw_html]JTNDYSUyMGhyZWYlM0QlMjIlMkZkZSUyRnByb2R1a3R5JTJGY2VycGFkbGElMkYlMjIlM0UlM0MlMkZhJTNF[\/vc_raw_html][vc_column_text]<\/p>\n<div class=\"title-h3 white\" style=\"text-align: center; letter-spacing: 0px;\">PUMPEN<\/div>\n<p>[\/vc_column_text]<div class=\"clearboth\"><\/div><style>#thegem-divider-69e0166ea00fc {margin-top: 45px !important;}<\/style><div id=\"thegem-divider-69e0166ea00fc\" class=\"gem-divider  \" style=\"\" ><\/div>[\/vc_column][vc_column width=&#8220;1\/3&#8243; css=&#8220;.vc_custom_1565188669183{padding-right: 10% !important;padding-left: 10% !important;background-image: url(https:\/\/czechiacontract.com\/wp-content\/uploads\/2019\/08\/loziska-1.jpg?id=30296) !important;background-position: center !important;background-repeat: no-repeat !important;background-size: cover !important;}&#8220; el_class=&#8220;entire-div-link&#8220;][vc_raw_html]JTNDYSUyMGhyZWYlM0QlMjIlMkZkZSUyRnByb2R1a3R5JTJGbG96aXNrYSUyRiUyMiUzRSUzQyUyRmElM0U=[\/vc_raw_html][vc_column_text]<\/p>\n<div class=\"title-h3 white\" style=\"text-align: center; letter-spacing: 0px;\">LAGER\u00d6LE<\/div>\n<p>[\/vc_column_text]<div class=\"clearboth\"><\/div><style>#thegem-divider-69e0166ea011a {margin-top: 45px !important;}<\/style><div id=\"thegem-divider-69e0166ea011a\" class=\"gem-divider  \" style=\"\" ><\/div>[\/vc_column][\/vc_row][vc_row equal_height=&#8220;yes&#8220; css=&#8220;.vc_custom_1570480020953{margin-bottom: 0px !important;padding-bottom: 0px !important;}&#8220;][vc_column width=&#8220;1\/3&#8243; css=&#8220;.vc_custom_1652974716658{padding-right: 10% !important;padding-left: 10% !important;background-image: url(https:\/\/czechiacontract.com\/wp-content\/uploads\/2019\/08\/oleje-a-maziva-1.jpg?id=30300) !important;background-position: center !important;background-repeat: no-repeat !important;background-size: cover !important;}&#8220; el_class=&#8220;entire-div-link&#8220;][vc_raw_html]JTNDYSUyMGhyZWYlM0QlMjIlMkZkZSUyRnByb2R1a3R5JTJGb2xlamUtYS1tYXppdmElMkYlMjIlM0UlM0MlMkZhJTNF[\/vc_raw_html][vc_column_text]<\/p>\n<div class=\"title-h3 white\" style=\"text-align: center; letter-spacing: 0px;\">UND SCHMIERMITTEL<\/div>\n<p>[\/vc_column_text]<div class=\"clearboth\"><\/div><style>#thegem-divider-69e0166ea0132 {margin-top: 45px !important;}<\/style><div id=\"thegem-divider-69e0166ea0132\" class=\"gem-divider  \" style=\"\" ><\/div>[\/vc_column][vc_column width=&#8220;1\/3&#8243; css=&#8220;.vc_custom_1565187886327{padding-right: 10% !important;padding-left: 10% !important;background-image: url(https:\/\/czechiacontract.com\/wp-content\/uploads\/2019\/08\/pneu-2.jpg?id=30304) !important;background-position: center !important;background-repeat: no-repeat !important;background-size: cover !important;}&#8220; el_class=&#8220;entire-div-link&#8220;][vc_raw_html]JTNDYSUyMGhyZWYlM0QlMjIlMkZkZSUyRnByb2R1a3R5JTJGcG5ldW1hdGlreSUyRiUyMiUzRSUzQyUyRmElM0U=[\/vc_raw_html][vc_column_text]<\/p>\n<div class=\"title-h3 white\" style=\"text-align: center; letter-spacing: 0px;\">REIFEN<\/div>\n<p>[\/vc_column_text]<div class=\"clearboth\"><\/div><style>#thegem-divider-69e0166ea0147 {margin-top: 45px !important;}<\/style><div id=\"thegem-divider-69e0166ea0147\" class=\"gem-divider  \" style=\"\" ><\/div>[\/vc_column][vc_column width=&#8220;1\/3&#8243; css=&#8220;.vc_custom_1570480173853{padding-right: 10% !important;padding-left: 10% !important;background-image: url(https:\/\/czechiacontract.com\/wp-content\/uploads\/2019\/10\/drzak-loziska.jpg?id=31035) !important;background-position: center !important;background-repeat: no-repeat !important;background-size: cover !important;}&#8220; el_class=&#8220;entire-div-link&#8220;][vc_raw_html]JTNDYSUyMGhyZWYlM0QlMjIlMkZkZSUyRnByb2R1a3R5JTJGZHJ6YWstbG96aXNrYSUyRiUyMiUzRSUzQyUyRmElM0UlMjA=[\/vc_raw_html][vc_column_text]<\/p>\n<div class=\"title-h3 white\" style=\"text-align: center; letter-spacing: 0px;\">LAGERHALTER<\/div>\n<p>[\/vc_column_text]<div class=\"clearboth\"><\/div><style>#thegem-divider-69e0166ea015b {margin-top: 45px !important;}<\/style><div id=\"thegem-divider-69e0166ea015b\" class=\"gem-divider  \" style=\"\" ><\/div>[\/vc_column][\/vc_row][vc_row equal_height=&#8220;yes&#8220;][vc_column width=&#8220;1\/3&#8243; css=&#8220;.vc_custom_1570480063907{padding-right: 10% !important;padding-left: 10% !important;background-position: center !important;background-repeat: no-repeat !important;background-size: cover !important;}&#8220;]<div class=\"clearboth\"><\/div><style>#thegem-divider-69e0166ea016e {margin-top: 45px !important;}<\/style><div id=\"thegem-divider-69e0166ea016e\" class=\"gem-divider  \" style=\"\" ><\/div>[\/vc_column][vc_column width=&#8220;1\/3&#8243; css=&#8220;.vc_custom_1570480086995{padding-right: 10% !important;padding-left: 10% !important;background-image: url(https:\/\/czechiacontract.com\/wp-content\/uploads\/2019\/08\/nahradni-dily-3.jpg?id=30768) !important;background-position: center !important;background-repeat: no-repeat !important;background-size: cover !important;}&#8220; el_class=&#8220;entire-div-link&#8220;][vc_raw_html]JTNDYSUyMGhyZWYlM0QlMjIlMkZkZSUyRnByb2R1a3R5JTJGb3N0YXRuaS1uYWhyYWRuaS1kaWx5JTJGJTIyJTNFJTNDJTJGYSUzRQ==[\/vc_raw_html][vc_column_text]<\/p>\n<div class=\"title-h3 white\" style=\"text-align: center; letter-spacing: 0px;\">ANDERE TEILE<\/div>\n<p>[\/vc_column_text]<div class=\"clearboth\"><\/div><style>#thegem-divider-69e0166ea0180 {margin-top: 45px !important;}<\/style><div id=\"thegem-divider-69e0166ea0180\" class=\"gem-divider  \" style=\"\" ><\/div>[\/vc_column][vc_column width=&#8220;1\/3&#8243; css=&#8220;.vc_custom_1570480071664{padding-right: 10% !important;padding-left: 10% !important;background-position: center !important;background-repeat: no-repeat !important;background-size: cover !important;}&#8220;]<div class=\"clearboth\"><\/div><style>#thegem-divider-69e0166ea0191 {margin-top: 45px !important;}<\/style><div id=\"thegem-divider-69e0166ea0191\" class=\"gem-divider  \" style=\"\" ><\/div>[\/vc_column][\/vc_row][vc_row][vc_column][vc_empty_space height=&#8220;100px&#8220;][\/vc_column][\/vc_row][vc_row content_placement=&#8220;middle&#8220;][vc_column][vc_column_text]<\/p>\n<h2 style=\"text-align: center;\">PARTNER<\/h2>\n<p>[\/vc_column_text][\/vc_column][\/vc_row][vc_row content_placement=&#8220;middle&#8220;][vc_column]<div class=\"preloader\"><div class=\"preloader-spin\"><\/div><\/div><div class=\"gem-clients gem-clients-type-carousel-grid disable-grayscale \" data-autoscroll=\"0\"><div class=\"gem-clients-slide\"><div class=\"gem-clients-slide-inner clearfix\"> <div id=\"post-30361\" class=\"gem-client-item post-30361 thegem_client type-thegem_client status-publish has-post-thumbnail\" style=\"width: 14.285714285714%;\" > <span href=\"#\" target=\"_self\" class=\"gscale\"> <img width=\"200\" height=\"200\" src=\"https:\/\/czechiacontract.com\/wp-content\/uploads\/2019\/08\/zkl.png\" class=\"img-responsive wp-post-image\" alt=\"zkl\" \/>\t<\/span> <\/div> <div id=\"post-30378\" class=\"gem-client-item post-30378 thegem_client type-thegem_client status-publish has-post-thumbnail\" style=\"width: 14.285714285714%;\" > <span href=\"#\" target=\"_self\" class=\"gscale\"> <img width=\"200\" height=\"200\" src=\"https:\/\/czechiacontract.com\/wp-content\/uploads\/2019\/08\/matador.png\" class=\"img-responsive wp-post-image\" alt=\"matador\" \/>\t<\/span> <\/div> <div id=\"post-30379\" class=\"gem-client-item post-30379 thegem_client type-thegem_client status-publish has-post-thumbnail\" style=\"width: 14.285714285714%;\" > <span href=\"#\" target=\"_self\" class=\"gscale\"> <img width=\"200\" height=\"200\" src=\"https:\/\/czechiacontract.com\/wp-content\/uploads\/2019\/08\/motorpal.png\" class=\"img-responsive wp-post-image\" alt=\"motorpal\" \/>\t<\/span> <\/div> <div id=\"post-30380\" class=\"gem-client-item post-30380 thegem_client type-thegem_client status-publish has-post-thumbnail\" style=\"width: 14.285714285714%;\" > <span href=\"#\" target=\"_self\" class=\"gscale\"> <img width=\"200\" height=\"200\" src=\"https:\/\/czechiacontract.com\/wp-content\/uploads\/2019\/08\/slovnaft.png\" class=\"img-responsive wp-post-image\" alt=\"slovnaft\" \/>\t<\/span> <\/div> <div id=\"post-30381\" class=\"gem-client-item post-30381 thegem_client type-thegem_client status-publish has-post-thumbnail\" style=\"width: 14.285714285714%;\" > <span href=\"#\" target=\"_self\" class=\"gscale\"> <img width=\"200\" height=\"200\" src=\"https:\/\/czechiacontract.com\/wp-content\/uploads\/2019\/08\/kinex.png\" class=\"img-responsive wp-post-image\" alt=\"kinex\" \/>\t<\/span> <\/div> <div id=\"post-31227\" class=\"gem-client-item post-31227 thegem_client type-thegem_client status-publish has-post-thumbnail\" style=\"width: 14.285714285714%;\" > <span href=\"#\" target=\"_self\" class=\"gscale\"> <img width=\"200\" height=\"200\" src=\"https:\/\/czechiacontract.com\/wp-content\/uploads\/2020\/05\/alcaplast.png\" class=\"img-responsive wp-post-image\" alt=\"alcaplast\" \/>\t<\/span> <\/div> <div id=\"post-31604\" class=\"gem-client-item post-31604 thegem_client type-thegem_client status-publish has-post-thumbnail\" style=\"width: 14.285714285714%;\" > <span href=\"#\" target=\"_blank\" class=\"gscale\"> <img width=\"200\" height=\"200\" src=\"https:\/\/czechiacontract.com\/wp-content\/uploads\/2020\/08\/molcik.png\" class=\"img-responsive wp-post-image\" alt=\"molcik\" \/>\t<\/span> <\/div><\/div><\/div><\/div>[\/vc_column][\/vc_row]<\/p>\n<\/div>","protected":false},"excerpt":{"rendered":"<p>[vc_row][vc_column][vc_empty_space height=&#8220;50px&#8220;][vc_column_text] PRODUKTE &amp; SORTIMENT [\/vc_column_text][\/vc_column][\/vc_row][vc_row][vc_column][vc_column_text] Wir liefern Ersatzteile f\u00fcr&#8230;<\/p>\n","protected":false},"author":1,"featured_media":0,"parent":0,"menu_order":5,"comment_status":"closed","ping_status":"closed","template":"","meta":{"passster_activate_protection":null,"passster_protect_child_pages":"","passster_protection_type":"password","passster_password":"","passster_activate_overwrite_defaults":"","passster_headline":"","passster_instruction":"","passster_placeholder":"","passster_button":"","passster_id":"","passster_activate_misc_settings":"","passster_redirect_url":"","passster_hide":"no","passster_area_shortcode":"","footnotes":""},"class_list":["post-30753","page","type-page","status-publish"],"_links":{"self":[{"href":"https:\/\/czechiacontract.com\/de\/wp-json\/wp\/v2\/pages\/30753","targetHints":{"allow":["GET"]}}],"collection":[{"href":"https:\/\/czechiacontract.com\/de\/wp-json\/wp\/v2\/pages"}],"about":[{"href":"https:\/\/czechiacontract.com\/de\/wp-json\/wp\/v2\/types\/page"}],"author":[{"embeddable":true,"href":"https:\/\/czechiacontract.com\/de\/wp-json\/wp\/v2\/users\/1"}],"replies":[{"embeddable":true,"href":"https:\/\/czechiacontract.com\/de\/wp-json\/wp\/v2\/comments?post=30753"}],"version-history":[{"count":0,"href":"https:\/\/czechiacontract.com\/de\/wp-json\/wp\/v2\/pages\/30753\/revisions"}],"wp:attachment":[{"href":"https:\/\/czechiacontract.com\/de\/wp-json\/wp\/v2\/media?parent=30753"}],"curies":[{"name":"wp","href":"https:\/\/api.w.org\/{rel}","templated":true}]}}