{"id":30743,"date":"2016-01-26T09:58:54","date_gmt":"2016-01-26T08:58:54","guid":{"rendered":"https:\/\/czechiacontract.com\/sluzby\/"},"modified":"2022-05-19T17:04:37","modified_gmt":"2022-05-19T15:04:37","slug":"sluzby","status":"publish","type":"page","link":"https:\/\/czechiacontract.com\/de\/sluzby\/","title":{"rendered":"DIENSTLEISTUNGEN"},"content":{"rendered":"<div class=\"wpb-content-wrapper\"><p>[vc_row full_width=&#8220;stretch_row&#8220; css=&#8220;.vc_custom_1652972404803{background-color: #1c3d76 !important;}&#8220;][vc_column][vc_empty_space height=&#8220;160px&#8220;][vc_column_text]<\/p>\n<div class=\"title-xlarge\" style=\"text-align: center;\"><span class=\"light\" style=\"color: #ffffff;\">DIENSTLEISTUNGEN \/<\/span><span style=\"color: #ffffff;\"> WIR BIETEN<\/span><\/div>\n<p>[\/vc_column_text][vc_column_text]<\/p>\n<div class=\"custom-header-subtitle styled-subtitle\" style=\"padding-bottom: 106px; text-align: center;\"><span class=\"light\" style=\"color: #ffffff;\">Egal wie spezifisch Ihre Anforderung ist, wir gehen immer individuell darauf ein und versuchen, sie \u00fcber das Verkaufssortiment hinaus zu erf\u00fcllen. Wir haben nicht eine universelle L\u00f6sung f\u00fcr jeden, wir sind immer auf der Suche nach einer M\u00f6glichkeit, das Gesch\u00e4ft abzuschlie\u00dfen.<\/span><\/div>\n<p>[\/vc_column_text][\/vc_column][\/vc_row][vc_row][vc_column]<div class=\"clearboth\"><\/div><style>#thegem-divider-69d1d196e0f3b {margin-top: 50px !important;}<\/style><div id=\"thegem-divider-69d1d196e0f3b\" class=\"gem-divider  \" style=\"\" ><\/div>[\/vc_column][\/vc_row][vc_row][vc_column width=&#8220;1\/2&#8243;][vc_column_text]<\/p>\n<div class=\"title-h3\"><span class=\"light\" style=\"color: #99a9b5;\">F\u00dcR HERSTELLER <\/span><\/div>\n<p>[\/vc_column_text][vc_column_text]<\/p>\n<div class=\"styled-subtitle\">Suchen Sie andere Gro\u00dfhandelskunden oder neue M\u00e4rkte, um erfolgreich zu verkaufen? M\u00f6chten Sie sich von dem Unternehmen vertreten lassen, das alle oben genannten Bereiche abdeckt? Wir kennen den Markt des Nahen Ostens, orientieren uns daran und verf\u00fcgen \u00fcber ein Netzwerk von Kontakten. Wir finden Kunden f\u00fcr Sie in einem der lukrativsten M\u00e4rkte der Welt.<\/div>\n<p>[\/vc_column_text][\/vc_column][vc_column width=&#8220;1\/2&#8243;][vc_column_text]<\/p>\n<div class=\"title-h3\"><span class=\"light\" style=\"color: #99a9b5;\">F\u00dcR H\u00c4NDLER<\/span><\/div>\n<p>[\/vc_column_text][vc_column_text]<\/p>\n<div class=\"styled-subtitle\">Wir bieten ein originales, hochwertiges und zertifiziertes Ersatzteilsortiment f\u00fcr Benzin- und Dieselmotoren aus europ\u00e4ischer Produktion. Komponenten in der Industrie, f\u00fcr PKW, G\u00fctertransport, Landmaschinen etc. Umsetzung von spezifischen Auftr\u00e4gen und Sortimenten nach individuellen Anforderungen, einschlie\u00dflich Auftragsproduktion.<\/div>\n<p>[\/vc_column_text][\/vc_column][\/vc_row][vc_row][vc_column]<div class=\"clearboth\"><\/div><style>#thegem-divider-69d1d196e0f64 {margin-top: 50px !important;}<\/style><div id=\"thegem-divider-69d1d196e0f64\" class=\"gem-divider  \" style=\"\" ><\/div>[\/vc_column][\/vc_row][vc_row][vc_column width=&#8220;1\/2&#8243;][vc_column_text]F\u00fcr Kunden suchen wir einen Hersteller, der die geforderten Kriterien hinsichtlich Qualit\u00e4t, Attraktivit\u00e4t oder Wirtschaftlichkeit am besten erf\u00fcllt. Die gleichen Kriterien gelten auch in umgekehrter Richtung, d.h. wenn wir einen Verk\u00e4ufer suchen, der Ihre Produkte anbietet.<\/p>\n<p>Wir helfen beim Eintritt in die M\u00e4rkte des Nahen Ostens, wir wissen, wo ein Interesse an europ\u00e4ischen Qualit\u00e4tswaren besteht und wir k\u00fcmmern uns um einem kompletten Service im Bereich Gro\u00dfhandel inklusive Beratung zur Sicherheit gegen Wechselkursrisiken.<\/p>\n<p>Dank perfekter Kenntnis der \u00f6rtlichen Gegebenheiten und langj\u00e4hriger Erfahrung auf diesem Gebiet k\u00f6nnen wir unseren Kunden ein attraktives Auftragsvolumen vermitteln. Durch die Ausf\u00fchrung neuer Auftr\u00e4ge in den M\u00e4rkten des Nahen Ostens erzielen Unternehmen normalerweise eine um zehn Prozent h\u00f6here Umsatzmarge als in der Region.[\/vc_column_text][\/vc_column][vc_column width=&#8220;1\/2&#8243;][vc_column_text]Das Verkaufspotenzial im Nahen Osten ist zwar enorm, birgt aber auch Risiken und Besonderheiten. Das Problem ist eine instabile politische Situation und der Wechselkurs, der immer noch schwankt. Czechia Contract ist sich dieser Risiken bewusst und empfiehlt Vertriebsstrategien, um die Investition zu maximieren.<\/p>\n<p>Der Export von Waren in den Nahen Osten ist mit einem gewissen Verwaltungsaufwand verbunden. Es ist jedoch viel freundlicher und einfacher mit europ\u00e4ischen Vorschriften zu verarbeiten.<\/p>\n<p>Sie m\u00fcssen sich keine Sorgen um Verk\u00e4ufe in neuen M\u00e4rkten machen. In diesen L\u00e4ndern hat die Nachfrage immer noch Vorrang vor dem Angebot. Europ\u00e4ische Qualit\u00e4tswaren \u00fcber den Import von billigen Produkten aus asiatischen L\u00e4ndern gewinnen. Schlie\u00dfen Sie sich denen an, die ihre Waren bereits verkaufen, und steigern Sie das Volumen und die Rentabilit\u00e4t Ihrer Bestellungen.[\/vc_column_text][\/vc_column][\/vc_row][vc_row][vc_column]<div class=\"clearboth\"><\/div><style>#thegem-divider-69d1d196e0f78 {margin-top: 50px !important;}<\/style><div id=\"thegem-divider-69d1d196e0f78\" class=\"gem-divider  \" style=\"\" ><\/div>[\/vc_column][\/vc_row][vc_row][vc_column width=&#8220;3\/4&#8243;]<div class=\"gem-textbox \"  ><div class=\"gem-textbox-inner\" style=\"\"><div class=\"gem-textbox-content\" style=\"background-color: #f4f6f7;background-position: center top;padding-top: 50px;padding-bottom: 40px;padding-left: 64px;\">[vc_row_inner][vc_column_inner][vc_column_text]<\/p>\n<h2><strong>BERATUNG<\/strong><\/h2>\n<p>[\/vc_column_text]<div class=\"clearboth\"><\/div><style>#thegem-divider-69d1d196e0ff0 {margin-top: 27px !important;}<\/style><div id=\"thegem-divider-69d1d196e0ff0\" class=\"gem-divider  \" style=\"\" ><\/div>[vc_column_text]Bei Interesse beraten wir Sie gerne bei der Vermarktung von Produkten &#8230;<br \/>\nWir erstellen eine Verkaufsstudie und schlagen vor, wie, in welcher Verpackung, zu welchem Preis &#8230;[\/vc_column_text][\/vc_column_inner][\/vc_row_inner]<\/div><\/div><\/div>[\/vc_column][vc_column width=&#8220;1\/4&#8243;][vc_single_image image=&#8220;30227&#8243; img_size=&#8220;238&#215;238&#8243; style=&#8220;vc_box_border_circle&#8220;][\/vc_column][\/vc_row][vc_row][vc_column width=&#8220;1\/4&#8243;][vc_single_image image=&#8220;30151&#8243; img_size=&#8220;238&#215;238&#8243; style=&#8220;vc_box_border_circle&#8220;][\/vc_column][vc_column width=&#8220;3\/4&#8243;]<div class=\"gem-textbox \"  ><div class=\"gem-textbox-inner\" style=\"\"><div class=\"gem-textbox-content\" style=\"background-color: #f4f6f7;background-position: center top;padding-top: 50px;padding-bottom: 40px;padding-left: 64px;\">[vc_row_inner][vc_column_inner][vc_column_text]<\/p>\n<h2>MUSTER<\/h2>\n<p>[\/vc_column_text]<div class=\"clearboth\"><\/div><style>#thegem-divider-69d1d196e1030 {margin-top: 27px !important;}<\/style><div id=\"thegem-divider-69d1d196e1030\" class=\"gem-divider  \" style=\"\" ><\/div>[vc_column_text]Wir beginnen die Zusammenarbeit im Gro\u00dfhandel h\u00e4ufig mit der Lieferung eines Musters der Teile, an denen der Verk\u00e4ufer interessiert ist.<br \/>\nF\u00fcr H\u00e4ndler in der Region ist es wichtig, die Waren nicht nur im Katalog, sondern auch physisch zu sehen.[\/vc_column_text][\/vc_column_inner][\/vc_row_inner]<\/div><\/div><\/div>[\/vc_column][\/vc_row][vc_row][vc_column width=&#8220;3\/4&#8243;]<div class=\"gem-textbox \"  ><div class=\"gem-textbox-inner\" style=\"\"><div class=\"gem-textbox-content\" style=\"background-color: #f4f6f7;background-position: center top;padding-top: 50px;padding-bottom: 40px;padding-left: 64px;\">[vc_row_inner][vc_column_inner][vc_column_text]<\/p>\n<h2>SPEZIFIKATIONEN<\/h2>\n<p>[\/vc_column_text]<div class=\"clearboth\"><\/div><style>#thegem-divider-69d1d196e105f {margin-top: 27px !important;}<\/style><div id=\"thegem-divider-69d1d196e105f\" class=\"gem-divider  \" style=\"\" ><\/div>[vc_column_text]Wenn Sie nach einer Ware suchen, die der angegebenen Spezifikation entspricht, bieten wir Ihnen eine Materialanalyse, professionelle Skizzen &#8230;<br \/>\nZertifikate, Originalit\u00e4tserkl\u00e4rungen, technische Standards &#8230;[\/vc_column_text][\/vc_column_inner][\/vc_row_inner]<\/div><\/div><\/div>[\/vc_column][vc_column width=&#8220;1\/4&#8243;][vc_single_image image=&#8220;30161&#8243; img_size=&#8220;238&#215;238&#8243; style=&#8220;vc_box_border_circle&#8220;][\/vc_column][\/vc_row][vc_row][vc_column width=&#8220;1\/4&#8243;][vc_single_image image=&#8220;30155&#8243; img_size=&#8220;238&#215;238&#8243; style=&#8220;vc_box_border_circle&#8220;][\/vc_column][vc_column width=&#8220;3\/4&#8243;]<div class=\"gem-textbox \"  ><div class=\"gem-textbox-inner\" style=\"\"><div class=\"gem-textbox-content\" style=\"background-color: #f4f6f7;background-position: center top;padding-top: 50px;padding-bottom: 40px;padding-left: 64px;\">[vc_row_inner][vc_column_inner][vc_column_text]<\/p>\n<h2>ZUSAMMENARBEIT<\/h2>\n<p>[\/vc_column_text]<div class=\"clearboth\"><\/div><style>#thegem-divider-69d1d196e1087 {margin-top: 27px !important;}<\/style><div id=\"thegem-divider-69d1d196e1087\" class=\"gem-divider  \" style=\"\" ><\/div>[vc_column_text]Wir w\u00e4hlen den Hersteller gem\u00e4\u00df den Angaben des Verk\u00e4ufers aus und stellen sicher, dass die erforderlichen Kriterien erf\u00fcllt werden. Wir arbeiten mit renommierten Unternehmen und Branchenf\u00fchrern zusammen. Dank langj\u00e4hriger vorteilhafter Vertretung haben wir oft Exklusivit\u00e4t.[\/vc_column_text][\/vc_column_inner][\/vc_row_inner]<\/div><\/div><\/div>[\/vc_column][\/vc_row][vc_row][vc_column width=&#8220;3\/4&#8243;]<div class=\"gem-textbox \"  ><div class=\"gem-textbox-inner\" style=\"\"><div class=\"gem-textbox-content\" style=\"background-color: #f4f6f7;background-position: center top;padding-top: 50px;padding-bottom: 40px;padding-left: 64px;\">[vc_row_inner][vc_column_inner][vc_column_text]<\/p>\n<h2><strong>BERECHNUNG<\/strong><\/h2>\n<p>[\/vc_column_text]<div class=\"clearboth\"><\/div><style>#thegem-divider-69d1d196e10b1 {margin-top: 27px !important;}<\/style><div id=\"thegem-divider-69d1d196e10b1\" class=\"gem-divider  \" style=\"\" ><\/div>[vc_column_text]Sobald wir uns auf den Hersteller geeinigt haben, werden wir den besten Preis f\u00fcr Sie aushandeln. Durch die langj\u00e4hrige Zusammenarbeit mit Herstellern und ein breites Kontaktportfolio k\u00f6nnen interessante Konditionen entstehen.[\/vc_column_text][\/vc_column_inner][\/vc_row_inner]<\/div><\/div><\/div>[\/vc_column][vc_column width=&#8220;1\/4&#8243;][vc_single_image image=&#8220;30197&#8243; img_size=&#8220;238&#215;238&#8243; style=&#8220;vc_box_border_circle&#8220;][\/vc_column][\/vc_row][vc_row][vc_column width=&#8220;1\/4&#8243;][vc_single_image image=&#8220;30153&#8243; img_size=&#8220;238&#215;238&#8243; style=&#8220;vc_box_border_circle&#8220;][\/vc_column][vc_column width=&#8220;3\/4&#8243;]<div class=\"gem-textbox \"  ><div class=\"gem-textbox-inner\" style=\"\"><div class=\"gem-textbox-content\" style=\"background-color: #f4f6f7;background-position: center top;padding-top: 50px;padding-bottom: 40px;padding-left: 64px;\">[vc_row_inner][vc_column_inner][vc_column_text]<\/p>\n<h2><strong>MARKT<\/strong><\/h2>\n<p>[\/vc_column_text]<div class=\"clearboth\"><\/div><style>#thegem-divider-69d1d196e10d9 {margin-top: 27px !important;}<\/style><div id=\"thegem-divider-69d1d196e10d9\" class=\"gem-divider  \" style=\"\" ><\/div>[vc_column_text]Der Handel im Nahen Osten hat seine Besonderheiten. Wir pr\u00e4sentieren Ihnen die Vorteile und helfen Ihnen beim Schutz vor m\u00f6glichen Wechselkursrisiken.[\/vc_column_text][\/vc_column_inner][\/vc_row_inner]<\/div><\/div><\/div>[\/vc_column][\/vc_row][vc_row][vc_column]<div class=\"clearboth\"><\/div><style>#thegem-divider-69d1d196e10e7 {margin-top: 64px !important;}<\/style><div id=\"thegem-divider-69d1d196e10e7\" class=\"gem-divider  \" style=\"\" ><\/div>[\/vc_column][\/vc_row][vc_row css=&#8220;.vc_custom_1453817064509{margin-top: -20px !important;}&#8220;][vc_column]<div id=\"fullwidth-block-69d1d196e1109\" class=\"fullwidth-block clearfix\"  style=\"background-color: #d81419;padding-top: 150px;padding-bottom: 150px;\"><script type=\"text\/javascript\">if (typeof(gem_fix_fullwidth_position) == \"function\") { gem_fix_fullwidth_position(document.getElementById(\"fullwidth-block-69d1d196e1109\")); }<\/script><div class=\"fullwidth-block-inner\"><div class=\"clearboth\"><\/div><style>#thegem-divider-69d1d196e114c {margin-top: 65px !important;}<\/style><div id=\"thegem-divider-69d1d196e114c\" class=\"gem-divider  \" style=\"\" ><\/div>[vc_column_text]<\/p>\n<div class=\"title-xlarge\" style=\"text-align: center;\"><span class=\"light\" style=\"color: #ffffff;\">PARTNERPROGRAMM<\/span><\/div>\n<p>[\/vc_column_text]<div class=\"clearboth\"><\/div><style>#thegem-divider-69d1d196e1159 {margin-top: 85px !important;}<\/style><div id=\"thegem-divider-69d1d196e1159\" class=\"gem-divider  \" style=\"\" ><\/div>[vc_column_text]<\/p>\n<div class=\"styled-subtitle\" style=\"text-align: center; max-width: 1000px; margin: 0 auto;\"><span style=\"color: #ffffff;\">Wir arbeiten in der Regel viele Jahre mit Lieferanten und Kunden zusammen. Wir sch\u00e4tzen die Tatsache, dass unsere Kunden zu uns zur\u00fcckkehren. Wir freuen uns, Ihnen die Vorteile einer Zusammenarbeit mit Czechia Contract vorstellen zu k\u00f6nnen.<\/span><\/div>\n<p>[\/vc_column_text]<div class=\"clearboth\"><\/div><style>#thegem-divider-69d1d196e1164 {margin-top: 10px !important;}<\/style><div id=\"thegem-divider-69d1d196e1164\" class=\"gem-divider  \" style=\"\" ><\/div><style type=\"text\/css\">.thegem-button-69d1d196e11e36605 .gem-button svg {fill: #ffffff;}.thegem-button-69d1d196e11e36605 .gem-button:hover svg {fill: #191919;}<\/style><div class=\"gem-button-container gem-button-position-center thegem-button-69d1d196e11e36605    \"  ><a title=\"Partner Program\" class=\"gem-button gem-button-size-medium gem-button-style-outline gem-button-text-weight-normal gem-button-border-2\" data-ll-effect=\"drop-right-without-wrap\" style=\"border-radius: 0px;border-color: #ffffff;color: #ffffff;\" onmouseleave=\"this.style.borderColor='#ffffff';this.style.backgroundColor='transparent';this.style.color='#ffffff';\" onmouseenter=\"this.style.borderColor='#ffffff';this.style.backgroundColor='#ffffff';this.style.color='#191919';\" href=\"\/de\/partner-program\/\" target=\"_self\">MEHR INFORMATIONEN<\/a><\/div> <\/div><\/div>[\/vc_column][\/vc_row]<\/p>\n<\/div>","protected":false},"excerpt":{"rendered":"<p>[vc_row full_width=&#8220;stretch_row&#8220; css=&#8220;.vc_custom_1652972404803{background-color: #1c3d76 !important;}&#8220;][vc_column][vc_empty_space height=&#8220;160px&#8220;][vc_column_text] DIENSTLEISTUNGEN \/ WIR BIETEN&#8230;<\/p>\n","protected":false},"author":1,"featured_media":0,"parent":0,"menu_order":3,"comment_status":"closed","ping_status":"closed","template":"","meta":{"passster_activate_protection":null,"passster_protect_child_pages":"","passster_protection_type":"password","passster_password":"","passster_activate_overwrite_defaults":"","passster_headline":"","passster_instruction":"","passster_placeholder":"","passster_button":"","passster_id":"","passster_activate_misc_settings":"","passster_redirect_url":"","passster_hide":"no","passster_area_shortcode":"","footnotes":""},"class_list":["post-30743","page","type-page","status-publish"],"_links":{"self":[{"href":"https:\/\/czechiacontract.com\/de\/wp-json\/wp\/v2\/pages\/30743","targetHints":{"allow":["GET"]}}],"collection":[{"href":"https:\/\/czechiacontract.com\/de\/wp-json\/wp\/v2\/pages"}],"about":[{"href":"https:\/\/czechiacontract.com\/de\/wp-json\/wp\/v2\/types\/page"}],"author":[{"embeddable":true,"href":"https:\/\/czechiacontract.com\/de\/wp-json\/wp\/v2\/users\/1"}],"replies":[{"embeddable":true,"href":"https:\/\/czechiacontract.com\/de\/wp-json\/wp\/v2\/comments?post=30743"}],"version-history":[{"count":0,"href":"https:\/\/czechiacontract.com\/de\/wp-json\/wp\/v2\/pages\/30743\/revisions"}],"wp:attachment":[{"href":"https:\/\/czechiacontract.com\/de\/wp-json\/wp\/v2\/media?parent=30743"}],"curies":[{"name":"wp","href":"https:\/\/api.w.org\/{rel}","templated":true}]}}