{"id":52,"date":"2016-01-14T09:57:11","date_gmt":"2016-01-14T08:57:11","guid":{"rendered":"http:\/\/democontent.codex-themes.com\/thegem-architecture\/?page_id=52"},"modified":"2022-03-28T00:23:21","modified_gmt":"2022-03-27T22:23:21","slug":"partner-program","status":"publish","type":"page","link":"https:\/\/czechiacontract.com\/cs\/partner-program\/","title":{"rendered":"Partner Program"},"content":{"rendered":"<div class=\"wpb-content-wrapper\"><p>[vc_row full_width=&#8220;stretch_row&#8220; full_height=&#8220;yes&#8220; parallax=&#8220;content-moving&#8220; css=&#8220;.vc_custom_1563304469329{background-image: url(https:\/\/czechiacontract.com\/wp-content\/uploads\/2019\/07\/business.jpg?id=30145) !important;background-position: 0 0;background-repeat: no-repeat !important;}&#8220;][vc_column css=&#8220;.vc_custom_1454506608214{padding-top: 0px !important;padding-bottom: 0px !important;}&#8220; el_class=&#8220;custom-header&#8220;][vc_column_text]<\/p>\n<h1 class=\"title-xlarge\" style=\"text-align: center; color: #ffffff;\">Partner<span class=\"light\" style=\"color: #ffffff;\"> program<\/span><\/h1>\n<p>[\/vc_column_text][vc_column_text]<\/p>\n<h2 style=\"text-align: center;\"><span style=\"color: #ffffff;\">Dostaneme v\u00e1s a va\u0161e produkty na Bl\u00edzk\u00fd v\u00fdchod<\/span><\/h2>\n<p>[\/vc_column_text][vc_column_text]<\/p>\n<div class=\"styled-subtitle\" style=\"text-align: center; margin: 0 auto; max-width: 950px;\"><span style=\"color: #ffffff;\">D\u00edky osobn\u00edm zku\u0161enostem v obchodov\u00e1n\u00ed na t\u011bchto trz\u00edch v\u00edme, \u017ee cesta sem nen\u00ed snadn\u00e1.<br \/>\nR\u00e1di v\u00e1m ji usnadn\u00edme. Sta\u010d\u00ed n\u00e1s kontaktovat.<\/span><\/div>\n<p>[\/vc_column_text]<div class=\"clearboth\"><\/div><style>#thegem-divider-69e00b74a221d {margin-top: 33px !important;}<\/style><div id=\"thegem-divider-69e00b74a221d\" class=\"gem-divider  \" style=\"\" ><\/div><div class=\"clearboth\"><\/div><style>#thegem-divider-69e00b74a224a {margin-top: 50px !important;}<\/style><div id=\"thegem-divider-69e00b74a224a\" class=\"gem-divider  \" style=\"\" ><\/div>[\/vc_column][\/vc_row][vc_row css=&#8220;.vc_custom_1453216919572{margin-top: -150px !important;}&#8220;][vc_column][vc_column_text el_class=&#8220;custom_block&#8220;]<a class=\"mouse-scroll scroll-to-anchor\" href=\"#details\">mouse<\/a>[\/vc_column_text][\/vc_column][\/vc_row][vc_row el_id=&#8220;details&#8220;][vc_column]<div class=\"clearboth\"><\/div><style>#thegem-divider-69e00b74a225f {margin-top: 90px !important;}<\/style><div id=\"thegem-divider-69e00b74a225f\" class=\"gem-divider  \" style=\"\" ><\/div>[vc_column_text]<\/p>\n<div class=\"styled-subtitle\" style=\"text-align: center;\">Obchodov\u00e1n\u00ed v zem\u00edch Bl\u00edzk\u00e9ho v\u00fdchodu je z ekonomick\u00e9ho hlediska nesm\u00edrn\u011b atraktivn\u00ed.<br \/>\nV porovn\u00e1n\u00edm s Evropskou uni\u00ed se jedn\u00e1 o velmi v\u00fdnosnou oblast s nezm\u011brn\u00fdm potenci\u00e1lem.<br \/>\nTrh je zde p\u0159\u00edzniv\u00fd p\u0159edev\u0161\u00edm pro podniky z oblasti elektroniky, elektrotechniky a stroj\u00edrenstv\u00ed.<\/div>\n<p>[\/vc_column_text][\/vc_column][\/vc_row][vc_row][vc_column]<div class=\"clearboth\"><\/div><style>#thegem-divider-69e00b74a226d {margin-top: 60px !important;}<\/style><div id=\"thegem-divider-69e00b74a226d\" class=\"gem-divider  \" style=\"\" ><\/div>[vc_column_text]<\/p>\n<h2 style=\"text-align: center;\">Czechia Contract<\/h2>\n<p>[\/vc_column_text]<div class=\"clearboth\"><\/div><style>#thegem-divider-69e00b74a227a {margin-top: 60px !important;}<\/style><div id=\"thegem-divider-69e00b74a227a\" class=\"gem-divider  \" style=\"\" ><\/div>[\/vc_column][\/vc_row][vc_row][vc_column width=&#8220;1\/2&#8243;][vc_column_text]<\/p>\n<div class=\"title-h1 title-h3\">NAB\u00cdZ\u00cdME<\/div>\n<p>[\/vc_column_text][vc_column_text]<\/p>\n<div class=\"styled-biggertext\">\n<ul>\n<li>origin\u00e1ln\u00ed, kvalitn\u00ed a certifikovan\u00fd sortiment n\u00e1hradn\u00edch d\u00edl\u016f<\/li>\n<li>n\u00e1hradn\u00ed d\u00edly pro benz\u00ednov\u00e9 i naftov\u00e9 motory evropsk\u00e9 v\u00fdroby<\/li>\n<li>komponenty pro osobn\u00ed i n\u00e1kladn\u00ed auta, agro techniku, atd.<\/li>\n<li>origin\u00e1ln\u00ed, kvalitn\u00ed, ov\u011b\u0159en\u00e9 zbo\u017e\u00ed<\/li>\n<li>realizace strategie ochrany proti kurzov\u00e9mu riziku<\/li>\n<li>des\u00edtky let zku\u0161enost\u00ed v oboru a atraktivn\u00ed ceny<\/li>\n<\/ul>\n<\/div>\n<p>[\/vc_column_text][\/vc_column][vc_column width=&#8220;1\/2&#8243;][vc_column_text]<\/p>\n<div class=\"title-h1 title-h3\">V\u00ddHODY<\/div>\n<p>[\/vc_column_text][vc_column_text]<\/p>\n<div class=\"styled-biggertext\">\n<ul>\n<li>realizace specifick\u00fdch objedn\u00e1vek dle individu\u00e1ln\u00edch po\u017eadavk\u016f<\/li>\n<li>obchodn\u00ed styky v zem\u00edch st\u0159edn\u00edho a bl\u00edzk\u00e9ho v\u00fdchodu<\/li>\n<li>profesion\u00e1ln\u00ed poradensk\u00fd servis<\/li>\n<li>zv\u00fd\u0161en\u00ed objemu v\u00fdroby a dlouhodob\u00e9 zaji\u0161t\u011bn\u00ed odbytu<\/li>\n<li>jsme v\u00fdhradn\u00edm z\u00e1stupcem n\u011bkolika zna\u010dek<\/li>\n<li>\u010dasto jsme jedin\u00fdm z\u00e1stupcem zna\u010dky na trhu bl\u00edzk\u00e9ho v\u00fdchodu<\/li>\n<\/ul>\n<\/div>\n<p>[\/vc_column_text][\/vc_column][\/vc_row][vc_row][vc_column width=&#8220;1\/6&#8243;][\/vc_column][vc_column width=&#8220;2\/3&#8243;]<div class=\"clearboth\"><\/div><style>#thegem-divider-69e00b74a2287 {margin-top: 60px !important;}<\/style><div id=\"thegem-divider-69e00b74a2287\" class=\"gem-divider  \" style=\"\" ><\/div>[vc_column_text]<\/p>\n<p style=\"text-align: center;\"><div class=\"passster-form\" id=\"ps-216\">\r\n    <form class=\"password-form\" method=\"post\" autocomplete=\"off\" target=\"_top\">\r\n        <span class=\"ps-form-headline\">Partner Access<\/span>\r\n        <p>This content is password-protected. Please verify with a password to unlock the content.<\/p>\r\n        <fieldset>\r\n            <span class=\"ps-loader\"><img src=\"https:\/\/czechiacontract.com\/wp-content\/plugins\/content-protector\/assets\/public\/ps-loader.svg\"\/><\/span>\r\n            <label for=\"passster_password\" style=\"display:none;\">Enter your password<\/label>\r\n            <input placeholder=\"Enter your password...\" type=\"password\" tabindex=\"1\" name=\"passster_password\"\r\n                   id=\"passster_password\" class=\"passster-password\" autocomplete=\"off\"\r\n                   data-protection-type=\"password\" data-list=\"[PASSSTER_LIST]\" data-lists=\"[PASSSTER_LISTS]\" data-area=\"[PASSSTER_AREA]\"\r\n                   data-protection=\"[PASSSTER_PROTECTION]\">\r\n            \r\n            <button name=\"submit\" type=\"submit\" class=\"passster-submit\" data-psid=\"ps-216\" \r\n                    data-submit=\"...Checking Password\" data-redirect=\"\">Unlock\r\n            <\/button>\r\n            <div class=\"passster-error\"><\/div>\r\n        <\/fieldset>\r\n    <\/form>\r\n<\/div>\n<p>[\/vc_column_text]<div class=\"clearboth\"><\/div><style>#thegem-divider-69e00b74a23ba {margin-top: 60px !important;}<\/style><div id=\"thegem-divider-69e00b74a23ba\" class=\"gem-divider  \" style=\"\" ><\/div>[\/vc_column][vc_column width=&#8220;1\/6&#8243;][\/vc_column][\/vc_row][vc_row][vc_column]<div class=\"clearboth\"><\/div><style>#thegem-divider-69e00b74a23ca {margin-top: 10px !important;}<\/style><div id=\"thegem-divider-69e00b74a23ca\" class=\"gem-divider  \" style=\"\" ><\/div>[\/vc_column][\/vc_row][vc_row][vc_column]<div id=\"fullwidth-block-69e00b74a241c\" class=\"fullwidth-block clearfix\"  style=\"background-color: #f0f3f2;padding-top: 60px;padding-bottom: 90px;\"><script type=\"text\/javascript\">if (typeof(gem_fix_fullwidth_position) == \"function\") { gem_fix_fullwidth_position(document.getElementById(\"fullwidth-block-69e00b74a241c\")); }<\/script><div class=\"fullwidth-block-inner\"><div class=\"container\"><div class=\"clearboth\"><\/div><style>#thegem-divider-69e00b74a247d {margin-top: 50px !important;}<\/style><div id=\"thegem-divider-69e00b74a247d\" class=\"gem-divider  \" style=\"\" ><\/div><div class=\"clearboth\"><\/div><style>#thegem-divider-69e00b74a248f {margin-top: 50px !important;}<\/style><div id=\"thegem-divider-69e00b74a248f\" class=\"gem-divider  \" style=\"\" ><\/div>[vc_column_text]<\/p>\n<h1 style=\"text-align: center;\"><span class=\"light\">Chcete i vy na Bl\u00edzk\u00fd v\u00fdchod?<\/span><br \/>\nKontaktujte n\u00e1s<\/h1>\n<p>[\/vc_column_text]<div class=\"clearboth\"><\/div><style>#thegem-divider-69e00b74a249b {margin-top: 40px !important;}<\/style><div id=\"thegem-divider-69e00b74a249b\" class=\"gem-divider  \" style=\"\" ><\/div>[vc_column_text]<\/p>\n<div class=\"styled-subtitle\" style=\"text-align: center;\">Pro spole\u010dnosti zaj\u00edmaj\u00edc\u00ed se v\u00edce o obchodov\u00e1n\u00ed na Bl\u00edzk\u00e9m v\u00fdchod\u011b,<br \/>\nnab\u00edz\u00edme individu\u00e1ln\u00ed konzultace zam\u011b\u0159en\u00e9 nap\u0159\u00edklad na ochranu investic v\u016f\u010di kurzov\u00fdm rozd\u00edl\u016fm.<\/div>\n<p>[\/vc_column_text]<div class=\"clearboth\"><\/div><style>#thegem-divider-69e00b74a24a6 {margin-top: 40px !important;}<\/style><div id=\"thegem-divider-69e00b74a24a6\" class=\"gem-divider  \" style=\"\" ><\/div><style type=\"text\/css\">.thegem-button-69e00b74a25254051 .gem-button svg {fill: #191919;}.thegem-button-69e00b74a25254051 .gem-button:hover svg {fill: #ffffff;}<\/style><div class=\"gem-button-container gem-button-position-center thegem-button-69e00b74a25254051    \"  ><a class=\"gem-button gem-button-size-medium gem-button-style-outline gem-button-text-weight-normal gem-button-border-2\" data-ll-effect=\"drop-right-without-wrap\" style=\"border-radius: 0px;border-color: #191919;color: #191919;\" onmouseleave=\"this.style.borderColor='#191919';this.style.backgroundColor='transparent';this.style.color='#191919';\" onmouseenter=\"this.style.borderColor='#191919';this.style.backgroundColor='#191919';this.style.color='#ffffff';\" href=\"\/kontakt\/\" target=\"_self\">Kontakt<\/a><\/div> <\/div><\/div><\/div>[\/vc_column][\/vc_row]<\/p>\n<\/div>","protected":false},"excerpt":{"rendered":"<p>[vc_row full_width=&#8220;stretch_row&#8220; full_height=&#8220;yes&#8220; parallax=&#8220;content-moving&#8220; css=&#8220;.vc_custom_1563304469329{background-image: url(https:\/\/czechiacontract.com\/wp-content\/uploads\/2019\/07\/business.jpg?id=30145) !important;background-position: 0 0;background-repeat: no-repeat&#8230;<\/p>\n","protected":false},"author":1,"featured_media":0,"parent":0,"menu_order":9,"comment_status":"closed","ping_status":"closed","template":"","meta":{"passster_activate_protection":null,"passster_protect_child_pages":"","passster_protection_type":"password","passster_password":"","passster_activate_overwrite_defaults":"","passster_headline":"","passster_instruction":"","passster_placeholder":"","passster_button":"","passster_id":"","passster_activate_misc_settings":"","passster_redirect_url":"","passster_hide":"no","passster_area_shortcode":"","footnotes":""},"class_list":["post-52","page","type-page","status-publish"],"_links":{"self":[{"href":"https:\/\/czechiacontract.com\/cs\/wp-json\/wp\/v2\/pages\/52","targetHints":{"allow":["GET"]}}],"collection":[{"href":"https:\/\/czechiacontract.com\/cs\/wp-json\/wp\/v2\/pages"}],"about":[{"href":"https:\/\/czechiacontract.com\/cs\/wp-json\/wp\/v2\/types\/page"}],"author":[{"embeddable":true,"href":"https:\/\/czechiacontract.com\/cs\/wp-json\/wp\/v2\/users\/1"}],"replies":[{"embeddable":true,"href":"https:\/\/czechiacontract.com\/cs\/wp-json\/wp\/v2\/comments?post=52"}],"version-history":[{"count":0,"href":"https:\/\/czechiacontract.com\/cs\/wp-json\/wp\/v2\/pages\/52\/revisions"}],"wp:attachment":[{"href":"https:\/\/czechiacontract.com\/cs\/wp-json\/wp\/v2\/media?parent=52"}],"curies":[{"name":"wp","href":"https:\/\/api.w.org\/{rel}","templated":true}]}}