{"id":3965,"date":"2016-02-02T11:55:21","date_gmt":"2016-02-02T10:55:21","guid":{"rendered":"http:\/\/democontent.codex-themes.com\/thegem-architecture\/?page_id=3965"},"modified":"2022-05-19T17:29:40","modified_gmt":"2022-05-19T15:29:40","slug":"produkty","status":"publish","type":"page","link":"https:\/\/czechiacontract.com\/cs\/produkty\/","title":{"rendered":"Produkty"},"content":{"rendered":"<div class=\"wpb-content-wrapper\"><p>[vc_row][vc_column][vc_empty_space height=&#8220;50px&#8220;][vc_column_text]<\/p>\n<h1>PRODUKTY\u00a0<span class=\"light\">&amp; UK\u00c1ZKA SORTIMENTU<\/span><\/h1>\n<p>[\/vc_column_text][\/vc_column][\/vc_row][vc_row][vc_column][vc_column_text]<\/p>\n<p class=\"styled-biggertext\">Dod\u00e1v\u00e1me n\u00e1hradn\u00ed d\u00edly pro automobilov\u00fd pr\u016fmysl, to znamen\u00e1 osobn\u00ed a u\u017eitkov\u00e1 vozidla, n\u00e1kladn\u00ed doprava, zem\u011bd\u011blsk\u00e1 technika, komponenty pro dopravu, aj. Sortiment se neust\u00e1le m\u011bn\u00ed a roz\u0161i\u0159uje.<\/p>\n<p class=\"styled-biggertext\">V p\u0159\u00edpad\u011b popt\u00e1vky na v\u00fdrobu d\u00edl\u016f, jsme schopni naj\u00edt zhotovitele a zadat v\u00fdrobu na zak\u00e1zku. V\u017edy s d\u016frazem na komplexn\u00ed skladbu jednotliv\u00fdch v\u00fdrobn\u00edch \u010dinnost\u00ed. To se t\u00fdk\u00e1 jak velko, tak malorozm\u011brn\u00fdch d\u00edl\u016f n\u00e1ro\u010dn\u00fdch na proveden\u00ed p\u0159i hromadn\u00e9 v\u00fdrob\u011b, pro klienty v elektrotechnick\u00e9m, automobilov\u00e9m a jin\u00e9m pr\u016fmyslu.<\/p>\n<p class=\"styled-biggertext\">N\u00ed\u017ee nejdete polo\u017eky jako jsou nap\u0159\u00edklad lo\u017eiska, trysky, elementy, ventily, t\u011bsn\u011bn\u00ed nebo n\u00e1hradn\u00ed d\u00edly pro t\u011b\u017ekou techniku. Mno\u017estv\u00ed zak\u00e1zek je realizov\u00e1no takzvan\u011b na kl\u00ed\u010d, dle individu\u00e1ln\u00ed specifikace objedn\u00e1vky z\u00e1kazn\u00edka. Nev\u00e1hejte se na n\u00e1s obr\u00e1tit s popt\u00e1vkou nebo nab\u00eddkou.<\/p>\n<p>[\/vc_column_text][vc_empty_space][\/vc_column][\/vc_row][vc_row equal_height=&#8220;yes&#8220; css=&#8220;.vc_custom_1565171574509{margin-bottom: 0px !important;padding-bottom: 0px !important;}&#8220;][vc_column width=&#8220;1\/3&#8243; css=&#8220;.vc_custom_1652974177077{padding-right: 10% !important;padding-left: 10% !important;background-image: url(https:\/\/czechiacontract.com\/wp-content\/uploads\/2019\/08\/vstrikovace-1.jpg?id=30292) !important;background-position: center !important;background-repeat: no-repeat !important;background-size: cover !important;}&#8220; el_class=&#8220;entire-div-link&#8220;][vc_raw_html]JTNDYSUyMGhyZWYlM0QlMjIlMkZwcm9kdWt0eSUyRnZzdHJpa292YWNlJTJGJTIyJTNFJTNDJTJGYSUzRQ==[\/vc_raw_html][vc_column_text]<\/p>\n<div class=\"title-h3 white\" style=\"text-align: center; letter-spacing: 0px;\">VST\u0158IKOVA\u010cE<\/div>\n<p>[\/vc_column_text]<div class=\"clearboth\"><\/div><style>#thegem-divider-69e5ae146db71 {margin-top: 45px !important;}<\/style><div id=\"thegem-divider-69e5ae146db71\" class=\"gem-divider  \" style=\"\" ><\/div>[\/vc_column][vc_column width=&#8220;1\/3&#8243; css=&#8220;.vc_custom_1565189637416{padding-right: 10% !important;padding-left: 10% !important;background-image: url(https:\/\/czechiacontract.com\/wp-content\/uploads\/2019\/08\/cerpadla-1.jpg?id=30294) !important;background-position: center !important;background-repeat: no-repeat !important;background-size: cover !important;}&#8220; el_class=&#8220;entire-div-link&#8220;][vc_raw_html]JTNDYSUyMGhyZWYlM0QlMjIlMkZwcm9kdWt0eSUyRmNlcnBhZGxhJTJGJTIyJTNFJTNDJTJGYSUzRQ==[\/vc_raw_html][vc_column_text]<\/p>\n<div class=\"title-h3 white\" style=\"text-align: center; letter-spacing: 0px;\">\u010cERPADLA<\/div>\n<p>[\/vc_column_text]<div class=\"clearboth\"><\/div><style>#thegem-divider-69e5ae146db9d {margin-top: 45px !important;}<\/style><div id=\"thegem-divider-69e5ae146db9d\" class=\"gem-divider  \" style=\"\" ><\/div>[\/vc_column][vc_column width=&#8220;1\/3&#8243; css=&#8220;.vc_custom_1565188669183{padding-right: 10% !important;padding-left: 10% !important;background-image: url(https:\/\/czechiacontract.com\/wp-content\/uploads\/2019\/08\/loziska-1.jpg?id=30296) !important;background-position: center !important;background-repeat: no-repeat !important;background-size: cover !important;}&#8220; el_class=&#8220;entire-div-link&#8220;][vc_raw_html]JTNDYSUyMGhyZWYlM0QlMjIlMkZwcm9kdWt0eSUyRmxvemlza2ElMkYlMjIlM0UlM0MlMkZhJTNF[\/vc_raw_html][vc_column_text]<\/p>\n<div class=\"title-h3 white\" style=\"text-align: center; letter-spacing: 0px;\">LO\u017dISKA<\/div>\n<p>[\/vc_column_text]<div class=\"clearboth\"><\/div><style>#thegem-divider-69e5ae146dbb4 {margin-top: 45px !important;}<\/style><div id=\"thegem-divider-69e5ae146dbb4\" class=\"gem-divider  \" style=\"\" ><\/div>[\/vc_column][\/vc_row][vc_row equal_height=&#8220;yes&#8220; css=&#8220;.vc_custom_1570457949611{margin-bottom: 0px !important;padding-bottom: 0px !important;}&#8220;][vc_column width=&#8220;1\/3&#8243; css=&#8220;.vc_custom_1592684021586{padding-right: 10% !important;padding-left: 10% !important;background-image: url(https:\/\/czechiacontract.com\/wp-content\/uploads\/2020\/06\/ventily.jpg?id=31538) !important;background-position: center !important;background-repeat: no-repeat !important;background-size: cover !important;}&#8220; el_class=&#8220;entire-div-link&#8220;][vc_raw_html]JTNDYSUyMGhyZWYlM0QlMjIlMkZwcm9kdWt0eSUyRnZlbnRpbHklMkYlMjIlM0UlM0MlMkZhJTNF[\/vc_raw_html][vc_column_text]<\/p>\n<div class=\"title-h3 white\" style=\"text-align: center; letter-spacing: 0px;\">VENTILY<\/div>\n<p>[\/vc_column_text]<div class=\"clearboth\"><\/div><style>#thegem-divider-69e5ae146dbc4 {margin-top: 45px !important;}<\/style><div id=\"thegem-divider-69e5ae146dbc4\" class=\"gem-divider  \" style=\"\" ><\/div>[\/vc_column][vc_column width=&#8220;1\/3&#8243; css=&#8220;.vc_custom_1592684036963{padding-right: 10% !important;padding-left: 10% !important;background-image: url(https:\/\/czechiacontract.com\/wp-content\/uploads\/2020\/06\/armatury.jpg?id=31545) !important;background-position: center !important;background-repeat: no-repeat !important;background-size: cover !important;}&#8220; el_class=&#8220;entire-div-link&#8220;][vc_raw_html]JTNDYSUyMGhyZWYlM0QlMjIlMkZwcm9kdWt0eSUyRmFybWF0dXJ5JTJGJTIyJTNFJTNDJTJGYSUzRQ==[\/vc_raw_html][vc_column_text]<\/p>\n<div class=\"title-h3 white\" style=\"text-align: center; letter-spacing: 0px;\">ARMATURY<\/div>\n<p>[\/vc_column_text]<div class=\"clearboth\"><\/div><style>#thegem-divider-69e5ae146dbd2 {margin-top: 45px !important;}<\/style><div id=\"thegem-divider-69e5ae146dbd2\" class=\"gem-divider  \" style=\"\" ><\/div>[\/vc_column][vc_column width=&#8220;1\/3&#8243; css=&#8220;.vc_custom_1570457867929{padding-right: 10% !important;padding-left: 10% !important;background-image: url(https:\/\/czechiacontract.com\/wp-content\/uploads\/2019\/10\/drzak-loziska.jpg?id=31033) !important;background-position: center !important;background-repeat: no-repeat !important;background-size: cover !important;}&#8220; el_class=&#8220;entire-div-link&#8220;][vc_raw_html]JTNDYSUyMGhyZWYlM0QlMjIlMkZwcm9kdWt0eSUyRmRyemFrLWxvemlza2ElMkYlMjIlM0UlM0MlMkZhJTNF[\/vc_raw_html][vc_column_text]<\/p>\n<div class=\"title-h3 white\" style=\"text-align: center; letter-spacing: 0px;\">DR\u017d\u00c1K LO\u017dISKA<\/div>\n<p>[\/vc_column_text]<div class=\"clearboth\"><\/div><style>#thegem-divider-69e5ae146dbdf {margin-top: 45px !important;}<\/style><div id=\"thegem-divider-69e5ae146dbdf\" class=\"gem-divider  \" style=\"\" ><\/div>[\/vc_column][\/vc_row][vc_row equal_height=&#8220;yes&#8220;][vc_column width=&#8220;1\/3&#8243; css=&#8220;.vc_custom_1593191393144{padding-right: 10% !important;padding-left: 10% !important;background-image: url(https:\/\/czechiacontract.com\/wp-content\/uploads\/2020\/06\/sanitarni-technika-sanita.jpg?id=31589) !important;}&#8220; el_class=&#8220;entire-div-link&#8220;][vc_raw_html]JTNDYSUyMGhyZWYlM0QlMjIlMkZwcm9kdWt0eSUyRnNhbml0YXJuaS10ZWNobmlrYSUyRiUyMiUzRSUzQyUyRmElM0U=[\/vc_raw_html][vc_column_text]<\/p>\n<div class=\"title-h3 white\" style=\"text-align: center; letter-spacing: 0px;\">SANIT\u00c1RN\u00cd TECHNIKA<\/div>\n<p>[\/vc_column_text]<div class=\"clearboth\"><\/div><style>#thegem-divider-69e5ae146dbeb {margin-top: 45px !important;}<\/style><div id=\"thegem-divider-69e5ae146dbeb\" class=\"gem-divider  \" style=\"\" ><\/div>[\/vc_column][vc_column width=&#8220;1\/3&#8243; css=&#8220;.vc_custom_1592684691137{padding-right: 10% !important;padding-left: 10% !important;background-position: center !important;background-repeat: no-repeat !important;background-size: cover !important;}&#8220; el_class=&#8220;entire-div-link&#8220;][vc_empty_space][\/vc_column][vc_column width=&#8220;1\/3&#8243; css=&#8220;.vc_custom_1593191041231{padding-right: 10% !important;padding-left: 10% !important;background-image: url(https:\/\/czechiacontract.com\/wp-content\/uploads\/2020\/06\/nahradni-dily.jpg?id=31575) !important;background-position: center !important;background-repeat: no-repeat !important;background-size: cover !important;}&#8220; el_class=&#8220;entire-div-link&#8220;][vc_raw_html]JTNDYSUyMGhyZWYlM0QlMjIlMkZwcm9kdWt0eSUyRm9zdGF0bmktbmFocmFkbmktZGlseSUyRiUyMiUzRSUzQyUyRmElM0U=[\/vc_raw_html][vc_column_text]<\/p>\n<div class=\"title-h3 white\" style=\"text-align: center; letter-spacing: 0px;\">OSTATN\u00cd D\u00cdLY<\/div>\n<p>[\/vc_column_text]<div class=\"clearboth\"><\/div><style>#thegem-divider-69e5ae146dbf6 {margin-top: 45px !important;}<\/style><div id=\"thegem-divider-69e5ae146dbf6\" class=\"gem-divider  \" style=\"\" ><\/div>[\/vc_column][\/vc_row][vc_row][vc_column][vc_empty_space height=&#8220;100px&#8220;][\/vc_column][\/vc_row][vc_row content_placement=&#8220;middle&#8220;][vc_column][vc_column_text]<\/p>\n<h2 style=\"text-align: center;\">Partne\u0159i<\/h2>\n<p>[\/vc_column_text][\/vc_column][\/vc_row][vc_row content_placement=&#8220;middle&#8220;][vc_column]<div class=\"preloader\"><div class=\"preloader-spin\"><\/div><\/div><div class=\"gem-clients gem-clients-type-carousel-grid disable-grayscale \" data-autoscroll=\"0\"><div class=\"gem-clients-slide\"><div class=\"gem-clients-slide-inner clearfix\"> <div id=\"post-30361\" class=\"gem-client-item post-30361 thegem_client type-thegem_client status-publish has-post-thumbnail\" style=\"width: 14.285714285714%;\" > <span href=\"#\" target=\"_self\" class=\"gscale\"> <img width=\"200\" height=\"200\" src=\"https:\/\/czechiacontract.com\/wp-content\/uploads\/2019\/08\/zkl.png\" class=\"img-responsive wp-post-image\" alt=\"zkl\" \/>\t<\/span> <\/div> <div id=\"post-30378\" class=\"gem-client-item post-30378 thegem_client type-thegem_client status-publish has-post-thumbnail\" style=\"width: 14.285714285714%;\" > <span href=\"#\" target=\"_self\" class=\"gscale\"> <img width=\"200\" height=\"200\" src=\"https:\/\/czechiacontract.com\/wp-content\/uploads\/2019\/08\/matador.png\" class=\"img-responsive wp-post-image\" alt=\"matador\" \/>\t<\/span> <\/div> <div id=\"post-30379\" class=\"gem-client-item post-30379 thegem_client type-thegem_client status-publish has-post-thumbnail\" style=\"width: 14.285714285714%;\" > <span href=\"#\" target=\"_self\" class=\"gscale\"> <img width=\"200\" height=\"200\" src=\"https:\/\/czechiacontract.com\/wp-content\/uploads\/2019\/08\/motorpal.png\" class=\"img-responsive wp-post-image\" alt=\"motorpal\" \/>\t<\/span> <\/div> <div id=\"post-30380\" class=\"gem-client-item post-30380 thegem_client type-thegem_client status-publish has-post-thumbnail\" style=\"width: 14.285714285714%;\" > <span href=\"#\" target=\"_self\" class=\"gscale\"> <img width=\"200\" height=\"200\" src=\"https:\/\/czechiacontract.com\/wp-content\/uploads\/2019\/08\/slovnaft.png\" class=\"img-responsive wp-post-image\" alt=\"slovnaft\" \/>\t<\/span> <\/div> <div id=\"post-30381\" class=\"gem-client-item post-30381 thegem_client type-thegem_client status-publish has-post-thumbnail\" style=\"width: 14.285714285714%;\" > <span href=\"#\" target=\"_self\" class=\"gscale\"> <img width=\"200\" height=\"200\" src=\"https:\/\/czechiacontract.com\/wp-content\/uploads\/2019\/08\/kinex.png\" class=\"img-responsive wp-post-image\" alt=\"kinex\" \/>\t<\/span> <\/div> <div id=\"post-31227\" class=\"gem-client-item post-31227 thegem_client type-thegem_client status-publish has-post-thumbnail\" style=\"width: 14.285714285714%;\" > <span href=\"#\" target=\"_self\" class=\"gscale\"> <img width=\"200\" height=\"200\" src=\"https:\/\/czechiacontract.com\/wp-content\/uploads\/2020\/05\/alcaplast.png\" class=\"img-responsive wp-post-image\" alt=\"alcaplast\" \/>\t<\/span> <\/div> <div id=\"post-31604\" class=\"gem-client-item post-31604 thegem_client type-thegem_client status-publish has-post-thumbnail\" style=\"width: 14.285714285714%;\" > <span href=\"#\" target=\"_blank\" class=\"gscale\"> <img width=\"200\" height=\"200\" src=\"https:\/\/czechiacontract.com\/wp-content\/uploads\/2020\/08\/molcik.png\" class=\"img-responsive wp-post-image\" alt=\"molcik\" \/>\t<\/span> <\/div><\/div><\/div><\/div>[\/vc_column][\/vc_row]<\/p>\n<\/div>","protected":false},"excerpt":{"rendered":"<p>[vc_row][vc_column][vc_empty_space height=&#8220;50px&#8220;][vc_column_text] PRODUKTY\u00a0&amp; UK\u00c1ZKA SORTIMENTU [\/vc_column_text][\/vc_column][\/vc_row][vc_row][vc_column][vc_column_text] Dod\u00e1v\u00e1me n\u00e1hradn\u00ed d\u00edly pro&#8230;<\/p>\n","protected":false},"author":1,"featured_media":0,"parent":0,"menu_order":5,"comment_status":"closed","ping_status":"closed","template":"","meta":{"passster_activate_protection":null,"passster_protect_child_pages":"","passster_protection_type":"password","passster_password":"","passster_activate_overwrite_defaults":"","passster_headline":"","passster_instruction":"","passster_placeholder":"","passster_button":"","passster_id":"","passster_activate_misc_settings":"","passster_redirect_url":"","passster_hide":"no","passster_area_shortcode":"","footnotes":""},"class_list":["post-3965","page","type-page","status-publish"],"_links":{"self":[{"href":"https:\/\/czechiacontract.com\/cs\/wp-json\/wp\/v2\/pages\/3965","targetHints":{"allow":["GET"]}}],"collection":[{"href":"https:\/\/czechiacontract.com\/cs\/wp-json\/wp\/v2\/pages"}],"about":[{"href":"https:\/\/czechiacontract.com\/cs\/wp-json\/wp\/v2\/types\/page"}],"author":[{"embeddable":true,"href":"https:\/\/czechiacontract.com\/cs\/wp-json\/wp\/v2\/users\/1"}],"replies":[{"embeddable":true,"href":"https:\/\/czechiacontract.com\/cs\/wp-json\/wp\/v2\/comments?post=3965"}],"version-history":[{"count":0,"href":"https:\/\/czechiacontract.com\/cs\/wp-json\/wp\/v2\/pages\/3965\/revisions"}],"wp:attachment":[{"href":"https:\/\/czechiacontract.com\/cs\/wp-json\/wp\/v2\/media?parent=3965"}],"curies":[{"name":"wp","href":"https:\/\/api.w.org\/{rel}","templated":true}]}}