{"id":32798,"date":"2023-04-21T13:31:35","date_gmt":"2023-04-21T11:31:35","guid":{"rendered":"https:\/\/czechiacontract.com\/?page_id=32798"},"modified":"2023-04-21T13:32:00","modified_gmt":"2023-04-21T11:32:00","slug":"zprostredkovani","status":"publish","type":"page","link":"https:\/\/czechiacontract.com\/cs\/zprostredkovani\/","title":{"rendered":"Zprost\u0159edkov\u00e1n\u00ed"},"content":{"rendered":"\n<p><strong>Pro z\u00e1jemce z oblasti Bl\u00edzk\u00e9ho a St\u0159edn\u00edho v\u00fdchodu o zah\u00e1jen\u00ed obchodn\u00edch aktivit v zem\u00edch EU<\/strong><br><\/p>\n\n\n\n<p>Pokud zva\u017eujete vstup na trh EU, je pot\u0159eba zn\u00e1t alespo\u0148 n\u00e1sleduj\u00edc\u00ed skute\u010dnosti:<\/p>\n\n\n\n<ul class=\"wp-block-list\"><li>Evropsk\u00fd jednotn\u00fd trh v r\u00e1mci Evropsk\u00e9 unie je prostorem bez vnit\u0159n\u00edch hranic, v n\u011bm\u017e plat\u00ed t\u00e9m\u011b\u0159 voln\u00fd pohyb zbo\u017e\u00ed, osob, slu\u017eeb a kapit\u00e1lu, kter\u00fd je definov\u00e1n Maastrichtskou smlouvou. Tato koncepce je v\u00fdchodiskem dal\u0161\u00edch jednotliv\u00fdch politik Evropsk\u00e9 unie, kter\u00e9 na spole\u010dn\u00fd trh navazuj\u00ed a maj\u00ed za c\u00edl d\u00e1le napl\u0148ovat definovan\u00e9 c\u00edle \u010dty\u0159 svobod. Spole\u010dn\u00fd trh je obecn\u011b vymezen v \u010d\u00e1sti t\u0159et\u00ed Smlouvy o fungov\u00e1n\u00ed Evropsk\u00e9 unie a posl\u00e9ze v p\u0159\u00edslu\u0161n\u00fdch aktech sekund\u00e1rn\u00edho unijn\u00edho pr\u00e1va a dal\u0161\u00edch pramenech.<\/li><li>Jednotn\u00fd trh zahrnuje 27 \u010dlensk\u00fdch st\u00e1t\u016f EU a n\u011bkolik dal\u0161\u00edch zem\u00ed m\u00e1 k n\u011bmu p\u0159\u00edstup jen do ur\u010dit\u00e9 m\u00edry. \u010cty\u0159i dal\u0161\u00ed zem\u011b, kter\u00e9 jsou z\u00e1rove\u0148 tak\u00e9 \u010dlenov\u00e9 Evropsk\u00e9ho sdru\u017een\u00ed voln\u00e9ho obchodu, maj\u00ed t\u00e9m\u011b\u0159 kompletn\u00ed p\u0159\u00edstup: Island, Lichten\u0161tejnsko a Norsko skrze Evropsk\u00fd hospod\u00e1\u0159sk\u00fd prostor a \u0160v\u00fdcarsko skrze svoje bilater\u00e1ln\u00ed smlouvy s EU. Gruzie, Moldavsko a Ukrajina maj\u00ed p\u0159\u00edstup k vnit\u0159n\u00edmu trhu EU skrze hlubokou a komplexn\u00ed z\u00f3nu voln\u00e9ho obchodu, av\u0161ak bez mo\u017enosti voln\u00e9ho pohybu pracovn\u00edk\u016f.<\/li><li>V roce 2015 p\u0159edstavila Evropsk\u00e1 komise Digit\u00e1ln\u00ed jednotn\u00fd trh, kter\u00fd pokr\u00fdv\u00e1 digit\u00e1ln\u00ed marketing, elektronick\u00e9 obchodov\u00e1n\u00ed, a telekomunikace.<\/li><\/ul>\n\n\n\n<p><br><br><strong>Vstup na trh EU<\/strong><\/p>\n\n\n\n<p>Vstupn\u00ed n\u00e1klady na vstup z\u00e1jemce na Evropsk\u00fd jednotn\u00fd trh jsou vysok\u00e9. Zahrnuj\u00ed p\u0159edev\u0161\u00edm n\u00e1klady na poradensk\u00e9 slu\u017eby pr\u00e1vn\u00edk\u016f a konzultant\u016f, kter\u00e9 jsou pro zvolen\u00ed spr\u00e1vn\u00e9 obchodn\u00ed strategie nezbytn\u00e9. Jedn\u00e1 se nap\u0159\u00edklad o zalo\u017een\u00ed prvn\u00edho firemn\u00edho \u010di vlastn\u00edho bankovn\u00edho \u00fa\u010dtu, zvolen\u00ed spr\u00e1vn\u00e9ho typu firmy, vybr\u00e1n\u00ed da\u0148ov\u011b v\u00fdhodn\u00e9ho s\u00eddla spole\u010dnosti v p\u0159\u00edslu\u0161n\u00e9m st\u00e1t\u011b, vypracov\u00e1n\u00ed r\u016fzn\u00fdch druh\u016f obchodn\u00edch smluv.<br><\/p>\n\n\n\n<p>Firmy z oblasti St\u0159edn\u00edho a Bl\u00edzk\u00e9ho v\u00fdchodu a Severn\u00ed Afriky by m\u011bly v EU po\u010d\u00edtat tak\u00e9 s vy\u0161\u0161\u00edmi n\u00e1klady na marketingov\u00fd pr\u016fzkum trhu, na vybudov\u00e1n\u00ed prodejn\u00ed s\u00edt\u011b, propagaci sv\u00fdch v\u00fdrobk\u016f \u010di skladovac\u00ed prostory ve v\u011bt\u0161\u00edch m\u011bstech.<\/p>\n\n\n\n<p>\u00dazem\u00ed EU je geograficky sice nep\u0159\u00edli\u0161 rozs\u00e1hl\u00e9, o to v\u011bt\u0161\u00ed je v\u0161ak diverzifikace z\u00e1jm\u016f obyvatel jednotliv\u00fdch \u010dlensk\u00fdch st\u00e1t\u016f EU. Ka\u017ed\u00fd z\u00e1jemce by si proto m\u011bl p\u0159edem p\u0159ipravit velmi d\u016fkladnou anal\u00fdzu, zda hodl\u00e1 p\u016fsobit pouze na \u010d\u00e1sti trhu nebo na cel\u00e9m \u00fazem\u00ed EU. D\u016fle\u017eit\u00e9 je tak\u00e9 zjistit, zda jejich v\u00fdrobek vy\u017eaduje v EU ud\u011blen\u00ed certifikace, co\u017e je velice pravd\u011bpodobn\u00e9. <\/p>\n\n\n\n<div style=\"height:40px\" aria-hidden=\"true\" class=\"wp-block-spacer\"><\/div>\n\n\n\n<p><strong>Nab\u00edz\u00edme<\/strong><\/p>\n\n\n\n<ul class=\"wp-block-list\"><li>Zalo\u017een\u00ed vhodn\u00e9ho typu pr\u00e1vnick\u00e9 osoby a s t\u00edm spojen\u00e9 slu\u017eby, v\u010detn\u011b zprost\u0159edkov\u00e1n\u00ed seps\u00e1n\u00ed zakl\u00e1dac\u00ed listiny, spole\u010densk\u00e9 smlouvy nebo stanov, spr\u00e1vy vklad\u016f a zaji\u0161t\u011bn\u00ed z\u00e1pisu t\u00e9to spole\u010dnosti do ve\u0159ejn\u00e9ho rejst\u0159\u00edku.<\/li><li>Slu\u017eby spojen\u00e9 se vznikem sv\u011b\u0159ensk\u00e9ho fondu, v\u010detn\u011b zaji\u0161t\u011bn\u00ed z\u00e1pisu sv\u011b\u0159ensk\u00e9ho fondu do evidence sv\u011b\u0159ensk\u00fdch fond\u016f, zprost\u0159edkov\u00e1n\u00ed uzav\u0159en\u00ed smlouvy o vy\u010dlen\u011bn\u00ed majetku jeho sv\u011b\u0159en\u00edm do spr\u00e1vy sv\u011b\u0159ensk\u00e9ho spr\u00e1vce, seps\u00e1n\u00ed takov\u00e9 smlouvy nebo po\u0159\u00edzen\u00ed pro p\u0159\u00edpad smrti, j\u00edm\u017e doch\u00e1z\u00ed k vy\u010dlen\u011bn\u00ed majetku jeho sv\u011b\u0159en\u00edm do spr\u00e1vy sv\u011b\u0159ensk\u00e9ho spr\u00e1vce nebo seps\u00e1n\u00ed statutu sv\u011b\u0159ensk\u00e9ho fondu.<\/li><li>Do\u010dasn\u00e9 jedn\u00e1n\u00ed za pr\u00e1vnickou osobu souvisej\u00edc\u00ed s jej\u00edm vznikem, v\u010detn\u011b jedn\u00e1n\u00ed jm\u00e9nem pr\u00e1vnick\u00e9 osoby p\u0159ed jej\u00edm vznikem.<\/li><li>Poskytov\u00e1n\u00ed prostor pro um\u00edst\u011bn\u00ed s\u00eddla pr\u00e1vnick\u00e9 osoby, administrativn\u00ed slu\u017eby spojen\u00e9 s um\u00edst\u011bn\u00edm s\u00eddla pr\u00e1vnick\u00e9 osoby v t\u011bchto prostor\u00e1ch, jako je z\u00e1pis s\u00eddla do ve\u0159ejn\u00e9ho rejst\u0159\u00edku nebo p\u0159eb\u00edr\u00e1n\u00ed po\u0161ty.<\/li><li>V\u00fdkon akcion\u00e1\u0159sk\u00fdch pr\u00e1v pro klienta, kter\u00fd nen\u00ed pr\u00e1vnickou osobou, jej\u00ed\u017e cenn\u00e9 pap\u00edry jsou p\u0159ijaty k obchodov\u00e1n\u00ed na evropsk\u00e9m regulovan\u00e9m trhu a kter\u00e1 podl\u00e9h\u00e1 po\u017eadavk\u016fm na zve\u0159ejn\u011bn\u00ed informac\u00ed rovnocenn\u00fdm po\u017eadavk\u016fm pr\u00e1va Evropsk\u00e9 unie.<\/li><li>Jedn\u00e1n\u00ed za z\u00e1jemce p\u0159i \u0159\u00edzen\u00ed nebo provozov\u00e1n\u00ed obchodn\u00ed korporace, podnikatelsk\u00e9ho seskupen\u00ed nebo jin\u00e9ho jim obdobn\u00e9ho \u00fatvaru.<\/li><li>Jedn\u00e1n\u00ed za z\u00e1jemce p\u0159i z\u00edsk\u00e1v\u00e1n\u00ed a shroma\u017e\u010fov\u00e1n\u00ed pen\u011b\u017en\u00edch prost\u0159edk\u016f nebo jin\u00fdch pen\u011bzi oceniteln\u00fdch hodnot za \u00fa\u010delem zalo\u017een\u00ed, \u0159\u00edzen\u00ed nebo ovl\u00e1d\u00e1n\u00ed obchodn\u00ed korporace, podnikatelsk\u00e9ho seskupen\u00ed nebo jin\u00e9ho jim obdobn\u00e9ho \u00fatvaru.<\/li><li>Jedn\u00e1n\u00ed za z\u00e1jemce p\u0159i zakl\u00e1d\u00e1n\u00ed nebo spr\u00e1v\u011b sv\u011b\u0159ensk\u00e9ho fondu nebo jemu svou strukturou nebo funkcemi podobn\u00e9ho za\u0159\u00edzen\u00ed \u0159\u00edd\u00edc\u00edho se pr\u00e1vem jin\u00e9ho st\u00e1tu.<\/li><li>Jedn\u00e1n\u00ed za z\u00e1jemce p\u0159i z\u00edsk\u00e1v\u00e1n\u00ed a shroma\u017e\u010fov\u00e1n\u00ed pen\u011b\u017en\u00edch prost\u0159edk\u016f nebo jin\u00fdch pen\u011bzi oceniteln\u00fdch hodnot pro sv\u011b\u0159ensk\u00fd fond za \u00fa\u010delem jeho zalo\u017een\u00ed nebo spr\u00e1vy.<\/li><li>Poradensk\u00e9 slu\u017eby v oblasti finan\u010dn\u00edch z\u00e1le\u017eitost\u00ed (jako je poskytov\u00e1n\u00ed \u00fav\u011br\u016f, zhodnocen\u00ed kapit\u00e1lu a podobn\u011b), podnikatelsk\u00fdch aktivit, organiza\u010dn\u00edch a ekonomick\u00fdch ot\u00e1zek v obchodn\u00edch z\u00e1le\u017eitostech, p\u0159i pl\u00e1nov\u00e1n\u00ed, organizaci, kontrole, v oblasti \u0159\u00edzen\u00ed a podobn\u011b.<\/li><\/ul>\n\n\n\n<p><\/p>\n\n\n\n<p><strong>Jsme tu pro v\u00e1s<\/strong><br><\/p>\n\n\n\n<p>D\u00edky dlouholet\u00fdm praktick\u00fdm zku\u0161enostem s obchodov\u00e1n\u00edm mezi subjekty Bl\u00edzk\u00e9ho a St\u0159edn\u00edho v\u00fdchodu, severn\u00ed Afriky a EU, v\u00e1s m\u016f\u017eeme \u00fasp\u011b\u0161n\u011b zastupovat p\u0159i sjedn\u00e1v\u00e1n\u00ed v \u0161irok\u00e9m spektru obchodn\u00edch aktivit a \u00fa\u010dinn\u011b pom\u00e1hat s prodejem v\u00fdrobk\u016f a slu\u017eeb na Evropsk\u00e9m jednotn\u00e9m trhu. Nev\u00e1hejte se na n\u00e1s obr\u00e1tit.<\/p>\n\n\n\n<div style=\"height:20px\" aria-hidden=\"true\" class=\"wp-block-spacer\"><\/div>\n\n\n\n<h3 class=\"wp-block-heading\">Definice \u010dty\u0159 svobod evropsk\u00e9ho jednotn\u00e9ho trhu<\/h3>\n\n\n\n<p><strong>Voln\u00fd pohyb zbo\u017e\u00ed<\/strong><br>Zbo\u017e\u00ed je mo\u017eno prod\u00e1vat ve v\u0161ech \u010dlensk\u00fdch st\u00e1tech EU. Zbo\u017e\u00ed z ostatn\u00edch \u010dlensk\u00fdch zem\u00ed nem\u016f\u017ee b\u00fdt znev\u00fdhod\u0148ov\u00e1no oproti dom\u00e1c\u00edmu v\u00fdrobku clem nebo speci\u00e1ln\u00ed dan\u00ed.<br><\/p>\n\n\n\n<p><strong>Voln\u00fd pohyb osob<\/strong><br>Jedn\u00e1 se o pr\u00e1vo ob\u010dana EU voln\u011b cestovat, usazovat se a za\u010d\u00edt podnikat v ostatn\u00edch zem\u00edch EU. Ob\u010dan m\u00e1 pr\u00e1vo v m\u00edst\u011b, kde pob\u00fdv\u00e1, volit a b\u00fdt volen do Evropsk\u00e9ho parlamentu a do m\u00edstn\u00edch zastupitelstev. Cestov\u00e1n\u00ed uvnit\u0159 Evropsk\u00e9 unie upravuje Schengensk\u00e1 smlouva, kter\u00e1 odstranila vnit\u0159n\u00ed hrani\u010dn\u00ed kontroly mezi jednotliv\u00fdmi \u010dlensk\u00fdmi st\u00e1ty. Ob\u010danem EU je ka\u017ed\u00fd, kdo m\u00e1 ob\u010danstv\u00ed n\u011bkter\u00e9ho ze \u010dlensk\u00fdch st\u00e1t\u016f. Svoboda pobytu a usazov\u00e1n\u00ed je jedn\u00edm z nejd\u016fle\u017eit\u011bj\u0161\u00edch pr\u00e1v, je\u017e ob\u010danstv\u00ed unie, kter\u00e9 bylo z\u0159\u00edzeno Maastrichtskou smlouvou, p\u0159ineslo.<br><\/p>\n\n\n\n<p><strong>Voln\u00fd pohyb slu\u017eeb<\/strong><br>Umo\u017e\u0148uje podnik\u016fm nab\u00edzet sv\u00e9 slu\u017eby i v ostatn\u00edch \u010dlensk\u00fdch st\u00e1tech. Voln\u00fdm pohybem slu\u017eeb se rozum\u00ed poskytov\u00e1n\u00ed slu\u017eeb p\u0159es hranice, tzn. bez toho, \u017ee by byl podnikatel ve st\u00e1t\u011b, kde slu\u017ebu poskytuje, usazen\u00fd.<br><\/p>\n\n\n\n<p><strong>Voln\u00fd pohyb kapit\u00e1lu<\/strong><br>Voln\u00fd pohyb kapit\u00e1lu je z\u00e1kladn\u00edm n\u00e1strojem jednotn\u00e9ho trhu EU. Znamen\u00e1 voln\u00fd pohyb finan\u010dn\u00edho kapit\u00e1lu i hmotn\u00e9ho majetku po \u010dlensk\u00fdch zem\u00edch EU. Ob\u010dan\u00e9 Evropsk\u00e9 unie tak mohou vyu\u017e\u00edvat finan\u010dn\u00edch slu\u017eeb v jak\u00e9mkoliv jin\u00e9m \u010dlensk\u00e9m st\u00e1t\u011b.<\/p>\n\n\n\n<div style=\"height:40px\" aria-hidden=\"true\" class=\"wp-block-spacer\"><\/div>\n","protected":false},"excerpt":{"rendered":"<p>Pro z\u00e1jemce z oblasti Bl\u00edzk\u00e9ho a St\u0159edn\u00edho v\u00fdchodu o zah\u00e1jen\u00ed&#8230;<\/p>\n","protected":false},"author":1,"featured_media":0,"parent":0,"menu_order":12,"comment_status":"closed","ping_status":"closed","template":"","meta":{"passster_activate_protection":null,"passster_protect_child_pages":"","passster_protection_type":"password","passster_password":"","passster_activate_overwrite_defaults":"","passster_headline":"","passster_instruction":"","passster_placeholder":"","passster_button":"","passster_id":"","passster_activate_misc_settings":"","passster_redirect_url":"","passster_hide":"no","passster_area_shortcode":"","footnotes":""},"class_list":["post-32798","page","type-page","status-publish"],"_links":{"self":[{"href":"https:\/\/czechiacontract.com\/cs\/wp-json\/wp\/v2\/pages\/32798","targetHints":{"allow":["GET"]}}],"collection":[{"href":"https:\/\/czechiacontract.com\/cs\/wp-json\/wp\/v2\/pages"}],"about":[{"href":"https:\/\/czechiacontract.com\/cs\/wp-json\/wp\/v2\/types\/page"}],"author":[{"embeddable":true,"href":"https:\/\/czechiacontract.com\/cs\/wp-json\/wp\/v2\/users\/1"}],"replies":[{"embeddable":true,"href":"https:\/\/czechiacontract.com\/cs\/wp-json\/wp\/v2\/comments?post=32798"}],"version-history":[{"count":0,"href":"https:\/\/czechiacontract.com\/cs\/wp-json\/wp\/v2\/pages\/32798\/revisions"}],"wp:attachment":[{"href":"https:\/\/czechiacontract.com\/cs\/wp-json\/wp\/v2\/media?parent=32798"}],"curies":[{"name":"wp","href":"https:\/\/api.w.org\/{rel}","templated":true}]}}