{"id":32796,"date":"2023-04-21T13:27:34","date_gmt":"2023-04-21T11:27:34","guid":{"rendered":"https:\/\/czechiacontract.com\/?page_id=32796"},"modified":"2023-04-21T14:03:58","modified_gmt":"2023-04-21T12:03:58","slug":"specializovane-poradenstvi","status":"publish","type":"page","link":"https:\/\/czechiacontract.com\/cs\/specializovane-poradenstvi\/","title":{"rendered":"Specializovan\u00e9 poradenstv\u00ed\u00a0"},"content":{"rendered":"\n<p>D\u00edky dlouholet\u00fdm praktick\u00fdm zku\u0161enostem s obchodov\u00e1n\u00edm mezi subjekty z EU a subjekty ze t\u0159et\u00edch zem\u00ed, co\u017e jsou subjekty ze zem\u011b, kter\u00e1 nen\u00ed \u010dlenem EU, poskytujeme pro fyzick\u00e9 i pr\u00e1vnick\u00e9 osoby \u0161irok\u00e9 spektrum poradensk\u00fdch slu\u017eeb, a d\u00e1le slu\u017eeb organiza\u010dn\u00ed, hospod\u00e1\u0159sk\u00e9 a obchodn\u00ed povahy.<\/p>\n\n\n\n<p>P\u0159i praktick\u00e9 realizaci ve\u0161ker\u00fdch t\u011bchto slu\u017eeb, kter\u00e9 podle po\u017eadavku klienta poskytujeme v r\u016fzn\u00fdch jazyc\u00edch, dlouhodob\u011b \u00fazce spolupracujeme s advok\u00e1ty poskytuj\u00edc\u00edmi pr\u00e1vn\u00ed slu\u017eby v r\u016fzn\u00fdch evropsk\u00fdch zem\u00edch. Pro \u0159e\u0161en\u00ed konkr\u00e9tn\u00ed z\u00e1le\u017eitosti klienta v p\u0159\u00edpad\u011b pot\u0159eby vyu\u017eit\u00ed slu\u017eeb advok\u00e1tn\u00ed kancel\u00e1\u0159e v\u017edy klientovi zabezpe\u010d\u00edme p\u0159ednostn\u00ed pr\u00e1vn\u00ed pomoc spolupracuj\u00edc\u00edho specializovan\u00e9ho advok\u00e1ta s bohatou prax\u00ed v p\u0159\u00edslu\u0161n\u00e9m odv\u011btv\u00ed pr\u00e1va.<\/p>\n\n\n\n<p>Z\u00e1kladn\u00ed oblast\u00ed n\u00e1mi poskytovan\u00fdch poradensk\u00fdch slu\u017eeb pro fyzick\u00e9 i pr\u00e1vnick\u00e9 osoby jsou ve\u0161ker\u00e9 odborn\u00e9 poradensk\u00e9 slu\u017eby v oblasti finan\u010dn\u00edch a ekonomick\u00fdch z\u00e1le\u017eitost\u00ed (v\u010detn\u011b obstar\u00e1v\u00e1n\u00ed poskytnut\u00ed \u00fav\u011br\u016f, zhodnocen\u00ed vlastn\u00edho kapit\u00e1lu ) i jin\u00e9, a d\u00e1le v oblasti pl\u00e1nov\u00e1n\u00ed a realizace obchodn\u00edch a podnikatelsk\u00fdch aktivit klienta, kdy\u017e m\u016f\u017eeme a um\u00edme pln\u011b uspokojit v\u0161echny z\u00e1jmy a pokyny klienta obchodn\u00ed povahy, a to u\u017e od okam\u017eiku zah\u00e1jen\u00ed podnik\u00e1n\u00ed.<br><\/p>\n\n\n\n<p>D\u00edky dosa\u017een\u00ed v\u00fdsadn\u00ed \u00farovn\u011b unik\u00e1tn\u00edho know-how je d\u00e1le na\u0161e spole\u010dnost schopn\u00e1 s vynikaj\u00edc\u00edmi v\u00fdsledky vypracovat komplexn\u00ed n\u00e1vrh \u0159e\u0161en\u00ed a n\u00e1sledn\u011b v praxi pro klienta realizovat optim\u00e1ln\u00ed form\u00e1ln\u00ed postup sm\u011b\u0159uj\u00edc\u00ed k vy\u0159e\u0161en\u00ed probl\u00e9m\u016f se soci\u00e1ln\u00edm statusem fyzick\u00e9 nebo pr\u00e1vnick\u00e9 osoby prost\u0159ednictv\u00edm ekonomick\u00fdch dohod.<\/p>\n","protected":false},"excerpt":{"rendered":"<p>D\u00edky dlouholet\u00fdm praktick\u00fdm zku\u0161enostem s obchodov\u00e1n\u00edm mezi subjekty z EU&#8230;<\/p>\n","protected":false},"author":1,"featured_media":0,"parent":0,"menu_order":11,"comment_status":"closed","ping_status":"closed","template":"","meta":{"passster_activate_protection":null,"passster_protect_child_pages":"","passster_protection_type":"password","passster_password":"","passster_activate_overwrite_defaults":"","passster_headline":"","passster_instruction":"","passster_placeholder":"","passster_button":"","passster_id":"","passster_activate_misc_settings":"","passster_redirect_url":"","passster_hide":"no","passster_area_shortcode":"","footnotes":""},"class_list":["post-32796","page","type-page","status-publish"],"_links":{"self":[{"href":"https:\/\/czechiacontract.com\/cs\/wp-json\/wp\/v2\/pages\/32796","targetHints":{"allow":["GET"]}}],"collection":[{"href":"https:\/\/czechiacontract.com\/cs\/wp-json\/wp\/v2\/pages"}],"about":[{"href":"https:\/\/czechiacontract.com\/cs\/wp-json\/wp\/v2\/types\/page"}],"author":[{"embeddable":true,"href":"https:\/\/czechiacontract.com\/cs\/wp-json\/wp\/v2\/users\/1"}],"replies":[{"embeddable":true,"href":"https:\/\/czechiacontract.com\/cs\/wp-json\/wp\/v2\/comments?post=32796"}],"version-history":[{"count":0,"href":"https:\/\/czechiacontract.com\/cs\/wp-json\/wp\/v2\/pages\/32796\/revisions"}],"wp:attachment":[{"href":"https:\/\/czechiacontract.com\/cs\/wp-json\/wp\/v2\/media?parent=32796"}],"curies":[{"name":"wp","href":"https:\/\/api.w.org\/{rel}","templated":true}]}}