{"id":31938,"date":"2022-06-16T00:42:54","date_gmt":"2022-06-15T22:42:54","guid":{"rendered":"https:\/\/czechiacontract.com\/?page_id=31938"},"modified":"2022-06-17T12:03:14","modified_gmt":"2022-06-17T10:03:14","slug":"dovoz-do-eu","status":"publish","type":"page","link":"https:\/\/czechiacontract.com\/cs\/dovoz-do-eu\/","title":{"rendered":"Dovoz do EU"},"content":{"rendered":"\n<p>Jsme modern\u00ed obchodn\u00ed spole\u010dnost zab\u00fdvaj\u00edc\u00ed se n\u00e1kupem, logistikou a prodejem r\u016fzn\u00fdch materi\u00e1l\u016f a sortimentu bez omezen\u00ed minim\u00e1ln\u00edho mno\u017estv\u00ed do jak\u00e9koliv destinace pro velkoodb\u011bratele v \u010cesk\u00e9 republice a Evrop\u011b na b\u00e1zi velkoobchodu. Z\u00e1kladn\u00ed filozofi\u00ed na\u0161\u00ed firmy je optim\u00e1ln\u00ed kombinace know-how, kreativity a neust\u00e1l\u00e9 komunikaci s na\u0161imi obchodn\u00edmi partnery a zahrani\u010dn\u00edmi dodavateli.<\/p>\n\n\n\n<p>D\u00edky strukturovan\u00e9mu a inteligentn\u00edmu logistick\u00e9mu syst\u00e9mu V\u00e1m m\u016f\u017eeme zajistit spln\u011bn\u00ed i t\u011bch nejn\u00e1ro\u010dn\u011bj\u0161\u00edch po\u017eadavk\u016f.\u00a0Nev\u00e1hejte se na n\u00e1s obr\u00e1tit se svoj\u00ed popt\u00e1vkou.<\/p>\n\n\n\n<div style=\"height:40px\" aria-hidden=\"true\" class=\"wp-block-spacer\"><\/div>\n\n\n\n<div class=\"wp-block-columns is-layout-flex wp-container-core-columns-is-layout-1 wp-block-columns-is-layout-flex\">\n<div class=\"wp-block-column is-layout-flow wp-block-column-is-layout-flow\">\n<p class=\"has-text-align-center has-medium-font-size\"><a href=\"https:\/\/czechiacontract.com\/cs\/dovoz-do-eu\/hutni-material\/\" data-type=\"page\" data-id=\"31993\">Hutn\u00ed materi\u00e1l<\/a><\/p>\n\n\n\n<figure class=\"wp-block-image size-full\"><a href=\"https:\/\/czechiacontract.com\/cs\/dovoz-do-eu\/hutni-material\/\"><img width=\"548\" height=\"324\" src=\"https:\/\/czechiacontract.com\/wp-content\/uploads\/2022\/06\/hutni-material.jpg\" alt=\"\" class=\"wp-image-32002\" srcset=\"https:\/\/czechiacontract.com\/wp-content\/uploads\/2022\/06\/hutni-material.jpg 548w, https:\/\/czechiacontract.com\/wp-content\/uploads\/2022\/06\/hutni-material-300x177.jpg 300w\" sizes=\"(max-width: 548px) 100vw, 548px\" \/><\/a><\/figure>\n<\/div>\n\n\n\n<div class=\"wp-block-column is-layout-flow wp-block-column-is-layout-flow\">\n<p class=\"has-text-align-center has-medium-font-size\"><a href=\"https:\/\/czechiacontract.com\/cs\/dovoz-do-eu\/plastove-drte-a-granulaty\/\" data-type=\"page\" data-id=\"31992\">Plastov\u00e9 pelety, drt\u011b a granul\u00e1ty<\/a><\/p>\n\n\n\n<figure class=\"wp-block-image size-full\"><a href=\"https:\/\/czechiacontract.com\/cs\/dovoz-do-eu\/plastove-drte-a-granulaty\/\"><img width=\"548\" height=\"324\" src=\"https:\/\/czechiacontract.com\/wp-content\/uploads\/2022\/06\/polymer.jpg\" alt=\"\" class=\"wp-image-31995\" srcset=\"https:\/\/czechiacontract.com\/wp-content\/uploads\/2022\/06\/polymer.jpg 548w, https:\/\/czechiacontract.com\/wp-content\/uploads\/2022\/06\/polymer-300x177.jpg 300w\" sizes=\"(max-width: 548px) 100vw, 548px\" \/><\/a><\/figure>\n<\/div>\n<\/div>\n","protected":false},"excerpt":{"rendered":"<p>Jsme modern\u00ed obchodn\u00ed spole\u010dnost zab\u00fdvaj\u00edc\u00ed se n\u00e1kupem, logistikou a prodejem&#8230;<\/p>\n","protected":false},"author":1,"featured_media":0,"parent":0,"menu_order":10,"comment_status":"closed","ping_status":"closed","template":"","meta":{"passster_activate_protection":null,"passster_protect_child_pages":"","passster_protection_type":"password","passster_password":"","passster_activate_overwrite_defaults":"","passster_headline":"","passster_instruction":"","passster_placeholder":"","passster_button":"","passster_id":"","passster_activate_misc_settings":"","passster_redirect_url":"","passster_hide":"no","passster_area_shortcode":"","footnotes":""},"class_list":["post-31938","page","type-page","status-publish"],"_links":{"self":[{"href":"https:\/\/czechiacontract.com\/cs\/wp-json\/wp\/v2\/pages\/31938","targetHints":{"allow":["GET"]}}],"collection":[{"href":"https:\/\/czechiacontract.com\/cs\/wp-json\/wp\/v2\/pages"}],"about":[{"href":"https:\/\/czechiacontract.com\/cs\/wp-json\/wp\/v2\/types\/page"}],"author":[{"embeddable":true,"href":"https:\/\/czechiacontract.com\/cs\/wp-json\/wp\/v2\/users\/1"}],"replies":[{"embeddable":true,"href":"https:\/\/czechiacontract.com\/cs\/wp-json\/wp\/v2\/comments?post=31938"}],"version-history":[{"count":0,"href":"https:\/\/czechiacontract.com\/cs\/wp-json\/wp\/v2\/pages\/31938\/revisions"}],"wp:attachment":[{"href":"https:\/\/czechiacontract.com\/cs\/wp-json\/wp\/v2\/media?parent=31938"}],"curies":[{"name":"wp","href":"https:\/\/api.w.org\/{rel}","templated":true}]}}