{"id":31345,"date":"2020-06-20T19:42:08","date_gmt":"2020-06-20T17:42:08","guid":{"rendered":"https:\/\/czechiacontract.com\/?page_id=31345"},"modified":"2022-04-04T13:01:54","modified_gmt":"2022-04-04T11:01:54","slug":"armatury","status":"publish","type":"page","link":"https:\/\/czechiacontract.com\/cs\/produkty\/armatury\/","title":{"rendered":"Armatury"},"content":{"rendered":"<div class=\"wpb-content-wrapper\"><p>[vc_row content_placement=&#8220;middle&#8220;][vc_column][vc_column_text]<\/p>\n<h2 style=\"letter-spacing: 0.01em;\">Armatury &#8211; pr\u016fmyslov\u00e9, vysokotlak\u00e9 &#8230;<\/h2>\n<p>[\/vc_column_text][vc_column_text]<\/p>\n<div class=\"styled-subtitle\" style=\"text-align: left;\">Tlakom\u011brov\u00e9 kohouty, p\u0159\u00edpojky, klapky, kondenza\u010dn\u00ed smy\u010dky, tlumi\u010de r\u00e1zu &#8230;<\/div>\n<p>[\/vc_column_text][vc_empty_space][\/vc_column][\/vc_row][vc_row][vc_column][vc_raw_html]JTVCbW9kdWxhJTIwaWQlM0QlMjIzMTM1MSUyMiU1RA==[\/vc_raw_html][vc_empty_space height=&#8220;50px&#8220;][\/vc_column][\/vc_row][vc_row][vc_column width=&#8220;1\/2&#8243;][vc_column_text]<\/p>\n<h3>Nab\u00edz\u00edme celou \u0159adu druh\u016f<\/h3>\n<p>[\/vc_column_text][vc_column_text]Nab\u00edz\u00edme celou \u0159adu druh\u016f, v r\u016fzn\u00fdch proveden\u00edch, velikost\u00ed a typ\u016f. Zbo\u017e\u00ed je ze s\u00e9riov\u00e9 v\u00fdroby, nebo zajist\u00edme v\u00fdrobu na zak\u00e1zku, dle Va\u0161ich specifikac\u00ed.<\/p>\n<p>\u0160oup\u00e1tka, zp\u011btn\u00e9 klapky a tlakov\u00e9 z\u00e1mky v rozsahu DN65 a\u017e DN500. Mo\u017enost v\u00fdroby sou\u010d\u00e1sti pro v\u011bt\u0161\u00ed sv\u011btlosti v\u010detn\u011b jejich sva\u0159ov\u00e1n\u00ed a tepeln\u00e9ho zpracov\u00e1n\u00ed. Dod\u00e1v\u00e1me komponenty dle p\u0159\u00e1n\u00ed z\u00e1kazn\u00edka pro r\u016fzn\u00e9 obory.<\/p>\n<p>V nab\u00eddce najde \u0161irokou \u0161k\u00e1lu z kategorie armatur: tlakom\u011brov\u00e9 kohouty s r\u016fzn\u00fdmi druhy p\u0159ipojen\u00ed. Zp\u011btn\u00e9 klapky DN40 a\u017e DN400 PN6 a\u017e PN40, materi\u00e1lov\u00e9 proveden\u00ed nerez a uhl\u00edkov\u00e1 ocel. Kondenza\u010dn\u00ed smy\u010dky, tlumi\u010de r\u00e1zu, manop\u0159\u00edslu\u0161enstv\u00ed jako jsou p\u0159edev\u0161\u00edm tlakom\u011brov\u00e9 p\u0159\u00edpojky, vsuvky atd.<\/p>\n<p>Czechia Contract &#8211; p\u0159\u00edzniv\u00e1 cenov\u00e1 relace, spolehlivost a po\u017eadovan\u00e1 jakost v\u00fdrobk\u016f.[\/vc_column_text][\/vc_column][vc_column width=&#8220;1\/2&#8243;][vc_column_text]<\/p>\n<h3>Po\u0161lete n\u00e1m popt\u00e1vku<\/h3>\n<p>[\/vc_column_text]\n<div class=\"wpcf7 no-js\" id=\"wpcf7-f5-o1\" lang=\"cs-CZ\" dir=\"ltr\" data-wpcf7-id=\"5\">\n<div class=\"screen-reader-response\"><p role=\"status\" aria-live=\"polite\" aria-atomic=\"true\"><\/p> <ul><\/ul><\/div>\n<form action=\"\/cs\/wp-json\/wp\/v2\/pages\/31345#wpcf7-f5-o1\" method=\"post\" class=\"wpcf7-form init\" aria-label=\"Kontaktn\u00ed formul\u00e1\u0159\" novalidate=\"novalidate\" data-status=\"init\">\n<div style=\"display: none;\">\n<input type=\"hidden\" name=\"_wpcf7\" value=\"5\" \/>\n<input type=\"hidden\" name=\"_wpcf7_version\" value=\"6.0.5\" \/>\n<input type=\"hidden\" name=\"_wpcf7_locale\" value=\"cs_CZ\" \/>\n<input type=\"hidden\" name=\"_wpcf7_unit_tag\" value=\"wpcf7-f5-o1\" \/>\n<input type=\"hidden\" name=\"_wpcf7_container_post\" value=\"0\" \/>\n<input type=\"hidden\" name=\"_wpcf7_posted_data_hash\" value=\"\" \/>\n<input type=\"hidden\" name=\"_wpcf7_recaptcha_response\" value=\"\" \/>\n<\/div>\n<div class=\"contact-form-style-3\">\n\n<p class=\"col-md-6 cf-style3-name\"><span class=\"wpcf7-form-control-wrap\" data-name=\"your-name\"><input size=\"40\" maxlength=\"400\" class=\"wpcf7-form-control wpcf7-text wpcf7-validates-as-required\" aria-required=\"true\" aria-invalid=\"false\" placeholder=\"Jm\u00e9no*\" value=\"\" type=\"text\" name=\"your-name\" \/><\/span><\/p>\n<p class=\"col-md-6 cf-style3-email\"><span class=\"wpcf7-form-control-wrap\" data-name=\"your-email\"><input size=\"40\" maxlength=\"400\" class=\"wpcf7-form-control wpcf7-email wpcf7-validates-as-required wpcf7-text wpcf7-validates-as-email\" aria-required=\"true\" aria-invalid=\"false\" placeholder=\"Email*\" value=\"\" type=\"email\" name=\"your-email\" \/><\/span><\/p>\n<p class=\"col-md-12 cf-style3-textarea\"><span class=\"wpcf7-form-control-wrap\" data-name=\"your-message\"><textarea cols=\"40\" rows=\"4\" maxlength=\"2000\" class=\"wpcf7-form-control wpcf7-textarea\" aria-invalid=\"false\" placeholder=\"Va\u0161e zpr\u00e1va ...\" name=\"your-message\"><\/textarea><\/span><\/p>\n<p class=\"col-md-12\" ><input class=\"wpcf7-form-control wpcf7-submit has-spinner\" type=\"submit\" value=\"Odeslat\" \/><\/p>\n<\/div><div class=\"wpcf7-response-output\" aria-hidden=\"true\"><\/div>\n<\/form>\n<\/div>\n[\/vc_column][\/vc_row][vc_row][vc_column width=&#8220;1\/6&#8243;][\/vc_column][vc_column width=&#8220;2\/3&#8243;][vc_raw_html]JTVCZWxmc2lnaHRfcGRmX2VtYmVkJTIwaWQlM0QlMjIxMSUyMiU1RA==[\/vc_raw_html][\/vc_column][vc_column width=&#8220;1\/6&#8243;][\/vc_column][\/vc_row]<\/p>\n<\/div>","protected":false},"excerpt":{"rendered":"<p>[vc_row content_placement=&#8220;middle&#8220;][vc_column][vc_column_text] Armatury &#8211; pr\u016fmyslov\u00e9, vysokotlak\u00e9 &#8230; [\/vc_column_text][vc_column_text] Tlakom\u011brov\u00e9 kohouty,&#8230;<\/p>\n","protected":false},"author":1,"featured_media":0,"parent":3965,"menu_order":0,"comment_status":"closed","ping_status":"closed","template":"","meta":{"passster_activate_protection":null,"passster_protect_child_pages":"","passster_protection_type":"password","passster_password":"","passster_activate_overwrite_defaults":"","passster_headline":"","passster_instruction":"","passster_placeholder":"","passster_button":"","passster_id":"","passster_activate_misc_settings":"","passster_redirect_url":"","passster_hide":"no","passster_area_shortcode":"","footnotes":""},"class_list":["post-31345","page","type-page","status-publish"],"_links":{"self":[{"href":"https:\/\/czechiacontract.com\/cs\/wp-json\/wp\/v2\/pages\/31345","targetHints":{"allow":["GET"]}}],"collection":[{"href":"https:\/\/czechiacontract.com\/cs\/wp-json\/wp\/v2\/pages"}],"about":[{"href":"https:\/\/czechiacontract.com\/cs\/wp-json\/wp\/v2\/types\/page"}],"author":[{"embeddable":true,"href":"https:\/\/czechiacontract.com\/cs\/wp-json\/wp\/v2\/users\/1"}],"replies":[{"embeddable":true,"href":"https:\/\/czechiacontract.com\/cs\/wp-json\/wp\/v2\/comments?post=31345"}],"version-history":[{"count":0,"href":"https:\/\/czechiacontract.com\/cs\/wp-json\/wp\/v2\/pages\/31345\/revisions"}],"up":[{"embeddable":true,"href":"https:\/\/czechiacontract.com\/cs\/wp-json\/wp\/v2\/pages\/3965"}],"wp:attachment":[{"href":"https:\/\/czechiacontract.com\/cs\/wp-json\/wp\/v2\/media?parent=31345"}],"curies":[{"name":"wp","href":"https:\/\/api.w.org\/{rel}","templated":true}]}}