{"id":31236,"date":"2020-06-01T19:41:01","date_gmt":"2020-06-01T17:41:01","guid":{"rendered":"https:\/\/czechiacontract.com\/?page_id=31236"},"modified":"2022-03-26T11:41:53","modified_gmt":"2022-03-26T10:41:53","slug":"sanitarni-technika","status":"publish","type":"page","link":"https:\/\/czechiacontract.com\/cs\/produkty\/sanitarni-technika\/","title":{"rendered":"Sanit\u00e1rn\u00ed technika"},"content":{"rendered":"<div class=\"wpb-content-wrapper\"><p>[vc_row][vc_column][vc_column_text]<\/p>\n<h2 style=\"letter-spacing: 0.01em;\">Sanit\u00e1rn\u00ed technika a n\u00e1hradn\u00ed d\u00edly<\/h2>\n<p>Nab\u00edz\u00edme ucelenou \u0159adu sanit\u00e1rn\u00ed techniky firmy Alcaplast. Ventily, sifony, moduly, \u017elaby, vpusti, WC sed\u00e1tka a dal\u0161\u00ed sortiment. Jde o kvalitn\u00ed a designov\u011b zaj\u00edmav\u00e9 produkty, je\u017e z\u00edskali ocen\u011bn\u00ed jako nap\u0159. Red Dot Award 2014 za kolekci ovl\u00e1dac\u00edch tla\u010d\u00edtek FLAT nebo iF Design Award 2018 za bezdotykov\u00e9 ovl\u00e1dac\u00ed tla\u010d\u00edtka NIGHT LIGHT.<\/p>\n<p>Tyto produkty najdou sv\u00e9 uplatn\u011bn\u00ed jak v novostavb\u00e1ch, tak p\u0159i rekonstrukc\u00edch. D\u016fraz je zde kladen na bezporuchovost a spolehlivost v\u0161ech v\u00fdrobk\u016f. V\u0161echny produkty jsou testov\u00e1ny na kvalitu. [\/vc_column_text][\/vc_column][\/vc_row][vc_row][vc_column][vc_raw_html]JTVCbW9kdWxhJTIwaWQlM0QlMjIzMTI0MyUyMiU1RA==[\/vc_raw_html][\/vc_column][\/vc_row][vc_row content_placement=&#8220;middle&#8220;][vc_column width=&#8220;1\/2&#8243;][vc_raw_html]JTVCZWxmc2lnaHRfcGRmX2VtYmVkJTIwaWQlM0QlMjIxMCUyMiU1RA==[\/vc_raw_html][\/vc_column][vc_column width=&#8220;1\/2&#8243;][vc_raw_html]JTVCZWxmc2lnaHRfcGRmX2VtYmVkJTIwaWQlM0QlMjI5JTIyJTVE[\/vc_raw_html][\/vc_column][\/vc_row]<\/p>\n<\/div>","protected":false},"excerpt":{"rendered":"<p>[vc_row][vc_column][vc_column_text] Sanit\u00e1rn\u00ed technika a n\u00e1hradn\u00ed d\u00edly Nab\u00edz\u00edme ucelenou \u0159adu sanit\u00e1rn\u00ed&#8230;<\/p>\n","protected":false},"author":1,"featured_media":0,"parent":3965,"menu_order":9,"comment_status":"closed","ping_status":"closed","template":"","meta":{"passster_activate_protection":false,"passster_protect_child_pages":"","passster_protection_type":"password","passster_password":"","passster_activate_overwrite_defaults":"","passster_headline":"","passster_instruction":"","passster_placeholder":"","passster_button":"","passster_id":"","passster_activate_misc_settings":"","passster_redirect_url":"","passster_hide":"no","passster_area_shortcode":"","footnotes":""},"class_list":["post-31236","page","type-page","status-publish"],"_links":{"self":[{"href":"https:\/\/czechiacontract.com\/cs\/wp-json\/wp\/v2\/pages\/31236","targetHints":{"allow":["GET"]}}],"collection":[{"href":"https:\/\/czechiacontract.com\/cs\/wp-json\/wp\/v2\/pages"}],"about":[{"href":"https:\/\/czechiacontract.com\/cs\/wp-json\/wp\/v2\/types\/page"}],"author":[{"embeddable":true,"href":"https:\/\/czechiacontract.com\/cs\/wp-json\/wp\/v2\/users\/1"}],"replies":[{"embeddable":true,"href":"https:\/\/czechiacontract.com\/cs\/wp-json\/wp\/v2\/comments?post=31236"}],"version-history":[{"count":0,"href":"https:\/\/czechiacontract.com\/cs\/wp-json\/wp\/v2\/pages\/31236\/revisions"}],"up":[{"embeddable":true,"href":"https:\/\/czechiacontract.com\/cs\/wp-json\/wp\/v2\/pages\/3965"}],"wp:attachment":[{"href":"https:\/\/czechiacontract.com\/cs\/wp-json\/wp\/v2\/media?parent=31236"}],"curies":[{"name":"wp","href":"https:\/\/api.w.org\/{rel}","templated":true}]}}