{"id":30869,"date":"2019-10-05T13:58:02","date_gmt":"2019-10-05T11:58:02","guid":{"rendered":"https:\/\/czechiacontract.com\/?page_id=30869"},"modified":"2022-03-26T11:41:53","modified_gmt":"2022-03-26T10:41:53","slug":"podporujeme-sport","status":"publish","type":"page","link":"https:\/\/czechiacontract.com\/cs\/podporujeme-sport\/","title":{"rendered":"Podporujeme sport"},"content":{"rendered":"<div class=\"wpb-content-wrapper\"><p>[vc_row][vc_column][vc_empty_space height=&#8220;50px&#8220;][vc_column_text]<\/p>\n<h1><span class=\"light\">PODPORUJEME<\/span>\u00a0SPORT<\/h1>\n<p>[\/vc_column_text][\/vc_column][\/vc_row][vc_row][vc_column][vc_column_text]<\/p>\n<p class=\"styled-biggertext\">N\u00e1\u0161 z\u00e1vazek jedn\u00e1n\u00ed v souladu s principy udr\u017eiteln\u00e9ho rozvoje a postup\u016f \u0161etrn\u00fdch k \u017eivotn\u00edmu prost\u0159ed\u00ed, n\u00e1s zavedl a\u017e k podpo\u0159e sportovn\u00edch aktivit. Ke sportu m\u00e1me bl\u00edzko a cht\u011bli bychom p\u0159isp\u00edvat k jeho rozvoji. Podporu sportu bereme jako investici do anga\u017eovan\u00fdch, zdrav\u00fdch a spolupracuj\u00edc\u00edch lid\u00ed a to je p\u0159esn\u011b to co chceme pro budoucnost na\u0161\u00ed firmy. Participujeme na akc\u00edch pro d\u011bti a ml\u00e1de\u017e, podporujeme amat\u00e9ry i profesion\u00e1ln\u00ed sportovce, kluby, nebo r\u016fzn\u00e9 akce a utk\u00e1n\u00ed.<\/p>\n<p>[\/vc_column_text][vc_empty_space][\/vc_column][\/vc_row][vc_row content_placement=&#8220;middle&#8220;][vc_column][vc_column_text]<\/p>\n<h2 style=\"text-align: center;\">FOTOGALERIE<\/h2>\n<p>[\/vc_column_text][\/vc_column][\/vc_row][vc_row content_placement=&#8220;middle&#8220;][vc_column][vc_column_text]<\/p>\n<h3 style=\"text-align: left;\">VAGABUND GYM<\/h3>\n<p>[\/vc_column_text][vc_raw_html]JTVCbW9kdWxhJTIwaWQlM0QlMjIzMDk5NSUyMiU1RA==[\/vc_raw_html][vc_empty_space height=&#8220;50px&#8220;][\/vc_column][\/vc_row][vc_row content_placement=&#8220;middle&#8220;][vc_column][vc_column_text]<\/p>\n<h3 style=\"text-align: left;\">Muradov Team UFC MMA<\/h3>\n<p>[\/vc_column_text][\/vc_column][\/vc_row][vc_row content_placement=&#8220;middle&#8220;][vc_column width=&#8220;2\/5&#8243;][vc_raw_html]JTVCbW9kdWxhJTIwaWQlM0QlMjIzMDk5MiUyMiU1RA==[\/vc_raw_html][\/vc_column][vc_column width=&#8220;3\/5&#8243;][vc_empty_space height=&#8220;10px&#8220;]<div class=\"gem-youtube gem-wrapbox gem-wrapbox-style-no-style rounded-corners gem-wrapbox-position-below\" style=\"width: 100%;\"><div class=\"gem-wrapbox-inner gem-ratio-style\" style=\"padding-top: 56.25%\"><iframe class=\"gem-wrapbox-element img-responsive\" width=\"100%\" height=\"300\" allowfullscreen=\"allowfullscreen\" frameborder=\"0\" scrolling=\"no\" marginheight=\"0\" marginwidth=\"0\" src=\"\/\/www.youtube.com\/embed\/R9fmrspbVhw?rel=0&amp;wmode=opaque\"><\/iframe><\/div><\/div>[\/vc_column][\/vc_row][vc_row content_placement=&#8220;middle&#8220;][vc_column][vc_empty_space height=&#8220;50px&#8220;][\/vc_column][\/vc_row][vc_row content_placement=&#8220;middle&#8220;][vc_column][vc_column_text]<\/p>\n<h3 style=\"text-align: left;\">MMA Club Brno<\/h3>\n<p>[\/vc_column_text][vc_raw_html]JTVCbW9kdWxhJTIwaWQlM0QlMjIzMDk4NCUyMiU1RA==[\/vc_raw_html][vc_empty_space height=&#8220;50px&#8220;][\/vc_column][\/vc_row][vc_row content_placement=&#8220;middle&#8220;][vc_column][vc_column_text]<\/p>\n<h3 style=\"text-align: left;\">Dal\u0161\u00ed akce<\/h3>\n<p>[\/vc_column_text][vc_raw_html]JTVCbW9kdWxhJTIwaWQlM0QlMjIzMDg3MCUyMiU1RA==[\/vc_raw_html][vc_empty_space height=&#8220;50px&#8220;][\/vc_column][\/vc_row]<\/p>\n<\/div>","protected":false},"excerpt":{"rendered":"<p>[vc_row][vc_column][vc_empty_space height=&#8220;50px&#8220;][vc_column_text] PODPORUJEME\u00a0SPORT [\/vc_column_text][\/vc_column][\/vc_row][vc_row][vc_column][vc_column_text] N\u00e1\u0161 z\u00e1vazek jedn\u00e1n\u00ed v souladu s&#8230;<\/p>\n","protected":false},"author":1,"featured_media":0,"parent":0,"menu_order":30,"comment_status":"closed","ping_status":"closed","template":"","meta":{"passster_activate_protection":false,"passster_protect_child_pages":"","passster_protection_type":"password","passster_password":"","passster_activate_overwrite_defaults":"","passster_headline":"","passster_instruction":"","passster_placeholder":"","passster_button":"","passster_id":"","passster_activate_misc_settings":"","passster_redirect_url":"","passster_hide":"no","passster_area_shortcode":"","footnotes":""},"class_list":["post-30869","page","type-page","status-publish"],"_links":{"self":[{"href":"https:\/\/czechiacontract.com\/cs\/wp-json\/wp\/v2\/pages\/30869","targetHints":{"allow":["GET"]}}],"collection":[{"href":"https:\/\/czechiacontract.com\/cs\/wp-json\/wp\/v2\/pages"}],"about":[{"href":"https:\/\/czechiacontract.com\/cs\/wp-json\/wp\/v2\/types\/page"}],"author":[{"embeddable":true,"href":"https:\/\/czechiacontract.com\/cs\/wp-json\/wp\/v2\/users\/1"}],"replies":[{"embeddable":true,"href":"https:\/\/czechiacontract.com\/cs\/wp-json\/wp\/v2\/comments?post=30869"}],"version-history":[{"count":0,"href":"https:\/\/czechiacontract.com\/cs\/wp-json\/wp\/v2\/pages\/30869\/revisions"}],"wp:attachment":[{"href":"https:\/\/czechiacontract.com\/cs\/wp-json\/wp\/v2\/media?parent=30869"}],"curies":[{"name":"wp","href":"https:\/\/api.w.org\/{rel}","templated":true}]}}