{"id":30805,"date":"2019-10-05T11:20:08","date_gmt":"2019-10-05T09:20:08","guid":{"rendered":"https:\/\/czechiacontract.com\/?page_id=30805"},"modified":"2022-03-26T11:41:53","modified_gmt":"2022-03-26T10:41:53","slug":"drzak-loziska","status":"publish","type":"page","link":"https:\/\/czechiacontract.com\/cs\/produkty\/drzak-loziska\/","title":{"rendered":"Dr\u017e\u00e1k lo\u017eiska"},"content":{"rendered":"<div class=\"wpb-content-wrapper\"><p>[vc_row content_placement=&#8220;middle&#8220;][vc_column][vc_column_text]<\/p>\n<h2 style=\"letter-spacing: 0.01em;\">Lo\u017eiskov\u00e1 t\u011blesa \/ dome\u010dky \/ jednotky &#8230;<\/h2>\n<p>[\/vc_column_text][vc_column_text]<\/p>\n<div class=\"styled-subtitle\" style=\"text-align: left;\">D\u011blen\u00e1, ned\u011blen\u00e1 stojat\u00e1 lo\u017eiskov\u00e1 t\u011blesa, p\u0159\u00edrubov\u00e1 lo\u017eiskov\u00e1 t\u011blesa, nap\u00ednac\u00ed lo\u017eiskov\u00e1 t\u011blesa &#8230;<\/div>\n<p>[\/vc_column_text][vc_empty_space][\/vc_column][\/vc_row][vc_row][vc_column][vc_raw_html]JTVCbW9kdWxhJTIwaWQlM0QlMjIzMDgwNiUyMiU1RA==[\/vc_raw_html][vc_empty_space height=&#8220;50px&#8220;][\/vc_column][\/vc_row][vc_row][vc_column width=&#8220;1\/2&#8243;][vc_column_text]<\/p>\n<h3>Nab\u00edz\u00edme celou \u0159adu druh\u016f<\/h3>\n<p>[\/vc_column_text][vc_column_text]Nab\u00edz\u00edme celou \u0159adu druh\u016f, v r\u016fzn\u00fdch proveden\u00edch, velikost\u00ed a typ\u016f. Zbo\u017e\u00ed je ze s\u00e9riov\u00e9 v\u00fdroby, nebo zajist\u00edme v\u00fdrobu na zak\u00e1zku, dle Va\u0161ich specifikac\u00ed.<\/p>\n<p>Garantujeme vysokou kvalitu konstrukce a v\u00fdroby nab\u00edzen\u00fdch lo\u017eiskov\u00fdch t\u011bles, stejn\u011b jako dostupnost. Kombinac\u00ed lo\u017eiskov\u00fdch t\u011bles s r\u016fzn\u00fdmi standardn\u00edmi t\u011bsn\u011bn\u00edmi lze dodat velk\u00fd po\u010det variant.<\/p>\n<p>Z hlediska materi\u00e1lu se nej\u010dast\u011bji pou\u017e\u00edvaj\u00ed lo\u017eiskov\u00e1 t\u011blesa z litiny, plechu, p\u0159\u00edpadn\u011b i plastov\u00e1 a z nerezov\u00e9 oceli.<\/p>\n<p>Dr\u017e\u00e1k lo\u017eiska \/ lo\u017eiskov\u00e9 t\u011bleso, najde uplatn\u011bn\u00ed nap\u0159\u00ed\u010d pr\u016fmyslem, nebo v zem\u011bd\u011blsk\u00fdch a stroj\u00edrensk\u00fdch aplikac\u00edch &#8211; dopravn\u00edkov\u00e9 syst\u00e9my, ventil\u00e1tory, balic\u00ed linky apod.\u00a0Nev\u00e1hejte poslat konkr\u00e9tn\u00ed popt\u00e1vku. Vyu\u017eijte formul\u00e1\u0159e, po\u0161lete email, nebo zavolejte.[\/vc_column_text][\/vc_column][vc_column width=&#8220;1\/2&#8243;][vc_column_text]<\/p>\n<h3>Po\u0161lete n\u00e1m popt\u00e1vku<\/h3>\n<p>[\/vc_column_text]\n<div class=\"wpcf7 no-js\" id=\"wpcf7-f5-o1\" lang=\"cs-CZ\" dir=\"ltr\" data-wpcf7-id=\"5\">\n<div class=\"screen-reader-response\"><p role=\"status\" aria-live=\"polite\" aria-atomic=\"true\"><\/p> <ul><\/ul><\/div>\n<form action=\"\/cs\/wp-json\/wp\/v2\/pages\/30805#wpcf7-f5-o1\" method=\"post\" class=\"wpcf7-form init\" aria-label=\"Kontaktn\u00ed formul\u00e1\u0159\" novalidate=\"novalidate\" data-status=\"init\">\n<div style=\"display: none;\">\n<input type=\"hidden\" name=\"_wpcf7\" value=\"5\" \/>\n<input type=\"hidden\" name=\"_wpcf7_version\" value=\"6.0.5\" \/>\n<input type=\"hidden\" name=\"_wpcf7_locale\" value=\"cs_CZ\" \/>\n<input type=\"hidden\" name=\"_wpcf7_unit_tag\" value=\"wpcf7-f5-o1\" \/>\n<input type=\"hidden\" name=\"_wpcf7_container_post\" value=\"0\" \/>\n<input type=\"hidden\" name=\"_wpcf7_posted_data_hash\" value=\"\" \/>\n<input type=\"hidden\" name=\"_wpcf7_recaptcha_response\" value=\"\" \/>\n<\/div>\n<div class=\"contact-form-style-3\">\n\n<p class=\"col-md-6 cf-style3-name\"><span class=\"wpcf7-form-control-wrap\" data-name=\"your-name\"><input size=\"40\" maxlength=\"400\" class=\"wpcf7-form-control wpcf7-text wpcf7-validates-as-required\" aria-required=\"true\" aria-invalid=\"false\" placeholder=\"Jm\u00e9no*\" value=\"\" type=\"text\" name=\"your-name\" \/><\/span><\/p>\n<p class=\"col-md-6 cf-style3-email\"><span class=\"wpcf7-form-control-wrap\" data-name=\"your-email\"><input size=\"40\" maxlength=\"400\" class=\"wpcf7-form-control wpcf7-email wpcf7-validates-as-required wpcf7-text wpcf7-validates-as-email\" aria-required=\"true\" aria-invalid=\"false\" placeholder=\"Email*\" value=\"\" type=\"email\" name=\"your-email\" \/><\/span><\/p>\n<p class=\"col-md-12 cf-style3-textarea\"><span class=\"wpcf7-form-control-wrap\" data-name=\"your-message\"><textarea cols=\"40\" rows=\"4\" maxlength=\"2000\" class=\"wpcf7-form-control wpcf7-textarea\" aria-invalid=\"false\" placeholder=\"Va\u0161e zpr\u00e1va ...\" name=\"your-message\"><\/textarea><\/span><\/p>\n<p class=\"col-md-12\" ><input class=\"wpcf7-form-control wpcf7-submit has-spinner\" type=\"submit\" value=\"Odeslat\" \/><\/p>\n<\/div><div class=\"wpcf7-response-output\" aria-hidden=\"true\"><\/div>\n<\/form>\n<\/div>\n[\/vc_column][\/vc_row]<\/p>\n<\/div>","protected":false},"excerpt":{"rendered":"<p>[vc_row content_placement=&#8220;middle&#8220;][vc_column][vc_column_text] Lo\u017eiskov\u00e1 t\u011blesa \/ dome\u010dky \/ jednotky &#8230; [\/vc_column_text][vc_column_text]&#8230;<\/p>\n","protected":false},"author":1,"featured_media":0,"parent":3965,"menu_order":0,"comment_status":"closed","ping_status":"closed","template":"","meta":{"passster_activate_protection":false,"passster_protect_child_pages":"","passster_protection_type":"password","passster_password":"","passster_activate_overwrite_defaults":"","passster_headline":"","passster_instruction":"","passster_placeholder":"","passster_button":"","passster_id":"","passster_activate_misc_settings":"","passster_redirect_url":"","passster_hide":"no","passster_area_shortcode":"","footnotes":""},"class_list":["post-30805","page","type-page","status-publish"],"_links":{"self":[{"href":"https:\/\/czechiacontract.com\/cs\/wp-json\/wp\/v2\/pages\/30805","targetHints":{"allow":["GET"]}}],"collection":[{"href":"https:\/\/czechiacontract.com\/cs\/wp-json\/wp\/v2\/pages"}],"about":[{"href":"https:\/\/czechiacontract.com\/cs\/wp-json\/wp\/v2\/types\/page"}],"author":[{"embeddable":true,"href":"https:\/\/czechiacontract.com\/cs\/wp-json\/wp\/v2\/users\/1"}],"replies":[{"embeddable":true,"href":"https:\/\/czechiacontract.com\/cs\/wp-json\/wp\/v2\/comments?post=30805"}],"version-history":[{"count":0,"href":"https:\/\/czechiacontract.com\/cs\/wp-json\/wp\/v2\/pages\/30805\/revisions"}],"up":[{"embeddable":true,"href":"https:\/\/czechiacontract.com\/cs\/wp-json\/wp\/v2\/pages\/3965"}],"wp:attachment":[{"href":"https:\/\/czechiacontract.com\/cs\/wp-json\/wp\/v2\/media?parent=30805"}],"curies":[{"name":"wp","href":"https:\/\/api.w.org\/{rel}","templated":true}]}}