{"id":30313,"date":"2019-08-07T16:19:57","date_gmt":"2019-08-07T14:19:57","guid":{"rendered":"https:\/\/czechiacontract.com\/?page_id=30313"},"modified":"2022-04-04T11:48:23","modified_gmt":"2022-04-04T09:48:23","slug":"ostatni-nahradni-dily","status":"publish","type":"page","link":"https:\/\/czechiacontract.com\/cs\/produkty\/ostatni-nahradni-dily\/","title":{"rendered":"Ostatn\u00ed n\u00e1hradn\u00ed d\u00edly"},"content":{"rendered":"<div class=\"wpb-content-wrapper\"><p>[vc_row content_placement=&#8220;middle&#8220;][vc_column][vc_column_text]<\/p>\n<div class=\"styled-subtitle\" style=\"text-align: center;\">Ostatn\u00ed n\u00e1hradn\u00ed d\u00edly p\u0159ipravujeme &#8230;<\/div>\n<p>[\/vc_column_text][vc_empty_space][\/vc_column][\/vc_row][vc_row][vc_column width=&#8220;1\/2&#8243;][vc_column_text]<\/p>\n<h2>Hled\u00e1te n\u011bco?<\/h2>\n<p>Czechia Contract nab\u00edz\u00ed \u0161irok\u00fd sortiment n\u00e1hradn\u00edch d\u00edl\u016f s mimo\u0159\u00e1dn\u011b dobrou pov\u011bst\u00ed, co do \u017eivotnosti, spolehlivosti i trvanlivosti. Produkty proch\u00e1z\u00ed n\u00e1ro\u010dnou certifikac\u00ed a mus\u00ed splnit ta nejp\u0159\u00edsn\u011bj\u0161\u00ed krit\u00e9ria kladen\u00e1 na kvalitu materi\u00e1lu i zpracov\u00e1n\u00ed. Nab\u00edz\u00edme zastoupen\u00ed pro oboustrann\u011b v\u00fdhodn\u00fd obchod.[\/vc_column_text][\/vc_column][vc_column width=&#8220;1\/2&#8243;][vc_column_text]<\/p>\n<h3>Po\u0161lete n\u00e1m popt\u00e1vku<\/h3>\n<p>[\/vc_column_text]\n<div class=\"wpcf7 no-js\" id=\"wpcf7-f5-o1\" lang=\"cs-CZ\" dir=\"ltr\" data-wpcf7-id=\"5\">\n<div class=\"screen-reader-response\"><p role=\"status\" aria-live=\"polite\" aria-atomic=\"true\"><\/p> <ul><\/ul><\/div>\n<form action=\"\/cs\/wp-json\/wp\/v2\/pages\/30313#wpcf7-f5-o1\" method=\"post\" class=\"wpcf7-form init\" aria-label=\"Kontaktn\u00ed formul\u00e1\u0159\" novalidate=\"novalidate\" data-status=\"init\">\n<div style=\"display: none;\">\n<input type=\"hidden\" name=\"_wpcf7\" value=\"5\" \/>\n<input type=\"hidden\" name=\"_wpcf7_version\" value=\"6.0.5\" \/>\n<input type=\"hidden\" name=\"_wpcf7_locale\" value=\"cs_CZ\" \/>\n<input type=\"hidden\" name=\"_wpcf7_unit_tag\" value=\"wpcf7-f5-o1\" \/>\n<input type=\"hidden\" name=\"_wpcf7_container_post\" value=\"0\" \/>\n<input type=\"hidden\" name=\"_wpcf7_posted_data_hash\" value=\"\" \/>\n<input type=\"hidden\" name=\"_wpcf7_recaptcha_response\" value=\"\" \/>\n<\/div>\n<div class=\"contact-form-style-3\">\n\n<p class=\"col-md-6 cf-style3-name\"><span class=\"wpcf7-form-control-wrap\" data-name=\"your-name\"><input size=\"40\" maxlength=\"400\" class=\"wpcf7-form-control wpcf7-text wpcf7-validates-as-required\" aria-required=\"true\" aria-invalid=\"false\" placeholder=\"Jm\u00e9no*\" value=\"\" type=\"text\" name=\"your-name\" \/><\/span><\/p>\n<p class=\"col-md-6 cf-style3-email\"><span class=\"wpcf7-form-control-wrap\" data-name=\"your-email\"><input size=\"40\" maxlength=\"400\" class=\"wpcf7-form-control wpcf7-email wpcf7-validates-as-required wpcf7-text wpcf7-validates-as-email\" aria-required=\"true\" aria-invalid=\"false\" placeholder=\"Email*\" value=\"\" type=\"email\" name=\"your-email\" \/><\/span><\/p>\n<p class=\"col-md-12 cf-style3-textarea\"><span class=\"wpcf7-form-control-wrap\" data-name=\"your-message\"><textarea cols=\"40\" rows=\"4\" maxlength=\"2000\" class=\"wpcf7-form-control wpcf7-textarea\" aria-invalid=\"false\" placeholder=\"Va\u0161e zpr\u00e1va ...\" name=\"your-message\"><\/textarea><\/span><\/p>\n<p class=\"col-md-12\" ><input class=\"wpcf7-form-control wpcf7-submit has-spinner\" type=\"submit\" value=\"Odeslat\" \/><\/p>\n<\/div><div class=\"wpcf7-response-output\" aria-hidden=\"true\"><\/div>\n<\/form>\n<\/div>\n[\/vc_column][\/vc_row]<\/p>\n<\/div>","protected":false},"excerpt":{"rendered":"<p>[vc_row content_placement=&#8220;middle&#8220;][vc_column][vc_column_text] Ostatn\u00ed n\u00e1hradn\u00ed d\u00edly p\u0159ipravujeme &#8230; [\/vc_column_text][vc_empty_space][\/vc_column][\/vc_row][vc_row][vc_column width=&#8220;1\/2&#8243;][vc_column_text] Hled\u00e1te&#8230;<\/p>\n","protected":false},"author":1,"featured_media":0,"parent":3965,"menu_order":11,"comment_status":"closed","ping_status":"closed","template":"","meta":{"passster_activate_protection":null,"passster_protect_child_pages":"","passster_protection_type":"password","passster_password":"","passster_activate_overwrite_defaults":"","passster_headline":"","passster_instruction":"","passster_placeholder":"","passster_button":"","passster_id":"","passster_activate_misc_settings":"","passster_redirect_url":"","passster_hide":"no","passster_area_shortcode":"","footnotes":""},"class_list":["post-30313","page","type-page","status-publish"],"_links":{"self":[{"href":"https:\/\/czechiacontract.com\/cs\/wp-json\/wp\/v2\/pages\/30313","targetHints":{"allow":["GET"]}}],"collection":[{"href":"https:\/\/czechiacontract.com\/cs\/wp-json\/wp\/v2\/pages"}],"about":[{"href":"https:\/\/czechiacontract.com\/cs\/wp-json\/wp\/v2\/types\/page"}],"author":[{"embeddable":true,"href":"https:\/\/czechiacontract.com\/cs\/wp-json\/wp\/v2\/users\/1"}],"replies":[{"embeddable":true,"href":"https:\/\/czechiacontract.com\/cs\/wp-json\/wp\/v2\/comments?post=30313"}],"version-history":[{"count":0,"href":"https:\/\/czechiacontract.com\/cs\/wp-json\/wp\/v2\/pages\/30313\/revisions"}],"up":[{"embeddable":true,"href":"https:\/\/czechiacontract.com\/cs\/wp-json\/wp\/v2\/pages\/3965"}],"wp:attachment":[{"href":"https:\/\/czechiacontract.com\/cs\/wp-json\/wp\/v2\/media?parent=30313"}],"curies":[{"name":"wp","href":"https:\/\/api.w.org\/{rel}","templated":true}]}}